{"id":6377,"date":"2024-10-14T11:00:01","date_gmt":"2024-10-14T09:00:01","guid":{"rendered":"https:\/\/agora.xtec.cat\/escolasantbernat\/?page_id=6377"},"modified":"2025-07-11T17:24:01","modified_gmt":"2025-07-11T15:24:01","slug":"proa","status":"publish","type":"page","link":"https:\/\/agora.xtec.cat\/escolasantbernat\/proa\/","title":{"rendered":"PROA +"},"content":{"rendered":"<p>M\u00e9s informaci\u00f3 del programa PMOE PROA+ 2024-2028<\/p>\n<p><a href=\"https:\/\/educacio.gencat.cat\/ca\/departament\/linies-estrategiques\/equitat-educativa\/pla-millora-oportunitats-educatives\/index.html\" target=\"_blank\" rel=\"noopener\"><img loading=\"lazy\" decoding=\"async\" class=\"alignnone wp-image-6378 size-full\" src=\"https:\/\/agora.xtec.cat\/escolasantbernat\/wp-content\/uploads\/usu1228\/2024\/10\/PROA.png\" alt=\"\" width=\"408\" height=\"123\" srcset=\"https:\/\/agora.xtec.cat\/escolasantbernat\/wp-content\/uploads\/usu1228\/2024\/10\/PROA.png 408w, https:\/\/agora.xtec.cat\/escolasantbernat\/wp-content\/uploads\/usu1228\/2024\/10\/PROA-300x90.png 300w\" sizes=\"auto, (max-width: 408px) 100vw, 408px\" \/><\/a><\/p>\n<p>OBJECTIUS GENERALS:<\/p>\n<ul>\n<li>Contribuir a la millora de l&#8217;equitat en l&#8217;acc\u00e9s a oportunitats educatives, a la reducci\u00f3 de l&#8217;abandonament escolar prematur i a l&#8217;\u00e8xit escolar de tot l&#8217;alumnat amb l&#8217;enfortiment dels centres educatius del Servei d&#8217;Educaci\u00f3 de Catalunya i dels Plans Educatius d&#8217;Entorn, per tal que disposin dels recursos necessaris per compensar les necessitats i desigualtats educatives de l&#8217;alumnat i les seves fam\u00edlies.<\/li>\n<li>Facilitar la participaci\u00f3 dels centres educatius del Servei d&#8217;Educaci\u00f3 de Catalunya que tinguin alumnat en situaci\u00f3 de vulnerabilitat educativa.<\/li>\n<li>Refor\u00e7ar la dimensi\u00f3 comunit\u00e0ria de l&#8217;acci\u00f3 educativa mitjan\u00e7ant els Plans educatius d&#8217;entorn.<\/li>\n<\/ul>\n<p>&nbsp;<\/p>\n<p>&nbsp;<\/p>\n<p>&nbsp;<\/p>\n<p>&nbsp;<\/p>\n<p>&nbsp;<\/p>\n<p><img loading=\"lazy\" decoding=\"async\" class=\"alignnone size-large\" src=\"https:\/\/educacio.gencat.cat\/web\/.content\/home\/departament\/linies-estrategiques\/equitat-educativa\/pla-millora-oportunitats-educatives\/logo-2024-2028.png_229318926.png\" width=\"1075\" height=\"118\" \/><\/p>\n","protected":false},"excerpt":{"rendered":"<p>M\u00e9s informaci\u00f3 del programa PMOE PROA+ 2024-2028<br \/>\n<a href=\"https:\/\/educacio.gencat.cat\/ca\/departament\/linies-estrategiques\/equitat-educativa\/pla-millora-oportunitats-educatives\/index.html\" target=\"_blank\" rel=\"noopener\"><\/a><br \/>\nOBJECTIUS GENERALS:<\/p>\n<ul>\n<li>Contribuir a la millora de l&#8217;equitat en l&#8217;acc\u00e9s a oportunitats educatives, a la reducci\u00f3 de l&#8217;abandonament escolar prematur i a l&#8217;\u00e8xit escolar de tot l&#8217;alumnat amb l&#8217;enfortiment dels centres educatius del Servei d&#8217;Educaci\u00f3 de Catalunya&hellip;  <a href=\"https:\/\/agora.xtec.cat\/escolasantbernat\/proa\/\" title=\"Read PROA +\">Llegeix m\u00e9s\u00bb<\/a><br \/>\n","protected":false},"author":3,"featured_media":0,"parent":0,"menu_order":0,"comment_status":"closed","ping_status":"closed","template":"","meta":{"_bbp_topic_count":0,"_bbp_reply_count":0,"_bbp_total_topic_count":0,"_bbp_total_reply_count":0,"_bbp_voice_count":0,"_bbp_anonymous_reply_count":0,"_bbp_topic_count_hidden":0,"_bbp_reply_count_hidden":0,"_bbp_forum_subforum_count":0,"footnotes":""},"class_list":["post-6377","page","type-page","status-publish","hentry"],"post_mailing_queue_ids":[],"_links":{"self":[{"href":"https:\/\/agora.xtec.cat\/escolasantbernat\/wp-json\/wp\/v2\/pages\/6377","targetHints":{"allow":["GET"]}}],"collection":[{"href":"https:\/\/agora.xtec.cat\/escolasantbernat\/wp-json\/wp\/v2\/pages"}],"about":[{"href":"https:\/\/agora.xtec.cat\/escolasantbernat\/wp-json\/wp\/v2\/types\/page"}],"author":[{"embeddable":true,"href":"https:\/\/agora.xtec.cat\/escolasantbernat\/wp-json\/wp\/v2\/users\/3"}],"replies":[{"embeddable":true,"href":"https:\/\/agora.xtec.cat\/escolasantbernat\/wp-json\/wp\/v2\/comments?post=6377"}],"version-history":[{"count":3,"href":"https:\/\/agora.xtec.cat\/escolasantbernat\/wp-json\/wp\/v2\/pages\/6377\/revisions"}],"predecessor-version":[{"id":6742,"href":"https:\/\/agora.xtec.cat\/escolasantbernat\/wp-json\/wp\/v2\/pages\/6377\/revisions\/6742"}],"wp:attachment":[{"href":"https:\/\/agora.xtec.cat\/escolasantbernat\/wp-json\/wp\/v2\/media?parent=6377"}],"curies":[{"name":"wp","href":"https:\/\/api.w.org\/{rel}","templated":true}]}}