{"id":5761,"date":"2023-07-24T19:25:14","date_gmt":"2023-07-24T17:25:14","guid":{"rendered":"https:\/\/agora.xtec.cat\/escolasantbernat\/?page_id=5761"},"modified":"2024-11-19T14:58:22","modified_gmt":"2024-11-19T13:58:22","slug":"activitats-erasmus-2023-24","status":"publish","type":"page","link":"https:\/\/agora.xtec.cat\/escolasantbernat\/projecte-educatiu\/erasmus\/acreditacio-erasmus\/activitats-erasmus-2023-24\/","title":{"rendered":"ACTIVITATS ERASMUS 2023-24"},"content":{"rendered":"<p>Aquestes s\u00f3n les activitats que tenim previst realitzar durant el curs.<\/p>\n<p><strong>MOBILITATS EN GRUP D&#8217;ALUMNAT A DUBL\u00cdN<\/strong><\/p>\n<p>Un grup de 24 nens i nenes de 6\u00e8 viatjar\u00e0 a la capital d&#8217;Irlanda, a l&#8217;escola <a href=\"https:\/\/www.stpatricksns.com\/home\">https:\/\/www.stpatricksns.com\/home\u00a0<\/a> per realitzar activitats conjuntes en angl\u00e8s relacionades amb la ci\u00e8ncia i els escacs.\u00a0La mobiitat es realitzar\u00e0 del 13 al 17 de novembre.<\/p>\n<div dir=\"auto\">\n<div dir=\"auto\">Primer dia del nostre grup d\u2019alumnat de sis\u00e8 a l\u2019escola St. Patrick\u2019s de Dubl\u00edn.<\/div>\n<div dir=\"auto\">Han passat un dia genial ple d\u2019activitats amb tots els nens i nenes de l\u2019escola.<\/div>\n<div dir=\"auto\">Han fet balls, jocs esportius i un torneig d\u2019escacs, entre d\u2019altres.<\/div>\n<div dir=\"auto\"><\/div>\n<div dir=\"auto\"><\/div>\n<div dir=\"auto\"><a href=\"https:\/\/agora.xtec.cat\/escolasantbernat\/wp-content\/uploads\/usu1228\/2023\/11\/3_n.jpg\"><img loading=\"lazy\" decoding=\"async\" class=\"alignnone wp-image-5884\" src=\"https:\/\/agora.xtec.cat\/escolasantbernat\/wp-content\/uploads\/usu1228\/2023\/11\/3_n.jpg\" sizes=\"auto, (max-width: 475px) 100vw, 475px\" srcset=\"https:\/\/agora.xtec.cat\/escolasantbernat\/wp-content\/uploads\/usu1228\/2023\/11\/3_n.jpg 600w, https:\/\/agora.xtec.cat\/escolasantbernat\/wp-content\/uploads\/usu1228\/2023\/11\/3_n-300x300.jpg 300w, https:\/\/agora.xtec.cat\/escolasantbernat\/wp-content\/uploads\/usu1228\/2023\/11\/3_n-150x150.jpg 150w\" alt=\"\" width=\"475\" height=\"475\" \/><\/a>\u00a0<a href=\"https:\/\/agora.xtec.cat\/escolasantbernat\/wp-content\/uploads\/usu1228\/2023\/11\/16_n.jpg\"><img loading=\"lazy\" decoding=\"async\" class=\"alignnone wp-image-5885\" src=\"https:\/\/agora.xtec.cat\/escolasantbernat\/wp-content\/uploads\/usu1228\/2023\/11\/16_n.jpg\" sizes=\"auto, (max-width: 477px) 100vw, 477px\" srcset=\"https:\/\/agora.xtec.cat\/escolasantbernat\/wp-content\/uploads\/usu1228\/2023\/11\/16_n.jpg 600w, https:\/\/agora.xtec.cat\/escolasantbernat\/wp-content\/uploads\/usu1228\/2023\/11\/16_n-300x300.jpg 300w, https:\/\/agora.xtec.cat\/escolasantbernat\/wp-content\/uploads\/usu1228\/2023\/11\/16_n-150x150.jpg 150w\" alt=\"\" width=\"477\" height=\"477\" \/><\/a>\u00a0<a href=\"https:\/\/agora.xtec.cat\/escolasantbernat\/wp-content\/uploads\/usu1228\/2023\/11\/23_n.jpg\"><img loading=\"lazy\" decoding=\"async\" class=\"alignnone size-large wp-image-5886\" src=\"https:\/\/agora.xtec.cat\/escolasantbernat\/wp-content\/uploads\/usu1228\/2023\/11\/23_n.jpg\" sizes=\"auto, (max-width: 600px) 100vw, 600px\" srcset=\"https:\/\/agora.xtec.cat\/escolasantbernat\/wp-content\/uploads\/usu1228\/2023\/11\/23_n.jpg 600w, https:\/\/agora.xtec.cat\/escolasantbernat\/wp-content\/uploads\/usu1228\/2023\/11\/23_n-300x300.jpg 300w, https:\/\/agora.xtec.cat\/escolasantbernat\/wp-content\/uploads\/usu1228\/2023\/11\/23_n-150x150.jpg 150w\" alt=\"\" width=\"600\" height=\"600\" \/><\/a>\u00a0<a href=\"https:\/\/agora.xtec.cat\/escolasantbernat\/wp-content\/uploads\/usu1228\/2023\/11\/62_n.jpg\"><img loading=\"lazy\" decoding=\"async\" class=\"alignnone wp-image-5887\" src=\"https:\/\/agora.xtec.cat\/escolasantbernat\/wp-content\/uploads\/usu1228\/2023\/11\/62_n.jpg\" sizes=\"auto, (max-width: 612px) 100vw, 612px\" srcset=\"https:\/\/agora.xtec.cat\/escolasantbernat\/wp-content\/uploads\/usu1228\/2023\/11\/62_n.jpg 900w, https:\/\/agora.xtec.cat\/escolasantbernat\/wp-content\/uploads\/usu1228\/2023\/11\/62_n-300x300.jpg 300w, https:\/\/agora.xtec.cat\/escolasantbernat\/wp-content\/uploads\/usu1228\/2023\/11\/62_n-150x150.jpg 150w, https:\/\/agora.xtec.cat\/escolasantbernat\/wp-content\/uploads\/usu1228\/2023\/11\/62_n-768x768.jpg 768w\" alt=\"\" width=\"612\" height=\"612\" \/><\/a>\u00a0<a href=\"https:\/\/agora.xtec.cat\/escolasantbernat\/wp-content\/uploads\/usu1228\/2023\/11\/80_n.jpg\"><img loading=\"lazy\" decoding=\"async\" class=\"alignnone size-large wp-image-5888\" src=\"https:\/\/agora.xtec.cat\/escolasantbernat\/wp-content\/uploads\/usu1228\/2023\/11\/80_n.jpg\" sizes=\"auto, (max-width: 600px) 100vw, 600px\" srcset=\"https:\/\/agora.xtec.cat\/escolasantbernat\/wp-content\/uploads\/usu1228\/2023\/11\/80_n.jpg 600w, https:\/\/agora.xtec.cat\/escolasantbernat\/wp-content\/uploads\/usu1228\/2023\/11\/80_n-300x300.jpg 300w, https:\/\/agora.xtec.cat\/escolasantbernat\/wp-content\/uploads\/usu1228\/2023\/11\/80_n-150x150.jpg 150w\" alt=\"\" width=\"600\" height=\"600\" \/><\/a>\u00a0<a href=\"https:\/\/agora.xtec.cat\/escolasantbernat\/wp-content\/uploads\/usu1228\/2023\/11\/99_n.jpg\"><img loading=\"lazy\" decoding=\"async\" class=\"alignnone size-large wp-image-5889\" src=\"https:\/\/agora.xtec.cat\/escolasantbernat\/wp-content\/uploads\/usu1228\/2023\/11\/99_n.jpg\" sizes=\"auto, (max-width: 600px) 100vw, 600px\" srcset=\"https:\/\/agora.xtec.cat\/escolasantbernat\/wp-content\/uploads\/usu1228\/2023\/11\/99_n.jpg 600w, https:\/\/agora.xtec.cat\/escolasantbernat\/wp-content\/uploads\/usu1228\/2023\/11\/99_n-300x300.jpg 300w, https:\/\/agora.xtec.cat\/escolasantbernat\/wp-content\/uploads\/usu1228\/2023\/11\/99_n-150x150.jpg 150w\" alt=\"\" width=\"600\" height=\"600\" \/><\/a><\/div>\n<p>Representaci\u00f3 de l&#8217;alumnat de 6\u00e8 a Dubl\u00edn, Irlanda.<\/p>\n<p>Han visitat l&#8217;escola St. Patrick&#8217;s NS on han pogut fer moltes activitats en angl\u00e8s amb el seu alumnat. I tamb\u00e9 <a href=\"https:\/\/santbernatchess.blogspot.com\/2023\/11\/erasmus-i-escacs.html\" target=\"_blank\" rel=\"noopener\">partides d&#8217;escacs<\/a> conjuntes.<\/p>\n<p>A banda de totes les activitats acad\u00e8miques estan fent tamb\u00e9 moltes visites culturals.<\/p>\n<p>Fa molt de fred per\u00f2 la pluja els ha respectat. Han pogut fer tot el programa que estava previst.<\/p>\n<p>\u00c9s una bonica experi\u00e8ncia de vida.<\/p>\n<\/div>\n<div dir=\"auto\"><\/div>\n<div dir=\"auto\"><a href=\"https:\/\/agora.xtec.cat\/escolasantbernat\/wp-content\/uploads\/usu1228\/2023\/11\/71_n.jpg\"><img loading=\"lazy\" decoding=\"async\" class=\"alignnone wp-image-5894\" src=\"https:\/\/agora.xtec.cat\/escolasantbernat\/wp-content\/uploads\/usu1228\/2023\/11\/71_n.jpg\" alt=\"\" width=\"709\" height=\"427\" srcset=\"https:\/\/agora.xtec.cat\/escolasantbernat\/wp-content\/uploads\/usu1228\/2023\/11\/71_n.jpg 843w, https:\/\/agora.xtec.cat\/escolasantbernat\/wp-content\/uploads\/usu1228\/2023\/11\/71_n-300x181.jpg 300w, https:\/\/agora.xtec.cat\/escolasantbernat\/wp-content\/uploads\/usu1228\/2023\/11\/71_n-768x463.jpg 768w\" sizes=\"auto, (max-width: 709px) 100vw, 709px\" \/><\/a><\/div>\n<div dir=\"auto\">\n<div dir=\"auto\">Phoenix Park, Dubl\u00edn (Irlanda)<\/div>\n<div dir=\"auto\">Erasmus Nov 2023<\/div>\n<div dir=\"auto\"><a class=\"x1i10hfl xjbqb8w x6umtig x1b1mbwd xaqea5y xav7gou x9f619 x1ypdohk xt0psk2 xe8uvvx xdj266r x11i5rnm xat24cr x1mh8g0r xexx8yu x4uap5 x18d9i69 xkhd6sd x16tdsg8 x1hl2dhg xggy1nq x1a2a7pz xt0b8zv x1qq9wsj xo1l8bm\" tabindex=\"0\" role=\"link\" href=\"https:\/\/www.facebook.com\/hashtag\/sepie_gob?__eep__=6&amp;__cft__[0]=AZX0RUjWCVfIpwORw3xONhl7zHjgMtmfWyBVWU7bnT25XNgNS8HauuOBgMpBkPLIyfMRcbjKxvJxNwVVdv4MPzULQiPGfxA_8eLxCIS0i3HHybaWch5aMphOTxacrYflb4LrxymgGqNjre52cL9Hx50y5fz8w-gTV9nooHb5zflZW-yTPLL2UkkLma1EnbsZZLiVJuJHCGzxRS2iP8aOvmZci1ipIiUbgyA8cXPT2Zv5Sg&amp;__tn__=*NK-y-R\">#sepie_gob<\/a> <a class=\"x1i10hfl xjbqb8w x6umtig x1b1mbwd xaqea5y xav7gou x9f619 x1ypdohk xt0psk2 xe8uvvx xdj266r x11i5rnm xat24cr x1mh8g0r xexx8yu x4uap5 x18d9i69 xkhd6sd x16tdsg8 x1hl2dhg xggy1nq x1a2a7pz xt0b8zv x1qq9wsj xo1l8bm\" tabindex=\"0\" role=\"link\" href=\"https:\/\/www.facebook.com\/hashtag\/josocdelsantber?__eep__=6&amp;__cft__[0]=AZX0RUjWCVfIpwORw3xONhl7zHjgMtmfWyBVWU7bnT25XNgNS8HauuOBgMpBkPLIyfMRcbjKxvJxNwVVdv4MPzULQiPGfxA_8eLxCIS0i3HHybaWch5aMphOTxacrYflb4LrxymgGqNjre52cL9Hx50y5fz8w-gTV9nooHb5zflZW-yTPLL2UkkLma1EnbsZZLiVJuJHCGzxRS2iP8aOvmZci1ipIiUbgyA8cXPT2Zv5Sg&amp;__tn__=*NK-y-R\">#josocdelsantber<\/a><span class=\"x3nfvp2 x1j61x8r x1fcty0u xdj266r xhhsvwb xat24cr xgzva0m xxymvpz xlup9mm x1kky2od\"><img loading=\"lazy\" decoding=\"async\" class=\"xz74otr\" src=\"https:\/\/static.xx.fbcdn.net\/images\/emoji.php\/v9\/t94\/1\/16\/1f49a.png\" alt=\"\ud83d\udc9a\" width=\"16\" height=\"16\" \/><\/span><span class=\"x3nfvp2 x1j61x8r x1fcty0u xdj266r xhhsvwb xat24cr xgzva0m xxymvpz xlup9mm x1kky2od\"><img loading=\"lazy\" decoding=\"async\" class=\"xz74otr\" src=\"https:\/\/static.xx.fbcdn.net\/images\/emoji.php\/v9\/t96\/1\/16\/1f49c.png\" alt=\"\ud83d\udc9c\" width=\"16\" height=\"16\" \/><\/span><span class=\"x3nfvp2 x1j61x8r x1fcty0u xdj266r xhhsvwb xat24cr xgzva0m xxymvpz xlup9mm x1kky2od\"><img loading=\"lazy\" decoding=\"async\" class=\"xz74otr\" src=\"https:\/\/static.xx.fbcdn.net\/images\/emoji.php\/v9\/t94\/1\/16\/1f49a.png\" alt=\"\ud83d\udc9a\" width=\"16\" height=\"16\" \/><\/span><\/div>\n<\/div>\n<div dir=\"auto\"><\/div>\n<div dir=\"auto\">\n<div dir=\"auto\"><a href=\"https:\/\/agora.xtec.cat\/escolasantbernat\/wp-content\/uploads\/usu1228\/2023\/11\/96_n.jpg\"><img loading=\"lazy\" decoding=\"async\" class=\"alignnone wp-image-5897\" src=\"https:\/\/agora.xtec.cat\/escolasantbernat\/wp-content\/uploads\/usu1228\/2023\/11\/96_n.jpg\" alt=\"\" width=\"784\" height=\"442\" srcset=\"https:\/\/agora.xtec.cat\/escolasantbernat\/wp-content\/uploads\/usu1228\/2023\/11\/96_n.jpg 958w, https:\/\/agora.xtec.cat\/escolasantbernat\/wp-content\/uploads\/usu1228\/2023\/11\/96_n-300x169.jpg 300w, https:\/\/agora.xtec.cat\/escolasantbernat\/wp-content\/uploads\/usu1228\/2023\/11\/96_n-768x433.jpg 768w\" sizes=\"auto, (max-width: 784px) 100vw, 784px\" \/><\/a><\/div>\n<div dir=\"auto\">\n<div dir=\"auto\">Trinity College Dubl\u00edn (Irlanda)<\/div>\n<div dir=\"auto\">Erasmus Nov 2023<\/div>\n<div dir=\"auto\"><a class=\"x1i10hfl xjbqb8w x6umtig x1b1mbwd xaqea5y xav7gou x9f619 x1ypdohk xt0psk2 xe8uvvx xdj266r x11i5rnm xat24cr x1mh8g0r xexx8yu x4uap5 x18d9i69 xkhd6sd x16tdsg8 x1hl2dhg xggy1nq x1a2a7pz xt0b8zv x1qq9wsj xo1l8bm\" tabindex=\"0\" role=\"link\" href=\"https:\/\/www.facebook.com\/hashtag\/josocdelsantber?__eep__=6&amp;__cft__[0]=AZW18RF2bA9YHiUYVctNz0jq_lpWiOWeN6weORU6_mZiUs5wbtOk2-vokT4yJCi4LEulOBGtxf6w2W8-upP8DlUwWcZVnrRdfQRR01qwH2iQzf7l3L5qbftf50mQYDPBXZ7hetbveQGekKli-0U0LoHd-z-DAk1Iq1Ii1REOKNiXymetMnCkFzTQ3Gg1Se938RWC4dOetXHIKI7YLDsGOYJtwb6xXeGUTmKHH0FzFO6mtQ&amp;__tn__=*NK-y-R\">#josocdelsantber<\/a><span class=\"x3nfvp2 x1j61x8r x1fcty0u xdj266r xhhsvwb xat24cr xgzva0m xxymvpz xlup9mm x1kky2od\"><img loading=\"lazy\" decoding=\"async\" class=\"xz74otr\" src=\"https:\/\/static.xx.fbcdn.net\/images\/emoji.php\/v9\/t94\/1\/16\/1f49a.png\" alt=\"\ud83d\udc9a\" width=\"16\" height=\"16\" \/><\/span><span class=\"x3nfvp2 x1j61x8r x1fcty0u xdj266r xhhsvwb xat24cr xgzva0m xxymvpz xlup9mm x1kky2od\"><img loading=\"lazy\" decoding=\"async\" class=\"xz74otr\" src=\"https:\/\/static.xx.fbcdn.net\/images\/emoji.php\/v9\/t96\/1\/16\/1f49c.png\" alt=\"\ud83d\udc9c\" width=\"16\" height=\"16\" \/><\/span><span class=\"x3nfvp2 x1j61x8r x1fcty0u xdj266r xhhsvwb xat24cr xgzva0m xxymvpz xlup9mm x1kky2od\"><img loading=\"lazy\" decoding=\"async\" class=\"xz74otr\" src=\"https:\/\/static.xx.fbcdn.net\/images\/emoji.php\/v9\/t94\/1\/16\/1f49a.png\" alt=\"\ud83d\udc9a\" width=\"16\" height=\"16\" \/><\/span> <a class=\"x1i10hfl xjbqb8w x6umtig x1b1mbwd xaqea5y xav7gou x9f619 x1ypdohk xt0psk2 xe8uvvx xdj266r x11i5rnm xat24cr x1mh8g0r xexx8yu x4uap5 x18d9i69 xkhd6sd x16tdsg8 x1hl2dhg xggy1nq x1a2a7pz xt0b8zv x1qq9wsj xo1l8bm\" tabindex=\"0\" role=\"link\" href=\"https:\/\/www.facebook.com\/hashtag\/sepie_gob?__eep__=6&amp;__cft__[0]=AZW18RF2bA9YHiUYVctNz0jq_lpWiOWeN6weORU6_mZiUs5wbtOk2-vokT4yJCi4LEulOBGtxf6w2W8-upP8DlUwWcZVnrRdfQRR01qwH2iQzf7l3L5qbftf50mQYDPBXZ7hetbveQGekKli-0U0LoHd-z-DAk1Iq1Ii1REOKNiXymetMnCkFzTQ3Gg1Se938RWC4dOetXHIKI7YLDsGOYJtwb6xXeGUTmKHH0FzFO6mtQ&amp;__tn__=*NK-y-R\">#sepie_gob<\/a><\/div>\n<\/div>\n<\/div>\n<div dir=\"auto\"><\/div>\n<div dir=\"auto\">\n<p>Aquests dies diversos mitjans de comunicaci\u00f3 posen el focus a la mobilitat Erasmus de la nostra escola.<\/p>\n<p>https:\/\/www.diaridetarragona.com\/cultura\/educacion\/alumnes-de-l-escola-sant-bernat-calvo-de-vila-seca-d-erasmus-a-dublin-AB17708181<\/p>\n<p><img loading=\"lazy\" decoding=\"async\" class=\"alignnone size-full wp-image-6050\" src=\"https:\/\/agora.xtec.cat\/escolasantbernat\/wp-content\/uploads\/usu1228\/2023\/11\/04.jpg\" sizes=\"auto, (max-width: 800px) 100vw, 800px\" srcset=\"https:\/\/agora.xtec.cat\/escolasantbernat\/wp-content\/uploads\/usu1228\/2023\/11\/04.jpg 800w, https:\/\/agora.xtec.cat\/escolasantbernat\/wp-content\/uploads\/usu1228\/2023\/11\/04-300x93.jpg 300w, https:\/\/agora.xtec.cat\/escolasantbernat\/wp-content\/uploads\/usu1228\/2023\/11\/04-768x239.jpg 768w\" alt=\"\" width=\"800\" height=\"249\" \/><\/p>\n<p><img loading=\"lazy\" decoding=\"async\" class=\"alignnone wp-image-6051\" src=\"https:\/\/agora.xtec.cat\/escolasantbernat\/wp-content\/uploads\/usu1228\/2023\/11\/005.jpg\" sizes=\"auto, (max-width: 477px) 100vw, 477px\" srcset=\"https:\/\/agora.xtec.cat\/escolasantbernat\/wp-content\/uploads\/usu1228\/2023\/11\/005.jpg 730w, https:\/\/agora.xtec.cat\/escolasantbernat\/wp-content\/uploads\/usu1228\/2023\/11\/005-300x235.jpg 300w\" alt=\"\" width=\"477\" height=\"374\" \/><\/p>\n<\/div>\n<p><strong>APRENENTATGES PER OBSERVACI\u00d3<\/strong><\/p>\n<p>Estem organitzant 2 mobilitats d&#8217;aprenentatge per observaci\u00f3 a It\u00e0lia.<\/p>\n<p><strong>CURSOS ESTRUCTURATS<\/strong><\/p>\n<p>Durant l&#8217;estiu de 2024 es realitzaran cursos estructurats que ens ajudaran a millorar el nostre Projecte Educatiu.<\/p>\n<p><strong>VISITA D&#8217;EXPERTS<\/strong><\/p>\n<p>Durant el tercer trimestre rebrem la visita d&#8217;un matem\u00e0tic Irland\u00e8s que realitzar\u00e0 tallers pr\u00e0ctics amb l&#8217;alumnat i sessions te\u00f2riques amb el claustre.<\/p>\n<p><strong>VISITA DE MESTRES D&#8217;ALTRES ESCOLES D&#8217;EUROPA<\/strong><\/p>\n<p>Durant la setmana del 16 al 20 d&#8217;octubre vam rebre la visita de la Sandrine. Mestra d&#8217;educaci\u00f3 Especial de l&#8217;Illa Reuni\u00f3.<\/p>\n<p>Va viatjar molts quil\u00f2metres per observar les nostres classes, aprendre com organitzem l&#8217;atenci\u00f3 a la diversitat a la nostra escola i a la secund\u00e0ria.<\/p>\n<p>Moltes gr\u00e0cies a l&#8217;EAP i a la Roser de la SIE de l&#8217;Institut Ramon Barbat que tamb\u00e9 van compatir amb ella un mat\u00ed.<\/p>\n<p><img decoding=\"async\" src=\"https:\/\/agora.xtec.cat\/escolasantbernat\/wp-content\/uploads\/usu1228\/2023\/10\/WhatsApp-Image-2023-10-17-at-20.55.02-1024x605.jpeg\" \/><\/p>\n<p><img loading=\"lazy\" decoding=\"async\" class=\"alignnone size-large wp-image-5796\" src=\"https:\/\/agora.xtec.cat\/escolasantbernat\/wp-content\/uploads\/usu1228\/2023\/10\/WhatsApp-Image-2023-10-17-at-21.14.42-1024x771.jpeg\" sizes=\"auto, (max-width: 1024px) 100vw, 1024px\" srcset=\"https:\/\/agora.xtec.cat\/escolasantbernat\/wp-content\/uploads\/usu1228\/2023\/10\/WhatsApp-Image-2023-10-17-at-21.14.42-1024x771.jpeg 1024w, https:\/\/agora.xtec.cat\/escolasantbernat\/wp-content\/uploads\/usu1228\/2023\/10\/WhatsApp-Image-2023-10-17-at-21.14.42-300x226.jpeg 300w, https:\/\/agora.xtec.cat\/escolasantbernat\/wp-content\/uploads\/usu1228\/2023\/10\/WhatsApp-Image-2023-10-17-at-21.14.42-768x578.jpeg 768w, https:\/\/agora.xtec.cat\/escolasantbernat\/wp-content\/uploads\/usu1228\/2023\/10\/WhatsApp-Image-2023-10-17-at-21.14.42-1536x1157.jpeg 1536w, https:\/\/agora.xtec.cat\/escolasantbernat\/wp-content\/uploads\/usu1228\/2023\/10\/WhatsApp-Image-2023-10-17-at-21.14.42-200x150.jpeg 200w, https:\/\/agora.xtec.cat\/escolasantbernat\/wp-content\/uploads\/usu1228\/2023\/10\/WhatsApp-Image-2023-10-17-at-21.14.42.jpeg 2040w\" alt=\"\" width=\"1024\" height=\"771\" \/><\/p>\n<p>Tamb\u00e9 vam fer amb ella la visita guiada per Vila-seca on vam poder gaudir del Castell i el Celler.<\/p>\n<p>La Sandrine ha quedat meravellada del nostre patrimoni.<\/p>\n<p>Volem donar les gr\u00e0cies a la N\u00faria Viladot, de l\u2019Ajuntament de Vila-seca, per la seva efici\u00e8ncia i amabilitat.<\/p>\n<p>&nbsp;<\/p>\n<p><strong>MESTRES EN PR\u00c0CTIQUES<\/strong><\/p>\n<div class=\"xdj266r x11i5rnm xat24cr x1mh8g0r x1vvkbs x126k92a\">\n<div dir=\"auto\">Welcome to our school!<\/div>\n<div dir=\"auto\">Durant aquest trimestre tindrem amb nosaltres a Ludmila, una mestra en pr\u00e0ctiques de la Rep\u00fablica Txeca.<\/div>\n<\/div>\n<div class=\"x11i5rnm xat24cr x1mh8g0r x1vvkbs xtlvy1s x126k92a\">\n<div dir=\"auto\">Els vostres fills i filles tenen l\u2019oportunitat de tenir-la a les seves classes i practicar amb ella l\u2019angl\u00e8s.<\/div>\n<\/div>\n<div class=\"x11i5rnm xat24cr x1mh8g0r x1vvkbs xtlvy1s x126k92a\">\n<div dir=\"auto\">Motivaci\u00f3 a tope!<span class=\"x3nfvp2 x1j61x8r x1fcty0u xdj266r xhhsvwb xat24cr xgzva0m xxymvpz xlup9mm x1kky2od\"><img loading=\"lazy\" decoding=\"async\" class=\"xz74otr\" src=\"https:\/\/static.xx.fbcdn.net\/images\/emoji.php\/v9\/tfc\/1\/16\/1f44d.png\" alt=\"\ud83d\udc4d\" width=\"16\" height=\"16\" \/><\/span><\/div>\n<\/div>\n<div class=\"x11i5rnm xat24cr x1mh8g0r x1vvkbs xtlvy1s x126k92a\">\n<div dir=\"auto\">Us han explicat com fan Speaking Corner?<\/div>\n<div dir=\"auto\"><\/div>\n<div dir=\"auto\"><img decoding=\"async\" src=\"https:\/\/scontent.fvlc6-1.fna.fbcdn.net\/v\/t39.30808-6\/393729279_803514705111049_3681501921728377771_n.jpg?_nc_cat=102&amp;ccb=1-7&amp;_nc_sid=5f2048&amp;_nc_ohc=O7AEgZiIxZcAX_8Vn-Q&amp;_nc_ht=scontent.fvlc6-1.fna&amp;oh=00_AfBX6FQeAxfq2f6NdcKv5O8S9TyjaCv2KzN8_aTWsppRew&amp;oe=6540E93F\" alt=\"Puede ser una imagen de 5 personas y texto\" \/><\/div>\n<\/div>\n<div dir=\"auto\"><\/div>\n<div dir=\"auto\">Durant la seva estada a la nostra escola a banda del programa educatiu li hem preparat un ampli programa cultural que inclou la visita a monuments i edificis de l&#8217;entorn com \u00e9s la visita al Castell de Vila-seca<\/div>\n<div dir=\"auto\"><\/div>\n<div dir=\"auto\"><img decoding=\"async\" src=\"https:\/\/agora.xtec.cat\/escolasantbernat\/wp-content\/uploads\/usu1228\/2023\/10\/WhatsApp-Image-2023-10-17-at-21.14.44-1024x771.jpeg\" \/><\/div>\n<div dir=\"auto\"><\/div>\n<div dir=\"auto\">\n<p>&nbsp;<\/p>\n<p><strong>JOBSHADOWING A GUIMARAES (PORTUGAL)<\/strong><\/p>\n<p><a href=\"https:\/\/agora.xtec.cat\/escolasantbernat\/wp-content\/uploads\/usu1228\/2024\/11\/gui.png\"><img loading=\"lazy\" decoding=\"async\" class=\"alignnone size-full wp-image-6517\" src=\"https:\/\/agora.xtec.cat\/escolasantbernat\/wp-content\/uploads\/usu1228\/2024\/11\/gui.png\" alt=\"\" width=\"1048\" height=\"490\" srcset=\"https:\/\/agora.xtec.cat\/escolasantbernat\/wp-content\/uploads\/usu1228\/2024\/11\/gui.png 1048w, https:\/\/agora.xtec.cat\/escolasantbernat\/wp-content\/uploads\/usu1228\/2024\/11\/gui-300x140.png 300w, https:\/\/agora.xtec.cat\/escolasantbernat\/wp-content\/uploads\/usu1228\/2024\/11\/gui-1024x479.png 1024w, https:\/\/agora.xtec.cat\/escolasantbernat\/wp-content\/uploads\/usu1228\/2024\/11\/gui-768x359.png 768w\" sizes=\"auto, (max-width: 1048px) 100vw, 1048px\" \/><\/a><\/p>\n<p>Dins de l&#8217;Acreditaci\u00f3 Erasmus 23-24 de l&#8217;escola Sant Bernat Calv\u00f3 de Vila-seca, dos mestres de l&#8217;escola han viatjat fins a la ciutat de Guimaraes de Portugal per tal de visitar i con\u00e8ixer els programes educatius del <a href=\"https:\/\/www.facebook.com\/aejoaodemeira.pt\/?locale=ca_ES\" target=\"_blank\" rel=\"noopener\">Agrupamento de Escolas Joao de Meira<\/a>. La valoraci\u00f3 \u00e9s molt positiva perqu\u00e8 probablement en sortir\u00e0 un intercanvi d&#8217;alumnat en cursos futurs. Aquestes estades d&#8217;Erasmus enriqueixen la tasca docent i obren nous projectes escolars.<\/p>\n<p><a href=\"https:\/\/agora.xtec.cat\/escolasantbernat\/wp-content\/uploads\/usu1228\/2024\/06\/1717428189262-min-scaled.jpg\"><img loading=\"lazy\" decoding=\"async\" class=\"alignnone size-full wp-image-6213\" src=\"https:\/\/agora.xtec.cat\/escolasantbernat\/wp-content\/uploads\/usu1228\/2024\/06\/1717428189262-min-scaled.jpg\" alt=\"\" width=\"2560\" height=\"1920\" srcset=\"https:\/\/agora.xtec.cat\/escolasantbernat\/wp-content\/uploads\/usu1228\/2024\/06\/1717428189262-min-scaled.jpg 2560w, https:\/\/agora.xtec.cat\/escolasantbernat\/wp-content\/uploads\/usu1228\/2024\/06\/1717428189262-min-300x225.jpg 300w, https:\/\/agora.xtec.cat\/escolasantbernat\/wp-content\/uploads\/usu1228\/2024\/06\/1717428189262-min-1024x768.jpg 1024w, https:\/\/agora.xtec.cat\/escolasantbernat\/wp-content\/uploads\/usu1228\/2024\/06\/1717428189262-min-768x576.jpg 768w, https:\/\/agora.xtec.cat\/escolasantbernat\/wp-content\/uploads\/usu1228\/2024\/06\/1717428189262-min-1536x1152.jpg 1536w, https:\/\/agora.xtec.cat\/escolasantbernat\/wp-content\/uploads\/usu1228\/2024\/06\/1717428189262-min-2048x1536.jpg 2048w, https:\/\/agora.xtec.cat\/escolasantbernat\/wp-content\/uploads\/usu1228\/2024\/06\/1717428189262-min-200x150.jpg 200w\" sizes=\"auto, (max-width: 2560px) 100vw, 2560px\" \/><\/a><\/p>\n<p><a href=\"https:\/\/agora.xtec.cat\/escolasantbernat\/wp-content\/uploads\/usu1228\/2024\/06\/1717428281894-min-scaled.jpg\"><img loading=\"lazy\" decoding=\"async\" class=\"alignnone size-full wp-image-6214\" src=\"https:\/\/agora.xtec.cat\/escolasantbernat\/wp-content\/uploads\/usu1228\/2024\/06\/1717428281894-min-scaled.jpg\" alt=\"\" width=\"2560\" height=\"1920\" srcset=\"https:\/\/agora.xtec.cat\/escolasantbernat\/wp-content\/uploads\/usu1228\/2024\/06\/1717428281894-min-scaled.jpg 2560w, https:\/\/agora.xtec.cat\/escolasantbernat\/wp-content\/uploads\/usu1228\/2024\/06\/1717428281894-min-300x225.jpg 300w, https:\/\/agora.xtec.cat\/escolasantbernat\/wp-content\/uploads\/usu1228\/2024\/06\/1717428281894-min-1024x768.jpg 1024w, https:\/\/agora.xtec.cat\/escolasantbernat\/wp-content\/uploads\/usu1228\/2024\/06\/1717428281894-min-768x576.jpg 768w, https:\/\/agora.xtec.cat\/escolasantbernat\/wp-content\/uploads\/usu1228\/2024\/06\/1717428281894-min-1536x1152.jpg 1536w, https:\/\/agora.xtec.cat\/escolasantbernat\/wp-content\/uploads\/usu1228\/2024\/06\/1717428281894-min-2048x1536.jpg 2048w, https:\/\/agora.xtec.cat\/escolasantbernat\/wp-content\/uploads\/usu1228\/2024\/06\/1717428281894-min-200x150.jpg 200w\" sizes=\"auto, (max-width: 2560px) 100vw, 2560px\" \/><\/a><\/p>\n<\/div>\n<div dir=\"auto\"><\/div>\n","protected":false},"excerpt":{"rendered":"<p>Aquestes s\u00f3n les activitats que tenim previst realitzar durant el curs.<br \/>\nMOBILITATS EN GRUP D&#8217;ALUMNAT A DUBL\u00cdN<br \/>\nUn grup de 24 nens i nenes de 6\u00e8 viatjar\u00e0 a la capital d&#8217;Irlanda, a l&#8217;escola <a href=\"https:\/\/www.stpatricksns.com\/home\">https:\/\/www.stpatricksns.com\/home\u00a0<\/a> per realitzar activitats conjuntes en angl\u00e8s relacionades amb la ci\u00e8ncia i els&hellip;  <a href=\"https:\/\/agora.xtec.cat\/escolasantbernat\/projecte-educatiu\/erasmus\/acreditacio-erasmus\/activitats-erasmus-2023-24\/\" title=\"Read ACTIVITATS ERASMUS 2023-24\">Llegeix m\u00e9s\u00bb<\/a><\/p>\n","protected":false},"author":1,"featured_media":0,"parent":5233,"menu_order":3,"comment_status":"closed","ping_status":"closed","template":"","meta":{"_bbp_topic_count":0,"_bbp_reply_count":0,"_bbp_total_topic_count":0,"_bbp_total_reply_count":0,"_bbp_voice_count":0,"_bbp_anonymous_reply_count":0,"_bbp_topic_count_hidden":0,"_bbp_reply_count_hidden":0,"_bbp_forum_subforum_count":0,"footnotes":""},"class_list":["post-5761","page","type-page","status-publish","hentry"],"post_mailing_queue_ids":[],"_links":{"self":[{"href":"https:\/\/agora.xtec.cat\/escolasantbernat\/wp-json\/wp\/v2\/pages\/5761","targetHints":{"allow":["GET"]}}],"collection":[{"href":"https:\/\/agora.xtec.cat\/escolasantbernat\/wp-json\/wp\/v2\/pages"}],"about":[{"href":"https:\/\/agora.xtec.cat\/escolasantbernat\/wp-json\/wp\/v2\/types\/page"}],"author":[{"embeddable":true,"href":"https:\/\/agora.xtec.cat\/escolasantbernat\/wp-json\/wp\/v2\/users\/1"}],"replies":[{"embeddable":true,"href":"https:\/\/agora.xtec.cat\/escolasantbernat\/wp-json\/wp\/v2\/comments?post=5761"}],"version-history":[{"count":7,"href":"https:\/\/agora.xtec.cat\/escolasantbernat\/wp-json\/wp\/v2\/pages\/5761\/revisions"}],"predecessor-version":[{"id":6519,"href":"https:\/\/agora.xtec.cat\/escolasantbernat\/wp-json\/wp\/v2\/pages\/5761\/revisions\/6519"}],"up":[{"embeddable":true,"href":"https:\/\/agora.xtec.cat\/escolasantbernat\/wp-json\/wp\/v2\/pages\/5233"}],"wp:attachment":[{"href":"https:\/\/agora.xtec.cat\/escolasantbernat\/wp-json\/wp\/v2\/media?parent=5761"}],"curies":[{"name":"wp","href":"https:\/\/api.w.org\/{rel}","templated":true}]}}