{"id":5233,"date":"2022-09-29T12:16:11","date_gmt":"2022-09-29T10:16:11","guid":{"rendered":"https:\/\/agora.xtec.cat\/escolasantbernat\/?page_id=5233"},"modified":"2023-07-24T19:19:49","modified_gmt":"2023-07-24T17:19:49","slug":"acreditacio-erasmus","status":"publish","type":"page","link":"https:\/\/agora.xtec.cat\/escolasantbernat\/projecte-educatiu\/erasmus\/acreditacio-erasmus\/","title":{"rendered":"ACREDITACI\u00d3 ERASMUS"},"content":{"rendered":"<p><a href=\"https:\/\/agora.xtec.cat\/escolasantbernat\/wp-content\/uploads\/usu1228\/2022\/09\/acreditacion.jpg\"><img loading=\"lazy\" decoding=\"async\" class=\"wp-image-5234 aligncenter\" src=\"https:\/\/agora.xtec.cat\/escolasantbernat\/wp-content\/uploads\/usu1228\/2022\/09\/acreditacion.jpg\" alt=\"\" width=\"655\" height=\"284\" srcset=\"https:\/\/agora.xtec.cat\/escolasantbernat\/wp-content\/uploads\/usu1228\/2022\/09\/acreditacion.jpg 558w, https:\/\/agora.xtec.cat\/escolasantbernat\/wp-content\/uploads\/usu1228\/2022\/09\/acreditacion-300x130.jpg 300w\" sizes=\"auto, (max-width: 655px) 100vw, 655px\" \/><\/a><\/p>\n<p>El programa Erasmus+, que es va posar en marxa el 2014, ha creat m\u00faltiples oportunitats de mobilitat i cooperaci\u00f3 en mat\u00e8ria d&#8217;educaci\u00f3, formaci\u00f3, joventut i esport. Aix\u00ed mateix, ha proporcionat valuoses capacitats i experi\u00e8ncies als seus participants, i ha ajudat a modernitzar l&#8217;educaci\u00f3, la formaci\u00f3 i la tasca dels joves a tot Europa.<\/p>\n<p>El nou programa (2021-2027) t\u00e9 com a objectiu ser encara m\u00e9s inclusiu, accessible i sostenible. Entre els principals objectius figuren el suport a la transici\u00f3 digital a l&#8217;educaci\u00f3 europea i l&#8217;ajuda a la creaci\u00f3 de l&#8217;Espai Europeu d&#8217;Educaci\u00f3. Per aconseguir-los, el nou programa ha estat dissenyat de manera que l&#8217;acc\u00e9s de les organitzacions sigui m\u00e9s f\u00e0cil que mai. L&#8217;acreditaci\u00f3 Erasmus \u00e9s fonamental per a aquest prop\u00f2sit.\u00a0<strong>L&#8217;acreditaci\u00f3 Erasmus \u00e9s una nova forma d&#8217;accedir a les activitats de mobilitat del nou programa.\u00a0<\/strong><\/p>\n<p><a href=\"https:\/\/agora.xtec.cat\/escolasantbernat\/wp-content\/uploads\/usu1228\/2022\/10\/erasmus.png\"><img loading=\"lazy\" decoding=\"async\" class=\"alignnone size-full wp-image-5307\" src=\"https:\/\/agora.xtec.cat\/escolasantbernat\/wp-content\/uploads\/usu1228\/2022\/10\/erasmus.png\" alt=\"\" width=\"266\" height=\"189\" \/><\/a><\/p>\n<ul>\n<li>CRITERIS DE SELECCI\u00d3 PER A LES MOBILITATS D&#8217;ALUMNAT <a href=\"https:\/\/drive.google.com\/file\/d\/1eN-YmsNM_XkhuCrDwU8eYu3cFBxesZXZ\/view?usp=sharing\" target=\"_blank\" rel=\"noopener\">&gt;&gt;&gt;&gt;<\/a><\/li>\n<\/ul>\n<p>&nbsp;<\/p>\n","protected":false},"excerpt":{"rendered":"<p><a href=\"https:\/\/agora.xtec.cat\/escolasantbernat\/wp-content\/uploads\/usu1228\/2022\/09\/acreditacion.jpg\"><\/a><br \/>\nEl programa Erasmus+, que es va posar en marxa el 2014, ha creat m\u00faltiples oportunitats de mobilitat i cooperaci\u00f3 en mat\u00e8ria d&#8217;educaci\u00f3, formaci\u00f3, joventut i esport. Aix\u00ed mateix, ha proporcionat valuoses capacitats i experi\u00e8ncies als seus participants, i ha ajudat a modernitzar l&#8217;educaci\u00f3, la&hellip;  <a href=\"https:\/\/agora.xtec.cat\/escolasantbernat\/projecte-educatiu\/erasmus\/acreditacio-erasmus\/\" title=\"Read ACREDITACI\u00d3 ERASMUS\">Llegeix m\u00e9s\u00bb<\/a><\/p>\n","protected":false},"author":3,"featured_media":0,"parent":658,"menu_order":60,"comment_status":"closed","ping_status":"closed","template":"","meta":{"_bbp_topic_count":0,"_bbp_reply_count":0,"_bbp_total_topic_count":0,"_bbp_total_reply_count":0,"_bbp_voice_count":0,"_bbp_anonymous_reply_count":0,"_bbp_topic_count_hidden":0,"_bbp_reply_count_hidden":0,"_bbp_forum_subforum_count":0,"footnotes":""},"class_list":["post-5233","page","type-page","status-publish","hentry"],"post_mailing_queue_ids":[],"_links":{"self":[{"href":"https:\/\/agora.xtec.cat\/escolasantbernat\/wp-json\/wp\/v2\/pages\/5233","targetHints":{"allow":["GET"]}}],"collection":[{"href":"https:\/\/agora.xtec.cat\/escolasantbernat\/wp-json\/wp\/v2\/pages"}],"about":[{"href":"https:\/\/agora.xtec.cat\/escolasantbernat\/wp-json\/wp\/v2\/types\/page"}],"author":[{"embeddable":true,"href":"https:\/\/agora.xtec.cat\/escolasantbernat\/wp-json\/wp\/v2\/users\/3"}],"replies":[{"embeddable":true,"href":"https:\/\/agora.xtec.cat\/escolasantbernat\/wp-json\/wp\/v2\/comments?post=5233"}],"version-history":[{"count":4,"href":"https:\/\/agora.xtec.cat\/escolasantbernat\/wp-json\/wp\/v2\/pages\/5233\/revisions"}],"predecessor-version":[{"id":5756,"href":"https:\/\/agora.xtec.cat\/escolasantbernat\/wp-json\/wp\/v2\/pages\/5233\/revisions\/5756"}],"up":[{"embeddable":true,"href":"https:\/\/agora.xtec.cat\/escolasantbernat\/wp-json\/wp\/v2\/pages\/658"}],"wp:attachment":[{"href":"https:\/\/agora.xtec.cat\/escolasantbernat\/wp-json\/wp\/v2\/media?parent=5233"}],"curies":[{"name":"wp","href":"https:\/\/api.w.org\/{rel}","templated":true}]}}