{"id":5211,"date":"2021-07-08T20:44:56","date_gmt":"2021-07-08T18:44:56","guid":{"rendered":"https:\/\/agora.xtec.cat\/escolasantbernat\/?page_id=5211"},"modified":"2022-07-08T20:55:00","modified_gmt":"2022-07-08T18:55:00","slug":"aqui-prou-bullying","status":"publish","type":"page","link":"https:\/\/agora.xtec.cat\/escolasantbernat\/projecte-educatiu\/aqui-prou-bullying\/","title":{"rendered":"AQU\u00cd PROU BULLYING"},"content":{"rendered":"<p>El curs 2019-2020 vam entrar a formar part del programa d&#8217;innovaci\u00f3 Aqu\u00ed Prou Bullying.<\/p>\n<p><img decoding=\"async\" src=\"https:\/\/agora.xtec.cat\/escolaanselmclave\/wp-content\/uploads\/usu1363\/2021\/10\/aquiproubullying.jpg\" alt=\"Aqu\u00ed prou bullying | Anselm Clav\u00e9\" \/><\/p>\n<p>OBJECTIUS:<\/p>\n<ul>\n<li>Implicar la comunitat escolar davant els casos d\u2019assetjament.<\/li>\n<li>Potenciar el comprom\u00eds actiu de l\u2019alumnat en la prevenci\u00f3 i detecci\u00f3 dels casos d\u2019assetjament.<\/li>\n<li>Fomentar la gesti\u00f3 positiva dels conflictes.<\/li>\n<li>Contribuir al desenvolupament personal i social de l\u2019alumnat.<\/li>\n<\/ul>\n<p>WEB DEL PROGRAMA:<\/p>\n<p><a href=\"https:\/\/xtec.gencat.cat\/ca\/centres\/projeducatiu\/convivencia\/aquiproubullying\/\">https:\/\/xtec.gencat.cat\/ca\/centres\/projeducatiu\/convivencia\/aquiproubullying\/<\/a><\/p>\n<p>V\u00cdDEO:<\/p>\n<p><a href=\"https:\/\/www.youtube.com\/watch?v=e4-CvjCIhVE\">https:\/\/www.youtube.com\/watch?v=e4-CvjCIhVE<\/a><\/p>\n","protected":false},"excerpt":{"rendered":"<p>El curs 2019-2020 vam entrar a formar part del programa d&#8217;innovaci\u00f3 Aqu\u00ed Prou Bullying.<\/p>\n<p>OBJECTIUS:<\/p>\n<ul>\n<li>Implicar la comunitat escolar davant els casos d\u2019assetjament.<\/li>\n<li>Potenciar el comprom\u00eds actiu de l\u2019alumnat en la prevenci\u00f3 i detecci\u00f3 dels casos d\u2019assetjament.<\/li>\n<li>Fomentar la gesti\u00f3 positiva dels conflictes.<\/li>\n<li>Contribuir al desenvolupament personal i social de&hellip;  <a href=\"https:\/\/agora.xtec.cat\/escolasantbernat\/projecte-educatiu\/aqui-prou-bullying\/\" title=\"Read AQU\u00cd PROU BULLYING\">Llegeix m\u00e9s\u00bb<\/a><br \/>\n","protected":false},"author":1,"featured_media":0,"parent":64,"menu_order":0,"comment_status":"closed","ping_status":"closed","template":"page-templates\/side-menu.php","meta":{"_bbp_topic_count":0,"_bbp_reply_count":0,"_bbp_total_topic_count":0,"_bbp_total_reply_count":0,"_bbp_voice_count":0,"_bbp_anonymous_reply_count":0,"_bbp_topic_count_hidden":0,"_bbp_reply_count_hidden":0,"_bbp_forum_subforum_count":0,"footnotes":""},"class_list":["post-5211","page","type-page","status-publish","hentry"],"post_mailing_queue_ids":[],"_links":{"self":[{"href":"https:\/\/agora.xtec.cat\/escolasantbernat\/wp-json\/wp\/v2\/pages\/5211","targetHints":{"allow":["GET"]}}],"collection":[{"href":"https:\/\/agora.xtec.cat\/escolasantbernat\/wp-json\/wp\/v2\/pages"}],"about":[{"href":"https:\/\/agora.xtec.cat\/escolasantbernat\/wp-json\/wp\/v2\/types\/page"}],"author":[{"embeddable":true,"href":"https:\/\/agora.xtec.cat\/escolasantbernat\/wp-json\/wp\/v2\/users\/1"}],"replies":[{"embeddable":true,"href":"https:\/\/agora.xtec.cat\/escolasantbernat\/wp-json\/wp\/v2\/comments?post=5211"}],"version-history":[{"count":1,"href":"https:\/\/agora.xtec.cat\/escolasantbernat\/wp-json\/wp\/v2\/pages\/5211\/revisions"}],"predecessor-version":[{"id":5212,"href":"https:\/\/agora.xtec.cat\/escolasantbernat\/wp-json\/wp\/v2\/pages\/5211\/revisions\/5212"}],"up":[{"embeddable":true,"href":"https:\/\/agora.xtec.cat\/escolasantbernat\/wp-json\/wp\/v2\/pages\/64"}],"wp:attachment":[{"href":"https:\/\/agora.xtec.cat\/escolasantbernat\/wp-json\/wp\/v2\/media?parent=5211"}],"curies":[{"name":"wp","href":"https:\/\/api.w.org\/{rel}","templated":true}]}}