{"id":5156,"date":"2022-05-17T10:04:46","date_gmt":"2022-05-17T08:04:46","guid":{"rendered":"https:\/\/agora.xtec.cat\/escolasantbernat\/?page_id=5156"},"modified":"2023-07-05T16:10:42","modified_gmt":"2023-07-05T14:10:42","slug":"idalu-ralc-que-es-com-saber-el-teu-numero-idalu","status":"publish","type":"page","link":"https:\/\/agora.xtec.cat\/escolasantbernat\/secretaria\/idalu-ralc-que-es-com-saber-el-teu-numero-idalu\/","title":{"rendered":"IDALU (RALC) Qu\u00e8 \u00e9s ? Com saber el teu n\u00famero IDALU?"},"content":{"rendered":"<p>L\u2019IDALU (identificador de l\u2019alumne\/a) \u00e9s el codi \u00fanic que id\u00e8ntica l\u2019alumnat durant tota la vida acad\u00e8mica al Registre d\u2019alumnes del Departament d\u2019Educaci\u00f3.<\/p>\n<p>Pots consultar el teu IDALU a trav\u00e9s de l\u2019enlla\u00e7:\u00a0<a href=\"http:\/\/ensenyament.gencat.cat\/ca\/tramits\/tramits-temes\/identificador-alumne\" target=\"_blank\" rel=\"noopener noreferrer\">http:\/\/ensenyament.gencat.cat\/ca\/tramits\/tramits-temes\/identificador-alumne<\/a><\/p>\n<p>&nbsp;<\/p>\n<p>Un altre lloc per consultar l&#8217;IDALU \u00e9s en un <strong>informe de notes<\/strong>, \u00e9s el n\u00famero d&#8217;identificador de l&#8217;alumnat:<\/p>\n<p><a href=\"https:\/\/agora.xtec.cat\/escolasantbernat\/wp-content\/uploads\/usu1228\/2022\/05\/idalu.jpg\"><img loading=\"lazy\" decoding=\"async\" class=\" wp-image-5161 aligncenter\" src=\"https:\/\/agora.xtec.cat\/escolasantbernat\/wp-content\/uploads\/usu1228\/2022\/05\/idalu-300x104.jpg\" alt=\"\" width=\"551\" height=\"191\" srcset=\"https:\/\/agora.xtec.cat\/escolasantbernat\/wp-content\/uploads\/usu1228\/2022\/05\/idalu-300x104.jpg 300w, https:\/\/agora.xtec.cat\/escolasantbernat\/wp-content\/uploads\/usu1228\/2022\/05\/idalu-768x266.jpg 768w, https:\/\/agora.xtec.cat\/escolasantbernat\/wp-content\/uploads\/usu1228\/2022\/05\/idalu.jpg 857w\" sizes=\"auto, (max-width: 551px) 100vw, 551px\" \/><\/a><\/p>\n","protected":false},"excerpt":{"rendered":"<p>L\u2019IDALU (identificador de l\u2019alumne\/a) \u00e9s el codi \u00fanic que id\u00e8ntica l\u2019alumnat durant tota la vida acad\u00e8mica al Registre d\u2019alumnes del Departament d\u2019Educaci\u00f3.<br \/>\nPots consultar el teu IDALU a trav\u00e9s de l\u2019enlla\u00e7:\u00a0<a href=\"http:\/\/ensenyament.gencat.cat\/ca\/tramits\/tramits-temes\/identificador-alumne\" target=\"_blank\" rel=\"noopener noreferrer\">http:\/\/ensenyament.gencat.cat\/ca\/tramits\/tramits-temes\/identificador-alumne<\/a><br \/>\n&nbsp;<br \/>\nUn altre lloc per consultar l&#8217;IDALU \u00e9s en un informe de notes,&hellip;  <a href=\"https:\/\/agora.xtec.cat\/escolasantbernat\/secretaria\/idalu-ralc-que-es-com-saber-el-teu-numero-idalu\/\" title=\"Read IDALU (RALC) Qu\u00e8 \u00e9s ? Com saber el teu n\u00famero IDALU?\">Llegeix m\u00e9s\u00bb<\/a><\/p>\n","protected":false},"author":35,"featured_media":0,"parent":1888,"menu_order":50,"comment_status":"closed","ping_status":"closed","template":"page-templates\/side-menu.php","meta":{"_bbp_topic_count":0,"_bbp_reply_count":0,"_bbp_total_topic_count":0,"_bbp_total_reply_count":0,"_bbp_voice_count":0,"_bbp_anonymous_reply_count":0,"_bbp_topic_count_hidden":0,"_bbp_reply_count_hidden":0,"_bbp_forum_subforum_count":0,"footnotes":""},"class_list":["post-5156","page","type-page","status-publish","hentry"],"post_mailing_queue_ids":[],"_links":{"self":[{"href":"https:\/\/agora.xtec.cat\/escolasantbernat\/wp-json\/wp\/v2\/pages\/5156","targetHints":{"allow":["GET"]}}],"collection":[{"href":"https:\/\/agora.xtec.cat\/escolasantbernat\/wp-json\/wp\/v2\/pages"}],"about":[{"href":"https:\/\/agora.xtec.cat\/escolasantbernat\/wp-json\/wp\/v2\/types\/page"}],"author":[{"embeddable":true,"href":"https:\/\/agora.xtec.cat\/escolasantbernat\/wp-json\/wp\/v2\/users\/35"}],"replies":[{"embeddable":true,"href":"https:\/\/agora.xtec.cat\/escolasantbernat\/wp-json\/wp\/v2\/comments?post=5156"}],"version-history":[{"count":4,"href":"https:\/\/agora.xtec.cat\/escolasantbernat\/wp-json\/wp\/v2\/pages\/5156\/revisions"}],"predecessor-version":[{"id":5683,"href":"https:\/\/agora.xtec.cat\/escolasantbernat\/wp-json\/wp\/v2\/pages\/5156\/revisions\/5683"}],"up":[{"embeddable":true,"href":"https:\/\/agora.xtec.cat\/escolasantbernat\/wp-json\/wp\/v2\/pages\/1888"}],"wp:attachment":[{"href":"https:\/\/agora.xtec.cat\/escolasantbernat\/wp-json\/wp\/v2\/media?parent=5156"}],"curies":[{"name":"wp","href":"https:\/\/api.w.org\/{rel}","templated":true}]}}