{"id":5065,"date":"2021-09-23T11:25:20","date_gmt":"2021-09-23T09:25:20","guid":{"rendered":"https:\/\/agora.xtec.cat\/escolasantbernat\/?page_id=5065"},"modified":"2022-05-10T12:42:40","modified_gmt":"2022-05-10T10:42:40","slug":"zinkers","status":"publish","type":"page","link":"https:\/\/agora.xtec.cat\/escolasantbernat\/projecte-educatiu\/zinkers\/","title":{"rendered":"ZINKERS"},"content":{"rendered":"<p><img loading=\"lazy\" decoding=\"async\" class=\"alignnone size-full wp-image-5066\" src=\"https:\/\/agora.xtec.cat\/escolasantbernat\/wp-content\/uploads\/usu1228\/2022\/05\/baixa-1.jpg\" alt=\"\" width=\"307\" height=\"164\" srcset=\"https:\/\/agora.xtec.cat\/escolasantbernat\/wp-content\/uploads\/usu1228\/2022\/05\/baixa-1.jpg 307w, https:\/\/agora.xtec.cat\/escolasantbernat\/wp-content\/uploads\/usu1228\/2022\/05\/baixa-1-300x160.jpg 300w\" sizes=\"auto, (max-width: 307px) 100vw, 307px\" \/><\/p>\n<p>&nbsp;<\/p>\n<p>Formem part de la plataforma Zinkers que ha creat Repsol.<\/p>\n<p>Estem al 2029 i\u00a0 no hem aconseguit els objectius de desenvolupament sostenible fixats.<\/p>\n<p>Qu\u00e8 podem fer?<\/p>\n<p>Amb la Laura i el Jaume viatgem al passat, any 2022, per veure qu\u00e8 estan fent malament els nens i les nens en aquell any.<\/p>\n<p>Aquests viatges en el temps s\u00f3n el fil conductor dels continguts Zinkers. Un material digital, molt motivador, que tamb\u00e9 est\u00e0 en angl\u00e8s i que ens serveix per treballar de manera transversal per aconseguir arribar als objectius de transici\u00f3 ecol\u00f2gica.<\/p>\n<p><a href=\"https:\/\/zinkers.fundacionrepsol.com\/seccion\/primaria-energia-cambio-climatico-ods\/\">WEB PLATAFORMA ZINKERS<\/a><\/p>\n<p>&nbsp;<\/p>\n<p><img loading=\"lazy\" decoding=\"async\" class=\"alignnone size-full wp-image-5067\" src=\"https:\/\/agora.xtec.cat\/escolasantbernat\/wp-content\/uploads\/usu1228\/2022\/05\/baixa-2.jpg\" alt=\"\" width=\"523\" height=\"96\" srcset=\"https:\/\/agora.xtec.cat\/escolasantbernat\/wp-content\/uploads\/usu1228\/2022\/05\/baixa-2.jpg 523w, https:\/\/agora.xtec.cat\/escolasantbernat\/wp-content\/uploads\/usu1228\/2022\/05\/baixa-2-300x55.jpg 300w\" sizes=\"auto, (max-width: 523px) 100vw, 523px\" \/><\/p>\n","protected":false},"excerpt":{"rendered":"<p>&nbsp;<br \/>\nFormem part de la plataforma Zinkers que ha creat Repsol.<br \/>\nEstem al 2029 i\u00a0 no hem aconseguit els objectius de desenvolupament sostenible fixats.<br \/>\nQu\u00e8 podem fer?<br \/>\nAmb la Laura i el Jaume viatgem al passat, any 2022, per veure qu\u00e8 estan fent malament els nens i les nens&hellip;  <a href=\"https:\/\/agora.xtec.cat\/escolasantbernat\/projecte-educatiu\/zinkers\/\" title=\"Read ZINKERS\">Llegeix m\u00e9s\u00bb<\/a><\/p>\n","protected":false},"author":1,"featured_media":0,"parent":64,"menu_order":0,"comment_status":"closed","ping_status":"closed","template":"page-templates\/side-menu.php","meta":{"_bbp_topic_count":0,"_bbp_reply_count":0,"_bbp_total_topic_count":0,"_bbp_total_reply_count":0,"_bbp_voice_count":0,"_bbp_anonymous_reply_count":0,"_bbp_topic_count_hidden":0,"_bbp_reply_count_hidden":0,"_bbp_forum_subforum_count":0,"footnotes":""},"class_list":["post-5065","page","type-page","status-publish","hentry"],"post_mailing_queue_ids":[],"_links":{"self":[{"href":"https:\/\/agora.xtec.cat\/escolasantbernat\/wp-json\/wp\/v2\/pages\/5065","targetHints":{"allow":["GET"]}}],"collection":[{"href":"https:\/\/agora.xtec.cat\/escolasantbernat\/wp-json\/wp\/v2\/pages"}],"about":[{"href":"https:\/\/agora.xtec.cat\/escolasantbernat\/wp-json\/wp\/v2\/types\/page"}],"author":[{"embeddable":true,"href":"https:\/\/agora.xtec.cat\/escolasantbernat\/wp-json\/wp\/v2\/users\/1"}],"replies":[{"embeddable":true,"href":"https:\/\/agora.xtec.cat\/escolasantbernat\/wp-json\/wp\/v2\/comments?post=5065"}],"version-history":[{"count":2,"href":"https:\/\/agora.xtec.cat\/escolasantbernat\/wp-json\/wp\/v2\/pages\/5065\/revisions"}],"predecessor-version":[{"id":5071,"href":"https:\/\/agora.xtec.cat\/escolasantbernat\/wp-json\/wp\/v2\/pages\/5065\/revisions\/5071"}],"up":[{"embeddable":true,"href":"https:\/\/agora.xtec.cat\/escolasantbernat\/wp-json\/wp\/v2\/pages\/64"}],"wp:attachment":[{"href":"https:\/\/agora.xtec.cat\/escolasantbernat\/wp-json\/wp\/v2\/media?parent=5065"}],"curies":[{"name":"wp","href":"https:\/\/api.w.org\/{rel}","templated":true}]}}