{"id":4968,"date":"2022-03-17T11:17:43","date_gmt":"2022-03-17T10:17:43","guid":{"rendered":"https:\/\/agora.xtec.cat\/escolasantbernat\/?page_id=4968"},"modified":"2022-03-17T22:05:06","modified_gmt":"2022-03-17T21:05:06","slug":"estrategia-digital-de-centre","status":"publish","type":"page","link":"https:\/\/agora.xtec.cat\/escolasantbernat\/projecte-educatiu\/estrategia-digital-de-centre\/","title":{"rendered":"ESTRAT\u00c8GIA DIGITAL DE CENTRE"},"content":{"rendered":"<p><strong>L\u2019Estrat\u00e8gia Digital de Centre (EDC)<\/strong> recull totes les accions que es realitzen al nostre centre\u00a0i les que es realitzaran a mitj\u00e0 termini, per aconseguir la m\u00e0xima compet\u00e8ncia digital de l\u2019alumnat, del professorat i del centre educatiu. D&#8217;acord amb el <strong>Pla d\u2019educaci\u00f3 digital de Catalunya (PEDC)<\/strong>, assumim la necessitat d\u2019assolir la fita d\u2019una societat digitalment competent, fent \u00e8mfasi en l\u2019equitat i tenint en compte l\u2019evoluci\u00f3 del context social i tecnol\u00f2gic.<\/p>\n<p><a href=\"https:\/\/sites.google.com\/escolasantbernatcalvo.com\/edc-sbc\/inici\" target=\"_blank\" rel=\"noopener\"><strong><span style=\"color: #800080;\">ENTRAR A LA WEB DE L&#8217; EDC &gt;&gt;&gt;&gt;<\/span><\/strong><\/a><\/p>\n<p><a href=\"https:\/\/sites.google.com\/escolasantbernatcalvo.com\/edc-sbc\/inici\" target=\"_blank\" rel=\"noopener\"><img loading=\"lazy\" decoding=\"async\" class=\"aligncenter wp-image-4969\" src=\"https:\/\/agora.xtec.cat\/escolasantbernat\/wp-content\/uploads\/usu1228\/2022\/03\/imatge1.jpg\" alt=\"\" width=\"911\" height=\"643\" srcset=\"https:\/\/agora.xtec.cat\/escolasantbernat\/wp-content\/uploads\/usu1228\/2022\/03\/imatge1.jpg 754w, https:\/\/agora.xtec.cat\/escolasantbernat\/wp-content\/uploads\/usu1228\/2022\/03\/imatge1-300x212.jpg 300w\" sizes=\"auto, (max-width: 911px) 100vw, 911px\" \/><\/a><\/p>\n","protected":false},"excerpt":{"rendered":"<p>L\u2019Estrat\u00e8gia Digital de Centre (EDC) recull totes les accions que es realitzen al nostre centre\u00a0i les que es realitzaran a mitj\u00e0 termini, per aconseguir la m\u00e0xima compet\u00e8ncia digital de l\u2019alumnat, del professorat i del centre educatiu. D&#8217;acord amb el Pla d\u2019educaci\u00f3 digital de Catalunya (PEDC),&hellip;  <a href=\"https:\/\/agora.xtec.cat\/escolasantbernat\/projecte-educatiu\/estrategia-digital-de-centre\/\" title=\"Read ESTRAT\u00c8GIA DIGITAL DE CENTRE\">Llegeix m\u00e9s\u00bb<\/a><\/p>\n","protected":false},"author":3,"featured_media":0,"parent":64,"menu_order":0,"comment_status":"closed","ping_status":"closed","template":"page-templates\/side-menu.php","meta":{"_bbp_topic_count":0,"_bbp_reply_count":0,"_bbp_total_topic_count":0,"_bbp_total_reply_count":0,"_bbp_voice_count":0,"_bbp_anonymous_reply_count":0,"_bbp_topic_count_hidden":0,"_bbp_reply_count_hidden":0,"_bbp_forum_subforum_count":0,"footnotes":""},"class_list":["post-4968","page","type-page","status-publish","hentry"],"post_mailing_queue_ids":[],"_links":{"self":[{"href":"https:\/\/agora.xtec.cat\/escolasantbernat\/wp-json\/wp\/v2\/pages\/4968","targetHints":{"allow":["GET"]}}],"collection":[{"href":"https:\/\/agora.xtec.cat\/escolasantbernat\/wp-json\/wp\/v2\/pages"}],"about":[{"href":"https:\/\/agora.xtec.cat\/escolasantbernat\/wp-json\/wp\/v2\/types\/page"}],"author":[{"embeddable":true,"href":"https:\/\/agora.xtec.cat\/escolasantbernat\/wp-json\/wp\/v2\/users\/3"}],"replies":[{"embeddable":true,"href":"https:\/\/agora.xtec.cat\/escolasantbernat\/wp-json\/wp\/v2\/comments?post=4968"}],"version-history":[{"count":3,"href":"https:\/\/agora.xtec.cat\/escolasantbernat\/wp-json\/wp\/v2\/pages\/4968\/revisions"}],"predecessor-version":[{"id":4980,"href":"https:\/\/agora.xtec.cat\/escolasantbernat\/wp-json\/wp\/v2\/pages\/4968\/revisions\/4980"}],"up":[{"embeddable":true,"href":"https:\/\/agora.xtec.cat\/escolasantbernat\/wp-json\/wp\/v2\/pages\/64"}],"wp:attachment":[{"href":"https:\/\/agora.xtec.cat\/escolasantbernat\/wp-json\/wp\/v2\/media?parent=4968"}],"curies":[{"name":"wp","href":"https:\/\/api.w.org\/{rel}","templated":true}]}}