{"id":4611,"date":"2021-09-29T11:03:36","date_gmt":"2021-09-29T09:03:36","guid":{"rendered":"https:\/\/agora.xtec.cat\/escolasantbernat\/?page_id=4611"},"modified":"2022-06-05T12:18:32","modified_gmt":"2022-06-05T10:18:32","slug":"immersio-linguistica","status":"publish","type":"page","link":"https:\/\/agora.xtec.cat\/escolasantbernat\/projecte-educatiu\/escola-plurilingue\/immersio-linguistica\/","title":{"rendered":"IMMERSI\u00d3 LING\u00dc\u00cdSTICA 2021-22"},"content":{"rendered":"<p><a href=\"https:\/\/agora.xtec.cat\/escolasantbernat\/wp-content\/uploads\/usu1228\/2021\/09\/IMG_4306-copia.jpg\"><img loading=\"lazy\" decoding=\"async\" class=\"alignnone wp-image-4616\" src=\"https:\/\/agora.xtec.cat\/escolasantbernat\/wp-content\/uploads\/usu1228\/2021\/09\/IMG_4306-copia-300x226.jpg\" alt=\"\" width=\"139\" height=\"105\" srcset=\"https:\/\/agora.xtec.cat\/escolasantbernat\/wp-content\/uploads\/usu1228\/2021\/09\/IMG_4306-copia-300x226.jpg 300w, https:\/\/agora.xtec.cat\/escolasantbernat\/wp-content\/uploads\/usu1228\/2021\/09\/IMG_4306-copia-200x150.jpg 200w, https:\/\/agora.xtec.cat\/escolasantbernat\/wp-content\/uploads\/usu1228\/2021\/09\/IMG_4306-copia.jpg 635w\" sizes=\"auto, (max-width: 139px) 100vw, 139px\" \/><\/a> \u00a0\u00a0<a href=\"https:\/\/agora.xtec.cat\/escolasantbernat\/wp-content\/uploads\/usu1228\/2021\/09\/mec.png\">\u00a0 <\/a><a href=\"https:\/\/agora.xtec.cat\/escolasantbernat\/wp-content\/uploads\/usu1228\/2021\/09\/oliva1.png\"><img loading=\"lazy\" decoding=\"async\" class=\"alignnone wp-image-4608\" src=\"https:\/\/agora.xtec.cat\/escolasantbernat\/wp-content\/uploads\/usu1228\/2021\/09\/oliva1.png\" alt=\"\" width=\"328\" height=\"94\" \/><\/a><\/p>\n<p>Benvolgudes fam\u00edlies,<\/p>\n<p>Hem obtingut una beca d\u2019immersi\u00f3 ling\u00fc\u00edstica en angl\u00e8s per a una estada amb 25 alumnes a la ciutat de Oliva (Val\u00e8ncia)<\/p>\n<p>No \u00e9s gens f\u00e0cil obtenir una beca d\u2019aquest tipus del MEC. Perqu\u00e8 us feu una idea nom\u00e9s hi havia beca per 19 escoles de Catalunya i, gr\u00e0cies a la puntuaci\u00f3 obtinguda al projecte que vam presentar, l\u2019hem pogut obtenir. Hi ha molta feina al darrera que fem molt motivats per donar la millor educaci\u00f3 possible al nostre alumnat.<\/p>\n<p>Pensem que \u00e9s una oportunitat incre\u00efble pels vostres fills i filles que podran de fer una immersi\u00f3 ling\u00fc\u00edstica en angl\u00e8s durant una setmana amb tot pagat (nom\u00e9s s\u2019ha de pagar el transport).\u00a0A banda de fer servir l\u2019angl\u00e8s per comunicar-se tamb\u00e9 treballaran temes de ci\u00e8ncia.<\/p>\n<p>Per poder participar en el proc\u00e9s de selecci\u00f3 els vostres fills i filles han d\u2019escriure una carta de motivaci\u00f3 on han d\u2019explicar perqu\u00e8 volen viure aquesta experi\u00e8ncia, com els enriquir\u00e0, qu\u00e8 volen aprendre, que poden aportar ells al grup, quines s\u00f3n les seves inquietuds, etc.<\/p>\n<p>Els criteris de selecci\u00f3 i el calendari d\u2019activitats s\u2019enviar\u00e0 per Dinantia i es penjar\u00e0 a la cartellera del centre.<\/p>\n<p>L\u2019alumnat que no pugui, o no vulgui, participar al programa i es quedi a l\u2019escola realitzar\u00e0 activitats equivalents a les que realitzaran els seus companys\/es a Val\u00e8ncia. No avan\u00e7aran temaris diferents. Durant aquella setmana a les classes treballaran principalment angl\u00e8s, ci\u00e8ncia i esport.<\/p>\n<p><a href=\"https:\/\/agora.xtec.cat\/escolasantbernat\/wp-content\/uploads\/usu1228\/2021\/09\/mec.png\"><img loading=\"lazy\" decoding=\"async\" class=\"alignnone size-medium wp-image-4609\" src=\"https:\/\/agora.xtec.cat\/escolasantbernat\/wp-content\/uploads\/usu1228\/2021\/09\/mec-300x96.png\" alt=\"\" width=\"300\" height=\"96\" srcset=\"https:\/\/agora.xtec.cat\/escolasantbernat\/wp-content\/uploads\/usu1228\/2021\/09\/mec-300x96.png 300w, https:\/\/agora.xtec.cat\/escolasantbernat\/wp-content\/uploads\/usu1228\/2021\/09\/mec.png 717w\" sizes=\"auto, (max-width: 300px) 100vw, 300px\" \/><\/a><\/p>\n<p><strong>\u26a0 INFORMACI\u00d3\u00a0 \u00a0IMPORTANT :<\/strong><\/p>\n<p><a href=\"https:\/\/agora.xtec.cat\/escolasantbernat\/wp-content\/uploads\/usu1228\/2021\/09\/ESTADES-LINGUISTIQUES-1.pdf\">PRESENTACI\u00d3 ESTADES LING\u00dc\u00cdSTIQUES &gt;&gt;&gt;&gt;<\/a><\/p>\n<p><a href=\"https:\/\/agora.xtec.cat\/escolasantbernat\/wp-content\/uploads\/usu1228\/2021\/09\/SELECCIO-ALUMNAT-ESTADES-LINGUISTIQUES-1.pdf\">SELECCI\u00d3 ALUMNAT ESTADES LING\u00dc\u00cdSTIQUES &gt;&gt;&gt;&gt;<\/a><\/p>\n<p><a href=\"https:\/\/agora.xtec.cat\/escolasantbernat\/wp-content\/uploads\/usu1228\/2021\/09\/PROYECTO-6oEP.pdf\">PROYECTO 6\u00baEP\u00a0 &gt;&gt;&gt;&gt;<\/a><\/p>\n<p><a href=\"https:\/\/agora.xtec.cat\/escolasantbernat\/wp-content\/uploads\/usu1228\/2021\/09\/Resolucion-Convocatoria-Inmersion-2021-2022-1.pdf\">Resoluci\u00f3n Convocatoria Inmersi\u00f3n 2021-2022 &gt;&gt;&gt;&gt;<\/a><\/p>\n<p><a href=\"https:\/\/agora.xtec.cat\/escolasantbernat\/wp-content\/uploads\/usu1228\/2021\/09\/Instrucciones-Covid-19-Programas-2021-1.pdf\">Instrucciones Covid-19 Programas 2021 &gt;&gt;&gt;&gt;<\/a><\/p>\n<p><a href=\"https:\/\/agora.xtec.cat\/escolasantbernat\/wp-content\/uploads\/usu1228\/2021\/11\/actaconsellescolar.pdf\" target=\"_blank\" rel=\"noopener\">Acta Consell Escolar &gt;&gt;&gt;&gt;<\/a><\/p>\n<p><a href=\"https:\/\/agora.xtec.cat\/escolasantbernat\/wp-content\/uploads\/usu1228\/2021\/09\/SELECCIONATS-PROGRAMA-IMMERSIO-LINGUISTICA-Full-1.pdf\">SELECCIONATS PROGRAMA IMMERSI\u00d3 LING\u00dc\u00cdSTICA &#8211; llistat definitiu &gt;&gt;&gt;&gt;<\/a><\/p>\n<p>Recull fotogr\u00e0fic:<\/p>\n\n\t\t<style type=\"text\/css\">\n\t\t\t#gallery-1 {\n\t\t\t\tmargin: auto;\n\t\t\t}\n\t\t\t#gallery-1 .gallery-item {\n\t\t\t\tfloat: left;\n\t\t\t\tmargin-top: 10px;\n\t\t\t\ttext-align: center;\n\t\t\t\twidth: 33%;\n\t\t\t}\n\t\t\t#gallery-1 img {\n\t\t\t\tborder: 2px solid #cfcfcf;\n\t\t\t}\n\t\t\t#gallery-1 .gallery-caption {\n\t\t\t\tmargin-left: 0;\n\t\t\t}\n\t\t\t\/* see gallery_shortcode() in wp-includes\/media.php *\/\n\t\t<\/style>\n\t\t<div id='gallery-1' class='gallery galleryid-4611 gallery-columns-3 gallery-size-medium'><dl class='gallery-item'>\n\t\t\t<dt class='gallery-icon landscape'>\n\t\t\t\t<a href='https:\/\/agora.xtec.cat\/escolasantbernat\/img_20211013_195223_opt\/'><img loading=\"lazy\" decoding=\"async\" width=\"300\" height=\"225\" src=\"https:\/\/agora.xtec.cat\/escolasantbernat\/wp-content\/uploads\/usu1228\/2021\/11\/IMG_20211013_195223_opt-300x225.jpg\" class=\"attachment-medium size-medium\" alt=\"\" srcset=\"https:\/\/agora.xtec.cat\/escolasantbernat\/wp-content\/uploads\/usu1228\/2021\/11\/IMG_20211013_195223_opt-300x225.jpg 300w, https:\/\/agora.xtec.cat\/escolasantbernat\/wp-content\/uploads\/usu1228\/2021\/11\/IMG_20211013_195223_opt-200x150.jpg 200w, https:\/\/agora.xtec.cat\/escolasantbernat\/wp-content\/uploads\/usu1228\/2021\/11\/IMG_20211013_195223_opt.jpg 400w\" sizes=\"auto, (max-width: 300px) 100vw, 300px\" \/><\/a>\n\t\t\t<\/dt><\/dl><dl class='gallery-item'>\n\t\t\t<dt class='gallery-icon landscape'>\n\t\t\t\t<a href='https:\/\/agora.xtec.cat\/escolasantbernat\/img_20211016_103433-min-2\/'><img loading=\"lazy\" decoding=\"async\" width=\"300\" height=\"225\" src=\"https:\/\/agora.xtec.cat\/escolasantbernat\/wp-content\/uploads\/usu1228\/2021\/11\/IMG_20211016_103433-min-300x225.jpg\" class=\"attachment-medium size-medium\" alt=\"\" srcset=\"https:\/\/agora.xtec.cat\/escolasantbernat\/wp-content\/uploads\/usu1228\/2021\/11\/IMG_20211016_103433-min-300x225.jpg 300w, https:\/\/agora.xtec.cat\/escolasantbernat\/wp-content\/uploads\/usu1228\/2021\/11\/IMG_20211016_103433-min-1024x768.jpg 1024w, https:\/\/agora.xtec.cat\/escolasantbernat\/wp-content\/uploads\/usu1228\/2021\/11\/IMG_20211016_103433-min-768x576.jpg 768w, https:\/\/agora.xtec.cat\/escolasantbernat\/wp-content\/uploads\/usu1228\/2021\/11\/IMG_20211016_103433-min-1536x1152.jpg 1536w, https:\/\/agora.xtec.cat\/escolasantbernat\/wp-content\/uploads\/usu1228\/2021\/11\/IMG_20211016_103433-min-2048x1536.jpg 2048w, https:\/\/agora.xtec.cat\/escolasantbernat\/wp-content\/uploads\/usu1228\/2021\/11\/IMG_20211016_103433-min-200x150.jpg 200w\" sizes=\"auto, (max-width: 300px) 100vw, 300px\" \/><\/a>\n\t\t\t<\/dt><\/dl><dl class='gallery-item'>\n\t\t\t<dt class='gallery-icon landscape'>\n\t\t\t\t<a href='https:\/\/agora.xtec.cat\/escolasantbernat\/img_20211013_195119_opt\/'><img loading=\"lazy\" decoding=\"async\" width=\"300\" height=\"225\" src=\"https:\/\/agora.xtec.cat\/escolasantbernat\/wp-content\/uploads\/usu1228\/2021\/11\/IMG_20211013_195119_opt-300x225.jpg\" class=\"attachment-medium size-medium\" alt=\"\" srcset=\"https:\/\/agora.xtec.cat\/escolasantbernat\/wp-content\/uploads\/usu1228\/2021\/11\/IMG_20211013_195119_opt-300x225.jpg 300w, https:\/\/agora.xtec.cat\/escolasantbernat\/wp-content\/uploads\/usu1228\/2021\/11\/IMG_20211013_195119_opt-200x150.jpg 200w, https:\/\/agora.xtec.cat\/escolasantbernat\/wp-content\/uploads\/usu1228\/2021\/11\/IMG_20211013_195119_opt.jpg 400w\" sizes=\"auto, (max-width: 300px) 100vw, 300px\" \/><\/a>\n\t\t\t<\/dt><\/dl><br style=\"clear: both\" \/><dl class='gallery-item'>\n\t\t\t<dt class='gallery-icon landscape'>\n\t\t\t\t<a href='https:\/\/agora.xtec.cat\/escolasantbernat\/img_20211013_135145_opt\/'><img loading=\"lazy\" decoding=\"async\" width=\"300\" height=\"224\" src=\"https:\/\/agora.xtec.cat\/escolasantbernat\/wp-content\/uploads\/usu1228\/2021\/11\/IMG_20211013_135145_opt-300x224.jpg\" class=\"attachment-medium size-medium\" alt=\"\" srcset=\"https:\/\/agora.xtec.cat\/escolasantbernat\/wp-content\/uploads\/usu1228\/2021\/11\/IMG_20211013_135145_opt-300x224.jpg 300w, https:\/\/agora.xtec.cat\/escolasantbernat\/wp-content\/uploads\/usu1228\/2021\/11\/IMG_20211013_135145_opt-200x150.jpg 200w, https:\/\/agora.xtec.cat\/escolasantbernat\/wp-content\/uploads\/usu1228\/2021\/11\/IMG_20211013_135145_opt.jpg 400w\" sizes=\"auto, (max-width: 300px) 100vw, 300px\" \/><\/a>\n\t\t\t<\/dt><\/dl><dl class='gallery-item'>\n\t\t\t<dt class='gallery-icon landscape'>\n\t\t\t\t<a href='https:\/\/agora.xtec.cat\/escolasantbernat\/img_20211011_170851_opt\/'><img loading=\"lazy\" decoding=\"async\" width=\"300\" height=\"225\" src=\"https:\/\/agora.xtec.cat\/escolasantbernat\/wp-content\/uploads\/usu1228\/2021\/11\/IMG_20211011_170851_opt-300x225.jpg\" class=\"attachment-medium size-medium\" alt=\"\" srcset=\"https:\/\/agora.xtec.cat\/escolasantbernat\/wp-content\/uploads\/usu1228\/2021\/11\/IMG_20211011_170851_opt-300x225.jpg 300w, https:\/\/agora.xtec.cat\/escolasantbernat\/wp-content\/uploads\/usu1228\/2021\/11\/IMG_20211011_170851_opt-200x150.jpg 200w, https:\/\/agora.xtec.cat\/escolasantbernat\/wp-content\/uploads\/usu1228\/2021\/11\/IMG_20211011_170851_opt.jpg 400w\" sizes=\"auto, (max-width: 300px) 100vw, 300px\" \/><\/a>\n\t\t\t<\/dt><\/dl><dl class='gallery-item'>\n\t\t\t<dt class='gallery-icon portrait'>\n\t\t\t\t<a href='https:\/\/agora.xtec.cat\/escolasantbernat\/img_20211011_084941_opt\/'><img loading=\"lazy\" decoding=\"async\" width=\"225\" height=\"300\" src=\"https:\/\/agora.xtec.cat\/escolasantbernat\/wp-content\/uploads\/usu1228\/2021\/11\/IMG_20211011_084941_opt-225x300.jpg\" class=\"attachment-medium size-medium\" alt=\"\" srcset=\"https:\/\/agora.xtec.cat\/escolasantbernat\/wp-content\/uploads\/usu1228\/2021\/11\/IMG_20211011_084941_opt-225x300.jpg 225w, https:\/\/agora.xtec.cat\/escolasantbernat\/wp-content\/uploads\/usu1228\/2021\/11\/IMG_20211011_084941_opt.jpg 400w\" sizes=\"auto, (max-width: 225px) 100vw, 225px\" \/><\/a>\n\t\t\t<\/dt><\/dl><br style=\"clear: both\" \/><dl class='gallery-item'>\n\t\t\t<dt class='gallery-icon landscape'>\n\t\t\t\t<a href='https:\/\/agora.xtec.cat\/escolasantbernat\/img_20211011_085654_opt\/'><img loading=\"lazy\" decoding=\"async\" width=\"300\" height=\"225\" src=\"https:\/\/agora.xtec.cat\/escolasantbernat\/wp-content\/uploads\/usu1228\/2021\/11\/IMG_20211011_085654_opt-300x225.jpg\" class=\"attachment-medium size-medium\" alt=\"\" srcset=\"https:\/\/agora.xtec.cat\/escolasantbernat\/wp-content\/uploads\/usu1228\/2021\/11\/IMG_20211011_085654_opt-300x225.jpg 300w, https:\/\/agora.xtec.cat\/escolasantbernat\/wp-content\/uploads\/usu1228\/2021\/11\/IMG_20211011_085654_opt-200x150.jpg 200w, https:\/\/agora.xtec.cat\/escolasantbernat\/wp-content\/uploads\/usu1228\/2021\/11\/IMG_20211011_085654_opt.jpg 400w\" sizes=\"auto, (max-width: 300px) 100vw, 300px\" \/><\/a>\n\t\t\t<\/dt><\/dl><dl class='gallery-item'>\n\t\t\t<dt class='gallery-icon landscape'>\n\t\t\t\t<a href='https:\/\/agora.xtec.cat\/escolasantbernat\/img_20211011_091516_opt\/'><img loading=\"lazy\" decoding=\"async\" width=\"300\" height=\"225\" src=\"https:\/\/agora.xtec.cat\/escolasantbernat\/wp-content\/uploads\/usu1228\/2021\/11\/IMG_20211011_091516_opt-300x225.jpg\" class=\"attachment-medium size-medium\" alt=\"\" srcset=\"https:\/\/agora.xtec.cat\/escolasantbernat\/wp-content\/uploads\/usu1228\/2021\/11\/IMG_20211011_091516_opt-300x225.jpg 300w, https:\/\/agora.xtec.cat\/escolasantbernat\/wp-content\/uploads\/usu1228\/2021\/11\/IMG_20211011_091516_opt-200x150.jpg 200w, https:\/\/agora.xtec.cat\/escolasantbernat\/wp-content\/uploads\/usu1228\/2021\/11\/IMG_20211011_091516_opt.jpg 400w\" sizes=\"auto, (max-width: 300px) 100vw, 300px\" \/><\/a>\n\t\t\t<\/dt><\/dl><dl class='gallery-item'>\n\t\t\t<dt class='gallery-icon landscape'>\n\t\t\t\t<a href='https:\/\/agora.xtec.cat\/escolasantbernat\/img_20211011_091420_opt\/'><img loading=\"lazy\" decoding=\"async\" width=\"300\" height=\"225\" src=\"https:\/\/agora.xtec.cat\/escolasantbernat\/wp-content\/uploads\/usu1228\/2021\/11\/IMG_20211011_091420_opt-300x225.jpg\" class=\"attachment-medium size-medium\" alt=\"\" srcset=\"https:\/\/agora.xtec.cat\/escolasantbernat\/wp-content\/uploads\/usu1228\/2021\/11\/IMG_20211011_091420_opt-300x225.jpg 300w, https:\/\/agora.xtec.cat\/escolasantbernat\/wp-content\/uploads\/usu1228\/2021\/11\/IMG_20211011_091420_opt-200x150.jpg 200w, https:\/\/agora.xtec.cat\/escolasantbernat\/wp-content\/uploads\/usu1228\/2021\/11\/IMG_20211011_091420_opt.jpg 400w\" sizes=\"auto, (max-width: 300px) 100vw, 300px\" \/><\/a>\n\t\t\t<\/dt><\/dl><br style=\"clear: both\" \/><dl class='gallery-item'>\n\t\t\t<dt class='gallery-icon portrait'>\n\t\t\t\t<a href='https:\/\/agora.xtec.cat\/escolasantbernat\/general\/estades-linguistiques\/attachment\/243085389_3012946665619520_1189086508753165626_n\/'><img loading=\"lazy\" decoding=\"async\" width=\"225\" height=\"300\" src=\"https:\/\/agora.xtec.cat\/escolasantbernat\/wp-content\/uploads\/usu1228\/2021\/09\/243085389_3012946665619520_1189086508753165626_n-225x300.jpg\" class=\"attachment-medium size-medium\" alt=\"\" srcset=\"https:\/\/agora.xtec.cat\/escolasantbernat\/wp-content\/uploads\/usu1228\/2021\/09\/243085389_3012946665619520_1189086508753165626_n-225x300.jpg 225w, https:\/\/agora.xtec.cat\/escolasantbernat\/wp-content\/uploads\/usu1228\/2021\/09\/243085389_3012946665619520_1189086508753165626_n.jpg 720w\" sizes=\"auto, (max-width: 225px) 100vw, 225px\" \/><\/a>\n\t\t\t<\/dt><\/dl><dl class='gallery-item'>\n\t\t\t<dt class='gallery-icon landscape'>\n\t\t\t\t<a href='https:\/\/agora.xtec.cat\/escolasantbernat\/general\/acabem-la-setmana-dimmersio-linguistica\/attachment\/245401272_3014889585425228_170987157693777739_n\/'><img loading=\"lazy\" decoding=\"async\" width=\"300\" height=\"225\" src=\"https:\/\/agora.xtec.cat\/escolasantbernat\/wp-content\/uploads\/usu1228\/2021\/10\/245401272_3014889585425228_170987157693777739_n-300x225.jpg\" class=\"attachment-medium size-medium\" alt=\"\" srcset=\"https:\/\/agora.xtec.cat\/escolasantbernat\/wp-content\/uploads\/usu1228\/2021\/10\/245401272_3014889585425228_170987157693777739_n-300x225.jpg 300w, https:\/\/agora.xtec.cat\/escolasantbernat\/wp-content\/uploads\/usu1228\/2021\/10\/245401272_3014889585425228_170987157693777739_n-1024x768.jpg 1024w, https:\/\/agora.xtec.cat\/escolasantbernat\/wp-content\/uploads\/usu1228\/2021\/10\/245401272_3014889585425228_170987157693777739_n-768x576.jpg 768w, https:\/\/agora.xtec.cat\/escolasantbernat\/wp-content\/uploads\/usu1228\/2021\/10\/245401272_3014889585425228_170987157693777739_n-200x150.jpg 200w, https:\/\/agora.xtec.cat\/escolasantbernat\/wp-content\/uploads\/usu1228\/2021\/10\/245401272_3014889585425228_170987157693777739_n.jpg 1440w\" sizes=\"auto, (max-width: 300px) 100vw, 300px\" \/><\/a>\n\t\t\t<\/dt><\/dl><dl class='gallery-item'>\n\t\t\t<dt class='gallery-icon landscape'>\n\t\t\t\t<a href='https:\/\/agora.xtec.cat\/escolasantbernat\/projecte-educatiu\/escola-plurilingue\/immersio-linguistica\/attachment\/img_20211012_155416_opt\/'><img loading=\"lazy\" decoding=\"async\" width=\"300\" height=\"225\" src=\"https:\/\/agora.xtec.cat\/escolasantbernat\/wp-content\/uploads\/usu1228\/2021\/11\/IMG_20211012_155416_opt-300x225.jpg\" class=\"attachment-medium size-medium\" alt=\"\" srcset=\"https:\/\/agora.xtec.cat\/escolasantbernat\/wp-content\/uploads\/usu1228\/2021\/11\/IMG_20211012_155416_opt-300x225.jpg 300w, https:\/\/agora.xtec.cat\/escolasantbernat\/wp-content\/uploads\/usu1228\/2021\/11\/IMG_20211012_155416_opt-200x150.jpg 200w, https:\/\/agora.xtec.cat\/escolasantbernat\/wp-content\/uploads\/usu1228\/2021\/11\/IMG_20211012_155416_opt.jpg 400w\" sizes=\"auto, (max-width: 300px) 100vw, 300px\" \/><\/a>\n\t\t\t<\/dt><\/dl><br style=\"clear: both\" \/>\n\t\t<\/div>\n\n","protected":false},"excerpt":{"rendered":"<p><a href=\"https:\/\/agora.xtec.cat\/escolasantbernat\/wp-content\/uploads\/usu1228\/2021\/09\/IMG_4306-copia.jpg\"><\/a> \u00a0\u00a0<a href=\"https:\/\/agora.xtec.cat\/escolasantbernat\/wp-content\/uploads\/usu1228\/2021\/09\/mec.png\">\u00a0 <\/a><a href=\"https:\/\/agora.xtec.cat\/escolasantbernat\/wp-content\/uploads\/usu1228\/2021\/09\/oliva1.png\"><\/a><br \/>\nBenvolgudes fam\u00edlies,<br \/>\nHem obtingut una beca d\u2019immersi\u00f3 ling\u00fc\u00edstica en angl\u00e8s per a una estada amb 25 alumnes a la ciutat de Oliva (Val\u00e8ncia)<br \/>\nNo \u00e9s gens f\u00e0cil obtenir una beca d\u2019aquest tipus del MEC. Perqu\u00e8 us feu una idea nom\u00e9s hi havia&hellip;  <a href=\"https:\/\/agora.xtec.cat\/escolasantbernat\/projecte-educatiu\/escola-plurilingue\/immersio-linguistica\/\" title=\"Read IMMERSI\u00d3 LING\u00dc\u00cdSTICA 2021-22\">Llegeix m\u00e9s\u00bb<\/a><\/p>\n","protected":false},"author":3,"featured_media":0,"parent":655,"menu_order":5,"comment_status":"closed","ping_status":"closed","template":"page-templates\/side-menu.php","meta":{"_bbp_topic_count":0,"_bbp_reply_count":0,"_bbp_total_topic_count":0,"_bbp_total_reply_count":0,"_bbp_voice_count":0,"_bbp_anonymous_reply_count":0,"_bbp_topic_count_hidden":0,"_bbp_reply_count_hidden":0,"_bbp_forum_subforum_count":0,"footnotes":""},"class_list":["post-4611","page","type-page","status-publish","hentry"],"post_mailing_queue_ids":[],"_links":{"self":[{"href":"https:\/\/agora.xtec.cat\/escolasantbernat\/wp-json\/wp\/v2\/pages\/4611","targetHints":{"allow":["GET"]}}],"collection":[{"href":"https:\/\/agora.xtec.cat\/escolasantbernat\/wp-json\/wp\/v2\/pages"}],"about":[{"href":"https:\/\/agora.xtec.cat\/escolasantbernat\/wp-json\/wp\/v2\/types\/page"}],"author":[{"embeddable":true,"href":"https:\/\/agora.xtec.cat\/escolasantbernat\/wp-json\/wp\/v2\/users\/3"}],"replies":[{"embeddable":true,"href":"https:\/\/agora.xtec.cat\/escolasantbernat\/wp-json\/wp\/v2\/comments?post=4611"}],"version-history":[{"count":4,"href":"https:\/\/agora.xtec.cat\/escolasantbernat\/wp-json\/wp\/v2\/pages\/4611\/revisions"}],"predecessor-version":[{"id":5179,"href":"https:\/\/agora.xtec.cat\/escolasantbernat\/wp-json\/wp\/v2\/pages\/4611\/revisions\/5179"}],"up":[{"embeddable":true,"href":"https:\/\/agora.xtec.cat\/escolasantbernat\/wp-json\/wp\/v2\/pages\/655"}],"wp:attachment":[{"href":"https:\/\/agora.xtec.cat\/escolasantbernat\/wp-json\/wp\/v2\/media?parent=4611"}],"curies":[{"name":"wp","href":"https:\/\/api.w.org\/{rel}","templated":true}]}}