{"id":4348,"date":"2021-02-26T11:07:13","date_gmt":"2021-02-26T10:07:13","guid":{"rendered":"http:\/\/agora.xtec.cat\/escolasantbernat\/?page_id=4348"},"modified":"2021-02-26T11:07:13","modified_gmt":"2021-02-26T10:07:13","slug":"innovamat","status":"publish","type":"page","link":"https:\/\/agora.xtec.cat\/escolasantbernat\/projecte-educatiu\/alianca-stem\/innovamat\/","title":{"rendered":"INNOVAMAT"},"content":{"rendered":"<p>Aquest curs, lligat a la nostra beca i al nostre objectiu de canvi, hem inicial aquest projecte a l&#8217;Educaci\u00f3 Prim\u00e0ria on les matem\u00e0tiques s\u00f3n m\u00e9s divertides que mai!<\/p>\n<p>Podeu veure m\u00e9s informaci\u00f3 en aquest v\u00eddeo:<\/p>\n<p><a href=\"https:\/\/www.youtube.com\/watch?v=pERXXiZjS14\">https:\/\/www.youtube.com\/watch?v=pERXXiZjS14<\/a><\/p>\n<p>P\u00e0gina web:<\/p>\n<p><a href=\"https:\/\/innovamat.com\/ca\/\">https:\/\/innovamat.com\/ca\/<\/a><\/p>\n<p><img loading=\"lazy\" decoding=\"async\" class=\"alignnone size-full wp-image-4343\" src=\"https:\/\/agora.xtec.cat\/escolasantbernat\/wp-content\/uploads\/usu1228\/2021\/02\/recursos.jpg\" alt=\"\" width=\"700\" height=\"605\" srcset=\"https:\/\/agora.xtec.cat\/escolasantbernat\/wp-content\/uploads\/usu1228\/2021\/02\/recursos.jpg 700w, https:\/\/agora.xtec.cat\/escolasantbernat\/wp-content\/uploads\/usu1228\/2021\/02\/recursos-300x259.jpg 300w\" sizes=\"auto, (max-width: 700px) 100vw, 700px\" \/><\/p>\n<p>&nbsp;<\/p>\n","protected":false},"excerpt":{"rendered":"<p>Aquest curs, lligat a la nostra beca i al nostre objectiu de canvi, hem inicial aquest projecte a l&#8217;Educaci\u00f3 Prim\u00e0ria on les matem\u00e0tiques s\u00f3n m\u00e9s divertides que mai!<br \/>\nPodeu veure m\u00e9s informaci\u00f3 en aquest v\u00eddeo:<br \/>\n<a href=\"https:\/\/www.youtube.com\/watch?v=pERXXiZjS14\">https:\/\/www.youtube.com\/watch?v=pERXXiZjS14<\/a><br \/>\nP\u00e0gina web:<br \/>\n<a href=\"https:\/\/innovamat.com\/ca\/\">https:\/\/innovamat.com\/ca\/<\/a><\/p>\n<p>&nbsp;<\/p>\n","protected":false},"author":1,"featured_media":0,"parent":698,"menu_order":0,"comment_status":"closed","ping_status":"closed","template":"page-templates\/side-menu.php","meta":{"_bbp_topic_count":0,"_bbp_reply_count":0,"_bbp_total_topic_count":0,"_bbp_total_reply_count":0,"_bbp_voice_count":0,"_bbp_anonymous_reply_count":0,"_bbp_topic_count_hidden":0,"_bbp_reply_count_hidden":0,"_bbp_forum_subforum_count":0,"footnotes":""},"class_list":["post-4348","page","type-page","status-publish","hentry"],"post_mailing_queue_ids":[],"_links":{"self":[{"href":"https:\/\/agora.xtec.cat\/escolasantbernat\/wp-json\/wp\/v2\/pages\/4348","targetHints":{"allow":["GET"]}}],"collection":[{"href":"https:\/\/agora.xtec.cat\/escolasantbernat\/wp-json\/wp\/v2\/pages"}],"about":[{"href":"https:\/\/agora.xtec.cat\/escolasantbernat\/wp-json\/wp\/v2\/types\/page"}],"author":[{"embeddable":true,"href":"https:\/\/agora.xtec.cat\/escolasantbernat\/wp-json\/wp\/v2\/users\/1"}],"replies":[{"embeddable":true,"href":"https:\/\/agora.xtec.cat\/escolasantbernat\/wp-json\/wp\/v2\/comments?post=4348"}],"version-history":[{"count":1,"href":"https:\/\/agora.xtec.cat\/escolasantbernat\/wp-json\/wp\/v2\/pages\/4348\/revisions"}],"predecessor-version":[{"id":4349,"href":"https:\/\/agora.xtec.cat\/escolasantbernat\/wp-json\/wp\/v2\/pages\/4348\/revisions\/4349"}],"up":[{"embeddable":true,"href":"https:\/\/agora.xtec.cat\/escolasantbernat\/wp-json\/wp\/v2\/pages\/698"}],"wp:attachment":[{"href":"https:\/\/agora.xtec.cat\/escolasantbernat\/wp-json\/wp\/v2\/media?parent=4348"}],"curies":[{"name":"wp","href":"https:\/\/api.w.org\/{rel}","templated":true}]}}