{"id":4113,"date":"2020-10-20T11:00:36","date_gmt":"2020-10-20T09:00:36","guid":{"rendered":"http:\/\/agora.xtec.cat\/escolasantbernat\/?page_id=4113"},"modified":"2023-07-19T18:26:38","modified_gmt":"2023-07-19T16:26:38","slug":"poefa","status":"publish","type":"page","link":"https:\/\/agora.xtec.cat\/escolasantbernat\/projecte-educatiu\/poefa\/","title":{"rendered":"POEFA"},"content":{"rendered":"<p>Projecte amb oportunitats d\u2019\u00e8xit educatiu a favor de l\u2019alumnat.<img loading=\"lazy\" decoding=\"async\" class=\"size-full wp-image-4117 aligncenter\" src=\"https:\/\/agora.xtec.cat\/escolasantbernat\/wp-content\/uploads\/usu1228\/2020\/10\/POEFA_0.jpg\" alt=\"\" width=\"350\" height=\"327\" srcset=\"https:\/\/agora.xtec.cat\/escolasantbernat\/wp-content\/uploads\/usu1228\/2020\/10\/POEFA_0.jpg 350w, https:\/\/agora.xtec.cat\/escolasantbernat\/wp-content\/uploads\/usu1228\/2020\/10\/POEFA_0-300x280.jpg 300w\" sizes=\"auto, (max-width: 350px) 100vw, 350px\" \/>El Departament t\u00e9 oberta una convocat\u00f2ria per seleccionar centres de titularitat p\u00fablica dependents del Departament d\u2019Educaci\u00f3 que presentin un projecte escolar amb accions innovadores de suport i refor\u00e7 per a la reducci\u00f3 i la prevenci\u00f3 de l\u2019abandonament escolar prematur i el foment de la igualtat d\u2019acc\u00e9s a una educaci\u00f3 de bona qualitat en les etapes de prim\u00e0ria i secund\u00e0ria obligat\u00f2ria.<\/p>\n<p>Aquesta convocat\u00f2ria estableix diferents accions de suport i nosaltres participem en les modalitats A,B i E:<\/p>\n<ul>\n<li>Modalitat A. Accions de refor\u00e7 educatiu extern<\/li>\n<li>Modalitat B. Extensi\u00f3 educativa amb un component l\u00fadic<\/li>\n<li>Modalitat C. Orientaci\u00f3 a l\u2019alumnat amb talents singulars i necessitats educatives espec\u00edfiques<\/li>\n<li>Modalitat D. Grups interactius per a la creaci\u00f3 de comunitat<\/li>\n<li>Modalitat E. Creaci\u00f3 d\u2019activitats i material educatiu de refor\u00e7<\/li>\n<\/ul>\n<p>&nbsp;<\/p>\n<p><a href=\"https:\/\/agora.xtec.cat\/escolasantbernat\/wp-content\/uploads\/usu1228\/2020\/10\/poefa1.jpg\"><img loading=\"lazy\" decoding=\"async\" class=\"size-full wp-image-4118 aligncenter\" src=\"https:\/\/agora.xtec.cat\/escolasantbernat\/wp-content\/uploads\/usu1228\/2020\/10\/poefa1.jpg\" alt=\"\" width=\"805\" height=\"527\" srcset=\"https:\/\/agora.xtec.cat\/escolasantbernat\/wp-content\/uploads\/usu1228\/2020\/10\/poefa1.jpg 805w, https:\/\/agora.xtec.cat\/escolasantbernat\/wp-content\/uploads\/usu1228\/2020\/10\/poefa1-300x196.jpg 300w, https:\/\/agora.xtec.cat\/escolasantbernat\/wp-content\/uploads\/usu1228\/2020\/10\/poefa1-768x503.jpg 768w\" sizes=\"auto, (max-width: 805px) 100vw, 805px\" \/><\/a><\/p>\n<p>&nbsp;<\/p>\n<p>&nbsp;<\/p>\n<hr \/>\n<p><a href=\"https:\/\/agora.xtec.cat\/escolasantbernat\/wp-content\/uploads\/usu1228\/2020\/10\/Logo_Ministerio_FSE.jpg\"><img loading=\"lazy\" decoding=\"async\" class=\"alignnone size-full wp-image-4119\" src=\"https:\/\/agora.xtec.cat\/escolasantbernat\/wp-content\/uploads\/usu1228\/2020\/10\/Logo_Ministerio_FSE.jpg\" alt=\"\" width=\"595\" height=\"80\" srcset=\"https:\/\/agora.xtec.cat\/escolasantbernat\/wp-content\/uploads\/usu1228\/2020\/10\/Logo_Ministerio_FSE.jpg 595w, https:\/\/agora.xtec.cat\/escolasantbernat\/wp-content\/uploads\/usu1228\/2020\/10\/Logo_Ministerio_FSE-300x40.jpg 300w\" sizes=\"auto, (max-width: 595px) 100vw, 595px\" \/><\/a><\/p>\n<p>Programa operatiu d\u2019ocupaci\u00f3, formaci\u00f3 i educaci\u00f3 de l\u2019FSE 2014-2020<br \/>\nPrograma finan\u00e7at pel\u00a0Ministeri d\u2019Educaci\u00f3 i Formaci\u00f3 Professional\u00a0i cofinan\u00e7at pel\u00a0Fons Social Europeu<\/p>\n","protected":false},"excerpt":{"rendered":"<p>Projecte amb oportunitats d\u2019\u00e8xit educatiu a favor de l\u2019alumnat.El Departament t\u00e9 oberta una convocat\u00f2ria per seleccionar centres de titularitat p\u00fablica dependents del Departament d\u2019Educaci\u00f3 que presentin un projecte escolar amb accions innovadores de suport i refor\u00e7 per a la reducci\u00f3 i la prevenci\u00f3 de l\u2019abandonament&hellip;  <a href=\"https:\/\/agora.xtec.cat\/escolasantbernat\/projecte-educatiu\/poefa\/\" title=\"Read POEFA\">Llegeix m\u00e9s\u00bb<\/a><\/p>\n","protected":false},"author":3,"featured_media":0,"parent":64,"menu_order":90,"comment_status":"closed","ping_status":"closed","template":"page-templates\/side-menu.php","meta":{"_bbp_topic_count":0,"_bbp_reply_count":0,"_bbp_total_topic_count":0,"_bbp_total_reply_count":0,"_bbp_voice_count":0,"_bbp_anonymous_reply_count":0,"_bbp_topic_count_hidden":0,"_bbp_reply_count_hidden":0,"_bbp_forum_subforum_count":0,"footnotes":""},"class_list":["post-4113","page","type-page","status-publish","hentry"],"post_mailing_queue_ids":[],"_links":{"self":[{"href":"https:\/\/agora.xtec.cat\/escolasantbernat\/wp-json\/wp\/v2\/pages\/4113","targetHints":{"allow":["GET"]}}],"collection":[{"href":"https:\/\/agora.xtec.cat\/escolasantbernat\/wp-json\/wp\/v2\/pages"}],"about":[{"href":"https:\/\/agora.xtec.cat\/escolasantbernat\/wp-json\/wp\/v2\/types\/page"}],"author":[{"embeddable":true,"href":"https:\/\/agora.xtec.cat\/escolasantbernat\/wp-json\/wp\/v2\/users\/3"}],"replies":[{"embeddable":true,"href":"https:\/\/agora.xtec.cat\/escolasantbernat\/wp-json\/wp\/v2\/comments?post=4113"}],"version-history":[{"count":3,"href":"https:\/\/agora.xtec.cat\/escolasantbernat\/wp-json\/wp\/v2\/pages\/4113\/revisions"}],"predecessor-version":[{"id":5751,"href":"https:\/\/agora.xtec.cat\/escolasantbernat\/wp-json\/wp\/v2\/pages\/4113\/revisions\/5751"}],"up":[{"embeddable":true,"href":"https:\/\/agora.xtec.cat\/escolasantbernat\/wp-json\/wp\/v2\/pages\/64"}],"wp:attachment":[{"href":"https:\/\/agora.xtec.cat\/escolasantbernat\/wp-json\/wp\/v2\/media?parent=4113"}],"curies":[{"name":"wp","href":"https:\/\/api.w.org\/{rel}","templated":true}]}}