{"id":26,"date":"2014-09-18T12:24:32","date_gmt":"2014-09-18T10:24:32","guid":{"rendered":"http:\/\/agora.xtec.cat\/escolasantbernat\/?page_id=26"},"modified":"2020-11-01T17:59:24","modified_gmt":"2020-11-01T16:59:24","slug":"historia","status":"publish","type":"page","link":"https:\/\/agora.xtec.cat\/escolasantbernat\/lescola\/historia\/","title":{"rendered":"Hist\u00f2ria"},"content":{"rendered":"<p>&nbsp;<\/p>\n<p>L\u2019escola Sant Bernat Calv\u00f3 \u00e9s una escola p\u00fablica depenent de la Generalitat de Catalunya.<\/p>\n<p>Qui va ser Sant Bernat Calv\u00f3?<\/p>\n<p>L&#8217;any 1180 fa n\u00e9ixer a Mas Calv\u00f3 el jove Bernat Calv\u00f3, batejat a la parr\u00f2quia de Vila-seca. Aquest fill de propietaris rurals va cursar els primers estudis a Vila-seca i posteriorment es va ordenar monge cistercenc. Amb els anys va arribar a ser abat de Santes Creus, bisbe de Vic, propulsor de la reforma eclesi\u00e0stica a Catalunya i conseller privat i \u00edntim amic del rei Jaume I. L&#8217;esgl\u00e9sia cat\u00f2lica el va elevar a la condici\u00f3 de Sant Bernat Calv\u00f3 segles despr\u00e9s.<\/p>\n<p>La Pilar\u00edn Bay\u00e9s va visitar la nostra escola i ens va fer aquest dibuix en directe. Durant molt anys va ser el logo de la nostra escola. Tenim penjada la l\u00e0mina original al despatx. Cliqueu damunt de la imatge per obtenir m\u00e9s informaci\u00f3 de la vida i obra del Sant.<\/p>\n<p><a href=\"https:\/\/ca.wikipedia.org\/wiki\/Bernat_Calb%C3%B3\" target=\"_blank\" rel=\"noopener noreferrer\"><img loading=\"lazy\" decoding=\"async\" class=\"alignnone wp-image-1804\" src=\"http:\/\/agora.xtec.cat\/escolasantbernat\/wp-content\/uploads\/usu1228\/2014\/09\/20180228_121434-576x1024.jpg\" alt=\"\" width=\"380\" height=\"675\" srcset=\"https:\/\/agora.xtec.cat\/escolasantbernat\/wp-content\/uploads\/usu1228\/2014\/09\/20180228_121434-576x1024.jpg 576w, https:\/\/agora.xtec.cat\/escolasantbernat\/wp-content\/uploads\/usu1228\/2014\/09\/20180228_121434-169x300.jpg 169w, https:\/\/agora.xtec.cat\/escolasantbernat\/wp-content\/uploads\/usu1228\/2014\/09\/20180228_121434-768x1365.jpg 768w\" sizes=\"auto, (max-width: 380px) 100vw, 380px\" \/><\/a><\/p>\n<p>L\u2019edifici va ser inaugurat al setembre de l\u2019any 1976. Durant el curs 1976-77 va acollir tota la Segona Etapa d\u2019EGB de l\u2019Escola Antoni Torroja i Miret. Al setembre de 1977 l\u2019Escola Antoni Torroja i Miret es desdobla en dos centres. Els alumnes de la lletra A a la lletra M es queden a l\u2019escola mare i els alumnes de la M a la Z passen a formar par del nou centre que per acord municipal pren la denominaci\u00f3 d\u2019Escola Sant Bernat Calv\u00f3. El dia 13 de setembre de 1977 es fa el primer Claustre de la nova escola, presidit per la Sra. Inspectora de la Zona. El centre imparteix els vuit cursos de l\u2019Educaci\u00f3 General B\u00e0sica. Els cursos de parvulari s\u2019imparteixen a l\u2019escola Antoni Torroja. En acabar P5 fam\u00edlies trien l\u2019escola on matricular a 1r d\u2019EGB. No ser\u00e0 fins el curs 1983-84 que el centre tindr\u00e0 parvulari propi. Per poder acollir-lo es tanquen dues zones porticades i s&#8217;habiliten com a aules de P4 i de P5.<\/p>\n<p>El curs 84-85 es creen dues l\u00ednies paral\u00b7leles, amb la llengua vehicular diferenciada. El curs 1985-86, a proposta d\u2019un grup de fam\u00edlies, es comen\u00e7a una l\u00ednia a 1r d\u2019EGB que t\u00e9 com a llengua vehicular el catal\u00e0. El curs 88-89 es comen\u00e7a el programa d\u2019immersi\u00f3 ling\u00fc\u00edstica amb tots els dos grups de P4. El curs 1994-95\u00a0 es fa una nova ampliaci\u00f3 de l\u2019escola i es comen\u00e7a a impartir el nivell de P3. Aquest curs comen\u00e7a a deixar d\u2019impartir-se l\u2019EGB i s\u2019inicia la Reforma Educativa (LOGSE). Aquest mateix curs es crea l\u2019Aula d\u2019Ensenyament Assistit per Ordinador.<\/p>\n<p>El curs 1997 deixa d\u2019impartir-se el 8\u00e8 curs d\u2019EGB. L\u2019any 1999 es crea la primera p\u00e0gina web de l\u2019escola. El curs 2000-01 es commemoren els 25 anys del centre i posa en marxa el servei de menjador escolar. El curs 2010-11 es cableja tot el centre per poder connectar en xarxa les aules del centre.<\/p>\n<p>El curs 12-13 s\u2019elabora el Pla Lector del Centre. S&#8217;estructuren i s&#8217;organitzen els 30 minuts de lectura diaris en catal\u00e0, castell\u00e0 i angl\u00e8s.<\/p>\n<p>Despr\u00e9s de dur a terme dos projectes d&#8217;innovaci\u00f3 educativa, un PILE i un PELE, durant el curs 13-14 s\u2019acorda elaborar un Pla per a potenciar el pluriling\u00fcisme i un nou Projecte per fer Escacs a l&#8217;escola.<\/p>\n<p>L&#8217;any 2015 l&#8217;escola \u00e9s seleccionada amb el projecte &#8220;Plurilingual School&#8221; amb una beca Erasmus+ i l&#8217;any 2017 el centre torna a tenir una nova beca Erasmus+ &#8220;Living in Europe&#8221;.<\/p>\n<p>El curs 2016-17 es va inaugurar l&#8217;\u00faltima ampliaci\u00f3 de l&#8217;escola, el nou espai polivalent.<\/p>\n<p>L&#8217;any 2018 vam aconseguir la tercera beca Erasmus +, un projecte anomenat &#8220;Be Positive&#8221; i al seg\u00fcent any 2019, la quarta beca &#8220;Click and Start&#8221;.<\/p>\n<p>Durant el curs 2020-21, any Covid-19, hem hagut d&#8217;habilitar molts espais com a aules per poder triplicar els grups d&#8217;alumnes.<\/p>\n<p>En aquest mateix curs hem aconseguit el distintiu d&#8217;Escola Verda i la cinquena beca Erasmus +, &#8220;Steam Team&#8221;.<\/p>\n","protected":false},"excerpt":{"rendered":"<p>&nbsp;<br \/>\nL\u2019escola Sant Bernat Calv\u00f3 \u00e9s una escola p\u00fablica depenent de la Generalitat de Catalunya.<br \/>\nQui va ser Sant Bernat Calv\u00f3?<br \/>\nL&#8217;any 1180 fa n\u00e9ixer a Mas Calv\u00f3 el jove Bernat Calv\u00f3, batejat a la parr\u00f2quia de Vila-seca. Aquest fill de propietaris rurals va cursar els primers estudis&hellip;  <a href=\"https:\/\/agora.xtec.cat\/escolasantbernat\/lescola\/historia\/\" title=\"Read Hist\u00f2ria\">Llegeix m\u00e9s\u00bb<\/a><\/p>\n","protected":false},"author":1,"featured_media":0,"parent":22,"menu_order":20,"comment_status":"closed","ping_status":"closed","template":"page-templates\/side-menu.php","meta":{"_bbp_topic_count":0,"_bbp_reply_count":0,"_bbp_total_topic_count":0,"_bbp_total_reply_count":0,"_bbp_voice_count":0,"_bbp_anonymous_reply_count":0,"_bbp_topic_count_hidden":0,"_bbp_reply_count_hidden":0,"_bbp_forum_subforum_count":0,"footnotes":""},"class_list":["post-26","page","type-page","status-publish","hentry"],"post_mailing_queue_ids":[],"_links":{"self":[{"href":"https:\/\/agora.xtec.cat\/escolasantbernat\/wp-json\/wp\/v2\/pages\/26","targetHints":{"allow":["GET"]}}],"collection":[{"href":"https:\/\/agora.xtec.cat\/escolasantbernat\/wp-json\/wp\/v2\/pages"}],"about":[{"href":"https:\/\/agora.xtec.cat\/escolasantbernat\/wp-json\/wp\/v2\/types\/page"}],"author":[{"embeddable":true,"href":"https:\/\/agora.xtec.cat\/escolasantbernat\/wp-json\/wp\/v2\/users\/1"}],"replies":[{"embeddable":true,"href":"https:\/\/agora.xtec.cat\/escolasantbernat\/wp-json\/wp\/v2\/comments?post=26"}],"version-history":[{"count":5,"href":"https:\/\/agora.xtec.cat\/escolasantbernat\/wp-json\/wp\/v2\/pages\/26\/revisions"}],"predecessor-version":[{"id":4142,"href":"https:\/\/agora.xtec.cat\/escolasantbernat\/wp-json\/wp\/v2\/pages\/26\/revisions\/4142"}],"up":[{"embeddable":true,"href":"https:\/\/agora.xtec.cat\/escolasantbernat\/wp-json\/wp\/v2\/pages\/22"}],"wp:attachment":[{"href":"https:\/\/agora.xtec.cat\/escolasantbernat\/wp-json\/wp\/v2\/media?parent=26"}],"curies":[{"name":"wp","href":"https:\/\/api.w.org\/{rel}","templated":true}]}}