{"id":2288,"date":"2018-03-19T10:57:00","date_gmt":"2018-03-19T09:57:00","guid":{"rendered":"http:\/\/agora.xtec.cat\/escolasantbernat\/?page_id=2288"},"modified":"2023-12-04T14:30:09","modified_gmt":"2023-12-04T13:30:09","slug":"plurilingual-school","status":"publish","type":"page","link":"https:\/\/agora.xtec.cat\/escolasantbernat\/projecte-educatiu\/erasmus\/plurilingual-school\/","title":{"rendered":"PLURILINGUAL SCHOOL"},"content":{"rendered":"<h2><strong>Curs 2015-2017\u00a0<\/strong><\/h2>\n<p>&nbsp;<\/p>\n<p><a href=\"http:\/\/agora.xtec.cat\/escolasantbernat\/wp-content\/uploads\/usu1228\/2018\/02\/Rotaci\u00f3nIMG_4306.jpg\"><img loading=\"lazy\" decoding=\"async\" class=\"alignnone wp-image-686\" src=\"http:\/\/agora.xtec.cat\/escolasantbernat\/wp-content\/uploads\/usu1228\/2018\/02\/Rotaci\u00f3nIMG_4306.jpg\" alt=\"\" width=\"457\" height=\"334\" srcset=\"https:\/\/agora.xtec.cat\/escolasantbernat\/wp-content\/uploads\/usu1228\/2018\/02\/Rotaci\u00f3nIMG_4306.jpg 635w, https:\/\/agora.xtec.cat\/escolasantbernat\/wp-content\/uploads\/usu1228\/2018\/02\/Rotaci\u00f3nIMG_4306-300x219.jpg 300w\" sizes=\"auto, (max-width: 457px) 100vw, 457px\" \/><\/a><\/p>\n<p><a href=\"http:\/\/www.diarimes.com\/noticies\/camp_tarragona\/2016\/04\/15\/volem_que_els_nens_siguin_competents_catala_castella_angles_2101_1093.html\" target=\"_blank\" rel=\"noopener\">NOT\u00cdCIA ALS DIARIS &gt;&gt;&gt;&gt;<\/a><\/p>\n<p><a href=\"https:\/\/agora.xtec.cat\/escolasantbernat\/wp-content\/uploads\/usu1228\/2023\/12\/erasmus_senalla2017.pdf\" target=\"_blank\" rel=\"noopener\">NOT\u00cdCIA A LA REVISTA ESCOLAR &gt;&gt;&gt;&gt;<\/a><\/p>\n<p><img loading=\"lazy\" decoding=\"async\" class=\"alignnone size-full wp-image-2257\" src=\"http:\/\/agora.xtec.cat\/escolasantbernat\/wp-content\/uploads\/usu1228\/2018\/02\/13726790_1824153921138859_4461942031045044145_n.jpg\" alt=\"\" width=\"960\" height=\"540\" srcset=\"https:\/\/agora.xtec.cat\/escolasantbernat\/wp-content\/uploads\/usu1228\/2018\/02\/13726790_1824153921138859_4461942031045044145_n.jpg 960w, https:\/\/agora.xtec.cat\/escolasantbernat\/wp-content\/uploads\/usu1228\/2018\/02\/13726790_1824153921138859_4461942031045044145_n-300x169.jpg 300w, https:\/\/agora.xtec.cat\/escolasantbernat\/wp-content\/uploads\/usu1228\/2018\/02\/13726790_1824153921138859_4461942031045044145_n-768x432.jpg 768w\" sizes=\"auto, (max-width: 960px) 100vw, 960px\" \/><\/p>\n<p><strong>RESUMEN DEL PROYECTO \u201cPLURILINGUAL SCHOOL\u201d<\/strong><\/p>\n<p>Somos una escuela p\u00fablica de educaci\u00f3n infantil y primaria cuyos alumnos y profesores son en su totalidad biling\u00fces. Hemos elaborado un proyecto para que nuestro centro sea multiling\u00fce. Lo que pretendemos es ofrecer a nuestros alumnos la posibilidad de conocer, entender y hablar otras lenguas cercanas a ellos. Haremos especial hincapi\u00e9 en el ingl\u00e9s, que ya estudian como primera lengua extranjera desde primer curso de Educaci\u00f3n Infantil. Queremos que esta lengua forme parte de la vida escolar. En nuestro centro estamos llevando a cabo un proyecto CLIL para ense\u00f1ar Educaci\u00f3n Visual y Pl\u00e1stica en ingl\u00e9s. Uno de nuestros objetivos ahora ser\u00e1 hacer extensiva esta metodolog\u00eda CLIL al resto de las asignaturas del curr\u00edculum escolar impartiendo algunas clases, o parte del temario, en ingl\u00e9s. Tambi\u00e9n usaremos esta lengua para actividades rutinarias de la clase: fecha, horario, rotulaci\u00f3n de las dependencias de la escuela, men\u00fa escolar, agenda&#8230; Poco a poco el ingl\u00e9s formar\u00e1 parte de su vida diaria. En una segunda fase del proyecto, tenemos intenci\u00f3n de introducir otras lenguas cercanas a nosotros, como por ejemplo el franc\u00e9s. Tambi\u00e9n valoraremos la participaci\u00f3n tanto de alumnos como de familias inmigrantes que nos puedan ense\u00f1ar unas palabras b\u00e1sicas en su idioma, favoreciendo as\u00ed la tolerancia y el respeto a otras culturas diferentes a la nuestra. Con todo esto abriremos la mentalidad de nuestros alumnos a una Europa multiling\u00fce y multicultural, ofreci\u00e9ndoles una base s\u00f3lida para su posible futura formaci\u00f3n en el resto de pa\u00edses europeos y ampliar as\u00ed la oferta laboral.<\/p>\n<p>Nuestros principales objetivos son:<\/p>\n<p>&#8211; Usar una nueva metodolog\u00eda en ense\u00f1anza para adaptarnos al nivel de escuelas europeas en conocimiento y uso habitual de otras lenguas diferentes de la materna.<\/p>\n<p>&#8211; Mejorar los resultados de las pruebas de competencias b\u00e1sicas en lengua extranjera (ingl\u00e9s).<\/p>\n<p>&#8211; Formar al profesorado en metodolog\u00eda y did\u00e1ctica de la lengua extranjera.<\/p>\n<p>&#8211; Mejorar la organizaci\u00f3n escolar para optimizar resultados.<\/p>\n<p>&#8211; Establecer contacto real de nuestros alumnos con escuelas del resto de Europa.<\/p>\n<p>&#8211; Potenciar el uso de las nuevas tecnolog\u00edas de la comunicaci\u00f3n y la informaci\u00f3n en una escuela multiling\u00fce.<\/p>\n<p>&#8211; Aplicar la lengua inglesa en algunos aspectos de la ense\u00f1anza de las Ciencias y las Matem\u00e1ticas, as\u00ed como en Educaci\u00f3n F\u00edsica, M\u00fasica, Arte e Historia.<\/p>\n<p>Nuestro proyecto empieza\u00a0pero no acabar\u00e1, sino que entrar\u00e1 a formar parte de la vida escolar de los alumnos. Como dijo el escritor norteamericano Frank Harris: &#8220;Tienes tantas vidas como idiomas hablas. Cada nuevo idioma es como una ventana abierta que ofrece una nueva vista sobre el mundo ampliando la comprensi\u00f3n de la vida&#8221;<\/p>\n<p>L&#8217;estiu de l&#8217;any 2016 sis mestres de l&#8217;escola van anar a formar-se a Cambridge, al Regne Unit.<\/p>\n<p><a href=\"http:\/\/agora.xtec.cat\/escolasantbernat\/wp-content\/uploads\/usu1228\/2018\/02\/13697268_1824153887805529_7262419258789219302_n.jpg\"><img loading=\"lazy\" decoding=\"async\" class=\"alignnone size-full wp-image-2258\" src=\"http:\/\/agora.xtec.cat\/escolasantbernat\/wp-content\/uploads\/usu1228\/2018\/02\/13697268_1824153887805529_7262419258789219302_n.jpg\" alt=\"\" width=\"960\" height=\"540\" srcset=\"https:\/\/agora.xtec.cat\/escolasantbernat\/wp-content\/uploads\/usu1228\/2018\/02\/13697268_1824153887805529_7262419258789219302_n.jpg 960w, https:\/\/agora.xtec.cat\/escolasantbernat\/wp-content\/uploads\/usu1228\/2018\/02\/13697268_1824153887805529_7262419258789219302_n-300x169.jpg 300w, https:\/\/agora.xtec.cat\/escolasantbernat\/wp-content\/uploads\/usu1228\/2018\/02\/13697268_1824153887805529_7262419258789219302_n-768x432.jpg 768w\" sizes=\"auto, (max-width: 960px) 100vw, 960px\" \/><\/a><\/p>\n<p><a href=\"https:\/\/agora.xtec.cat\/escolasantbernat\/wp-content\/uploads\/usu1228\/2019\/08\/cofinanciadoEN.png\"><img loading=\"lazy\" decoding=\"async\" class=\"alignnone size-large wp-image-3428\" src=\"https:\/\/agora.xtec.cat\/escolasantbernat\/wp-content\/uploads\/usu1228\/2019\/08\/cofinanciadoEN-1024x223.png\" alt=\"\" width=\"1024\" height=\"223\" srcset=\"https:\/\/agora.xtec.cat\/escolasantbernat\/wp-content\/uploads\/usu1228\/2019\/08\/cofinanciadoEN-1024x223.png 1024w, https:\/\/agora.xtec.cat\/escolasantbernat\/wp-content\/uploads\/usu1228\/2019\/08\/cofinanciadoEN-300x65.png 300w, https:\/\/agora.xtec.cat\/escolasantbernat\/wp-content\/uploads\/usu1228\/2019\/08\/cofinanciadoEN-768x167.png 768w, https:\/\/agora.xtec.cat\/escolasantbernat\/wp-content\/uploads\/usu1228\/2019\/08\/cofinanciadoEN.png 1720w\" sizes=\"auto, (max-width: 1024px) 100vw, 1024px\" \/><\/a><\/p>\n","protected":false},"excerpt":{"rendered":"<p>Curs 2015-2017\u00a0<br \/>\n&nbsp;<br \/>\n<a href=\"http:\/\/agora.xtec.cat\/escolasantbernat\/wp-content\/uploads\/usu1228\/2018\/02\/Rotaci\u00f3nIMG_4306.jpg\"><\/a><br \/>\n<a href=\"http:\/\/www.diarimes.com\/noticies\/camp_tarragona\/2016\/04\/15\/volem_que_els_nens_siguin_competents_catala_castella_angles_2101_1093.html\" target=\"_blank\" rel=\"noopener\">NOT\u00cdCIA ALS DIARIS &gt;&gt;&gt;&gt;<\/a><br \/>\n<a href=\"https:\/\/agora.xtec.cat\/escolasantbernat\/wp-content\/uploads\/usu1228\/2023\/12\/erasmus_senalla2017.pdf\" target=\"_blank\" rel=\"noopener\">NOT\u00cdCIA A LA REVISTA ESCOLAR &gt;&gt;&gt;&gt;<\/a><\/p>\n<p>RESUMEN DEL PROYECTO \u201cPLURILINGUAL SCHOOL\u201d<br \/>\nSomos una escuela p\u00fablica de educaci\u00f3n infantil y primaria cuyos alumnos y profesores son en su totalidad biling\u00fces. Hemos elaborado un proyecto para que nuestro&hellip;  <a href=\"https:\/\/agora.xtec.cat\/escolasantbernat\/projecte-educatiu\/erasmus\/plurilingual-school\/\" title=\"Read PLURILINGUAL SCHOOL\">Llegeix m\u00e9s\u00bb<\/a><\/p>\n","protected":false},"author":1,"featured_media":0,"parent":658,"menu_order":10,"comment_status":"closed","ping_status":"closed","template":"page-templates\/side-menu.php","meta":{"_bbp_topic_count":0,"_bbp_reply_count":0,"_bbp_total_topic_count":0,"_bbp_total_reply_count":0,"_bbp_voice_count":0,"_bbp_anonymous_reply_count":0,"_bbp_topic_count_hidden":0,"_bbp_reply_count_hidden":0,"_bbp_forum_subforum_count":0,"footnotes":""},"class_list":["post-2288","page","type-page","status-publish","hentry"],"post_mailing_queue_ids":[],"_links":{"self":[{"href":"https:\/\/agora.xtec.cat\/escolasantbernat\/wp-json\/wp\/v2\/pages\/2288","targetHints":{"allow":["GET"]}}],"collection":[{"href":"https:\/\/agora.xtec.cat\/escolasantbernat\/wp-json\/wp\/v2\/pages"}],"about":[{"href":"https:\/\/agora.xtec.cat\/escolasantbernat\/wp-json\/wp\/v2\/types\/page"}],"author":[{"embeddable":true,"href":"https:\/\/agora.xtec.cat\/escolasantbernat\/wp-json\/wp\/v2\/users\/1"}],"replies":[{"embeddable":true,"href":"https:\/\/agora.xtec.cat\/escolasantbernat\/wp-json\/wp\/v2\/comments?post=2288"}],"version-history":[{"count":5,"href":"https:\/\/agora.xtec.cat\/escolasantbernat\/wp-json\/wp\/v2\/pages\/2288\/revisions"}],"predecessor-version":[{"id":6075,"href":"https:\/\/agora.xtec.cat\/escolasantbernat\/wp-json\/wp\/v2\/pages\/2288\/revisions\/6075"}],"up":[{"embeddable":true,"href":"https:\/\/agora.xtec.cat\/escolasantbernat\/wp-json\/wp\/v2\/pages\/658"}],"wp:attachment":[{"href":"https:\/\/agora.xtec.cat\/escolasantbernat\/wp-json\/wp\/v2\/media?parent=2288"}],"curies":[{"name":"wp","href":"https:\/\/api.w.org\/{rel}","templated":true}]}}