{"id":22,"date":"2014-09-18T12:19:57","date_gmt":"2014-09-18T10:19:57","guid":{"rendered":"http:\/\/agora.xtec.cat\/escolasantbernat\/?page_id=22"},"modified":"2025-03-27T13:40:36","modified_gmt":"2025-03-27T12:40:36","slug":"lescola","status":"publish","type":"page","link":"https:\/\/agora.xtec.cat\/escolasantbernat\/lescola\/","title":{"rendered":"L&#8217;escola"},"content":{"rendered":"<p>&nbsp;<\/p>\n<p>Escola p\u00fablica d&#8217;Educaci\u00f3 Infantil i Prim\u00e0ria amb dues l\u00ednies de I4 fins a 6\u00e8, i una l\u00ednia de I3.<\/p>\n<p>\u00c9s una escola molt c\u00e8ntrica situada al costat del Mercat central i a prop de l&#8217;estaci\u00f3 de tren.<\/p>\n<p><a href=\"https:\/\/agora.xtec.cat\/escolasantbernat\/wp-content\/uploads\/usu1228\/2022\/03\/cropped-clar-e1647467576884.jpg\"><img loading=\"lazy\" decoding=\"async\" class=\"wp-image-4966 size-medium aligncenter\" src=\"https:\/\/agora.xtec.cat\/escolasantbernat\/wp-content\/uploads\/usu1228\/2022\/03\/cropped-clar-e1647467576884-300x300.jpg\" alt=\"\" width=\"300\" height=\"300\" srcset=\"https:\/\/agora.xtec.cat\/escolasantbernat\/wp-content\/uploads\/usu1228\/2022\/03\/cropped-clar-e1647467576884-300x300.jpg 300w, https:\/\/agora.xtec.cat\/escolasantbernat\/wp-content\/uploads\/usu1228\/2022\/03\/cropped-clar-e1647467576884-150x150.jpg 150w, https:\/\/agora.xtec.cat\/escolasantbernat\/wp-content\/uploads\/usu1228\/2022\/03\/cropped-clar-e1647467576884-270x270.jpg 270w, https:\/\/agora.xtec.cat\/escolasantbernat\/wp-content\/uploads\/usu1228\/2022\/03\/cropped-clar-e1647467576884-192x192.jpg 192w, https:\/\/agora.xtec.cat\/escolasantbernat\/wp-content\/uploads\/usu1228\/2022\/03\/cropped-clar-e1647467576884-180x180.jpg 180w, https:\/\/agora.xtec.cat\/escolasantbernat\/wp-content\/uploads\/usu1228\/2022\/03\/cropped-clar-e1647467576884-32x32.jpg 32w, https:\/\/agora.xtec.cat\/escolasantbernat\/wp-content\/uploads\/usu1228\/2022\/03\/cropped-clar-e1647467576884.jpg 512w\" sizes=\"auto, (max-width: 300px) 100vw, 300px\" \/><\/a><\/p>\n","protected":false},"excerpt":{"rendered":"<p>&nbsp;<br \/>\nEscola p\u00fablica d&#8217;Educaci\u00f3 Infantil i Prim\u00e0ria amb dues l\u00ednies de I4 fins a 6\u00e8, i una l\u00ednia de I3.<br \/>\n\u00c9s una escola molt c\u00e8ntrica situada al costat del Mercat central i a prop de l&#8217;estaci\u00f3 de tren.<br \/>\n<a href=\"https:\/\/agora.xtec.cat\/escolasantbernat\/wp-content\/uploads\/usu1228\/2022\/03\/cropped-clar-e1647467576884.jpg\"><\/a><\/p>\n","protected":false},"author":1,"featured_media":0,"parent":0,"menu_order":10,"comment_status":"closed","ping_status":"closed","template":"page-templates\/side-menu.php","meta":{"_bbp_topic_count":0,"_bbp_reply_count":0,"_bbp_total_topic_count":0,"_bbp_total_reply_count":0,"_bbp_voice_count":0,"_bbp_anonymous_reply_count":0,"_bbp_topic_count_hidden":0,"_bbp_reply_count_hidden":0,"_bbp_forum_subforum_count":0,"footnotes":""},"class_list":["post-22","page","type-page","status-publish","hentry"],"post_mailing_queue_ids":[],"_links":{"self":[{"href":"https:\/\/agora.xtec.cat\/escolasantbernat\/wp-json\/wp\/v2\/pages\/22","targetHints":{"allow":["GET"]}}],"collection":[{"href":"https:\/\/agora.xtec.cat\/escolasantbernat\/wp-json\/wp\/v2\/pages"}],"about":[{"href":"https:\/\/agora.xtec.cat\/escolasantbernat\/wp-json\/wp\/v2\/types\/page"}],"author":[{"embeddable":true,"href":"https:\/\/agora.xtec.cat\/escolasantbernat\/wp-json\/wp\/v2\/users\/1"}],"replies":[{"embeddable":true,"href":"https:\/\/agora.xtec.cat\/escolasantbernat\/wp-json\/wp\/v2\/comments?post=22"}],"version-history":[{"count":4,"href":"https:\/\/agora.xtec.cat\/escolasantbernat\/wp-json\/wp\/v2\/pages\/22\/revisions"}],"predecessor-version":[{"id":6638,"href":"https:\/\/agora.xtec.cat\/escolasantbernat\/wp-json\/wp\/v2\/pages\/22\/revisions\/6638"}],"wp:attachment":[{"href":"https:\/\/agora.xtec.cat\/escolasantbernat\/wp-json\/wp\/v2\/media?parent=22"}],"curies":[{"name":"wp","href":"https:\/\/api.w.org\/{rel}","templated":true}]}}