{"id":1947,"date":"2018-03-05T15:38:48","date_gmt":"2018-03-05T14:38:48","guid":{"rendered":"http:\/\/agora.xtec.cat\/escolasantbernat\/?page_id=1947"},"modified":"2018-03-05T15:38:48","modified_gmt":"2018-03-05T14:38:48","slug":"normes-paresmares","status":"publish","type":"page","link":"https:\/\/agora.xtec.cat\/escolasantbernat\/ampa-2\/menjador-escolar\/normes-paresmares\/","title":{"rendered":"Normes PARES\/MARES"},"content":{"rendered":"<p><strong>NORMES PARES\/MARES<\/strong><\/p>\n<ul>\n<li>Comunicar, per escrit, les possibles al\u00b7l\u00e8rgies e intoler\u00e0ncies.<\/li>\n<li>Fer \u00fas de les dietes \u00fanicament en cas de malalties espor\u00e0diques.<\/li>\n<li>Comunicar amb antelaci\u00f3 les assist\u00e8ncies al menjador (abans de les 10h), en el cas d\u2019assist\u00e8ncia espor\u00e0dica, i les assist\u00e8ncies al mateix, en el cas d\u2019assist\u00e8ncia regular.<\/li>\n<li>Estar al corrent dels pagaments de les quotes.<\/li>\n<li>Intercanviar informaci\u00f3 amb els\/les monitors\/es quan les necessitats ho requereixin.<\/li>\n<li>Comunicar a les coordinadores les incid\u00e8ncies m\u00e9s destacables que es produeixin durant el servei.<\/li>\n<li>Cooperar en l\u2019adequat compliment de les normes establertes.<\/li>\n<li>Fomentar el respecte envers els\/les monitors\/es.<\/li>\n<li>En cas d\u2019incid\u00e8ncies, retornar el full corresponent signat.<\/li>\n<\/ul>\n<p><strong>\u00a0<\/strong><\/p>\n<p><strong>Recordeu que per gaudir del servei de menjador, cal que es respectin i compleixin les normes establertes.<\/strong><\/p>\n","protected":false},"excerpt":{"rendered":"<p>NORMES PARES\/MARES<\/p>\n<ul>\n<li>Comunicar, per escrit, les possibles al\u00b7l\u00e8rgies e intoler\u00e0ncies.<\/li>\n<li>Fer \u00fas de les dietes \u00fanicament en cas de malalties espor\u00e0diques.<\/li>\n<li>Comunicar amb antelaci\u00f3 les assist\u00e8ncies al menjador (abans de les 10h), en el cas d\u2019assist\u00e8ncia espor\u00e0dica, i les assist\u00e8ncies al mateix, en el cas d\u2019assist\u00e8ncia regular.<\/li>\n<li>Estar al&hellip;  <a href=\"https:\/\/agora.xtec.cat\/escolasantbernat\/ampa-2\/menjador-escolar\/normes-paresmares\/\" title=\"Read Normes PARES\/MARES\">Llegeix m\u00e9s\u00bb<\/a><br \/>\n","protected":false},"author":35,"featured_media":0,"parent":73,"menu_order":30,"comment_status":"closed","ping_status":"closed","template":"page-templates\/side-menu.php","meta":{"_bbp_topic_count":0,"_bbp_reply_count":0,"_bbp_total_topic_count":0,"_bbp_total_reply_count":0,"_bbp_voice_count":0,"_bbp_anonymous_reply_count":0,"_bbp_topic_count_hidden":0,"_bbp_reply_count_hidden":0,"_bbp_forum_subforum_count":0,"footnotes":""},"class_list":["post-1947","page","type-page","status-publish","hentry"],"post_mailing_queue_ids":[],"_links":{"self":[{"href":"https:\/\/agora.xtec.cat\/escolasantbernat\/wp-json\/wp\/v2\/pages\/1947","targetHints":{"allow":["GET"]}}],"collection":[{"href":"https:\/\/agora.xtec.cat\/escolasantbernat\/wp-json\/wp\/v2\/pages"}],"about":[{"href":"https:\/\/agora.xtec.cat\/escolasantbernat\/wp-json\/wp\/v2\/types\/page"}],"author":[{"embeddable":true,"href":"https:\/\/agora.xtec.cat\/escolasantbernat\/wp-json\/wp\/v2\/users\/35"}],"replies":[{"embeddable":true,"href":"https:\/\/agora.xtec.cat\/escolasantbernat\/wp-json\/wp\/v2\/comments?post=1947"}],"version-history":[{"count":1,"href":"https:\/\/agora.xtec.cat\/escolasantbernat\/wp-json\/wp\/v2\/pages\/1947\/revisions"}],"predecessor-version":[{"id":1948,"href":"https:\/\/agora.xtec.cat\/escolasantbernat\/wp-json\/wp\/v2\/pages\/1947\/revisions\/1948"}],"up":[{"embeddable":true,"href":"https:\/\/agora.xtec.cat\/escolasantbernat\/wp-json\/wp\/v2\/pages\/73"}],"wp:attachment":[{"href":"https:\/\/agora.xtec.cat\/escolasantbernat\/wp-json\/wp\/v2\/media?parent=1947"}],"curies":[{"name":"wp","href":"https:\/\/api.w.org\/{rel}","templated":true}]}}