{"id":1945,"date":"2018-03-05T15:36:25","date_gmt":"2018-03-05T14:36:25","guid":{"rendered":"http:\/\/agora.xtec.cat\/escolasantbernat\/?page_id=1945"},"modified":"2018-03-05T15:40:30","modified_gmt":"2018-03-05T14:40:30","slug":"informacio-complementaria","status":"publish","type":"page","link":"https:\/\/agora.xtec.cat\/escolasantbernat\/ampa-2\/menjador-escolar\/informacio-complementaria\/","title":{"rendered":"Informaci\u00f3 complement\u00e0ria"},"content":{"rendered":"<h4><span style=\"color: #339966;\"><strong>MEN\u00da MENSUAL DEL MENJADOR<\/strong><\/span><\/h4>\n<p>Elaborat per una nutricionista, d\u2019acord amb els criteris nutricionals del Departament d\u2019Educaci\u00f3 i Sanitat de la Generalitat de Catalunya, i compleixen els seg\u00fcents criteris:<\/p>\n<ul>\n<li>Els men\u00fas s\u00f3n adequats a l\u2019edat dels alumnes.<\/li>\n<li>Es confeccionen men\u00fas especials per a casos espec\u00edfics: al\u00b7l\u00e8rgies, diabetis, indisposicions espor\u00e0diques o prescripci\u00f3 m\u00e8dica (sempre amb informe m\u00e8dic per escrit).<\/li>\n<li>Cada men\u00fa estar\u00e0 compost per un primer i un segon plat, postres, pa i beguda. Quan sigui necessari utilitzar oli per amanir els aliments servits, aquest ser\u00e0 d\u2019oliva.<\/li>\n<li>Els primers plats alternen productes b\u00e0sics: pasta, arr\u00f2s, verdures, llegums i patates.<\/li>\n<li>Els segons plats alternen carn, peix, ous i van acompanyats de verdures i hortalisses, o combinacions d\u2019aquests aliments.<\/li>\n<li>Postres: fruita del temps o lactis. Tamb\u00e9, i de forma puntual, es poden servir postres casolans (natilles, crema, coca, etc.).<\/li>\n<li>La beguda servida als alumnes \u00e9s aigua mineral envasada sense gas. En ocasi\u00f3 d\u2019alguna festivitat escolar, s\u2019autoritza l\u2019empresa a oferir begudes refrescants sense continguts alcoh\u00f2lics.<\/li>\n<li>La planificaci\u00f3 mensual dels men\u00fas es notifica al centre educatiu i a la Comissi\u00f3 de Menjador. Es penja al blog de l\u2019escola perqu\u00e8 estigui a l\u2019abast de tothom i qui ho sol\u00b7licita se li facilitar\u00e0 en paper.<\/li>\n<li>L\u2019empresa facilita, tamb\u00e9 una proposta de sopars.<\/li>\n<li>El men\u00fa es confecciona de tal manera que no es repeteixin almenys durant una setmana.<\/li>\n<\/ul>\n","protected":false},"excerpt":{"rendered":"<p>MEN\u00da MENSUAL DEL MENJADOR<br \/>\nElaborat per una nutricionista, d\u2019acord amb els criteris nutricionals del Departament d\u2019Educaci\u00f3 i Sanitat de la Generalitat de Catalunya, i compleixen els seg\u00fcents criteris:<\/p>\n<ul>\n<li>Els men\u00fas s\u00f3n adequats a l\u2019edat dels alumnes.<\/li>\n<li>Es confeccionen men\u00fas especials per a casos espec\u00edfics: al\u00b7l\u00e8rgies, diabetis, indisposicions espor\u00e0diques&hellip;  <a href=\"https:\/\/agora.xtec.cat\/escolasantbernat\/ampa-2\/menjador-escolar\/informacio-complementaria\/\" title=\"Read Informaci\u00f3 complement\u00e0ria\">Llegeix m\u00e9s\u00bb<\/a><br \/>\n","protected":false},"author":35,"featured_media":0,"parent":73,"menu_order":20,"comment_status":"closed","ping_status":"closed","template":"page-templates\/side-menu.php","meta":{"_bbp_topic_count":0,"_bbp_reply_count":0,"_bbp_total_topic_count":0,"_bbp_total_reply_count":0,"_bbp_voice_count":0,"_bbp_anonymous_reply_count":0,"_bbp_topic_count_hidden":0,"_bbp_reply_count_hidden":0,"_bbp_forum_subforum_count":0,"footnotes":""},"class_list":["post-1945","page","type-page","status-publish","hentry"],"post_mailing_queue_ids":[],"_links":{"self":[{"href":"https:\/\/agora.xtec.cat\/escolasantbernat\/wp-json\/wp\/v2\/pages\/1945","targetHints":{"allow":["GET"]}}],"collection":[{"href":"https:\/\/agora.xtec.cat\/escolasantbernat\/wp-json\/wp\/v2\/pages"}],"about":[{"href":"https:\/\/agora.xtec.cat\/escolasantbernat\/wp-json\/wp\/v2\/types\/page"}],"author":[{"embeddable":true,"href":"https:\/\/agora.xtec.cat\/escolasantbernat\/wp-json\/wp\/v2\/users\/35"}],"replies":[{"embeddable":true,"href":"https:\/\/agora.xtec.cat\/escolasantbernat\/wp-json\/wp\/v2\/comments?post=1945"}],"version-history":[{"count":2,"href":"https:\/\/agora.xtec.cat\/escolasantbernat\/wp-json\/wp\/v2\/pages\/1945\/revisions"}],"predecessor-version":[{"id":1950,"href":"https:\/\/agora.xtec.cat\/escolasantbernat\/wp-json\/wp\/v2\/pages\/1945\/revisions\/1950"}],"up":[{"embeddable":true,"href":"https:\/\/agora.xtec.cat\/escolasantbernat\/wp-json\/wp\/v2\/pages\/73"}],"wp:attachment":[{"href":"https:\/\/agora.xtec.cat\/escolasantbernat\/wp-json\/wp\/v2\/media?parent=1945"}],"curies":[{"name":"wp","href":"https:\/\/api.w.org\/{rel}","templated":true}]}}