{"id":1900,"date":"2018-03-01T17:47:26","date_gmt":"2018-03-01T16:47:26","guid":{"rendered":"http:\/\/agora.xtec.cat\/escolasantbernat\/?page_id=1900"},"modified":"2018-03-12T00:17:28","modified_gmt":"2018-03-11T23:17:28","slug":"estudi-assistit","status":"publish","type":"page","link":"https:\/\/agora.xtec.cat\/escolasantbernat\/projecte-educatiu\/pla-educatiu-dentorn\/estudi-assistit\/","title":{"rendered":"Estudi Assistit"},"content":{"rendered":"<p>Activitat subvencionada per l&#8217;Ajuntament de Vila-seca, on part de l&#8217;alumnat de cinqu\u00e8 curs rep suport extern per millorar el seu rendiment escolar adquirint\u00a0\u00a0m\u00e9s autonomia en la realitzaci\u00f3 de tasques i t\u00e8cniques d&#8217;estudi.<\/p>\n","protected":false},"excerpt":{"rendered":"<p>Activitat subvencionada per l&#8217;Ajuntament de Vila-seca, on part de l&#8217;alumnat de cinqu\u00e8 curs rep suport extern per millorar el seu rendiment escolar adquirint\u00a0\u00a0m\u00e9s autonomia en la realitzaci\u00f3 de tasques i t\u00e8cniques d&#8217;estudi.<\/p>\n","protected":false},"author":6,"featured_media":0,"parent":801,"menu_order":7,"comment_status":"closed","ping_status":"closed","template":"page-templates\/side-menu.php","meta":{"_bbp_topic_count":0,"_bbp_reply_count":0,"_bbp_total_topic_count":0,"_bbp_total_reply_count":0,"_bbp_voice_count":0,"_bbp_anonymous_reply_count":0,"_bbp_topic_count_hidden":0,"_bbp_reply_count_hidden":0,"_bbp_forum_subforum_count":0,"footnotes":""},"class_list":["post-1900","page","type-page","status-publish","hentry"],"post_mailing_queue_ids":[],"_links":{"self":[{"href":"https:\/\/agora.xtec.cat\/escolasantbernat\/wp-json\/wp\/v2\/pages\/1900","targetHints":{"allow":["GET"]}}],"collection":[{"href":"https:\/\/agora.xtec.cat\/escolasantbernat\/wp-json\/wp\/v2\/pages"}],"about":[{"href":"https:\/\/agora.xtec.cat\/escolasantbernat\/wp-json\/wp\/v2\/types\/page"}],"author":[{"embeddable":true,"href":"https:\/\/agora.xtec.cat\/escolasantbernat\/wp-json\/wp\/v2\/users\/6"}],"replies":[{"embeddable":true,"href":"https:\/\/agora.xtec.cat\/escolasantbernat\/wp-json\/wp\/v2\/comments?post=1900"}],"version-history":[{"count":1,"href":"https:\/\/agora.xtec.cat\/escolasantbernat\/wp-json\/wp\/v2\/pages\/1900\/revisions"}],"predecessor-version":[{"id":1901,"href":"https:\/\/agora.xtec.cat\/escolasantbernat\/wp-json\/wp\/v2\/pages\/1900\/revisions\/1901"}],"up":[{"embeddable":true,"href":"https:\/\/agora.xtec.cat\/escolasantbernat\/wp-json\/wp\/v2\/pages\/801"}],"wp:attachment":[{"href":"https:\/\/agora.xtec.cat\/escolasantbernat\/wp-json\/wp\/v2\/media?parent=1900"}],"curies":[{"name":"wp","href":"https:\/\/api.w.org\/{rel}","templated":true}]}}