{"id":1888,"date":"2018-03-01T12:12:59","date_gmt":"2018-03-01T11:12:59","guid":{"rendered":"http:\/\/agora.xtec.cat\/escolasantbernat\/?page_id=1888"},"modified":"2025-05-07T12:06:13","modified_gmt":"2025-05-07T10:06:13","slug":"secretaria","status":"publish","type":"page","link":"https:\/\/agora.xtec.cat\/escolasantbernat\/secretaria\/","title":{"rendered":"Secretaria"},"content":{"rendered":"<h4><strong>Horari d&#8217;atenci\u00f3 al p\u00fablic 2021-22:<\/strong><\/h4>\n<p>&nbsp;<\/p>\n<h4 style=\"text-align: center;\">Demanar cita pr\u00e8via<\/h4>\n<p style=\"text-align: center;\"><strong>(977) 39 19 21<\/strong><\/p>\n<p style=\"text-align: center;\"><strong>608 48 94 54<\/strong><\/p>\n<p style=\"text-align: center;\"><strong>o per<\/strong><\/p>\n<p style=\"text-align: center;\"><a href=\"https:\/\/agora.xtec.cat\/escolasantbernat\/wp-content\/uploads\/usu1228\/2019\/08\/baixa.png\"><img loading=\"lazy\" decoding=\"async\" class=\"alignnone wp-image-3401 aligncenter\" src=\"https:\/\/agora.xtec.cat\/escolasantbernat\/wp-content\/uploads\/usu1228\/2019\/08\/baixa.png\" alt=\"\" width=\"77\" height=\"55\" \/><\/a><\/p>\n<p>&nbsp;<\/p>\n<p><span style=\"color: #000000;\"><strong>SOL\u00b7LICITUD GEN\u00c8RICA\u00a0 \u00a0 CLICA AQUI &gt;&gt;&gt;&gt;&gt;\u00a0 \u00a0<a href=\"https:\/\/agora.xtec.cat\/escolasantbernat\/wp-content\/uploads\/usu1228\/2021\/03\/sol.licitud-SBC.pdf\"><img loading=\"lazy\" decoding=\"async\" class=\"alignnone wp-image-899\" src=\"https:\/\/agora.xtec.cat\/escolasantbernat\/wp-content\/uploads\/usu1228\/2018\/02\/pdf-1.png\" alt=\"\" width=\"47\" height=\"47\" srcset=\"https:\/\/agora.xtec.cat\/escolasantbernat\/wp-content\/uploads\/usu1228\/2018\/02\/pdf-1.png 250w, https:\/\/agora.xtec.cat\/escolasantbernat\/wp-content\/uploads\/usu1228\/2018\/02\/pdf-1-150x150.png 150w\" sizes=\"auto, (max-width: 47px) 100vw, 47px\" \/><\/a><\/strong><\/span><\/p>\n<p>&nbsp;<\/p>\n<p>&nbsp;<\/p>\n<h1 class=\"entry-title\" style=\"text-align: center;\">NORMES DINANTIA<\/h1>\n<p><span class=\"Y2IQFc\" lang=\"ca\">Benvolgudes fam\u00edlies, amb la pand\u00e8mia hem passat tres cursos molt complicats on l\u2019aplicaci\u00f3 Dinantia ens ha ajudat molt\u00edssim en la comunicaci\u00f3 amb vosaltres. Ara que la situaci\u00f3 no \u00e9s d\u2019emerg\u00e8ncia i tot sembla que torna a la normalitat fem arribar unes petites normes per fer un \u00fas adequat de l\u2019aplicaci\u00f3.<\/span><\/p>\n<p><strong><span class=\"Y2IQFc\" lang=\"ca\">HORARI DE DILLUNS A DIVENDRES:<\/span><\/strong><\/p>\n<p><span class=\"Y2IQFc\" lang=\"ca\">De 8 del mat\u00ed a 17:30 de la tarda: podreu enviar i rebre missatges. Si voleu enviar un missatge fora d\u2019aquest horari el podreu programar perqu\u00e8 arribi dins del nostre horari laboral. Els mestres us contestaran durant les seg\u00fcents 24-48 hores.\u00a0<\/span>Durant els caps de setmana el Dinantia estar\u00e0 fora de servei.<\/p>\n<p>Per fer m\u00e9s \u00e0gils les comunicacions \u00e9s\u00a0<strong>MOLT IMPORTANT DIRIGIR EL MISSATGE A LA PERSONA ADEQUADA<\/strong>:<\/p>\n<ul>\n<li>TUTOR\/A i MESTRES ESPECIALISTES: temes educatius, abs\u00e8ncies, justificacions, malalties, sortides, deures\u2026etc.<\/li>\n<li>OLIVIA (administrativa) i JORDI (secretari): temes de certificats, pagaments, documentaci\u00f3, beques i ajuts, problemes amb la contrasenya del Classroom, etc.<\/li>\n<li>MONTSE ROSAL (cap d\u00b4estudis): temes d\u00b4atenci\u00f3 a la diversitat, ter\u00e0pies, coordinacions EAP, tractaments logop\u00e8dia, etc.<\/li>\n<li>YOLANDA (coordinadora menjador): beques menjador, acolliment matinal, acolliment de tarda i tiquets menjador.<\/li>\n<li>AFA: extraescolars, quotes soci, pagaments llibres.<\/li>\n<li>LAURA CHAMORRO (directora): temes d\u2019organitzaci\u00f3 i de funcionament general de l\u2019escola.<\/li>\n<\/ul>\n<p>Per a qualsevol situaci\u00f3 URGENT contacteu telef\u00f2nicament amb l\u2019escola al 977391921.<\/p>\n<p>Volem tornar a donar a L\u2019AGENDA ESCOLAR la import\u00e0ncia que cal tenir. Ja que \u00e9s un instrument que ajuda molt a organitzar i planificar les tasques i tamb\u00e9 cal utilitzar-lo per justificar abs\u00e8ncies, demanar entrevistes i comunicar fets puntuals als mestres. Les agendes ens ajuden a treballar la responsabilitat i l\u2019autonomia entre l\u2019alumnat de cicle mitj\u00e0 i cicle superior.<\/p>\n<p>MOLTES GR\u00c0CIES per la seva col\u00b7laboraci\u00f3.<\/p>\n","protected":false},"excerpt":{"rendered":"<p>Horari d&#8217;atenci\u00f3 al p\u00fablic 2021-22:<br \/>\n&nbsp;<br \/>\nDemanar cita pr\u00e8via<br \/>\n(977) 39 19 21<br \/>\n608 48 94 54<br \/>\no per<br \/>\n<a href=\"https:\/\/agora.xtec.cat\/escolasantbernat\/wp-content\/uploads\/usu1228\/2019\/08\/baixa.png\"><\/a><br \/>\n&nbsp;<br \/>\nSOL\u00b7LICITUD GEN\u00c8RICA\u00a0 \u00a0 CLICA AQUI &gt;&gt;&gt;&gt;&gt;\u00a0 \u00a0<a href=\"https:\/\/agora.xtec.cat\/escolasantbernat\/wp-content\/uploads\/usu1228\/2021\/03\/sol.licitud-SBC.pdf\"><\/a><br \/>\n&nbsp;<br \/>\n&nbsp;<br \/>\nNORMES DINANTIA<br \/>\nBenvolgudes fam\u00edlies, amb la pand\u00e8mia hem passat tres cursos molt complicats on l\u2019aplicaci\u00f3 Dinantia ens ha ajudat molt\u00edssim en la comunicaci\u00f3 amb vosaltres.&hellip;  <a href=\"https:\/\/agora.xtec.cat\/escolasantbernat\/secretaria\/\" title=\"Read Secretaria\">Llegeix m\u00e9s\u00bb<\/a><\/p>\n","protected":false},"author":35,"featured_media":0,"parent":0,"menu_order":0,"comment_status":"closed","ping_status":"closed","template":"page-templates\/side-menu.php","meta":{"_bbp_topic_count":0,"_bbp_reply_count":0,"_bbp_total_topic_count":0,"_bbp_total_reply_count":0,"_bbp_voice_count":0,"_bbp_anonymous_reply_count":0,"_bbp_topic_count_hidden":0,"_bbp_reply_count_hidden":0,"_bbp_forum_subforum_count":0,"footnotes":""},"class_list":["post-1888","page","type-page","status-publish","hentry"],"post_mailing_queue_ids":[],"_links":{"self":[{"href":"https:\/\/agora.xtec.cat\/escolasantbernat\/wp-json\/wp\/v2\/pages\/1888","targetHints":{"allow":["GET"]}}],"collection":[{"href":"https:\/\/agora.xtec.cat\/escolasantbernat\/wp-json\/wp\/v2\/pages"}],"about":[{"href":"https:\/\/agora.xtec.cat\/escolasantbernat\/wp-json\/wp\/v2\/types\/page"}],"author":[{"embeddable":true,"href":"https:\/\/agora.xtec.cat\/escolasantbernat\/wp-json\/wp\/v2\/users\/35"}],"replies":[{"embeddable":true,"href":"https:\/\/agora.xtec.cat\/escolasantbernat\/wp-json\/wp\/v2\/comments?post=1888"}],"version-history":[{"count":4,"href":"https:\/\/agora.xtec.cat\/escolasantbernat\/wp-json\/wp\/v2\/pages\/1888\/revisions"}],"predecessor-version":[{"id":6686,"href":"https:\/\/agora.xtec.cat\/escolasantbernat\/wp-json\/wp\/v2\/pages\/1888\/revisions\/6686"}],"wp:attachment":[{"href":"https:\/\/agora.xtec.cat\/escolasantbernat\/wp-json\/wp\/v2\/media?parent=1888"}],"curies":[{"name":"wp","href":"https:\/\/api.w.org\/{rel}","templated":true}]}}