{"id":1873,"date":"2018-03-01T00:22:05","date_gmt":"2018-02-28T23:22:05","guid":{"rendered":"http:\/\/agora.xtec.cat\/escolasantbernat\/?page_id=1873"},"modified":"2019-12-11T15:30:03","modified_gmt":"2019-12-11T14:30:03","slug":"festa-dels-avis","status":"publish","type":"page","link":"https:\/\/agora.xtec.cat\/escolasantbernat\/families-sbc\/festa-dels-avis\/","title":{"rendered":"Festa dels avis"},"content":{"rendered":"<p>Els avis i les \u00e0vies s\u00f3n unes persones molt importants a la vida dels nostres alumnes. \u00c9s per aix\u00f2 que durant una setmana del mes de desembre celebrem <strong>\u201cEl dia dels avis\u201d<\/strong> . Els convidem una tarda a visitar la nostra escola (i les exposicions de manualitats de Nadal del hall) i a participar en les activitats que tenim programades especialment per ells i elles al nou espai polivalent.<\/p>\n<p><a href=\"https:\/\/agora.xtec.cat\/escolasantbernat\/wp-content\/uploads\/usu1228\/2019\/12\/1575323299-img-20191202-155851.jpg\"><img loading=\"lazy\" decoding=\"async\" class=\"alignnone  wp-image-3477\" src=\"https:\/\/agora.xtec.cat\/escolasantbernat\/wp-content\/uploads\/usu1228\/2019\/12\/1575323299-img-20191202-155851.jpg\" alt=\"\" width=\"771\" height=\"578\" srcset=\"https:\/\/agora.xtec.cat\/escolasantbernat\/wp-content\/uploads\/usu1228\/2019\/12\/1575323299-img-20191202-155851.jpg 800w, https:\/\/agora.xtec.cat\/escolasantbernat\/wp-content\/uploads\/usu1228\/2019\/12\/1575323299-img-20191202-155851-300x225.jpg 300w, https:\/\/agora.xtec.cat\/escolasantbernat\/wp-content\/uploads\/usu1228\/2019\/12\/1575323299-img-20191202-155851-768x576.jpg 768w, https:\/\/agora.xtec.cat\/escolasantbernat\/wp-content\/uploads\/usu1228\/2019\/12\/1575323299-img-20191202-155851-200x150.jpg 200w\" sizes=\"auto, (max-width: 771px) 100vw, 771px\" \/><\/a><\/p>\n","protected":false},"excerpt":{"rendered":"<p>Els avis i les \u00e0vies s\u00f3n unes persones molt importants a la vida dels nostres alumnes. \u00c9s per aix\u00f2 que durant una setmana del mes de desembre celebrem \u201cEl dia dels avis\u201d . Els convidem una tarda a visitar la nostra escola (i les exposicions&hellip;  <a href=\"https:\/\/agora.xtec.cat\/escolasantbernat\/families-sbc\/festa-dels-avis\/\" title=\"Read Festa dels avis\">Llegeix m\u00e9s\u00bb<\/a><\/p>\n","protected":false},"author":5,"featured_media":0,"parent":767,"menu_order":70,"comment_status":"closed","ping_status":"closed","template":"page-templates\/side-menu.php","meta":{"_bbp_topic_count":0,"_bbp_reply_count":0,"_bbp_total_topic_count":0,"_bbp_total_reply_count":0,"_bbp_voice_count":0,"_bbp_anonymous_reply_count":0,"_bbp_topic_count_hidden":0,"_bbp_reply_count_hidden":0,"_bbp_forum_subforum_count":0,"footnotes":""},"class_list":["post-1873","page","type-page","status-publish","hentry"],"post_mailing_queue_ids":[],"_links":{"self":[{"href":"https:\/\/agora.xtec.cat\/escolasantbernat\/wp-json\/wp\/v2\/pages\/1873","targetHints":{"allow":["GET"]}}],"collection":[{"href":"https:\/\/agora.xtec.cat\/escolasantbernat\/wp-json\/wp\/v2\/pages"}],"about":[{"href":"https:\/\/agora.xtec.cat\/escolasantbernat\/wp-json\/wp\/v2\/types\/page"}],"author":[{"embeddable":true,"href":"https:\/\/agora.xtec.cat\/escolasantbernat\/wp-json\/wp\/v2\/users\/5"}],"replies":[{"embeddable":true,"href":"https:\/\/agora.xtec.cat\/escolasantbernat\/wp-json\/wp\/v2\/comments?post=1873"}],"version-history":[{"count":2,"href":"https:\/\/agora.xtec.cat\/escolasantbernat\/wp-json\/wp\/v2\/pages\/1873\/revisions"}],"predecessor-version":[{"id":3478,"href":"https:\/\/agora.xtec.cat\/escolasantbernat\/wp-json\/wp\/v2\/pages\/1873\/revisions\/3478"}],"up":[{"embeddable":true,"href":"https:\/\/agora.xtec.cat\/escolasantbernat\/wp-json\/wp\/v2\/pages\/767"}],"wp:attachment":[{"href":"https:\/\/agora.xtec.cat\/escolasantbernat\/wp-json\/wp\/v2\/media?parent=1873"}],"curies":[{"name":"wp","href":"https:\/\/api.w.org\/{rel}","templated":true}]}}