{"id":1782,"date":"2018-02-28T11:27:33","date_gmt":"2018-02-28T10:27:33","guid":{"rendered":"http:\/\/agora.xtec.cat\/escolasantbernat\/?page_id=1782"},"modified":"2018-02-28T16:42:11","modified_gmt":"2018-02-28T15:42:11","slug":"axioma","status":"publish","type":"page","link":"https:\/\/agora.xtec.cat\/escolasantbernat\/projecte-educatiu\/alianca-stem\/axioma\/","title":{"rendered":"AXIOMA"},"content":{"rendered":"<p>Com treballem les matem\u00e0tiques a l&#8217;Educaci\u00f3 Infantil?<\/p>\n<p>Projecte <em><strong>AXIOMA<\/strong><\/em><\/p>\n<ul>\n<li>Amb\u00a0<strong>AXIOMA<\/strong>\u00a0, la manipulaci\u00f3, l\u2019experimentaci\u00f3 i el raonament cr\u00edtic s\u00f3n claus en el proc\u00e9s d\u2019aprenentatge dels infants.<\/li>\n<li><strong>AXIOMA\u00a0<\/strong>potencia el treball cooperatiu i el de les intel\u00b7lig\u00e8ncies m\u00faltiples.<\/li>\n<\/ul>\n<p><iframe loading=\"lazy\" title=\"Projecte AXIOMA Matem\u00e0tiques. Educaci\u00f3 Infantil. BARCANOVA\" width=\"500\" height=\"281\" src=\"https:\/\/www.youtube.com\/embed\/3erLMatxLkw?feature=oembed\" frameborder=\"0\" allow=\"accelerometer; autoplay; clipboard-write; encrypted-media; gyroscope; picture-in-picture; web-share\" referrerpolicy=\"strict-origin-when-cross-origin\" allowfullscreen><\/iframe><\/p>\n<p>AXIOMA MATEM\u00c0TIQUES \u00e9s un projecte basat en la\u00a0<strong>metodologia<\/strong>\u00a0aplicada a les aules m\u00e9s innovadores del nostre territori.\u00a0Est\u00e0 pensat per a l\u2019aprenentatge de les matem\u00e0tiques a partir de l\u2019experimentaci\u00f3 i disposa de molts materials per manipular i aprendre.<\/p>\n","protected":false},"excerpt":{"rendered":"<p>Com treballem les matem\u00e0tiques a l&#8217;Educaci\u00f3 Infantil?<br \/>\nProjecte AXIOMA<\/p>\n<ul>\n<li>Amb\u00a0AXIOMA\u00a0, la manipulaci\u00f3, l\u2019experimentaci\u00f3 i el raonament cr\u00edtic s\u00f3n claus en el proc\u00e9s d\u2019aprenentatge dels infants.<\/li>\n<li>AXIOMA\u00a0potencia el treball cooperatiu i el de les intel\u00b7lig\u00e8ncies m\u00faltiples.<\/li>\n<\/ul>\n<p>AXIOMA MATEM\u00c0TIQUES \u00e9s un projecte basat en la\u00a0metodologia\u00a0aplicada a les aules m\u00e9s innovadores del&hellip;  <a href=\"https:\/\/agora.xtec.cat\/escolasantbernat\/projecte-educatiu\/alianca-stem\/axioma\/\" title=\"Read AXIOMA\">Llegeix m\u00e9s\u00bb<\/a><\/p>\n","protected":false},"author":5,"featured_media":0,"parent":698,"menu_order":1,"comment_status":"closed","ping_status":"closed","template":"page-templates\/side-menu.php","meta":{"_bbp_topic_count":0,"_bbp_reply_count":0,"_bbp_total_topic_count":0,"_bbp_total_reply_count":0,"_bbp_voice_count":0,"_bbp_anonymous_reply_count":0,"_bbp_topic_count_hidden":0,"_bbp_reply_count_hidden":0,"_bbp_forum_subforum_count":0,"footnotes":""},"class_list":["post-1782","page","type-page","status-publish","hentry"],"post_mailing_queue_ids":[],"_links":{"self":[{"href":"https:\/\/agora.xtec.cat\/escolasantbernat\/wp-json\/wp\/v2\/pages\/1782","targetHints":{"allow":["GET"]}}],"collection":[{"href":"https:\/\/agora.xtec.cat\/escolasantbernat\/wp-json\/wp\/v2\/pages"}],"about":[{"href":"https:\/\/agora.xtec.cat\/escolasantbernat\/wp-json\/wp\/v2\/types\/page"}],"author":[{"embeddable":true,"href":"https:\/\/agora.xtec.cat\/escolasantbernat\/wp-json\/wp\/v2\/users\/5"}],"replies":[{"embeddable":true,"href":"https:\/\/agora.xtec.cat\/escolasantbernat\/wp-json\/wp\/v2\/comments?post=1782"}],"version-history":[{"count":3,"href":"https:\/\/agora.xtec.cat\/escolasantbernat\/wp-json\/wp\/v2\/pages\/1782\/revisions"}],"predecessor-version":[{"id":1845,"href":"https:\/\/agora.xtec.cat\/escolasantbernat\/wp-json\/wp\/v2\/pages\/1782\/revisions\/1845"}],"up":[{"embeddable":true,"href":"https:\/\/agora.xtec.cat\/escolasantbernat\/wp-json\/wp\/v2\/pages\/698"}],"wp:attachment":[{"href":"https:\/\/agora.xtec.cat\/escolasantbernat\/wp-json\/wp\/v2\/media?parent=1782"}],"curies":[{"name":"wp","href":"https:\/\/api.w.org\/{rel}","templated":true}]}}