{"id":9,"date":"2014-09-17T15:08:18","date_gmt":"2014-09-17T14:08:18","guid":{"rendered":"http:\/\/agora.xtec.cat\/escolasantasusanna\/?page_id=9"},"modified":"2026-04-15T09:31:07","modified_gmt":"2026-04-15T07:31:07","slug":"pagina-dinici-buida","status":"publish","type":"page","link":"https:\/\/agora.xtec.cat\/escolasantasusanna\/","title":{"rendered":"CURS 25-26"},"content":{"rendered":"<h3 style=\"text-align: center;\"><span style=\"color: #ff0000;\">ATENCI\u00d3:<\/span><\/h3>\n<h3 style=\"text-align: center;\"><span style=\"color: #ff0000;\">Consulteu la llista amb les sol\u00b7licituds amb la puntuaci\u00f3 provisional a 15\/04\/2026 al seg\u00fcent enlla\u00e7:<\/span><\/h3>\n<p style=\"text-align: center;\"><a href=\"https:\/\/drive.google.com\/file\/d\/1472z_R4PIafSsJbFpdwloRiMrxYo0kLA\/view?usp=drive_link\">BAREM PROVISIONAL AMB LES PUNTUACIONS<\/a><\/p>\n<p>&nbsp;<\/p>\n<h3 style=\"text-align: center;\"><span style=\"color: #ff99cc;\"><strong><img loading=\"lazy\" decoding=\"async\" class=\"wp-image-7725 alignleft\" src=\"https:\/\/agora.xtec.cat\/escolasantasusanna\/wp-content\/uploads\/usu58\/2026\/01\/26-27-Portes-obertes.png\" alt=\"\" width=\"172\" height=\"244\" srcset=\"https:\/\/agora.xtec.cat\/escolasantasusanna\/wp-content\/uploads\/usu58\/2026\/01\/26-27-Portes-obertes.png 707w, https:\/\/agora.xtec.cat\/escolasantasusanna\/wp-content\/uploads\/usu58\/2026\/01\/26-27-Portes-obertes-212x300.png 212w\" sizes=\"auto, (max-width: 172px) 100vw, 172px\" \/><\/strong><\/span><\/h3>\n<h2><img loading=\"lazy\" decoding=\"async\" class=\"wp-image-7719 alignleft\" src=\"https:\/\/agora.xtec.cat\/escolasantasusanna\/wp-content\/uploads\/usu58\/2026\/01\/Hoja-de-trabajo-digital-los-derechos-de-los-ninos-ilustrativo-amarillo.jpg\" alt=\"\" width=\"434\" height=\"244\" srcset=\"https:\/\/agora.xtec.cat\/escolasantasusanna\/wp-content\/uploads\/usu58\/2026\/01\/Hoja-de-trabajo-digital-los-derechos-de-los-ninos-ilustrativo-amarillo.jpg 1920w, https:\/\/agora.xtec.cat\/escolasantasusanna\/wp-content\/uploads\/usu58\/2026\/01\/Hoja-de-trabajo-digital-los-derechos-de-los-ninos-ilustrativo-amarillo-300x169.jpg 300w, https:\/\/agora.xtec.cat\/escolasantasusanna\/wp-content\/uploads\/usu58\/2026\/01\/Hoja-de-trabajo-digital-los-derechos-de-los-ninos-ilustrativo-amarillo-1024x576.jpg 1024w, https:\/\/agora.xtec.cat\/escolasantasusanna\/wp-content\/uploads\/usu58\/2026\/01\/Hoja-de-trabajo-digital-los-derechos-de-los-ninos-ilustrativo-amarillo-768x432.jpg 768w, https:\/\/agora.xtec.cat\/escolasantasusanna\/wp-content\/uploads\/usu58\/2026\/01\/Hoja-de-trabajo-digital-los-derechos-de-los-ninos-ilustrativo-amarillo-1536x864.jpg 1536w\" sizes=\"auto, (max-width: 434px) 100vw, 434px\" \/><\/h2>\n<h3 style=\"text-align: center;\"><\/h3>\n<p>&nbsp;<\/p>\n<h3><\/h3>\n<h3><\/h3>\n<h3><\/h3>\n<h3><\/h3>\n<h3><span style=\"color: #ff99cc;\">NOVETATS CURS 25\/26<\/span><\/h3>\n<h4><strong><span style=\"color: #ff99cc;\">CURS MENTORIA CURRICULAR<\/span><\/strong><\/h4>\n<h5>Amb inter\u00e8s de millora i reflexi\u00f3 sobre la pr\u00e0ctica educativa, aquest curs escolar el Claustre participa en la formaci\u00f3 de Mentoria Curricular.<\/h5>\n<h5>La finalitat \u00e9s con\u00e8ixer les oportunitats que ofereix el curr\u00edculum de les etapes d&#8217;educaci\u00f3 infantil i de l&#8217;educaci\u00f3 b\u00e0sica, per a la millora dels aprenentatges de tot l&#8217;alumnat.<\/h5>\n<h5>La formaci\u00f3, a c\u00e0rrec de la Sra. Margarita Caballero, del Departament d&#8217;Educaci\u00f3, ens permet reflexionar i implementar canvis que milloren la pr\u00e0ctica educativa, per consolidar resultats d&#8217;\u00e8xit en el nostre alumnat i com a Escola.<\/h5>\n<h4><strong><span style=\"color: #ff99cc;\">CURS PCMAT<\/span><\/strong><\/h4>\n<h5><span style=\"font-size: large;\">Aquest curs, l&#8217;escola participa en el Programa de pensament computacional PCMAT.<\/span><\/h5>\n<h5><span style=\"font-size: large;\">PCMAT \u00e9s una iniciativa que s\u2019emmarca dins del desplegament del programa \u201cC\u00f3digo Escuela 4.0\u2033, impulsat pel Ministeri d\u2019Educaci\u00f3, Formaci\u00f3 Professional i Esports i coordinat pel Departament d\u2019Educaci\u00f3 i Formaci\u00f3 Professional de la Generalitat de Catalunya.<\/span><\/h5>\n<h5><span style=\"font-size: large;\">\u00a0L&#8217;objectiu \u00e9s la millora de la compet\u00e8ncia matem\u00e0tica del grup de 6\u00e8, mitjan\u00e7ant\u00a0<\/span>el\u00a0pensament computacional, la\u00a0programaci\u00f3\u00a0i la\u00a0rob\u00f2tica educativa, amb un\u00a0acompanyament intensiu i personalitzat.<\/h5>\n<h5>\u00a0Amb l&#8217;acompanyament quinzenal de la mentora\u00a0<i>N\u00faria Lacomba<\/i>\u00a0que propicia din\u00e0miques d&#8217;aula, fa seguiment de l&#8217;alumnat i assessora als docents, oferint materials i orientacions per portar a terme el programa.<\/h5>\n<h2 style=\"text-align: center;\"><span style=\"color: #ff00ff;\"><strong>L&#8217;ESCOLA QUE VOLEM!<\/strong><\/span><img loading=\"lazy\" decoding=\"async\" class=\"aligncenter wp-image-7305\" src=\"https:\/\/agora.xtec.cat\/escolasantasusanna\/wp-content\/uploads\/usu58\/2024\/11\/PEC-Escola-Infografia-24.png\" alt=\"\" width=\"335\" height=\"251\" srcset=\"https:\/\/agora.xtec.cat\/escolasantasusanna\/wp-content\/uploads\/usu58\/2024\/11\/PEC-Escola-Infografia-24.png 1024w, https:\/\/agora.xtec.cat\/escolasantasusanna\/wp-content\/uploads\/usu58\/2024\/11\/PEC-Escola-Infografia-24-300x225.png 300w, https:\/\/agora.xtec.cat\/escolasantasusanna\/wp-content\/uploads\/usu58\/2024\/11\/PEC-Escola-Infografia-24-768x576.png 768w, https:\/\/agora.xtec.cat\/escolasantasusanna\/wp-content\/uploads\/usu58\/2024\/11\/PEC-Escola-Infografia-24-200x150.png 200w\" sizes=\"auto, (max-width: 335px) 100vw, 335px\" \/><\/h2>\n<p style=\"text-align: center;\"><a href=\"https:\/\/drive.google.com\/file\/d\/1LSzrvZ2F-JF6g4CcETY3rjsIHALncvrP\/view?usp=drive_link\">LLIBRES CURS 25-26<\/a><\/p>\n<p style=\"text-align: center;\"><a href=\"https:\/\/drive.google.com\/file\/d\/1aSoidpNHcOrqmLYPRDrJWAsr0Lg6Dw3N\/view?usp=drive_link\">LLIBRES REUTILITZACI\u00d3 25-26<\/a><\/p>\n<p><a href=\"https:\/\/agora.xtec.cat\/escolasantasusanna\/categoria\/pla-de-millora-de-les-biblioteques-escolars-de-catalunya\/\"><img loading=\"lazy\" decoding=\"async\" class=\"wp-image-7586 aligncenter\" src=\"https:\/\/agora.xtec.cat\/escolasantasusanna\/wp-content\/uploads\/usu58\/2025\/05\/logo_plamib_1-1.jpg\" alt=\"\" width=\"88\" height=\"77\" \/><\/a><\/p>\n","protected":false},"excerpt":{"rendered":"<p>ATENCI\u00d3:<br \/>\nConsulteu la llista amb les sol\u00b7licituds amb la puntuaci\u00f3 provisional a 15\/04\/2026 al seg\u00fcent enlla\u00e7:<br \/>\n<a href=\"https:\/\/drive.google.com\/file\/d\/1472z_R4PIafSsJbFpdwloRiMrxYo0kLA\/view?usp=drive_link\">BAREM PROVISIONAL AMB LES PUNTUACIONS<\/a><br \/>\n&nbsp;<\/p>\n<p>&nbsp;<\/p>\n<p>NOVETATS CURS 25\/26<br \/>\nCURS MENTORIA CURRICULAR<br \/>\nAmb inter\u00e8s de millora i reflexi\u00f3 sobre la pr\u00e0ctica educativa, aquest curs escolar el Claustre participa en la formaci\u00f3 de Mentoria Curricular.<br \/>\nLa&hellip;  <a href=\"https:\/\/agora.xtec.cat\/escolasantasusanna\/\" title=\"Read CURS 25-26\">Llegeix m\u00e9s\u00bb<\/a><\/p>\n","protected":false},"author":1,"featured_media":0,"parent":7,"menu_order":0,"comment_status":"closed","ping_status":"closed","template":"page-templates\/front-page.php","meta":{"_bbp_topic_count":0,"_bbp_reply_count":0,"_bbp_total_topic_count":0,"_bbp_total_reply_count":0,"_bbp_voice_count":0,"_bbp_anonymous_reply_count":0,"_bbp_topic_count_hidden":0,"_bbp_reply_count_hidden":0,"_bbp_forum_subforum_count":0,"footnotes":""},"class_list":["post-9","page","type-page","status-publish","hentry"],"post_mailing_queue_ids":[],"_links":{"self":[{"href":"https:\/\/agora.xtec.cat\/escolasantasusanna\/wp-json\/wp\/v2\/pages\/9","targetHints":{"allow":["GET"]}}],"collection":[{"href":"https:\/\/agora.xtec.cat\/escolasantasusanna\/wp-json\/wp\/v2\/pages"}],"about":[{"href":"https:\/\/agora.xtec.cat\/escolasantasusanna\/wp-json\/wp\/v2\/types\/page"}],"author":[{"embeddable":true,"href":"https:\/\/agora.xtec.cat\/escolasantasusanna\/wp-json\/wp\/v2\/users\/1"}],"replies":[{"embeddable":true,"href":"https:\/\/agora.xtec.cat\/escolasantasusanna\/wp-json\/wp\/v2\/comments?post=9"}],"version-history":[{"count":6,"href":"https:\/\/agora.xtec.cat\/escolasantasusanna\/wp-json\/wp\/v2\/pages\/9\/revisions"}],"predecessor-version":[{"id":7830,"href":"https:\/\/agora.xtec.cat\/escolasantasusanna\/wp-json\/wp\/v2\/pages\/9\/revisions\/7830"}],"up":[{"embeddable":true,"href":"https:\/\/agora.xtec.cat\/escolasantasusanna\/wp-json\/wp\/v2\/pages\/7"}],"wp:attachment":[{"href":"https:\/\/agora.xtec.cat\/escolasantasusanna\/wp-json\/wp\/v2\/media?parent=9"}],"curies":[{"name":"wp","href":"https:\/\/api.w.org\/{rel}","templated":true}]}}