{"id":87,"date":"2014-09-18T14:28:12","date_gmt":"2014-09-18T13:28:12","guid":{"rendered":"http:\/\/agora.xtec.cat\/escolasantasusanna\/?page_id=87"},"modified":"2025-02-19T16:27:41","modified_gmt":"2025-02-19T15:27:41","slug":"nivells","status":"publish","type":"page","link":"https:\/\/agora.xtec.cat\/escolasantasusanna\/nivells\/","title":{"rendered":"Nivells"},"content":{"rendered":"<div class=\"documentDescription description\">L\u2019escola Santa Susanna imparteix els seg\u00fcents ensenyaments:<\/div>\n<div><\/div>\n<div><\/div>\n<p><strong>Educaci\u00f3 infantil de segon cicle<\/strong><\/p>\n<hr \/>\n<p>Correspon a la franja d\u2019edat de 3 a 6 anys i \u00e9s una etapa no obligat\u00f2ria formada per 3 cursos acad\u00e8mics organitzats en un cicle.<span style=\"font-family: inherit; font-size: 1em;\">\u00a0<\/span><\/p>\n<p><span style=\"font-family: inherit; font-size: 1em;\">En aquesta etapa s&#8217;atenen especialment les necessitats b\u00e0siques d&#8217;ordre biol\u00f2gic, psicol\u00f2gic, afectiu, intel\u00b7lectual, l\u00fadic i social dels infants i les ac<\/span>tivitats s&#8217;organitzen tenint en compte que tant les \u00e0rees com els continguts han de tenir un tractament global i interdependent.<\/p>\n<p><strong>Educaci\u00f3 prim\u00e0ria<\/strong><\/p>\n<hr \/>\n<p>\u00c9s la primera etapa de l\u2019Ensenyament Obligatori, escolaritza els nens i nenes de 6 a 12 anys i t\u00e9 car\u00e0cter obligatori.<\/p>\n<p>Aquesta etapa compr\u00e8n sis cursos acad\u00e8mics, organitzats en tres cicles de dos anys cadascun.<\/p>\n<p>\u00c9s la primera etapa de l\u2019Ensenyament Obligatori i l&#8217;organitzaci\u00f3 i l&#8217;enfocament de les \u00e0rees d&#8217;aquesta etapa tenen un car\u00e0cter global i integrador.<\/p>\n","protected":false},"excerpt":{"rendered":"<p>L\u2019escola Santa Susanna imparteix els seg\u00fcents ensenyaments:<\/p>\n<p>Educaci\u00f3 infantil de segon cicle<\/p>\n<p>Correspon a la franja d\u2019edat de 3 a 6 anys i \u00e9s una etapa no obligat\u00f2ria formada per 3 cursos acad\u00e8mics organitzats en un cicle.\u00a0<br \/>\nEn aquesta etapa s&#8217;atenen especialment les necessitats b\u00e0siques d&#8217;ordre biol\u00f2gic, psicol\u00f2gic,&hellip;  <a href=\"https:\/\/agora.xtec.cat\/escolasantasusanna\/nivells\/\" title=\"Read Nivells\">Llegeix m\u00e9s\u00bb<\/a><\/p>\n","protected":false},"author":1,"featured_media":0,"parent":0,"menu_order":0,"comment_status":"closed","ping_status":"closed","template":"page-templates\/side-menu.php","meta":{"_bbp_topic_count":0,"_bbp_reply_count":0,"_bbp_total_topic_count":0,"_bbp_total_reply_count":0,"_bbp_voice_count":0,"_bbp_anonymous_reply_count":0,"_bbp_topic_count_hidden":0,"_bbp_reply_count_hidden":0,"_bbp_forum_subforum_count":0,"footnotes":""},"class_list":["post-87","page","type-page","status-publish","hentry"],"post_mailing_queue_ids":[],"_links":{"self":[{"href":"https:\/\/agora.xtec.cat\/escolasantasusanna\/wp-json\/wp\/v2\/pages\/87","targetHints":{"allow":["GET"]}}],"collection":[{"href":"https:\/\/agora.xtec.cat\/escolasantasusanna\/wp-json\/wp\/v2\/pages"}],"about":[{"href":"https:\/\/agora.xtec.cat\/escolasantasusanna\/wp-json\/wp\/v2\/types\/page"}],"author":[{"embeddable":true,"href":"https:\/\/agora.xtec.cat\/escolasantasusanna\/wp-json\/wp\/v2\/users\/1"}],"replies":[{"embeddable":true,"href":"https:\/\/agora.xtec.cat\/escolasantasusanna\/wp-json\/wp\/v2\/comments?post=87"}],"version-history":[{"count":6,"href":"https:\/\/agora.xtec.cat\/escolasantasusanna\/wp-json\/wp\/v2\/pages\/87\/revisions"}],"predecessor-version":[{"id":7452,"href":"https:\/\/agora.xtec.cat\/escolasantasusanna\/wp-json\/wp\/v2\/pages\/87\/revisions\/7452"}],"wp:attachment":[{"href":"https:\/\/agora.xtec.cat\/escolasantasusanna\/wp-json\/wp\/v2\/media?parent=87"}],"curies":[{"name":"wp","href":"https:\/\/api.w.org\/{rel}","templated":true}]}}