{"id":73,"date":"2014-09-18T14:01:51","date_gmt":"2014-09-18T13:01:51","guid":{"rendered":"http:\/\/agora.xtec.cat\/escolasantasusanna\/?page_id=73"},"modified":"2023-09-19T16:31:17","modified_gmt":"2023-09-19T14:31:17","slug":"menjador-escolar","status":"publish","type":"page","link":"https:\/\/agora.xtec.cat\/escolasantasusanna\/serveis\/menjador-escolar\/","title":{"rendered":"MENJADOR ESCOLAR"},"content":{"rendered":"<h4><strong><a href=\"https:\/\/agora.xtec.cat\/escolasantasusanna\/wp-content\/uploads\/usu58\/2020\/02\/Butllet\u00ed-gener-SANTA-SUSANNA.pdf\"><span style=\"color: #00ff00;\">Butllet\u00ed gener SANTA SUSANNA<\/span><\/a><\/strong><\/h4>\n<p>El servei de menjador de l&#8217; escola est\u00e0 gestionat per l&#8217;empresa <span style=\"text-decoration: underline;\"><span style=\"color: #3366ff; text-decoration: underline;\">ECOARRELS S.L <\/span><\/span>\u00a0amb una alimentaci\u00f3 saludable basada en una cuina tradicional amb productes de temporada, proximitat i ecol\u00f2gics.<\/p>\n<p>L&#8217;escola no disposa de cuina pr\u00f2pia, l&#8217;elaboraci\u00f3 dels men\u00fas es realitza a la cuina de l&#8217;institut escola Montagut (situada a 200 metres de la nostra escola) i contempla les dietes especials dels infants, per intoler\u00e0ncies, al\u00b7l\u00e8rgies o creences.<\/p>\n<p>El servei de menjador engloba la franja del migdia de 12&#8217;30 a 15&#8217;00.<\/p>\n<p><span style=\"text-decoration: underline;\">L&#8217;horari<\/span> per a fer la demanda \u00e9s de <span style=\"text-decoration: underline;\">8:30 a les 9:30h<\/span>, trucant a<b style=\"font-family: inherit; font-size: 1em; color: #0000ff;\">: <\/b><b style=\"font-family: inherit; font-size: 1em; color: #0000ff;\">\u00a0621014698 (Susana Garrido<\/b><b style=\"font-family: inherit; font-size: 1em; color: #0000ff;\">)\u00a0<\/b><\/p>\n<p>Tanmateix, l&#8217;alumnat fix que per alguna ra\u00f3 <span style=\"text-decoration: underline;\">no<\/span> podr\u00e0 assistir al menjador, cal que avisi <span style=\"text-decoration: underline;\">abans de les 9:30 a la coordinador de menjador.<\/span><\/p>\n<p>El preu d&#8217;usuari<span style=\"text-decoration: underline;\"> fix: 6,54 \u20ac.<\/span> Els men\u00fas es paguen anticipadament pel TPV<\/p>\n<p>El preu d&#8217;usuari <span style=\"text-decoration: underline;\">espor\u00e0dic: 7,19\u20ac<\/span>. o 7&#8217;33\u20ac (si el pagament \u00e9s via TPV)<\/p>\n<p>Els men\u00fas es paguen anticipadament per l&#8217;aplicaci\u00f3 del TPV<\/p>\n<p><img loading=\"lazy\" decoding=\"async\" class=\"wp-image-5988 aligncenter\" src=\"https:\/\/agora.xtec.cat\/escolasantasusanna\/wp-content\/uploads\/usu58\/2022\/07\/20220712_114141.jpg\" alt=\"\" width=\"260\" height=\"233\" srcset=\"https:\/\/agora.xtec.cat\/escolasantasusanna\/wp-content\/uploads\/usu58\/2022\/07\/20220712_114141.jpg 1077w, https:\/\/agora.xtec.cat\/escolasantasusanna\/wp-content\/uploads\/usu58\/2022\/07\/20220712_114141-300x269.jpg 300w, https:\/\/agora.xtec.cat\/escolasantasusanna\/wp-content\/uploads\/usu58\/2022\/07\/20220712_114141-1024x917.jpg 1024w, https:\/\/agora.xtec.cat\/escolasantasusanna\/wp-content\/uploads\/usu58\/2022\/07\/20220712_114141-768x687.jpg 768w\" sizes=\"auto, (max-width: 260px) 100vw, 260px\" \/><img loading=\"lazy\" decoding=\"async\" class=\"aligncenter wp-image-5944\" src=\"https:\/\/agora.xtec.cat\/escolasantasusanna\/wp-content\/uploads\/usu58\/2022\/04\/IMG-20210612-WA0040.jpg\" alt=\"\" width=\"135\" height=\"105\" \/><\/p>\n","protected":false},"excerpt":{"rendered":"<p><a href=\"https:\/\/agora.xtec.cat\/escolasantasusanna\/wp-content\/uploads\/usu58\/2020\/02\/Butllet\u00ed-gener-SANTA-SUSANNA.pdf\">Butllet\u00ed gener SANTA SUSANNA<\/a><br \/>\nEl servei de menjador de l&#8217; escola est\u00e0 gestionat per l&#8217;empresa ECOARRELS S.L \u00a0amb una alimentaci\u00f3 saludable basada en una cuina tradicional amb productes de temporada, proximitat i ecol\u00f2gics.<br \/>\nL&#8217;escola no disposa de cuina pr\u00f2pia, l&#8217;elaboraci\u00f3 dels men\u00fas es realitza a la&hellip;  <a href=\"https:\/\/agora.xtec.cat\/escolasantasusanna\/serveis\/menjador-escolar\/\" title=\"Read MENJADOR ESCOLAR\">Llegeix m\u00e9s\u00bb<\/a><\/p>\n","protected":false},"author":1,"featured_media":0,"parent":66,"menu_order":30,"comment_status":"closed","ping_status":"closed","template":"page-templates\/side-menu.php","meta":{"_bbp_topic_count":0,"_bbp_reply_count":0,"_bbp_total_topic_count":0,"_bbp_total_reply_count":0,"_bbp_voice_count":0,"_bbp_anonymous_reply_count":0,"_bbp_topic_count_hidden":0,"_bbp_reply_count_hidden":0,"_bbp_forum_subforum_count":0,"footnotes":""},"class_list":["post-73","page","type-page","status-publish","hentry"],"post_mailing_queue_ids":[],"_links":{"self":[{"href":"https:\/\/agora.xtec.cat\/escolasantasusanna\/wp-json\/wp\/v2\/pages\/73","targetHints":{"allow":["GET"]}}],"collection":[{"href":"https:\/\/agora.xtec.cat\/escolasantasusanna\/wp-json\/wp\/v2\/pages"}],"about":[{"href":"https:\/\/agora.xtec.cat\/escolasantasusanna\/wp-json\/wp\/v2\/types\/page"}],"author":[{"embeddable":true,"href":"https:\/\/agora.xtec.cat\/escolasantasusanna\/wp-json\/wp\/v2\/users\/1"}],"replies":[{"embeddable":true,"href":"https:\/\/agora.xtec.cat\/escolasantasusanna\/wp-json\/wp\/v2\/comments?post=73"}],"version-history":[{"count":3,"href":"https:\/\/agora.xtec.cat\/escolasantasusanna\/wp-json\/wp\/v2\/pages\/73\/revisions"}],"predecessor-version":[{"id":6387,"href":"https:\/\/agora.xtec.cat\/escolasantasusanna\/wp-json\/wp\/v2\/pages\/73\/revisions\/6387"}],"up":[{"embeddable":true,"href":"https:\/\/agora.xtec.cat\/escolasantasusanna\/wp-json\/wp\/v2\/pages\/66"}],"wp:attachment":[{"href":"https:\/\/agora.xtec.cat\/escolasantasusanna\/wp-json\/wp\/v2\/media?parent=73"}],"curies":[{"name":"wp","href":"https:\/\/api.w.org\/{rel}","templated":true}]}}