{"id":66,"date":"2014-09-18T12:40:47","date_gmt":"2014-09-18T11:40:47","guid":{"rendered":"http:\/\/agora.xtec.cat\/escolasantasusanna\/?page_id=66"},"modified":"2019-09-24T15:09:53","modified_gmt":"2019-09-24T13:09:53","slug":"serveis","status":"publish","type":"page","link":"https:\/\/agora.xtec.cat\/escolasantasusanna\/serveis\/","title":{"rendered":"Serveis"},"content":{"rendered":"<h3><span style=\"color: #800080;\"><strong>SERVEIS<\/strong><\/span><\/h3>\n<ul>\n<li>Transport Escolar<\/li>\n<li>Menjador (cuina de proximitat)<\/li>\n<li>Reutilitzaci\u00f3 de llibres<\/li>\n<li>Servei d\u2019acollida<\/li>\n<li>Activitats Extraescolars<\/li>\n<li>EAP \u2013 Equip d\u2019Assessorament Psicopedag\u00f2gic<\/li>\n<li>Col\u00b7laboraci\u00f3 estreta amb la Comunitat Educativa<\/li>\n<li>F\u00edsica (prim\u00e0ria) al Pavell\u00f3 Municipal<\/li>\n<li>Sortides i col\u00f2nies a tots els cursos<\/li>\n<\/ul>\n<h3><\/h3>\n<h4><span style=\"color: #800080;\"><strong>ACOLLIDA<\/strong><\/span><\/h4>\n<p><strong>ACOLLIDA MATINAL &#8211;<\/strong> Horari de 8 a 9h, en franja de mitja hora o una hora.<\/p>\n<p>A c\u00e0rrec de l&#8217;empresa <span style=\"color: #0000ff;\"><strong>Ecoarrels<\/strong>.<\/span> Cal inscriure&#8217;s al<strong> 625493195<\/strong><\/p>\n<p><strong>ACOLLIDA MIGDIA-<\/strong> Horari de 12:15 a 13h. A c\u00e0rrec de CCMaresme. Cal fer inscripci\u00f3 via formulari\u00a0<a href=\"http:www.ccmaresme.cat\/servei.php?id=33\">http:www.ccmaresme.cat\/servei.php?id=33<\/a><\/p>\n<p>&nbsp;<\/p>\n<h4><span style=\"color: #800080;\"><strong>MENJADOR<\/strong><\/span><\/h4>\n<p>L&#8217;escola disposa d&#8217;un servei de c\u00e0tering de menjador,<span style=\"color: #0000ff;\"><strong> Ecoarrels<\/strong><span style=\"color: #000000;\">, que contempla les dietes especials dels infants, per intoler\u00e0ncies, al\u00b7l\u00e8rgies o creences.<\/span><\/span><\/p>\n<p>L&#8217;assist\u00e8ncia pot ser espor\u00e0dica o peri\u00f2dica.<\/p>\n<p>L&#8217;horari per a la demanda \u00e9s de<strong> 8:30 a les 9:30h<\/strong>, trucant a<span style=\"color: #0000ff;\"><strong><span style=\"color: #000000;\"> Ecoarrels: 625493195.<\/span><\/strong><\/span><\/p>\n<p>Tanmateix,<strong>\u00a0l&#8217;alumnat fix que per alguna ra\u00f3 NO podr\u00e0 assistir al menjador<\/strong><span style=\"font-family: inherit; font-size: 1em;\"><strong>,<\/strong> cal que<span style=\"color: #000000;\"> avisi abans de les 9:30 a la responsable.<\/span><\/span><\/p>\n<p>El preu d&#8217;usuari FIX: 6.20\u20ac. Els men\u00fas es paguen anticipadament en efectiu o per transfer\u00e8ncia.<\/p>\n<p>El preu d&#8217;usuari ESPOR\u00c0DIC: 6.80\u20ac. Els tiquets s&#8217;han de recollir al menjador abans de les 9:30.<\/p>\n<p>Els esmorzars tamb\u00e9 es poden sol\u00b7licitar, fins les 9:30h.<\/p>\n<p>&nbsp;<\/p>\n<h4><strong><span style=\"color: #800080;\">EXTRAESCOLARS\u00a0<\/span> \u00a0 \u00a0 \u00a0 <\/strong>(M\u00e9s informaci\u00f3 a l&#8217;Escola)<\/h4>\n<p><strong>L&#8217;AMPA\u00a0 <\/strong>de l&#8217;escola proposa diverses activitats de diferents empreses:Dlleure (dibuix, rob\u00f2tica, youtubers, multiesports, cuina, angl\u00e8s, patinatge, teatre, mecanograf\u00eda, gimn\u00e0stica r\u00edtmica, dansa&#8230;) ; kidsandus; Aloha (c\u00e0lcul mental), Inlingua i \u00c0gora.<\/p>\n<p>&nbsp;<\/p>\n","protected":false},"excerpt":{"rendered":"<p>SERVEIS<\/p>\n<ul>\n<li>Transport Escolar<\/li>\n<li>Menjador (cuina de proximitat)<\/li>\n<li>Reutilitzaci\u00f3 de llibres<\/li>\n<li>Servei d\u2019acollida<\/li>\n<li>Activitats Extraescolars<\/li>\n<li>EAP \u2013 Equip d\u2019Assessorament Psicopedag\u00f2gic<\/li>\n<li>Col\u00b7laboraci\u00f3 estreta amb la Comunitat Educativa<\/li>\n<li>F\u00edsica (prim\u00e0ria) al Pavell\u00f3 Municipal<\/li>\n<li>Sortides i col\u00f2nies a tots els cursos<\/li>\n<\/ul>\n<p>ACOLLIDA<br \/>\nACOLLIDA MATINAL &#8211; Horari de 8 a 9h, en franja de mitja hora o una hora.<br \/>\nA c\u00e0rrec de&hellip;  <a href=\"https:\/\/agora.xtec.cat\/escolasantasusanna\/serveis\/\" title=\"Read Serveis\">Llegeix m\u00e9s\u00bb<\/a><\/p>\n","protected":false},"author":1,"featured_media":0,"parent":0,"menu_order":0,"comment_status":"closed","ping_status":"closed","template":"page-templates\/side-menu.php","meta":{"_bbp_topic_count":0,"_bbp_reply_count":0,"_bbp_total_topic_count":0,"_bbp_total_reply_count":0,"_bbp_voice_count":0,"_bbp_anonymous_reply_count":0,"_bbp_topic_count_hidden":0,"_bbp_reply_count_hidden":0,"_bbp_forum_subforum_count":0,"footnotes":""},"class_list":["post-66","page","type-page","status-publish","hentry"],"post_mailing_queue_ids":[],"_links":{"self":[{"href":"https:\/\/agora.xtec.cat\/escolasantasusanna\/wp-json\/wp\/v2\/pages\/66","targetHints":{"allow":["GET"]}}],"collection":[{"href":"https:\/\/agora.xtec.cat\/escolasantasusanna\/wp-json\/wp\/v2\/pages"}],"about":[{"href":"https:\/\/agora.xtec.cat\/escolasantasusanna\/wp-json\/wp\/v2\/types\/page"}],"author":[{"embeddable":true,"href":"https:\/\/agora.xtec.cat\/escolasantasusanna\/wp-json\/wp\/v2\/users\/1"}],"replies":[{"embeddable":true,"href":"https:\/\/agora.xtec.cat\/escolasantasusanna\/wp-json\/wp\/v2\/comments?post=66"}],"version-history":[{"count":3,"href":"https:\/\/agora.xtec.cat\/escolasantasusanna\/wp-json\/wp\/v2\/pages\/66\/revisions"}],"predecessor-version":[{"id":4214,"href":"https:\/\/agora.xtec.cat\/escolasantasusanna\/wp-json\/wp\/v2\/pages\/66\/revisions\/4214"}],"wp:attachment":[{"href":"https:\/\/agora.xtec.cat\/escolasantasusanna\/wp-json\/wp\/v2\/media?parent=66"}],"curies":[{"name":"wp","href":"https:\/\/api.w.org\/{rel}","templated":true}]}}