{"id":64,"date":"2014-09-18T12:39:08","date_gmt":"2014-09-18T10:39:08","guid":{"rendered":"http:\/\/agora.xtec.cat\/escolasantasusanna\/?page_id=64"},"modified":"2017-02-28T10:29:17","modified_gmt":"2017-02-28T09:29:17","slug":"projecte-educatiu","status":"publish","type":"page","link":"https:\/\/agora.xtec.cat\/escolasantasusanna\/projecte-educatiu\/","title":{"rendered":"Projectes"},"content":{"rendered":"<p><strong>TRETS D\u2019IDENTITAT DEL CENTRE<\/strong><\/p>\n<ul>\n<li>\u00c9s una escola p\u00fablica catalana, arrelada al medi que no exclou ning\u00fa per ra\u00f3 de la seva condici\u00f3 personal social o ideol\u00f2gica.<\/li>\n<li>\u00c9s una escola aconfessional, respectuosa amb totes les creences.<\/li>\n<li>Fomentem una educaci\u00f3 basada en la solidaritat , els respecte dels altres i de si mateixos, el sentit de la llibertat\u00a0 lligat al de la responsabilitat, el gust pel treball ben fet&#8230;<\/li>\n<li>Pretenem que els nostres alumnes desenvolupin al m\u00e0xim les seves capacitats, i que adquireixin uns valors que els serveixin per millorar personal i socialment.<\/li>\n<li>Pretenem que els nostres alumnes aprenguin a pensar i a aprendre.<\/li>\n<li>Volem transmetre els continguts amb rigor i creiem en la necessitat d&#8217;una exig\u00e8ncia acad\u00e8mica raonable, juntament amb la necess\u00e0ria personalitzaci\u00f3 i atenci\u00f3 preferent cap a la diversitat.<\/li>\n<\/ul>\n<p>Emprem diferents metodologies i estrat\u00e8gies, en funci\u00f3 dels objectius a aconseguir<\/p>\n<p>PRINCIPIS PEDAG\u00d2GICS<\/p>\n<ul>\n<li>La formaci\u00f3 acad\u00e8mica dels nostres alumnes est\u00e0 basada en els diferents \u00e0mbits: cognitiu, afectiu, psicomotor, d&#8217;equilibri personal i de relaci\u00f3 social.<\/li>\n<li>Som una escola compromesa amb l\u2019entorn i participem en les diverses activitats programades per les entitats del poble.<\/li>\n<li>L\u2019escola pren el comprom\u00eds de fomentar en l\u2019alumnat una actitud curiosa, cr\u00edtica i investigadora que, mitjan\u00e7ant la comunicaci\u00f3 i el treball esdevindr\u00e0 la base de la seva formaci\u00f3 i de l\u2019adquisici\u00f3 dels aprenentatges.<\/li>\n<li>Ens actualitzem en els \u00faltims aven\u00e7os tecnol\u00f2gics, i per aix\u00f2 ens preocupem d\u2019integrar les noves tecnologies en tots els processos d\u2019ensenyament i aprenentatge.<\/li>\n<\/ul>\n","protected":false},"excerpt":{"rendered":"<p>TRETS D\u2019IDENTITAT DEL CENTRE<\/p>\n<ul>\n<li>\u00c9s una escola p\u00fablica catalana, arrelada al medi que no exclou ning\u00fa per ra\u00f3 de la seva condici\u00f3 personal social o ideol\u00f2gica.<\/li>\n<li>\u00c9s una escola aconfessional, respectuosa amb totes les creences.<\/li>\n<li>Fomentem una educaci\u00f3 basada en la solidaritat , els respecte dels altres i&hellip;  <a href=\"https:\/\/agora.xtec.cat\/escolasantasusanna\/projecte-educatiu\/\" title=\"Read Projectes\">Llegeix m\u00e9s\u00bb<\/a><br \/>\n","protected":false},"author":1,"featured_media":0,"parent":0,"menu_order":0,"comment_status":"closed","ping_status":"closed","template":"page-templates\/side-menu.php","meta":{"_bbp_topic_count":0,"_bbp_reply_count":0,"_bbp_total_topic_count":0,"_bbp_total_reply_count":0,"_bbp_voice_count":0,"_bbp_anonymous_reply_count":0,"_bbp_topic_count_hidden":0,"_bbp_reply_count_hidden":0,"_bbp_forum_subforum_count":0,"footnotes":""},"class_list":["post-64","page","type-page","status-publish","hentry"],"post_mailing_queue_ids":[],"_links":{"self":[{"href":"https:\/\/agora.xtec.cat\/escolasantasusanna\/wp-json\/wp\/v2\/pages\/64","targetHints":{"allow":["GET"]}}],"collection":[{"href":"https:\/\/agora.xtec.cat\/escolasantasusanna\/wp-json\/wp\/v2\/pages"}],"about":[{"href":"https:\/\/agora.xtec.cat\/escolasantasusanna\/wp-json\/wp\/v2\/types\/page"}],"author":[{"embeddable":true,"href":"https:\/\/agora.xtec.cat\/escolasantasusanna\/wp-json\/wp\/v2\/users\/1"}],"replies":[{"embeddable":true,"href":"https:\/\/agora.xtec.cat\/escolasantasusanna\/wp-json\/wp\/v2\/comments?post=64"}],"version-history":[{"count":4,"href":"https:\/\/agora.xtec.cat\/escolasantasusanna\/wp-json\/wp\/v2\/pages\/64\/revisions"}],"predecessor-version":[{"id":2511,"href":"https:\/\/agora.xtec.cat\/escolasantasusanna\/wp-json\/wp\/v2\/pages\/64\/revisions\/2511"}],"wp:attachment":[{"href":"https:\/\/agora.xtec.cat\/escolasantasusanna\/wp-json\/wp\/v2\/media?parent=64"}],"curies":[{"name":"wp","href":"https:\/\/api.w.org\/{rel}","templated":true}]}}