{"id":38,"date":"2014-09-18T12:34:08","date_gmt":"2014-09-18T11:34:08","guid":{"rendered":"http:\/\/agora.xtec.cat\/escolasantasusanna\/?page_id=38"},"modified":"2022-07-12T13:57:25","modified_gmt":"2022-07-12T11:57:25","slug":"salut","status":"publish","type":"page","link":"https:\/\/agora.xtec.cat\/escolasantasusanna\/lescola\/salut\/","title":{"rendered":"Salut"},"content":{"rendered":"<p>L&#8217;escola, a trav\u00e9s del Departament d\u2019Educaci\u00f3, participa en diferents programes\u00a0per al foment dels h\u00e0bits saludables, del benestar emocional, de la socialitzaci\u00f3 i de la prevenci\u00f3 de conductes de risc dels infants i joves.<\/p>\n<p>Us compartim l&#8217;enlla\u00e7 del Departament de Salut on es detallen els criteris de no assist\u00e8ncia de l\u2019alumnat a l\u2019escola\u00a0durant un per\u00edode de temps determinat a causa de malalties transmissibles.<\/p>\n<p><a href=\"https:\/\/scientiasalut.gencat.cat\/bitstream\/handle\/11351\/3061.2\/criteris_no_assistencia_alumnat_escola_llar_infants_durant_periode_temps_determina_causa_malalties_transmisibles_2018.pdf?sequence=6&amp;isAllowed=y\" target=\"_blank\" rel=\"noopener\">https:\/\/scientiasalut.gencat.cat\/bitstream\/handle\/11351\/3061.2\/criteris_no_assistencia_alumnat_escola_llar_infants_durant_periode_temps_determina_causa_malalties_transmisibles_2018.pdf?sequence=6&amp;isAllowed=y<\/a><\/p>\n<p>&nbsp;<\/p>\n<p>&nbsp;<\/p>\n<p>&nbsp;<\/p>\n<p>&nbsp;<\/p>\n","protected":false},"excerpt":{"rendered":"<p>L&#8217;escola, a trav\u00e9s del Departament d\u2019Educaci\u00f3, participa en diferents programes\u00a0per al foment dels h\u00e0bits saludables, del benestar emocional, de la socialitzaci\u00f3 i de la prevenci\u00f3 de conductes de risc dels infants i joves.<br \/>\nUs compartim l&#8217;enlla\u00e7 del Departament de Salut on es detallen els criteris de&hellip;  <a href=\"https:\/\/agora.xtec.cat\/escolasantasusanna\/lescola\/salut\/\" title=\"Read Salut\">Llegeix m\u00e9s\u00bb<\/a><\/p>\n","protected":false},"author":1,"featured_media":0,"parent":22,"menu_order":80,"comment_status":"closed","ping_status":"closed","template":"page-templates\/side-menu.php","meta":{"_bbp_topic_count":0,"_bbp_reply_count":0,"_bbp_total_topic_count":0,"_bbp_total_reply_count":0,"_bbp_voice_count":0,"_bbp_anonymous_reply_count":0,"_bbp_topic_count_hidden":0,"_bbp_reply_count_hidden":0,"_bbp_forum_subforum_count":0,"footnotes":""},"class_list":["post-38","page","type-page","status-publish","hentry"],"post_mailing_queue_ids":[],"_links":{"self":[{"href":"https:\/\/agora.xtec.cat\/escolasantasusanna\/wp-json\/wp\/v2\/pages\/38","targetHints":{"allow":["GET"]}}],"collection":[{"href":"https:\/\/agora.xtec.cat\/escolasantasusanna\/wp-json\/wp\/v2\/pages"}],"about":[{"href":"https:\/\/agora.xtec.cat\/escolasantasusanna\/wp-json\/wp\/v2\/types\/page"}],"author":[{"embeddable":true,"href":"https:\/\/agora.xtec.cat\/escolasantasusanna\/wp-json\/wp\/v2\/users\/1"}],"replies":[{"embeddable":true,"href":"https:\/\/agora.xtec.cat\/escolasantasusanna\/wp-json\/wp\/v2\/comments?post=38"}],"version-history":[{"count":3,"href":"https:\/\/agora.xtec.cat\/escolasantasusanna\/wp-json\/wp\/v2\/pages\/38\/revisions"}],"predecessor-version":[{"id":6016,"href":"https:\/\/agora.xtec.cat\/escolasantasusanna\/wp-json\/wp\/v2\/pages\/38\/revisions\/6016"}],"up":[{"embeddable":true,"href":"https:\/\/agora.xtec.cat\/escolasantasusanna\/wp-json\/wp\/v2\/pages\/22"}],"wp:attachment":[{"href":"https:\/\/agora.xtec.cat\/escolasantasusanna\/wp-json\/wp\/v2\/media?parent=38"}],"curies":[{"name":"wp","href":"https:\/\/api.w.org\/{rel}","templated":true}]}}