{"id":32,"date":"2014-09-18T12:31:33","date_gmt":"2014-09-18T11:31:33","guid":{"rendered":"http:\/\/agora.xtec.cat\/escolasantasusanna\/?page_id=32"},"modified":"2025-09-23T15:14:57","modified_gmt":"2025-09-23T13:14:57","slug":"calendari-del-curs","status":"publish","type":"page","link":"https:\/\/agora.xtec.cat\/escolasantasusanna\/lescola\/calendari-del-curs\/","title":{"rendered":"Calendari del curs 25-26"},"content":{"rendered":"<h4><span style=\"color: #800080;\"><strong>Inici de curs 2025 &#8211; 2026:<\/strong><\/span><\/h4>\n<p>Dilluns, 8 de setembre 2025<\/p>\n<h4><span style=\"color: #800080;\"><strong>Fi de curs:<\/strong><\/span><\/h4>\n<p>Divendres 19 de juny 2026<\/p>\n<h4><span style=\"color: #800080;\"><strong>Vacances:<\/strong><\/span><\/h4>\n<p>Des del 20 de desembre 2025 fins al 7 de gener de 2026, ambd\u00f3s inclosos<\/p>\n<p>Del 28 de mar\u00e7 de 2026 al 6 d&#8217;abril de 2026 ambd\u00f3s inclosos<\/p>\n<p>A partir del 19 de juny de 2026<\/p>\n<h4><span style=\"color: #800080;\"><strong>Dies festius<\/strong><\/span><\/h4>\n<h4><span style=\"color: #800080;\"><strong>\u00a0<\/strong><\/span><span style=\"color: #ff0000;\">11 de setembre<\/span><span style=\"color: #ff0000;\">, 8<\/span><span style=\"color: #ff0000;\">\u00a0desembre, <\/span><span style=\"color: #ff0000;\">1 maig<\/span><\/h4>\n<h4><span style=\"color: #800080;\"><strong>Dies de lliure disposici\u00f3:<\/strong><\/span><\/h4>\n<ul>\n<li><strong><span style=\"color: #ff0000;\">3 novembre<\/span><\/strong><\/li>\n<li><strong><span style=\"color: #ff0000;\">5 de desembre<\/span><\/strong><\/li>\n<li><strong><span style=\"color: #ff0000;\">16 de febrer<\/span><\/strong><\/li>\n<li><strong><span style=\"color: #ff0000;\">30 d&#8217;abril<\/span><\/strong><\/li>\n<li><strong><span style=\"color: #ff0000;\">15 de maig <\/span><\/strong><\/li>\n<li><strong><span style=\"color: #ff0000;\">1 de juny<\/span><\/strong><\/li>\n<\/ul>\n<h4><span style=\"color: #800080;\"><strong>Jornada intensiva:<\/strong><\/span><\/h4>\n<p>19\u00a0 de desembre 2025 fins 13h<br \/>\n8 al 19 de juny 2026\u00a0 fins 13h<\/p>\n<h4><span style=\"color: #800080;\"><strong>L\u2019horari lectiu\u00a0del centre \u00e9s<\/strong>:<\/span><\/h4>\n<p>Mat\u00ed: de 9 a 12:30h. Tarda: de 15 a 16:30h.<\/p>\n<p><span style=\"font-family: inherit; font-size: 1em;\">El dia 19 de desembre de 2025 i a partir del 8 de juny de 2026 es realitza horari compactat de 9 a 13\u202fh.\u00a0<\/span><\/p>\n<p>Per als alumnes que inicien l\u2019escolaritzaci\u00f3 a EI3 s\u2019organitza un breu per\u00edode d\u2019adaptaci\u00f3 que suposa una certa modificaci\u00f3 dels horaris dels primers dies de classe i que es fa saber a les fam\u00edlies en les reunions pr\u00e8vies corresponents.<\/p>\n<p><span style=\"color: #800080;\"><strong>PERSONAL ADMINISTRATIU\u00a0 \u00a0EVA EMMANUEL<\/strong><\/span><\/p>\n<p><strong style=\"color: #800080; font-family: inherit; font-size: 1em;\">EAP <\/strong><span style=\"color: #000000;\">Ana Carrasco<\/span><\/p>\n<p><strong style=\"color: #800080; font-family: inherit; font-size: 1em;\">CREDA\u00a0 <\/strong>Judit Comas<\/p>\n<p><span style=\"color: #800080;\"><strong>PROFESSORAT\u00a0 \u00a0 \u00a0 <\/strong><\/span>REUNIONS PERSONAL DOCENT: Divendres 12&#8217;30-13&#8217;30 (pr\u00e8via confirmaci\u00f3 al docent)<\/p>\n<p><span style=\"color: #800080;\"><strong>AMPA<\/strong><\/span>\u00a0Associaci\u00f3 de Fam\u00edlies d\u2019Alumnes, \u00e9s la forma m\u00e9s efectiva que tenen totes les fam\u00edlies d\u2019agrupar-se i organitzar-se dins del Centre Escolar.<\/p>\n<p>L\u2019AMPA \u00e9s una entitat sense afany de lucre, reconeguda legalment al registre d\u2019associacions i les seves funcions estan regulades per un decret de la Generalitat de Catalunya.<\/p>\n<p>La nostra AMPA \u00e9s una plataforma oberta a la participaci\u00f3 i reivindicaci\u00f3 de tots els aspectes referents a l\u2019educaci\u00f3 i el seu objectiu principal \u00e9s aconseguir, juntament amb els docents, una millor formaci\u00f3 dels infants basada en els principis propis d\u2019una societat democr\u00e0tica.<\/p>\n","protected":false},"excerpt":{"rendered":"<p>Inici de curs 2025 &#8211; 2026:<br \/>\nDilluns, 8 de setembre 2025<br \/>\nFi de curs:<br \/>\nDivendres 19 de juny 2026<br \/>\nVacances:<br \/>\nDes del 20 de desembre 2025 fins al 7 de gener de 2026, ambd\u00f3s inclosos<br \/>\nDel 28 de mar\u00e7 de 2026 al 6 d&#8217;abril de 2026 ambd\u00f3s inclosos<br \/>\nA partir del 19&hellip;  <a href=\"https:\/\/agora.xtec.cat\/escolasantasusanna\/lescola\/calendari-del-curs\/\" title=\"Read Calendari del curs 25-26\">Llegeix m\u00e9s\u00bb<\/a><\/p>\n","protected":false},"author":1,"featured_media":0,"parent":22,"menu_order":50,"comment_status":"closed","ping_status":"closed","template":"page-templates\/side-menu.php","meta":{"_bbp_topic_count":0,"_bbp_reply_count":0,"_bbp_total_topic_count":0,"_bbp_total_reply_count":0,"_bbp_voice_count":0,"_bbp_anonymous_reply_count":0,"_bbp_topic_count_hidden":0,"_bbp_reply_count_hidden":0,"_bbp_forum_subforum_count":0,"footnotes":""},"class_list":["post-32","page","type-page","status-publish","hentry"],"post_mailing_queue_ids":[],"_links":{"self":[{"href":"https:\/\/agora.xtec.cat\/escolasantasusanna\/wp-json\/wp\/v2\/pages\/32","targetHints":{"allow":["GET"]}}],"collection":[{"href":"https:\/\/agora.xtec.cat\/escolasantasusanna\/wp-json\/wp\/v2\/pages"}],"about":[{"href":"https:\/\/agora.xtec.cat\/escolasantasusanna\/wp-json\/wp\/v2\/types\/page"}],"author":[{"embeddable":true,"href":"https:\/\/agora.xtec.cat\/escolasantasusanna\/wp-json\/wp\/v2\/users\/1"}],"replies":[{"embeddable":true,"href":"https:\/\/agora.xtec.cat\/escolasantasusanna\/wp-json\/wp\/v2\/comments?post=32"}],"version-history":[{"count":6,"href":"https:\/\/agora.xtec.cat\/escolasantasusanna\/wp-json\/wp\/v2\/pages\/32\/revisions"}],"predecessor-version":[{"id":7626,"href":"https:\/\/agora.xtec.cat\/escolasantasusanna\/wp-json\/wp\/v2\/pages\/32\/revisions\/7626"}],"up":[{"embeddable":true,"href":"https:\/\/agora.xtec.cat\/escolasantasusanna\/wp-json\/wp\/v2\/pages\/22"}],"wp:attachment":[{"href":"https:\/\/agora.xtec.cat\/escolasantasusanna\/wp-json\/wp\/v2\/media?parent=32"}],"curies":[{"name":"wp","href":"https:\/\/api.w.org\/{rel}","templated":true}]}}