{"id":1192,"date":"2014-11-26T19:37:41","date_gmt":"2014-11-26T18:37:41","guid":{"rendered":"http:\/\/blocs.xtec.cat\/santasusannabiblioteca\/?page_id=1192"},"modified":"2014-11-26T19:37:41","modified_gmt":"2014-11-26T18:37:41","slug":"presentacio","status":"publish","type":"page","link":"https:\/\/agora.xtec.cat\/escolasantasusanna\/presentacio\/","title":{"rendered":"Presentaci\u00f3"},"content":{"rendered":"<p>VISITA VIRTUAL per la BIBLIOTECA SERBILL!!!<br \/>\n<iframe loading=\"lazy\" width=\"560\" height=\"315\" src=\"https:\/\/www.youtube.com\/embed\/nj7bfhM2a1I\" frameborder=\"0\" allowfullscreen><\/iframe><br \/>\n<span style=\"color: #ffff00;\">BIBLIOTECA DE L\u2019ESCOLA DE SANTA SUSANNA<\/span><\/p>\n<p><span style=\"color: #ff0000;\">SERBILL<\/span>:<span style=\"color: #008000;\">ESPAI DE<\/span> <span style=\"color: #ff6600;\">FANTASIA<\/span> I <span style=\"color: #0000ff;\">CONEIXEMENT<\/span><\/p>\n<p>Llegir \u00e9s un art, el practiquem?<\/p>\n<p>Est\u00e0s convidat\/da a practicar-lo cada dimarts,dimecres, dijous i divendres a la Bibliopati !!!<\/p>\n<p><span style=\"color: #ff00ff;\">Fem de la lectura un fet quotidi\u00e0!<\/span><\/p>\n<p style=\"margin: 0cm 0cm 0pt;\"><span lang=\"CA\" style=\"color: #00ffff;\"><strong><span style=\"font-family: Comic Sans MS; font-size: x-large;\">Fem del llibre un objecte<\/span><\/strong><\/span><\/p>\n<p style=\"margin: 0cm 0cm 0pt;\"><span style=\"color: #00ffff;\"><span lang=\"CA\"><strong><span style=\"font-family: Comic Sans MS; font-size: x-large;\"> familiar, <\/span><\/strong><\/span><span lang=\"CA\"><strong><span style=\"font-family: Comic Sans MS; font-size: x-large;\">estimat, compartit, <\/span><\/strong><\/span><\/span><\/p>\n<p style=\"margin: 0cm 0cm 0pt;\"><span lang=\"CA\" style=\"color: #00ffff;\"><strong><span style=\"font-family: Comic Sans MS; font-size: x-large;\">un amic que ens acompanyi sempre!<\/span><\/strong><\/span><\/p>\n<p style=\"margin: 0cm 0cm 0pt;\">\n<p><span style=\"color: #ff6600;\"><strong>LLEGIR ens far\u00e0 descobrir altres m\u00f3ns, ens ajudar\u00e0 a con\u00e8ixer herois del b\u00e9 i del mal, ens ajudar\u00e0 a con\u00e8ixer-nos a nosaltres mateixos i a construir el car\u00e0cter, que ens ensenyar\u00e0 a pensar i a reflexionar\u2026<\/strong><\/span><\/p>\n<p><em>S\u00e9 d\u2019un lloc meravell\u00f3s<\/em><\/p>\n<p><em>on s\u2019hi pot trobar de tot.<\/em><\/p>\n<p><em>Dinosaures molt valents<\/em><\/p>\n<p><em>i dracs que ensenyen les dents<\/em><\/p>\n<p><em>Fades molt bones<\/em><\/p>\n<p><em>i bruixes que fan p\u00f2cimes.<\/em><\/p>\n<p><em>Hi ha princeses rialleres<\/em><\/p>\n<p><em>i ogres amb cara de feres&#8230;<\/em><\/p>\n<p><em>Podr\u00e0s viatjar a llocs llunyans<\/em><\/p>\n<p><em>i sempre tindr\u00e0s companys.<\/em><\/p>\n<p><em>Si a la BIBLIOTECA\u00a0 vens,<\/em><\/p>\n<p><em>no perdr\u00e0s mai el temps.<\/em><\/p>\n<h4><span style=\"color: #ffcc99;\"><em>M.Rosa Algu\u00e9 Vendrells<\/em><\/span><\/h4>\n","protected":false},"excerpt":{"rendered":"<p>VISITA VIRTUAL per la BIBLIOTECA SERBILL!!!<\/p>\n<p>BIBLIOTECA DE L\u2019ESCOLA DE SANTA SUSANNA<br \/>\nSERBILL:ESPAI DE FANTASIA I CONEIXEMENT<br \/>\nLlegir \u00e9s un art, el practiquem?<br \/>\nEst\u00e0s convidat\/da a practicar-lo cada dimarts,dimecres, dijous i divendres a la Bibliopati !!!<br \/>\nFem de la lectura un fet quotidi\u00e0!<br \/>\nFem del llibre un objecte<br \/>\n familiar, estimat, compartit,&hellip;  <a href=\"https:\/\/agora.xtec.cat\/escolasantasusanna\/presentacio\/\" title=\"Read Presentaci\u00f3\">Llegeix m\u00e9s\u00bb<\/a><\/p>\n","protected":false},"author":1,"featured_media":0,"parent":0,"menu_order":2,"comment_status":"open","ping_status":"open","template":"","meta":{"_bbp_topic_count":0,"_bbp_reply_count":0,"_bbp_total_topic_count":0,"_bbp_total_reply_count":0,"_bbp_voice_count":0,"_bbp_anonymous_reply_count":0,"_bbp_topic_count_hidden":0,"_bbp_reply_count_hidden":0,"_bbp_forum_subforum_count":0,"footnotes":""},"class_list":["post-1192","page","type-page","status-publish","hentry"],"post_mailing_queue_ids":[],"_links":{"self":[{"href":"https:\/\/agora.xtec.cat\/escolasantasusanna\/wp-json\/wp\/v2\/pages\/1192","targetHints":{"allow":["GET"]}}],"collection":[{"href":"https:\/\/agora.xtec.cat\/escolasantasusanna\/wp-json\/wp\/v2\/pages"}],"about":[{"href":"https:\/\/agora.xtec.cat\/escolasantasusanna\/wp-json\/wp\/v2\/types\/page"}],"author":[{"embeddable":true,"href":"https:\/\/agora.xtec.cat\/escolasantasusanna\/wp-json\/wp\/v2\/users\/1"}],"replies":[{"embeddable":true,"href":"https:\/\/agora.xtec.cat\/escolasantasusanna\/wp-json\/wp\/v2\/comments?post=1192"}],"version-history":[{"count":0,"href":"https:\/\/agora.xtec.cat\/escolasantasusanna\/wp-json\/wp\/v2\/pages\/1192\/revisions"}],"wp:attachment":[{"href":"https:\/\/agora.xtec.cat\/escolasantasusanna\/wp-json\/wp\/v2\/media?parent=1192"}],"curies":[{"name":"wp","href":"https:\/\/api.w.org\/{rel}","templated":true}]}}