{"id":950,"date":"2019-09-07T13:20:21","date_gmt":"2019-09-07T11:20:21","guid":{"rendered":"http:\/\/agora.xtec.cat\/escolasantamariacervello\/?page_id=950"},"modified":"2026-01-25T16:09:57","modified_gmt":"2026-01-25T15:09:57","slug":"estatuts","status":"publish","type":"page","link":"https:\/\/agora.xtec.cat\/escolasantamariacervello\/afa\/que-es-lampa\/estatuts\/","title":{"rendered":"Estatuts"},"content":{"rendered":"<h2><span class=\"subheading-category\">Els estatuts<\/span><\/h2>\n<div class=\"category-desc clearfix\"><\/div>\n<div class=\"items-leading clearfix\">\n<div class=\"leading\">\n<div class=\"clr\"><\/div>\n<div><\/div>\n<div>Posem a la vostra disposici\u00f3 els Estatuts de l&#8217;AMPA en la seva darrera versi\u00f3, aprovada en l&#8217;Assemblea General Extraordin\u00e0ria del 14 de desembre de 2012.<\/div>\n<table border=\"0\" cellspacing=\"0\" cellpadding=\"0\" align=\"center\">\n<tbody>\n<tr>\n<td align=\"center\" valign=\"middle\"><b>Descarregar<\/b><\/td>\n<td align=\"center\" valign=\"middle\">\u00a0\u00a0<a href=\"http:\/\/www.escolasantamariacervello.cat\/images\/stories\/AMPA\/Documents\/PROPOSTA_ESTATUTS_AMPA.pdf\" target=\"_blank\" rel=\"noopener noreferrer\">Estatuts AMPA Escola<\/a> Sa<a href=\"https:\/\/drive.google.com\/open?id=1Ldj6DWkyT34WBbAh8JTzV1Auag61xxlV\" target=\"_blank\" rel=\"noopener noreferrer\">nta Maria de Cervell\u00f3<\/a><\/td>\n<\/tr>\n<\/tbody>\n<\/table>\n<\/div>\n<\/div>\n","protected":false},"excerpt":{"rendered":"<p>Els estatuts Posem a la vostra disposici\u00f3 els Estatuts de l&#8217;AMPA en la seva darrera versi\u00f3, aprovada en l&#8217;Assemblea General Extraordin\u00e0ria del 14 de desembre de 2012. Descarregar \u00a0\u00a0Estatuts AMPA Escola Santa Maria de Cervell\u00f3<\/p>\n","protected":false},"author":64,"featured_media":0,"parent":948,"menu_order":0,"comment_status":"closed","ping_status":"closed","template":"","meta":{"_bbp_topic_count":0,"_bbp_reply_count":0,"_bbp_total_topic_count":0,"_bbp_total_reply_count":0,"_bbp_voice_count":0,"_bbp_anonymous_reply_count":0,"_bbp_topic_count_hidden":0,"_bbp_reply_count_hidden":0,"_bbp_forum_subforum_count":0,"site-sidebar-layout":"default","site-content-layout":"","ast-site-content-layout":"default","site-content-style":"default","site-sidebar-style":"default","ast-global-header-display":"","ast-banner-title-visibility":"","ast-main-header-display":"","ast-hfb-above-header-display":"","ast-hfb-below-header-display":"","ast-hfb-mobile-header-display":"","site-post-title":"","ast-breadcrumbs-content":"","ast-featured-img":"","footer-sml-layout":"","theme-transparent-header-meta":"","adv-header-id-meta":"","stick-header-meta":"","header-above-stick-meta":"","header-main-stick-meta":"","header-below-stick-meta":"","astra-migrate-meta-layouts":"set","ast-page-background-enabled":"default","ast-page-background-meta":{"desktop":{"background-color":"var(--ast-global-color-4)","background-image":"","background-repeat":"repeat","background-position":"center center","background-size":"auto","background-attachment":"scroll","background-type":"","background-media":"","overlay-type":"","overlay-color":"","overlay-opacity":"","overlay-gradient":""},"tablet":{"background-color":"","background-image":"","background-repeat":"repeat","background-position":"center center","background-size":"auto","background-attachment":"scroll","background-type":"","background-media":"","overlay-type":"","overlay-color":"","overlay-opacity":"","overlay-gradient":""},"mobile":{"background-color":"","background-image":"","background-repeat":"repeat","background-position":"center center","background-size":"auto","background-attachment":"scroll","background-type":"","background-media":"","overlay-type":"","overlay-color":"","overlay-opacity":"","overlay-gradient":""}},"ast-content-background-meta":{"desktop":{"background-color":"var(--ast-global-color-5)","background-image":"","background-repeat":"repeat","background-position":"center center","background-size":"auto","background-attachment":"scroll","background-type":"","background-media":"","overlay-type":"","overlay-color":"","overlay-opacity":"","overlay-gradient":""},"tablet":{"background-color":"var(--ast-global-color-5)","background-image":"","background-repeat":"repeat","background-position":"center center","background-size":"auto","background-attachment":"scroll","background-type":"","background-media":"","overlay-type":"","overlay-color":"","overlay-opacity":"","overlay-gradient":""},"mobile":{"background-color":"var(--ast-global-color-5)","background-image":"","background-repeat":"repeat","background-position":"center center","background-size":"auto","background-attachment":"scroll","background-type":"","background-media":"","overlay-type":"","overlay-color":"","overlay-opacity":"","overlay-gradient":""}},"footnotes":""},"class_list":["post-950","page","type-page","status-publish","hentry"],"post_mailing_queue_ids":[],"_links":{"self":[{"href":"https:\/\/agora.xtec.cat\/escolasantamariacervello\/wp-json\/wp\/v2\/pages\/950","targetHints":{"allow":["GET"]}}],"collection":[{"href":"https:\/\/agora.xtec.cat\/escolasantamariacervello\/wp-json\/wp\/v2\/pages"}],"about":[{"href":"https:\/\/agora.xtec.cat\/escolasantamariacervello\/wp-json\/wp\/v2\/types\/page"}],"author":[{"embeddable":true,"href":"https:\/\/agora.xtec.cat\/escolasantamariacervello\/wp-json\/wp\/v2\/users\/64"}],"replies":[{"embeddable":true,"href":"https:\/\/agora.xtec.cat\/escolasantamariacervello\/wp-json\/wp\/v2\/comments?post=950"}],"version-history":[{"count":3,"href":"https:\/\/agora.xtec.cat\/escolasantamariacervello\/wp-json\/wp\/v2\/pages\/950\/revisions"}],"predecessor-version":[{"id":2872,"href":"https:\/\/agora.xtec.cat\/escolasantamariacervello\/wp-json\/wp\/v2\/pages\/950\/revisions\/2872"}],"up":[{"embeddable":true,"href":"https:\/\/agora.xtec.cat\/escolasantamariacervello\/wp-json\/wp\/v2\/pages\/948"}],"wp:attachment":[{"href":"https:\/\/agora.xtec.cat\/escolasantamariacervello\/wp-json\/wp\/v2\/media?parent=950"}],"curies":[{"name":"wp","href":"https:\/\/api.w.org\/{rel}","templated":true}]}}