{"id":941,"date":"2019-09-07T12:56:39","date_gmt":"2019-09-07T10:56:39","guid":{"rendered":"http:\/\/agora.xtec.cat\/escolasantamariacervello\/?page_id=941"},"modified":"2026-01-25T16:13:38","modified_gmt":"2026-01-25T15:13:38","slug":"menu-mensual","status":"publish","type":"page","link":"https:\/\/agora.xtec.cat\/escolasantamariacervello\/afa\/menjador\/menu-mensual\/","title":{"rendered":"Men\u00fa Mensual"},"content":{"rendered":"<h2><span class=\"subheading-category\">Men\u00fa mensual<\/span><\/h2>\n<div class=\"category-desc clearfix\"><\/div>\n<div class=\"items-leading clearfix\">\n<div class=\"leading\">\n<div class=\"clr\"><\/div>\n<table border=\"0\">\n<tbody>\n<tr>\n<td>L&#8217;empresa responsable de la cuina \u00e9s<\/td>\n<td><a href=\"http:\/\/www.eurest.es\/nuestros-servicios\/educaci%C3%B3n.htm\" target=\"_blank\" rel=\"noopener noreferrer\"><img loading=\"lazy\" decoding=\"async\" src=\"http:\/\/www.escolasantamariacervello.cat\/images\/stories\/AMPA\/Menu_menjador\/Logo_scolarest.jpg\" alt=\"Logo_scolarest\" width=\"115\" height=\"55\" border=\"0\" \/><\/a><\/td>\n<\/tr>\n<\/tbody>\n<\/table>\n<p>Aquesta empresa pertany al grup Compass Group, amb m\u00e9s de 60 anys d&#8217;experi\u00e8ncia i una cartera de 40.000 clients.<\/p>\n<p>Eurest-Scolarest disposa d&#8217;un equip propi de dietistes-nutricionistes titulats que apliquen les recomanacions nutricionals per als escolars, segons la seva edat i activitat f\u00edsica. El seu objectiu \u00e9s garantir una alimentaci\u00f3 sana amb la creaci\u00f3 i elaboraci\u00f3 d\u2019uns men\u00fas escolars equilibrats i saludables, adaptats a les diferents caracter\u00edstiques dels infants (al\u00b7l\u00e8rgies, tradicions aliment\u00e0ries, r\u00e8gims&#8230;).<\/p>\n<table style=\"height: 318px;\" border=\"1\" cellspacing=\"0\" cellpadding=\"0\" align=\"center\">\n<tbody>\n<tr style=\"height: 33px;\">\n<td style=\"height: 33px; width: 92.5px;\"><strong> Setembre<\/strong><\/td>\n<td style=\"height: 33px; width: 218.517px;\"><a href=\"https:\/\/drive.google.com\/file\/d\/1zV0iP2kdJmfp20bHIFxskDIDXMO-YwAi\/view?usp=sharing\" target=\"_blank\" rel=\"noopener noreferrer\">Men\u00f9 mensual i recomanacions<\/a><\/td>\n<td style=\"height: 33px; width: 142.517px;\">Sopars recomanats<\/td>\n<\/tr>\n<tr style=\"height: 33px;\">\n<td style=\"height: 33px; width: 92.5px;\"><strong> Octubre<\/strong><\/td>\n<td style=\"height: 33px; width: 218.517px;\">Men\u00fa mensual i recomanacions<\/td>\n<td style=\"height: 33px; width: 142.517px;\">Sopars recomanats<\/td>\n<\/tr>\n<tr style=\"height: 33px;\">\n<td style=\"height: 33px; width: 92.5px;\"><strong> Novembre <\/strong><\/td>\n<td style=\"height: 33px; width: 218.517px;\">Men\u00fa mensual i recomanacions<\/td>\n<td style=\"height: 33px; width: 142.517px;\">Sopars recomanats<\/td>\n<\/tr>\n<tr style=\"height: 33px;\">\n<td style=\"height: 33px; width: 92.5px;\"><strong> Desembre<\/strong><\/td>\n<td style=\"height: 33px; width: 218.517px;\">Men\u00fa mensual i recomenacions<\/td>\n<td style=\"height: 33px; width: 142.517px;\">Sopars recomanats<\/td>\n<\/tr>\n<tr style=\"height: 33px;\">\n<td style=\"height: 33px; width: 92.5px;\"><strong> Gener<\/strong><\/td>\n<td style=\"height: 33px; width: 218.517px;\">Men\u00fa mensual i recomanacions<\/td>\n<td style=\"height: 33px; width: 142.517px;\">Sopars recomanats<\/td>\n<\/tr>\n<tr style=\"height: 33px;\">\n<td style=\"height: 33px; width: 92.5px;\"><strong> Febrer<\/strong><\/td>\n<td style=\"height: 33px; width: 218.517px;\">Men\u00fa mensual i recomanacions<\/td>\n<td style=\"height: 33px; width: 142.517px;\">Sopars recomanats<\/td>\n<\/tr>\n<tr style=\"height: 38px;\">\n<td style=\"height: 38px; width: 92.5px;\"><strong> Mar\u00e7<\/strong><\/td>\n<td style=\"height: 38px; width: 218.517px;\">Men\u00fa mensual i recomanacions<\/td>\n<td style=\"height: 38px; width: 142.517px;\">Sopars recomanats<\/td>\n<\/tr>\n<tr style=\"height: 16px;\">\n<td style=\"height: 16px; width: 92.5px;\"><strong> Abril<\/strong><\/td>\n<td style=\"height: 16px; width: 218.517px;\">Men\u00fa mensual i recomanacions<\/td>\n<td style=\"height: 16px; width: 142.517px;\">Sopars recomanats<\/td>\n<\/tr>\n<tr style=\"height: 33px;\">\n<td style=\"height: 33px; width: 92.5px;\"><strong> Maig<\/strong><\/td>\n<td style=\"height: 33px; width: 218.517px;\">Men\u00fa Mensual i recomenacions<\/td>\n<td style=\"height: 33px; width: 142.517px;\">Sopars recomanats<\/td>\n<\/tr>\n<tr style=\"height: 33px;\">\n<td style=\"height: 33px; width: 92.5px;\"><strong> Juny<\/strong><\/td>\n<td style=\"height: 33px; width: 218.517px;\">Men\u00fa Mensual i recomanacions<\/td>\n<td style=\"height: 33px; width: 142.517px;\">Sopars recomanats<\/td>\n<\/tr>\n<\/tbody>\n<\/table>\n<\/div>\n<\/div>\n","protected":false},"excerpt":{"rendered":"<p>Men\u00fa mensual L&#8217;empresa responsable de la cuina \u00e9s Aquesta empresa pertany al grup Compass Group, amb m\u00e9s de 60 anys d&#8217;experi\u00e8ncia i una cartera de 40.000 clients. Eurest-Scolarest disposa d&#8217;un equip propi de dietistes-nutricionistes titulats que apliquen les recomanacions nutricionals per als escolars, segons la seva edat i activitat f\u00edsica. El seu objectiu \u00e9s garantir [&hellip;]<\/p>\n","protected":false},"author":64,"featured_media":0,"parent":926,"menu_order":0,"comment_status":"closed","ping_status":"closed","template":"","meta":{"_bbp_topic_count":0,"_bbp_reply_count":0,"_bbp_total_topic_count":0,"_bbp_total_reply_count":0,"_bbp_voice_count":0,"_bbp_anonymous_reply_count":0,"_bbp_topic_count_hidden":0,"_bbp_reply_count_hidden":0,"_bbp_forum_subforum_count":0,"site-sidebar-layout":"default","site-content-layout":"","ast-site-content-layout":"default","site-content-style":"default","site-sidebar-style":"default","ast-global-header-display":"","ast-banner-title-visibility":"","ast-main-header-display":"","ast-hfb-above-header-display":"","ast-hfb-below-header-display":"","ast-hfb-mobile-header-display":"","site-post-title":"","ast-breadcrumbs-content":"","ast-featured-img":"","footer-sml-layout":"","theme-transparent-header-meta":"","adv-header-id-meta":"","stick-header-meta":"","header-above-stick-meta":"","header-main-stick-meta":"","header-below-stick-meta":"","astra-migrate-meta-layouts":"set","ast-page-background-enabled":"default","ast-page-background-meta":{"desktop":{"background-color":"var(--ast-global-color-4)","background-image":"","background-repeat":"repeat","background-position":"center center","background-size":"auto","background-attachment":"scroll","background-type":"","background-media":"","overlay-type":"","overlay-color":"","overlay-opacity":"","overlay-gradient":""},"tablet":{"background-color":"","background-image":"","background-repeat":"repeat","background-position":"center center","background-size":"auto","background-attachment":"scroll","background-type":"","background-media":"","overlay-type":"","overlay-color":"","overlay-opacity":"","overlay-gradient":""},"mobile":{"background-color":"","background-image":"","background-repeat":"repeat","background-position":"center center","background-size":"auto","background-attachment":"scroll","background-type":"","background-media":"","overlay-type":"","overlay-color":"","overlay-opacity":"","overlay-gradient":""}},"ast-content-background-meta":{"desktop":{"background-color":"var(--ast-global-color-5)","background-image":"","background-repeat":"repeat","background-position":"center center","background-size":"auto","background-attachment":"scroll","background-type":"","background-media":"","overlay-type":"","overlay-color":"","overlay-opacity":"","overlay-gradient":""},"tablet":{"background-color":"var(--ast-global-color-5)","background-image":"","background-repeat":"repeat","background-position":"center center","background-size":"auto","background-attachment":"scroll","background-type":"","background-media":"","overlay-type":"","overlay-color":"","overlay-opacity":"","overlay-gradient":""},"mobile":{"background-color":"var(--ast-global-color-5)","background-image":"","background-repeat":"repeat","background-position":"center center","background-size":"auto","background-attachment":"scroll","background-type":"","background-media":"","overlay-type":"","overlay-color":"","overlay-opacity":"","overlay-gradient":""}},"footnotes":""},"class_list":["post-941","page","type-page","status-publish","hentry"],"post_mailing_queue_ids":[],"_links":{"self":[{"href":"https:\/\/agora.xtec.cat\/escolasantamariacervello\/wp-json\/wp\/v2\/pages\/941","targetHints":{"allow":["GET"]}}],"collection":[{"href":"https:\/\/agora.xtec.cat\/escolasantamariacervello\/wp-json\/wp\/v2\/pages"}],"about":[{"href":"https:\/\/agora.xtec.cat\/escolasantamariacervello\/wp-json\/wp\/v2\/types\/page"}],"author":[{"embeddable":true,"href":"https:\/\/agora.xtec.cat\/escolasantamariacervello\/wp-json\/wp\/v2\/users\/64"}],"replies":[{"embeddable":true,"href":"https:\/\/agora.xtec.cat\/escolasantamariacervello\/wp-json\/wp\/v2\/comments?post=941"}],"version-history":[{"count":4,"href":"https:\/\/agora.xtec.cat\/escolasantamariacervello\/wp-json\/wp\/v2\/pages\/941\/revisions"}],"predecessor-version":[{"id":2879,"href":"https:\/\/agora.xtec.cat\/escolasantamariacervello\/wp-json\/wp\/v2\/pages\/941\/revisions\/2879"}],"up":[{"embeddable":true,"href":"https:\/\/agora.xtec.cat\/escolasantamariacervello\/wp-json\/wp\/v2\/pages\/926"}],"wp:attachment":[{"href":"https:\/\/agora.xtec.cat\/escolasantamariacervello\/wp-json\/wp\/v2\/media?parent=941"}],"curies":[{"name":"wp","href":"https:\/\/api.w.org\/{rel}","templated":true}]}}