{"id":936,"date":"2019-09-07T12:17:39","date_gmt":"2019-09-07T10:17:39","guid":{"rendered":"http:\/\/agora.xtec.cat\/escolasantamariacervello\/?page_id=936"},"modified":"2026-01-25T18:51:42","modified_gmt":"2026-01-25T17:51:42","slug":"extraescolars-2025-2026","status":"publish","type":"page","link":"https:\/\/agora.xtec.cat\/escolasantamariacervello\/afa\/activitats-extraescolars\/extraescolars-2025-2026\/","title":{"rendered":"Extraescolars 2025\/26"},"content":{"rendered":"<h1 class=\"item-page-title\">Preinscripci\u00f3 Extraescolars 2025-2026<\/h1>\n<div><\/div>\n<div><\/div>\n<div>Benvolgudes fam\u00edlies,<\/div>\n<div><\/div>\n<div>A continuaci\u00f3, trobareu els formularis informatius i de preinscripci\u00f3 de les extraescolars que ofereix l&#8217;AFA Escola Santa Maria de Cervell\u00f3.<\/div>\n<div><\/div>\n<div><\/div>\n<div><strong>Els preus publicats als formularis s\u00f3n v\u00e0lids per a fam\u00edlies s\u00f2cies de l&#8217;AFA. En cas de no ser soci es cobrar\u00e0 una quota <\/strong><strong>d&#8217;inscripci\u00f3 de 30 \u20ac per activitat.<\/strong><\/div>\n<div><\/div>\n<div><\/div>\n<div style=\"padding-left: 40px;\">Per les preinscripcions fetes despr\u00e9s d&#8217;octubre i altes durant el curs, envieu\u00a0tamb\u00e9 un e-mail a<\/div>\n<div style=\"padding-left: 40px;\"><span id=\"cloakd0365f2c4c1a3cd4c1f8bfcced4c1643\"><a href=\"mailto: afa.extraescolars@esmc.cat\">afa.extraescolars@esmc.cat<\/a><\/span> avisant de l&#8217;alta a l&#8217;extraescolar escollida. Tamb\u00e9, ser\u00e0 necessari que parleu amb els\/les monitors\/es que la duen a terme (durant l&#8217;horari en qu\u00e8 es realitza).<\/div>\n<div><\/div>\n<div><\/div>\n<div>\n<p>Per donar-vos de baixa, cal que parleu amb els\/les monitors\/es de l&#8217;activitat i envieu un e-mail de notificaci\u00f3 a <span id=\"cloakbb1ef074d9920bd096252ea77b024fe4\"><a href=\"mailto: afa.extraescolars@esmc.cat\">afa.extraescolars@esmc.cat<\/a><\/span>.<\/p>\n<p>Recordeu que, les baixes efectuades <span style=\"text-decoration: underline;\"><strong>m\u00e9s tard del dia 20 del mes <\/strong><\/span>pertinent en una activitat que funciona amb domiciliaci\u00f3 banc\u00e0ria, tindr\u00e0 un rec\u00e0rrec pel retorn de l&#8217;import. Si quan els monitors fan el gir bancari de l&#8217;import, no es pot fer efectiu, el rec\u00e0rrec anir\u00e0 tamb\u00e9 a compte de la fam\u00edlia.<\/p>\n<\/div>\n<div>Us deixem tamb\u00e9 com a novetat, un resum de totes les extraescolars en aquest <span style=\"text-decoration: underline;\"><strong><a href=\"https:\/\/drive.google.com\/file\/d\/1E7us63XR3KKX88ZTHstn2NEOEcOWpMX4\/view?usp=drive_link\">ENLLA\u00c7.<\/a><\/strong><\/span><\/div>\n<div><\/div>\n<div><\/div>\n<div><\/div>\n<div>\n<div>Salutacions cordials,<\/div>\n<div><\/div>\n<div><em>Comissi\u00f3 d&#8217;Extraescolars AFA Escola Santa Maria de Cervell\u00f3<\/em><\/div>\n<\/div>\n<div><\/div>\n<div><\/div>\n<div><\/div>\n<div>\n<div><\/div>\n<div><\/div>\n<div>\n<div>\n<div>\n<div>\n<div>\n<div>\n<div>\n<div><strong>FORMULARIS DE PREINSCRIPCI\u00d3 EXTRAESCOLARS CURS 2025\/2026<\/strong><\/div>\n<\/div>\n<\/div>\n<\/div>\n<\/div>\n<\/div>\n<\/div>\n<\/div>\n<\/div>\n<div><\/div>\n<div>\n<table style=\"width: 73.2806%; height: 522px;\" border=\"0\">\n<tbody>\n<tr style=\"height: 49px;\">\n<td style=\"width: 64.8475%; height: 49px;\"><strong>ACTIVITAT<br \/>\n<\/strong><\/td>\n<td style=\"width: 32.8864%; height: 49px;\"><strong>\u00a0FORMULARI i INFORMACI\u00d3<br \/>\n<\/strong><\/td>\n<\/tr>\n<tr style=\"height: 33px;\">\n<td style=\"width: 64.8475%; height: 33px;\"><strong>Angl\u00e8s<\/strong><\/td>\n<td style=\"width: 32.8864%; height: 33px;\"><a href=\"https:\/\/docs.google.com\/forms\/d\/1u92KuGkZXCAWCE1iscfd4-gTOji6waeq78XuropBxYY\/edit#responses\" target=\"_blank\" rel=\"noopener noreferrer\">FORMULARI<\/a><\/td>\n<\/tr>\n<tr style=\"height: 33px;\">\n<td style=\"width: 64.8475%; height: 33px;\"><strong>Iniciaci\u00f3 Esportiva<br \/>\n<\/strong><\/td>\n<td style=\"width: 32.8864%; height: 33px;\"><a href=\"https:\/\/docs.google.com\/forms\/d\/12uRkudHNgF_iTdRAMdsR7aTYirthOeC4lhAKLDFy2uE\/edit\" target=\"_blank\" rel=\"noopener noreferrer\">FORMULARI<\/a><\/td>\n<\/tr>\n<tr style=\"height: 33px;\">\n<td style=\"width: 64.8475%; height: 33px;\"><strong>Taller de Rob\u00f2tica<\/strong><\/td>\n<td style=\"width: 32.8864%; height: 33px;\"><a href=\"https:\/\/docs.google.com\/forms\/d\/1WYU5mzOfICoW5X0fmRVKny93irCO4zzmUPSjx7Kr63A\/edit\" target=\"_blank\" rel=\"noopener noreferrer\">FORMULARI<\/a><\/td>\n<\/tr>\n<tr style=\"height: 33px;\">\n<td style=\"width: 64.8475%; height: 33px;\"><strong>Ball Modern \/ Hip hop<\/strong><\/td>\n<td style=\"width: 32.8864%; height: 33px;\"><a href=\"https:\/\/docs.google.com\/forms\/d\/1g0bfoPkN1mNs3WSr0Oz9-iD8XPOfqCoGDMjLH76B-Hs\/edit\" target=\"_blank\" rel=\"noopener noreferrer\">FORMULARI<\/a><\/td>\n<\/tr>\n<tr style=\"height: 33px;\">\n<td style=\"width: 64.8475%; height: 33px;\"><strong>Ballet<br \/>\n<\/strong><\/td>\n<td style=\"width: 32.8864%; height: 33px;\"><a href=\"https:\/\/docs.google.com\/forms\/u\/6\/d\/1F_b2Jmo-yFNmpfsw8kA00xPip6-6slmp2MS3owuJAwk\/edit?usp=drive_web&amp;ouid=115473405730287951543\">FORMULARI<\/a><\/td>\n<\/tr>\n<tr style=\"height: 33px;\">\n<td style=\"width: 64.8475%; height: 33px;\"><strong>Gym Art\u00edstica<\/strong><\/td>\n<td style=\"width: 32.8864%; height: 33px;\"><a href=\"https:\/\/docs.google.com\/forms\/u\/6\/d\/1KGSGjMkfUeg3nVLQiGaqepspeUk6ZNMaYL0UCK60QcI\/edit?usp=drive_web&amp;ouid=115473405730287951543\" target=\"_blank\" rel=\"noopener noreferrer\">FORMULARI<\/a><\/td>\n<\/tr>\n<tr style=\"height: 33px;\">\n<td style=\"width: 64.8475%; height: 33px;\"><strong>F\u00fatbol Sala<\/strong><\/td>\n<td style=\"width: 32.8864%; height: 33px;\"><a href=\"https:\/\/docs.google.com\/forms\/d\/1c0Z8Jg0v5NSeaxZnG1HVy_cPFi-puaDyal62hHp0ROQ\/edit\" target=\"_blank\" rel=\"noopener noreferrer\">FORMULARI<\/a><\/td>\n<\/tr>\n<tr style=\"height: 33px;\">\n<td style=\"width: 64.8475%; height: 33px;\"><strong>Karate<br \/>\n<\/strong><\/td>\n<td style=\"width: 32.8864%; height: 33px;\"><a href=\"https:\/\/docs.google.com\/forms\/d\/1DPQcGjgu3bz8NFXYLrVfr9rXUXtbrbTmvWPXSMGhrvg\/edit\" target=\"_blank\" rel=\"noopener noreferrer\">FORMULARI<\/a><\/td>\n<\/tr>\n<tr style=\"height: 33px;\">\n<td style=\"width: 64.8475%; height: 33px;\"><strong>Activitat de Patins<br \/>\n<\/strong><\/td>\n<td style=\"width: 32.8864%; height: 33px;\"><a href=\"https:\/\/docs.google.com\/forms\/u\/6\/d\/1r3EqH4WZrAq-0vEAdtbbRq7GpCvize7mgcZIDbPzvJY\/edit?usp=drive_web&amp;ouid=115473405730287951543\" target=\"_blank\" rel=\"noopener noreferrer\">FORMULARI<\/a><\/td>\n<\/tr>\n<tr style=\"height: 33px;\">\n<td style=\"width: 64.8475%; height: 33px;\"><strong>Teatre<\/strong><\/td>\n<td style=\"width: 32.8864%; height: 33px;\"><a href=\"https:\/\/docs.google.com\/forms\/u\/6\/d\/1QFKPL6LXBAbD7qfUtDsgGgQs8s7La2L7ZD3GXqlThDM\/edit?usp=drive_web&amp;ouid=115473405730287951543\" target=\"_blank\" rel=\"noopener\">FORMULARI<\/a><\/td>\n<\/tr>\n<tr style=\"height: 33px;\">\n<td style=\"width: 64.8475%; height: 33px;\"><strong>Escacs<\/strong><\/td>\n<td style=\"width: 32.8864%; height: 33px;\"><a href=\"https:\/\/docs.google.com\/forms\/u\/6\/d\/1DV_WaIAK2w5SicP236TnHQiQE47bgRwjQkYRRR0_sOU\/edit?usp=drive_web&amp;ouid=115473405730287951543\" target=\"_blank\" rel=\"noopener\">FORMULARI<\/a><\/td>\n<\/tr>\n<tr style=\"height: 33px;\">\n<td style=\"width: 64.8475%; height: 33px;\"><strong>Rugby Cervell\u00f3<br \/>\n<\/strong><\/td>\n<td style=\"width: 32.8864%; height: 33px;\"><a href=\"https:\/\/docs.google.com\/forms\/u\/6\/d\/15csRwqeyl6VBULtcop8qfKGan9rcNxD9nlw2lQXjRjU\/edit?usp=drive_web&amp;ouid=115473405730287951543\">FORMULARI<\/a><\/td>\n<\/tr>\n<tr style=\"height: 33px;\">\n<td style=\"width: 64.8475%; height: 33px;\"><strong>Futbol<br \/>\n<\/strong><\/td>\n<td style=\"width: 32.8864%; height: 33px;\"><a href=\"https:\/\/docs.google.com\/forms\/u\/6\/d\/1jsBNBAjoQog2ditzEvMbF9UquvEG52ZL1HeT50XjQ6Y\/edit?usp=drive_web&amp;ouid=115473405730287951543\" target=\"_blank\" rel=\"noopener noreferrer\">FORMULARI<\/a><\/td>\n<\/tr>\n<tr style=\"height: 32px;\">\n<td style=\"width: 64.8475%; height: 34px;\"><strong>Psicomotricitat<\/strong><\/td>\n<td style=\"width: 32.8864%; height: 34px;\"><a href=\"https:\/\/docs.google.com\/forms\/d\/15DTJUnvQ6I8SGl-ZF0eVbXT7APYoHgqETucP1Lx6OW4\/edit\">FORMULARI<\/a><\/td>\n<\/tr>\n<tr style=\"height: 32px;\">\n<td style=\"width: 64.8475%; height: 34px;\"><strong>V\u00f2lei<\/strong><\/td>\n<td style=\"width: 32.8864%; height: 34px;\"><a href=\"https:\/\/docs.google.com\/forms\/d\/e\/1FAIpQLSdMoCp3YkSIyzLzVS1qlxWuh_dZ6nsW_fySntMc-4WC-23Dng\/viewform?usp=header\">FORMULARI<\/a><\/td>\n<\/tr>\n<tr style=\"height: 32px;\">\n<td style=\"width: 64.8475%; height: 34px;\"><strong>Creart<\/strong><\/td>\n<td style=\"width: 32.8864%; height: 34px;\"><a href=\"https:\/\/docs.google.com\/forms\/d\/e\/1FAIpQLSfdkFAwBeJpMztNzDS-6-ieOj9blgreSXtC-dbCyRgsj_byNA\/viewform?usp=header\">FORMULARI<\/a><\/td>\n<\/tr>\n<\/tbody>\n<\/table>\n<\/div>\n<p><!--more--><\/p>\n","protected":false},"excerpt":{"rendered":"<p>Preinscripci\u00f3 Extraescolars 2025-2026 Benvolgudes fam\u00edlies, A continuaci\u00f3, trobareu els formularis informatius i de preinscripci\u00f3 de les extraescolars que ofereix l&#8217;AFA Escola Santa Maria de Cervell\u00f3. Els preus publicats als formularis s\u00f3n v\u00e0lids per a fam\u00edlies s\u00f2cies de l&#8217;AFA. En cas de no ser soci es cobrar\u00e0 una quota d&#8217;inscripci\u00f3 de 30 \u20ac per activitat. Per [&hellip;]<\/p>\n","protected":false},"author":64,"featured_media":0,"parent":84,"menu_order":1,"comment_status":"closed","ping_status":"closed","template":"","meta":{"_bbp_topic_count":0,"_bbp_reply_count":0,"_bbp_total_topic_count":0,"_bbp_total_reply_count":0,"_bbp_voice_count":0,"_bbp_anonymous_reply_count":0,"_bbp_topic_count_hidden":0,"_bbp_reply_count_hidden":0,"_bbp_forum_subforum_count":0,"site-sidebar-layout":"default","site-content-layout":"","ast-site-content-layout":"default","site-content-style":"default","site-sidebar-style":"default","ast-global-header-display":"","ast-banner-title-visibility":"","ast-main-header-display":"","ast-hfb-above-header-display":"","ast-hfb-below-header-display":"","ast-hfb-mobile-header-display":"","site-post-title":"","ast-breadcrumbs-content":"","ast-featured-img":"","footer-sml-layout":"","theme-transparent-header-meta":"","adv-header-id-meta":"","stick-header-meta":"","header-above-stick-meta":"","header-main-stick-meta":"","header-below-stick-meta":"","astra-migrate-meta-layouts":"set","ast-page-background-enabled":"default","ast-page-background-meta":{"desktop":{"background-color":"var(--ast-global-color-4)","background-image":"","background-repeat":"repeat","background-position":"center center","background-size":"auto","background-attachment":"scroll","background-type":"","background-media":"","overlay-type":"","overlay-color":"","overlay-opacity":"","overlay-gradient":""},"tablet":{"background-color":"","background-image":"","background-repeat":"repeat","background-position":"center center","background-size":"auto","background-attachment":"scroll","background-type":"","background-media":"","overlay-type":"","overlay-color":"","overlay-opacity":"","overlay-gradient":""},"mobile":{"background-color":"","background-image":"","background-repeat":"repeat","background-position":"center center","background-size":"auto","background-attachment":"scroll","background-type":"","background-media":"","overlay-type":"","overlay-color":"","overlay-opacity":"","overlay-gradient":""}},"ast-content-background-meta":{"desktop":{"background-color":"var(--ast-global-color-5)","background-image":"","background-repeat":"repeat","background-position":"center center","background-size":"auto","background-attachment":"scroll","background-type":"","background-media":"","overlay-type":"","overlay-color":"","overlay-opacity":"","overlay-gradient":""},"tablet":{"background-color":"var(--ast-global-color-5)","background-image":"","background-repeat":"repeat","background-position":"center center","background-size":"auto","background-attachment":"scroll","background-type":"","background-media":"","overlay-type":"","overlay-color":"","overlay-opacity":"","overlay-gradient":""},"mobile":{"background-color":"var(--ast-global-color-5)","background-image":"","background-repeat":"repeat","background-position":"center center","background-size":"auto","background-attachment":"scroll","background-type":"","background-media":"","overlay-type":"","overlay-color":"","overlay-opacity":"","overlay-gradient":""}},"footnotes":""},"class_list":["post-936","page","type-page","status-publish","hentry"],"post_mailing_queue_ids":[],"_links":{"self":[{"href":"https:\/\/agora.xtec.cat\/escolasantamariacervello\/wp-json\/wp\/v2\/pages\/936","targetHints":{"allow":["GET"]}}],"collection":[{"href":"https:\/\/agora.xtec.cat\/escolasantamariacervello\/wp-json\/wp\/v2\/pages"}],"about":[{"href":"https:\/\/agora.xtec.cat\/escolasantamariacervello\/wp-json\/wp\/v2\/types\/page"}],"author":[{"embeddable":true,"href":"https:\/\/agora.xtec.cat\/escolasantamariacervello\/wp-json\/wp\/v2\/users\/64"}],"replies":[{"embeddable":true,"href":"https:\/\/agora.xtec.cat\/escolasantamariacervello\/wp-json\/wp\/v2\/comments?post=936"}],"version-history":[{"count":6,"href":"https:\/\/agora.xtec.cat\/escolasantamariacervello\/wp-json\/wp\/v2\/pages\/936\/revisions"}],"predecessor-version":[{"id":2877,"href":"https:\/\/agora.xtec.cat\/escolasantamariacervello\/wp-json\/wp\/v2\/pages\/936\/revisions\/2877"}],"up":[{"embeddable":true,"href":"https:\/\/agora.xtec.cat\/escolasantamariacervello\/wp-json\/wp\/v2\/pages\/84"}],"wp:attachment":[{"href":"https:\/\/agora.xtec.cat\/escolasantamariacervello\/wp-json\/wp\/v2\/media?parent=936"}],"curies":[{"name":"wp","href":"https:\/\/api.w.org\/{rel}","templated":true}]}}