{"id":796,"date":"2019-05-21T13:43:39","date_gmt":"2019-05-21T11:43:39","guid":{"rendered":"http:\/\/agora.xtec.cat\/escolasantamariacervello\/?page_id=796"},"modified":"2022-09-04T17:04:13","modified_gmt":"2022-09-04T15:04:13","slug":"equip-directiu","status":"publish","type":"page","link":"https:\/\/agora.xtec.cat\/escolasantamariacervello\/lescola\/equip-educatiu\/equip-directiu\/","title":{"rendered":"Equip directiu"},"content":{"rendered":"<table class=\"aligncenter\" style=\"height: 156px; width: 44.8246%;\" border=\"2\" width=\"334\" cellspacing=\"0\" cellpadding=\"0\">\n<tbody>\n<tr style=\"height: 31px;\">\n<td style=\"width: 157px; height: 31px; background-color: #592a70;\"><span style=\"color: #ffffff;\"><strong>\u00a0 \u00a0 \u00a0 \u00a0 \u00a0 C\u00c0RREC<\/strong><\/span><\/td>\n<td style=\"width: 175px; height: 31px; background-color: #592a70;\"><span style=\"color: #ffffff;\"><strong>\u00a0 \u00a0 \u00a0 \u00a0 \u00a0 \u00a0 \u00a0 \u00a0NOM<\/strong><\/span><\/td>\n<\/tr>\n<tr style=\"height: 38px;\">\n<td style=\"width: 157px; height: 38px; text-align: right; background-color: #f3f7bc;\"><span style=\"color: #000000;\"><strong>Directora<\/strong><\/span><\/td>\n<td style=\"width: 175px; height: 38px;\">Andrea Amat<\/td>\n<\/tr>\n<tr style=\"height: 31px;\">\n<td style=\"width: 157px; height: 31px; text-align: right; background-color: #f3f7bc;\"><span style=\"color: #000000;\"><strong>Cap d&#8217;estudis<\/strong><\/span><\/td>\n<td style=\"width: 175px; height: 31px;\">Oriol Pal\u00e0<\/td>\n<\/tr>\n<tr style=\"height: 56px;\">\n<td style=\"width: 157px; height: 56px; text-align: right; background-color: #f3f7bc;\"><span style=\"color: #000000;\"><strong>Secret\u00e0ria<\/strong><\/span><\/td>\n<td style=\"width: 175px; height: 56px;\">Nat\u00e0lia Aguil\u00f3<\/td>\n<\/tr>\n<\/tbody>\n<\/table>\n","protected":false},"excerpt":{"rendered":"<p>\u00a0 \u00a0 \u00a0 \u00a0 \u00a0 C\u00c0RREC \u00a0 \u00a0 \u00a0 \u00a0 \u00a0 \u00a0 \u00a0 \u00a0NOM Directora Andrea Amat Cap d&#8217;estudis Oriol Pal\u00e0 Secret\u00e0ria Nat\u00e0lia Aguil\u00f3<\/p>\n","protected":false},"author":1,"featured_media":0,"parent":2121,"menu_order":1,"comment_status":"closed","ping_status":"closed","template":"page-templates\/side-menu.php","meta":{"_bbp_topic_count":0,"_bbp_reply_count":0,"_bbp_total_topic_count":0,"_bbp_total_reply_count":0,"_bbp_voice_count":0,"_bbp_anonymous_reply_count":0,"_bbp_topic_count_hidden":0,"_bbp_reply_count_hidden":0,"_bbp_forum_subforum_count":0,"site-sidebar-layout":"default","site-content-layout":"","ast-site-content-layout":"","site-content-style":"default","site-sidebar-style":"default","ast-global-header-display":"","ast-banner-title-visibility":"","ast-main-header-display":"","ast-hfb-above-header-display":"","ast-hfb-below-header-display":"","ast-hfb-mobile-header-display":"","site-post-title":"","ast-breadcrumbs-content":"","ast-featured-img":"","footer-sml-layout":"","theme-transparent-header-meta":"","adv-header-id-meta":"","stick-header-meta":"","header-above-stick-meta":"","header-main-stick-meta":"","header-below-stick-meta":"","astra-migrate-meta-layouts":"default","ast-page-background-enabled":"default","ast-page-background-meta":{"desktop":{"background-color":"var(--ast-global-color-4)","background-image":"","background-repeat":"repeat","background-position":"center center","background-size":"auto","background-attachment":"scroll","background-type":"","background-media":"","overlay-type":"","overlay-color":"","overlay-opacity":"","overlay-gradient":""},"tablet":{"background-color":"","background-image":"","background-repeat":"repeat","background-position":"center center","background-size":"auto","background-attachment":"scroll","background-type":"","background-media":"","overlay-type":"","overlay-color":"","overlay-opacity":"","overlay-gradient":""},"mobile":{"background-color":"","background-image":"","background-repeat":"repeat","background-position":"center center","background-size":"auto","background-attachment":"scroll","background-type":"","background-media":"","overlay-type":"","overlay-color":"","overlay-opacity":"","overlay-gradient":""}},"ast-content-background-meta":{"desktop":{"background-color":"var(--ast-global-color-5)","background-image":"","background-repeat":"repeat","background-position":"center center","background-size":"auto","background-attachment":"scroll","background-type":"","background-media":"","overlay-type":"","overlay-color":"","overlay-opacity":"","overlay-gradient":""},"tablet":{"background-color":"var(--ast-global-color-5)","background-image":"","background-repeat":"repeat","background-position":"center center","background-size":"auto","background-attachment":"scroll","background-type":"","background-media":"","overlay-type":"","overlay-color":"","overlay-opacity":"","overlay-gradient":""},"mobile":{"background-color":"var(--ast-global-color-5)","background-image":"","background-repeat":"repeat","background-position":"center center","background-size":"auto","background-attachment":"scroll","background-type":"","background-media":"","overlay-type":"","overlay-color":"","overlay-opacity":"","overlay-gradient":""}},"footnotes":""},"class_list":["post-796","page","type-page","status-publish","hentry"],"post_mailing_queue_ids":[],"_links":{"self":[{"href":"https:\/\/agora.xtec.cat\/escolasantamariacervello\/wp-json\/wp\/v2\/pages\/796","targetHints":{"allow":["GET"]}}],"collection":[{"href":"https:\/\/agora.xtec.cat\/escolasantamariacervello\/wp-json\/wp\/v2\/pages"}],"about":[{"href":"https:\/\/agora.xtec.cat\/escolasantamariacervello\/wp-json\/wp\/v2\/types\/page"}],"author":[{"embeddable":true,"href":"https:\/\/agora.xtec.cat\/escolasantamariacervello\/wp-json\/wp\/v2\/users\/1"}],"replies":[{"embeddable":true,"href":"https:\/\/agora.xtec.cat\/escolasantamariacervello\/wp-json\/wp\/v2\/comments?post=796"}],"version-history":[{"count":3,"href":"https:\/\/agora.xtec.cat\/escolasantamariacervello\/wp-json\/wp\/v2\/pages\/796\/revisions"}],"predecessor-version":[{"id":2356,"href":"https:\/\/agora.xtec.cat\/escolasantamariacervello\/wp-json\/wp\/v2\/pages\/796\/revisions\/2356"}],"up":[{"embeddable":true,"href":"https:\/\/agora.xtec.cat\/escolasantamariacervello\/wp-json\/wp\/v2\/pages\/2121"}],"wp:attachment":[{"href":"https:\/\/agora.xtec.cat\/escolasantamariacervello\/wp-json\/wp\/v2\/media?parent=796"}],"curies":[{"name":"wp","href":"https:\/\/api.w.org\/{rel}","templated":true}]}}