{"id":3455,"date":"2026-02-02T22:24:23","date_gmt":"2026-02-02T21:24:23","guid":{"rendered":"https:\/\/agora.xtec.cat\/escolasantamariacervello\/?page_id=3455"},"modified":"2026-02-02T22:24:24","modified_gmt":"2026-02-02T21:24:24","slug":"reciclem-a-les-aules","status":"publish","type":"page","link":"https:\/\/agora.xtec.cat\/escolasantamariacervello\/eixos-transversals\/escola-verda\/accions\/reciclem-a-les-aules\/","title":{"rendered":"Reciclem a les aules\u00a0"},"content":{"rendered":"\n<p class=\"has-medium-font-size\">A la nostra escola, el reciclatge tamb\u00e9 forma part del dia a dia dins les aules. Cada classe disposa de quatre papereres diferents per facilitar una correcta separaci\u00f3 dels residus: una de paper, una de pl\u00e0stic, una de mat\u00e8ria org\u00e0nica i una de rebuig. D\u2019aquesta manera, l\u2019alumnat apr\u00e8n a identificar i separar els residus des de ben petits, incorporant aquest h\u00e0bit de manera natural.<\/p>\n\n\n\n<p class=\"has-medium-font-size\">Les <em>eco-parelles<\/em> tenen un paper molt actiu en aquesta tasca: cada dia s\u2019encarreguen de buidar les papereres de paper i de pl\u00e0stic i portar-les als contenidors corresponents de l\u2019escola. Amb aquesta acci\u00f3, no nom\u00e9s es fomenta la responsabilitat i l\u2019autonomia de l\u2019alumnat, sin\u00f3 que tamb\u00e9 es facilita la feina del personal de neteja, contribuint al fet que el reciclatge a l\u2019escola es faci de manera correcta i eficient.<\/p>\n\n\n\n<p class=\"has-medium-font-size\">Aprendre a reciclar \u00e9s aprendre a cuidar el planeta. Amb petits gestos quotidians, l\u2019alumnat pren consci\u00e8ncia de la import\u00e0ncia de reduir l\u2019impacte ambiental i ent\u00e9n que tots i totes podem ser part activa del canvi cap a una escola m\u00e9s sostenible.<\/p>\n\n\n\n<figure class=\"wp-block-image size-large is-resized\"><a href=\"https:\/\/agora.xtec.cat\/escolasantamariacervello\/wp-content\/uploads\/usu1763\/2026\/02\/image-13.jpeg\"><img loading=\"lazy\" decoding=\"async\" width=\"1024\" height=\"461\" src=\"https:\/\/agora.xtec.cat\/escolasantamariacervello\/wp-content\/uploads\/usu1763\/2026\/02\/image-13-1024x461.jpeg\" alt=\"\" class=\"wp-image-3456\" style=\"width:1166px;height:auto\" srcset=\"https:\/\/agora.xtec.cat\/escolasantamariacervello\/wp-content\/uploads\/usu1763\/2026\/02\/image-13-1024x461.jpeg 1024w, https:\/\/agora.xtec.cat\/escolasantamariacervello\/wp-content\/uploads\/usu1763\/2026\/02\/image-13-300x135.jpeg 300w, https:\/\/agora.xtec.cat\/escolasantamariacervello\/wp-content\/uploads\/usu1763\/2026\/02\/image-13-768x346.jpeg 768w, https:\/\/agora.xtec.cat\/escolasantamariacervello\/wp-content\/uploads\/usu1763\/2026\/02\/image-13-1536x691.jpeg 1536w, https:\/\/agora.xtec.cat\/escolasantamariacervello\/wp-content\/uploads\/usu1763\/2026\/02\/image-13.jpeg 1600w\" sizes=\"auto, (max-width: 1024px) 100vw, 1024px\" \/><\/a><\/figure>\n","protected":false},"excerpt":{"rendered":"<p>A la nostra escola, el reciclatge tamb\u00e9 forma part del dia a dia dins les aules. Cada classe disposa de quatre papereres diferents per facilitar una correcta separaci\u00f3 dels residus: una de paper, una de pl\u00e0stic, una de mat\u00e8ria org\u00e0nica i una de rebuig. D\u2019aquesta manera, l\u2019alumnat apr\u00e8n a identificar i separar els residus des [&hellip;]<\/p>\n","protected":false},"author":63,"featured_media":0,"parent":3095,"menu_order":0,"comment_status":"closed","ping_status":"close","template":"","meta":{"_bbp_topic_count":0,"_bbp_reply_count":0,"_bbp_total_topic_count":0,"_bbp_total_reply_count":0,"_bbp_voice_count":0,"_bbp_anonymous_reply_count":0,"_bbp_topic_count_hidden":0,"_bbp_reply_count_hidden":0,"_bbp_forum_subforum_count":0,"site-sidebar-layout":"default","site-content-layout":"","ast-site-content-layout":"default","site-content-style":"default","site-sidebar-style":"default","ast-global-header-display":"","ast-banner-title-visibility":"","ast-main-header-display":"","ast-hfb-above-header-display":"","ast-hfb-below-header-display":"","ast-hfb-mobile-header-display":"","site-post-title":"","ast-breadcrumbs-content":"","ast-featured-img":"","footer-sml-layout":"","theme-transparent-header-meta":"","adv-header-id-meta":"","stick-header-meta":"","header-above-stick-meta":"","header-main-stick-meta":"","header-below-stick-meta":"","astra-migrate-meta-layouts":"set","ast-page-background-enabled":"default","ast-page-background-meta":{"desktop":{"background-color":"var(--ast-global-color-4)","background-image":"","background-repeat":"repeat","background-position":"center center","background-size":"auto","background-attachment":"scroll","background-type":"","background-media":"","overlay-type":"","overlay-color":"","overlay-opacity":"","overlay-gradient":""},"tablet":{"background-color":"","background-image":"","background-repeat":"repeat","background-position":"center center","background-size":"auto","background-attachment":"scroll","background-type":"","background-media":"","overlay-type":"","overlay-color":"","overlay-opacity":"","overlay-gradient":""},"mobile":{"background-color":"","background-image":"","background-repeat":"repeat","background-position":"center center","background-size":"auto","background-attachment":"scroll","background-type":"","background-media":"","overlay-type":"","overlay-color":"","overlay-opacity":"","overlay-gradient":""}},"ast-content-background-meta":{"desktop":{"background-color":"var(--ast-global-color-5)","background-image":"","background-repeat":"repeat","background-position":"center center","background-size":"auto","background-attachment":"scroll","background-type":"","background-media":"","overlay-type":"","overlay-color":"","overlay-opacity":"","overlay-gradient":""},"tablet":{"background-color":"var(--ast-global-color-5)","background-image":"","background-repeat":"repeat","background-position":"center center","background-size":"auto","background-attachment":"scroll","background-type":"","background-media":"","overlay-type":"","overlay-color":"","overlay-opacity":"","overlay-gradient":""},"mobile":{"background-color":"var(--ast-global-color-5)","background-image":"","background-repeat":"repeat","background-position":"center center","background-size":"auto","background-attachment":"scroll","background-type":"","background-media":"","overlay-type":"","overlay-color":"","overlay-opacity":"","overlay-gradient":""}},"footnotes":""},"class_list":["post-3455","page","type-page","status-publish","hentry"],"post_mailing_queue_ids":[],"_links":{"self":[{"href":"https:\/\/agora.xtec.cat\/escolasantamariacervello\/wp-json\/wp\/v2\/pages\/3455","targetHints":{"allow":["GET"]}}],"collection":[{"href":"https:\/\/agora.xtec.cat\/escolasantamariacervello\/wp-json\/wp\/v2\/pages"}],"about":[{"href":"https:\/\/agora.xtec.cat\/escolasantamariacervello\/wp-json\/wp\/v2\/types\/page"}],"author":[{"embeddable":true,"href":"https:\/\/agora.xtec.cat\/escolasantamariacervello\/wp-json\/wp\/v2\/users\/63"}],"replies":[{"embeddable":true,"href":"https:\/\/agora.xtec.cat\/escolasantamariacervello\/wp-json\/wp\/v2\/comments?post=3455"}],"version-history":[{"count":1,"href":"https:\/\/agora.xtec.cat\/escolasantamariacervello\/wp-json\/wp\/v2\/pages\/3455\/revisions"}],"predecessor-version":[{"id":3457,"href":"https:\/\/agora.xtec.cat\/escolasantamariacervello\/wp-json\/wp\/v2\/pages\/3455\/revisions\/3457"}],"up":[{"embeddable":true,"href":"https:\/\/agora.xtec.cat\/escolasantamariacervello\/wp-json\/wp\/v2\/pages\/3095"}],"wp:attachment":[{"href":"https:\/\/agora.xtec.cat\/escolasantamariacervello\/wp-json\/wp\/v2\/media?parent=3455"}],"curies":[{"name":"wp","href":"https:\/\/api.w.org\/{rel}","templated":true}]}}