{"id":3289,"date":"2026-02-01T19:59:47","date_gmt":"2026-02-01T18:59:47","guid":{"rendered":"https:\/\/agora.xtec.cat\/escolasantamariacervello\/?page_id=3289"},"modified":"2026-02-01T19:59:47","modified_gmt":"2026-02-01T18:59:47","slug":"normes-dorganitzacio-i-funcionament-del-centre-nofc","status":"publish","type":"page","link":"https:\/\/agora.xtec.cat\/escolasantamariacervello\/eixos-transversals\/convivencia-i-participacio\/convivencia-i-participacio-2\/normes-dorganitzacio-i-funcionament-del-centre-nofc\/","title":{"rendered":"Normes d&#8217;Organitzaci\u00f3 i Funcionament del Centre (NOFC)"},"content":{"rendered":"\n<p>Les Normes d\u2019Organitzaci\u00f3 i Funcionament del Centre (NOFC) regulen els aspectes organitzatius i de conviv\u00e8ncia del centre.<br><\/p>\n\n\n\n<p><em>Document vigent. Actualment en proc\u00e9s de revisi\u00f3.<\/em><\/p>\n\n\n\n<p><a href=\"https:\/\/agora.xtec.cat\/escolasantamariacervello\/wp-content\/uploads\/usu1763\/2023\/04\/NOFC_en-revisio.pdf\">Normes d&#8217;Organitzaci\u00f3 i Funcionament de Centre (NOFC)<\/a><\/p>\n\n\n\n<p><\/p>\n","protected":false},"excerpt":{"rendered":"<p>Les Normes d\u2019Organitzaci\u00f3 i Funcionament del Centre (NOFC) regulen els aspectes organitzatius i de conviv\u00e8ncia del centre. Document vigent. Actualment en proc\u00e9s de revisi\u00f3. Normes d&#8217;Organitzaci\u00f3 i Funcionament de Centre (NOFC)<\/p>\n","protected":false},"author":63,"featured_media":0,"parent":2615,"menu_order":0,"comment_status":"closed","ping_status":"close","template":"","meta":{"_bbp_topic_count":0,"_bbp_reply_count":0,"_bbp_total_topic_count":0,"_bbp_total_reply_count":0,"_bbp_voice_count":0,"_bbp_anonymous_reply_count":0,"_bbp_topic_count_hidden":0,"_bbp_reply_count_hidden":0,"_bbp_forum_subforum_count":0,"site-sidebar-layout":"default","site-content-layout":"","ast-site-content-layout":"default","site-content-style":"default","site-sidebar-style":"default","ast-global-header-display":"","ast-banner-title-visibility":"","ast-main-header-display":"","ast-hfb-above-header-display":"","ast-hfb-below-header-display":"","ast-hfb-mobile-header-display":"","site-post-title":"","ast-breadcrumbs-content":"","ast-featured-img":"","footer-sml-layout":"","theme-transparent-header-meta":"","adv-header-id-meta":"","stick-header-meta":"","header-above-stick-meta":"","header-main-stick-meta":"","header-below-stick-meta":"","astra-migrate-meta-layouts":"set","ast-page-background-enabled":"default","ast-page-background-meta":{"desktop":{"background-color":"var(--ast-global-color-4)","background-image":"","background-repeat":"repeat","background-position":"center center","background-size":"auto","background-attachment":"scroll","background-type":"","background-media":"","overlay-type":"","overlay-color":"","overlay-opacity":"","overlay-gradient":""},"tablet":{"background-color":"","background-image":"","background-repeat":"repeat","background-position":"center center","background-size":"auto","background-attachment":"scroll","background-type":"","background-media":"","overlay-type":"","overlay-color":"","overlay-opacity":"","overlay-gradient":""},"mobile":{"background-color":"","background-image":"","background-repeat":"repeat","background-position":"center center","background-size":"auto","background-attachment":"scroll","background-type":"","background-media":"","overlay-type":"","overlay-color":"","overlay-opacity":"","overlay-gradient":""}},"ast-content-background-meta":{"desktop":{"background-color":"var(--ast-global-color-5)","background-image":"","background-repeat":"repeat","background-position":"center center","background-size":"auto","background-attachment":"scroll","background-type":"","background-media":"","overlay-type":"","overlay-color":"","overlay-opacity":"","overlay-gradient":""},"tablet":{"background-color":"var(--ast-global-color-5)","background-image":"","background-repeat":"repeat","background-position":"center center","background-size":"auto","background-attachment":"scroll","background-type":"","background-media":"","overlay-type":"","overlay-color":"","overlay-opacity":"","overlay-gradient":""},"mobile":{"background-color":"var(--ast-global-color-5)","background-image":"","background-repeat":"repeat","background-position":"center center","background-size":"auto","background-attachment":"scroll","background-type":"","background-media":"","overlay-type":"","overlay-color":"","overlay-opacity":"","overlay-gradient":""}},"footnotes":""},"class_list":["post-3289","page","type-page","status-publish","hentry"],"post_mailing_queue_ids":[],"_links":{"self":[{"href":"https:\/\/agora.xtec.cat\/escolasantamariacervello\/wp-json\/wp\/v2\/pages\/3289","targetHints":{"allow":["GET"]}}],"collection":[{"href":"https:\/\/agora.xtec.cat\/escolasantamariacervello\/wp-json\/wp\/v2\/pages"}],"about":[{"href":"https:\/\/agora.xtec.cat\/escolasantamariacervello\/wp-json\/wp\/v2\/types\/page"}],"author":[{"embeddable":true,"href":"https:\/\/agora.xtec.cat\/escolasantamariacervello\/wp-json\/wp\/v2\/users\/63"}],"replies":[{"embeddable":true,"href":"https:\/\/agora.xtec.cat\/escolasantamariacervello\/wp-json\/wp\/v2\/comments?post=3289"}],"version-history":[{"count":1,"href":"https:\/\/agora.xtec.cat\/escolasantamariacervello\/wp-json\/wp\/v2\/pages\/3289\/revisions"}],"predecessor-version":[{"id":3299,"href":"https:\/\/agora.xtec.cat\/escolasantamariacervello\/wp-json\/wp\/v2\/pages\/3289\/revisions\/3299"}],"up":[{"embeddable":true,"href":"https:\/\/agora.xtec.cat\/escolasantamariacervello\/wp-json\/wp\/v2\/pages\/2615"}],"wp:attachment":[{"href":"https:\/\/agora.xtec.cat\/escolasantamariacervello\/wp-json\/wp\/v2\/media?parent=3289"}],"curies":[{"name":"wp","href":"https:\/\/api.w.org\/{rel}","templated":true}]}}