{"id":3163,"date":"2026-01-31T12:55:57","date_gmt":"2026-01-31T11:55:57","guid":{"rendered":"https:\/\/agora.xtec.cat\/escolasantamariacervello\/?page_id=3163"},"modified":"2026-02-01T08:53:12","modified_gmt":"2026-02-01T07:53:12","slug":"jardi-de-papallones-%f0%9f%a6%8b","status":"publish","type":"page","link":"https:\/\/agora.xtec.cat\/escolasantamariacervello\/eixos-transversals\/escola-verda\/projectes\/jardi-de-papallones-%f0%9f%a6%8b\/","title":{"rendered":"Jard\u00ed de papallones \ud83e\udd8b"},"content":{"rendered":"\n<p>Dins del projecte de l\u2019hort escolar, tamb\u00e9 hem creat un jard\u00ed de les papallones, un espai pensat per afavorir la biodiversitat i apropar els infants al coneixement dels insectes pol\u00b7linitzadors i del seu paper fonamental en els ecosistemes.<\/p>\n\n\n\n<p>Aquest jard\u00ed est\u00e0 format per plantes que atrauen papallones i altres insectes beneficiosos, tant en la fase adulta com en l\u2019estat d\u2019eruga. \u00c9s un espai viu d\u2019observaci\u00f3 on els nens i nenes poden veure de prop el cicle vital de les papallones i entendre la import\u00e0ncia de cuidar el medi natural perqu\u00e8 aquests animals puguin sobreviure.<\/p>\n\n\n\n<p><\/p>\n\n\n\n<div class=\"wp-block-media-text is-stacked-on-mobile\" style=\"grid-template-columns:47% auto\"><figure class=\"wp-block-media-text__media\"><img loading=\"lazy\" decoding=\"async\" width=\"1024\" height=\"461\" src=\"https:\/\/agora.xtec.cat\/escolasantamariacervello\/wp-content\/uploads\/usu1763\/2026\/02\/image-3-1024x461.jpeg\" alt=\"\" class=\"wp-image-3191 size-full\" srcset=\"https:\/\/agora.xtec.cat\/escolasantamariacervello\/wp-content\/uploads\/usu1763\/2026\/02\/image-3-1024x461.jpeg 1024w, https:\/\/agora.xtec.cat\/escolasantamariacervello\/wp-content\/uploads\/usu1763\/2026\/02\/image-3-300x135.jpeg 300w, https:\/\/agora.xtec.cat\/escolasantamariacervello\/wp-content\/uploads\/usu1763\/2026\/02\/image-3-768x346.jpeg 768w, https:\/\/agora.xtec.cat\/escolasantamariacervello\/wp-content\/uploads\/usu1763\/2026\/02\/image-3-1536x691.jpeg 1536w, https:\/\/agora.xtec.cat\/escolasantamariacervello\/wp-content\/uploads\/usu1763\/2026\/02\/image-3.jpeg 1600w\" sizes=\"auto, (max-width: 1024px) 100vw, 1024px\" \/><\/figure><div class=\"wp-block-media-text__content\">\n<p>El jard\u00ed de les papallones esdev\u00e9 tamb\u00e9 un recurs educatiu interdisciplinari. S\u2019hi fan activitats d\u2019observaci\u00f3 al natural, recollida de dades i converses sobre la biodiversitat, la pol\u00b7linitzaci\u00f3 i l\u2019equilibri dels ecosistemes. A m\u00e9s, fomenta actituds de respecte, paci\u00e8ncia i cura envers els \u00e9ssers vius.<\/p>\n<\/div><\/div>\n\n\n\n<p>Amb la creaci\u00f3 d\u2019aquest espai, els infants aprenen que petites accions, com plantar determinades esp\u00e8cies o tenir cura de l\u2019entorn, poden tenir un gran impacte en la natura. El jard\u00ed de les papallones \u00e9s, aix\u00ed, un lloc per aprendre, observar i meravellar-se, connectant l\u2019escola amb la vida que l\u2019envolta.<\/p>\n\n\n\n<div class=\"wp-block-getwid-images-slider has-arrows-inside has-dots-inside has-images-center\"><div class=\"wp-block-getwid-images-slider__wrapper\" data-effect=\"fade\" data-slides-show=\"1\" data-slides-show-laptop=\"1\" data-slides-show-tablet=\"1\" data-slides-show-mobile=\"1\" data-slides-scroll=\"1\" data-autoplay=\"true\" data-pause-hover=\"true\" data-autoplay-speed=\"4000\" data-infinite=\"true\" data-animation-speed=\"800\" data-center-mode=\"false\" data-variable-width=\"false\" data-arrows=\"inside\" data-dots=\"inside\" data-spacing=\"none\"><div class=\"wp-block-getwid-images-slider__item\"><figure><img loading=\"lazy\" decoding=\"async\" width=\"768\" height=\"576\" src=\"https:\/\/agora.xtec.cat\/escolasantamariacervello\/wp-content\/uploads\/usu1763\/2026\/02\/image-2-768x576.jpeg\" alt=\"\" data-id=\"3186\" data-link=\"https:\/\/agora.xtec.cat\/escolasantamariacervello\/eixos-transversals\/escola-verda\/projectes\/slow-food\/attachment\/image-5\/\" data-original-link=\"https:\/\/agora.xtec.cat\/escolasantamariacervello\/wp-content\/uploads\/usu1763\/2026\/02\/image-2.jpeg\" class=\"wp-block-getwid-images-slider__image wp-image-3186\" srcset=\"https:\/\/agora.xtec.cat\/escolasantamariacervello\/wp-content\/uploads\/usu1763\/2026\/02\/image-2-768x576.jpeg 768w, https:\/\/agora.xtec.cat\/escolasantamariacervello\/wp-content\/uploads\/usu1763\/2026\/02\/image-2-300x225.jpeg 300w, https:\/\/agora.xtec.cat\/escolasantamariacervello\/wp-content\/uploads\/usu1763\/2026\/02\/image-2-1024x768.jpeg 1024w, https:\/\/agora.xtec.cat\/escolasantamariacervello\/wp-content\/uploads\/usu1763\/2026\/02\/image-2-1536x1152.jpeg 1536w, https:\/\/agora.xtec.cat\/escolasantamariacervello\/wp-content\/uploads\/usu1763\/2026\/02\/image-2.jpeg 1600w\" sizes=\"auto, (max-width: 768px) 100vw, 768px\" \/><\/figure><\/div><div class=\"wp-block-getwid-images-slider__item\"><figure><img loading=\"lazy\" decoding=\"async\" width=\"768\" height=\"432\" src=\"https:\/\/agora.xtec.cat\/escolasantamariacervello\/wp-content\/uploads\/usu1763\/2026\/02\/image-1-edited-768x432.jpeg\" alt=\"\" data-id=\"3185\" data-link=\"https:\/\/agora.xtec.cat\/escolasantamariacervello\/image-4\/\" data-original-link=\"https:\/\/agora.xtec.cat\/escolasantamariacervello\/wp-content\/uploads\/usu1763\/2026\/02\/image-1-edited.jpeg\" class=\"wp-block-getwid-images-slider__image wp-image-3185\" srcset=\"https:\/\/agora.xtec.cat\/escolasantamariacervello\/wp-content\/uploads\/usu1763\/2026\/02\/image-1-edited-768x432.jpeg 768w, https:\/\/agora.xtec.cat\/escolasantamariacervello\/wp-content\/uploads\/usu1763\/2026\/02\/image-1-edited-300x169.jpeg 300w, https:\/\/agora.xtec.cat\/escolasantamariacervello\/wp-content\/uploads\/usu1763\/2026\/02\/image-1-edited-1024x576.jpeg 1024w, https:\/\/agora.xtec.cat\/escolasantamariacervello\/wp-content\/uploads\/usu1763\/2026\/02\/image-1-edited-1536x864.jpeg 1536w, https:\/\/agora.xtec.cat\/escolasantamariacervello\/wp-content\/uploads\/usu1763\/2026\/02\/image-1-edited.jpeg 1600w\" sizes=\"auto, (max-width: 768px) 100vw, 768px\" \/><\/figure><\/div><div class=\"wp-block-getwid-images-slider__item\"><figure><img loading=\"lazy\" decoding=\"async\" width=\"768\" height=\"1024\" src=\"https:\/\/agora.xtec.cat\/escolasantamariacervello\/wp-content\/uploads\/usu1763\/2026\/02\/image-768x1024.jpeg\" alt=\"\" data-id=\"3181\" data-link=\"https:\/\/agora.xtec.cat\/escolasantamariacervello\/eixos-transversals\/escola-verda\/projectes\/slow-food\/attachment\/image-2\/\" data-original-link=\"https:\/\/agora.xtec.cat\/escolasantamariacervello\/wp-content\/uploads\/usu1763\/2026\/02\/image.jpeg\" class=\"wp-block-getwid-images-slider__image wp-image-3181\" srcset=\"https:\/\/agora.xtec.cat\/escolasantamariacervello\/wp-content\/uploads\/usu1763\/2026\/02\/image-768x1024.jpeg 768w, https:\/\/agora.xtec.cat\/escolasantamariacervello\/wp-content\/uploads\/usu1763\/2026\/02\/image-225x300.jpeg 225w, https:\/\/agora.xtec.cat\/escolasantamariacervello\/wp-content\/uploads\/usu1763\/2026\/02\/image-1152x1536.jpeg 1152w, https:\/\/agora.xtec.cat\/escolasantamariacervello\/wp-content\/uploads\/usu1763\/2026\/02\/image.jpeg 1200w\" sizes=\"auto, (max-width: 768px) 100vw, 768px\" \/><\/figure><\/div><\/div><\/div>\n","protected":false},"excerpt":{"rendered":"<p>Dins del projecte de l\u2019hort escolar, tamb\u00e9 hem creat un jard\u00ed de les papallones, un espai pensat per afavorir la biodiversitat i apropar els infants al coneixement dels insectes pol\u00b7linitzadors i del seu paper fonamental en els ecosistemes. Aquest jard\u00ed est\u00e0 format per plantes que atrauen papallones i altres insectes beneficiosos, tant en la fase [&hellip;]<\/p>\n","protected":false},"author":63,"featured_media":0,"parent":2099,"menu_order":0,"comment_status":"closed","ping_status":"close","template":"","meta":{"_bbp_topic_count":0,"_bbp_reply_count":0,"_bbp_total_topic_count":0,"_bbp_total_reply_count":0,"_bbp_voice_count":0,"_bbp_anonymous_reply_count":0,"_bbp_topic_count_hidden":0,"_bbp_reply_count_hidden":0,"_bbp_forum_subforum_count":0,"site-sidebar-layout":"default","site-content-layout":"","ast-site-content-layout":"default","site-content-style":"default","site-sidebar-style":"default","ast-global-header-display":"","ast-banner-title-visibility":"","ast-main-header-display":"","ast-hfb-above-header-display":"","ast-hfb-below-header-display":"","ast-hfb-mobile-header-display":"","site-post-title":"","ast-breadcrumbs-content":"","ast-featured-img":"","footer-sml-layout":"","theme-transparent-header-meta":"","adv-header-id-meta":"","stick-header-meta":"","header-above-stick-meta":"","header-main-stick-meta":"","header-below-stick-meta":"","astra-migrate-meta-layouts":"set","ast-page-background-enabled":"default","ast-page-background-meta":{"desktop":{"background-color":"var(--ast-global-color-4)","background-image":"","background-repeat":"repeat","background-position":"center center","background-size":"auto","background-attachment":"scroll","background-type":"","background-media":"","overlay-type":"","overlay-color":"","overlay-opacity":"","overlay-gradient":""},"tablet":{"background-color":"","background-image":"","background-repeat":"repeat","background-position":"center center","background-size":"auto","background-attachment":"scroll","background-type":"","background-media":"","overlay-type":"","overlay-color":"","overlay-opacity":"","overlay-gradient":""},"mobile":{"background-color":"","background-image":"","background-repeat":"repeat","background-position":"center center","background-size":"auto","background-attachment":"scroll","background-type":"","background-media":"","overlay-type":"","overlay-color":"","overlay-opacity":"","overlay-gradient":""}},"ast-content-background-meta":{"desktop":{"background-color":"var(--ast-global-color-5)","background-image":"","background-repeat":"repeat","background-position":"center center","background-size":"auto","background-attachment":"scroll","background-type":"","background-media":"","overlay-type":"","overlay-color":"","overlay-opacity":"","overlay-gradient":""},"tablet":{"background-color":"var(--ast-global-color-5)","background-image":"","background-repeat":"repeat","background-position":"center center","background-size":"auto","background-attachment":"scroll","background-type":"","background-media":"","overlay-type":"","overlay-color":"","overlay-opacity":"","overlay-gradient":""},"mobile":{"background-color":"var(--ast-global-color-5)","background-image":"","background-repeat":"repeat","background-position":"center center","background-size":"auto","background-attachment":"scroll","background-type":"","background-media":"","overlay-type":"","overlay-color":"","overlay-opacity":"","overlay-gradient":""}},"footnotes":""},"class_list":["post-3163","page","type-page","status-publish","hentry"],"post_mailing_queue_ids":[],"_links":{"self":[{"href":"https:\/\/agora.xtec.cat\/escolasantamariacervello\/wp-json\/wp\/v2\/pages\/3163","targetHints":{"allow":["GET"]}}],"collection":[{"href":"https:\/\/agora.xtec.cat\/escolasantamariacervello\/wp-json\/wp\/v2\/pages"}],"about":[{"href":"https:\/\/agora.xtec.cat\/escolasantamariacervello\/wp-json\/wp\/v2\/types\/page"}],"author":[{"embeddable":true,"href":"https:\/\/agora.xtec.cat\/escolasantamariacervello\/wp-json\/wp\/v2\/users\/63"}],"replies":[{"embeddable":true,"href":"https:\/\/agora.xtec.cat\/escolasantamariacervello\/wp-json\/wp\/v2\/comments?post=3163"}],"version-history":[{"count":2,"href":"https:\/\/agora.xtec.cat\/escolasantamariacervello\/wp-json\/wp\/v2\/pages\/3163\/revisions"}],"predecessor-version":[{"id":3192,"href":"https:\/\/agora.xtec.cat\/escolasantamariacervello\/wp-json\/wp\/v2\/pages\/3163\/revisions\/3192"}],"up":[{"embeddable":true,"href":"https:\/\/agora.xtec.cat\/escolasantamariacervello\/wp-json\/wp\/v2\/pages\/2099"}],"wp:attachment":[{"href":"https:\/\/agora.xtec.cat\/escolasantamariacervello\/wp-json\/wp\/v2\/media?parent=3163"}],"curies":[{"name":"wp","href":"https:\/\/api.w.org\/{rel}","templated":true}]}}