{"id":3095,"date":"2026-01-30T11:20:06","date_gmt":"2026-01-30T10:20:06","guid":{"rendered":"https:\/\/agora.xtec.cat\/escolasantamariacervello\/?page_id=3095"},"modified":"2026-02-16T10:58:39","modified_gmt":"2026-02-16T09:58:39","slug":"accions","status":"publish","type":"page","link":"https:\/\/agora.xtec.cat\/escolasantamariacervello\/eixos-transversals\/escola-verda\/accions\/","title":{"rendered":"Accions"},"content":{"rendered":"\n<p>A la nostra escola entenem l\u2019educaci\u00f3 ambiental com un comprom\u00eds compartit i una oportunitat per formar ciutadans i ciutadanes responsables, cr\u00edtics i respectuosos amb l\u2019entorn.<\/p>\n\n\n\n<p>A trav\u00e9s del projecte d\u2019Escola Verda impulsem accions que fomenten la sostenibilitat, la cura del medi ambient i els h\u00e0bits saludables, implicant alumnat, mestres i fam\u00edlies en un treball conjunt per avan\u00e7ar cap a un centre m\u00e9s sostenible.<\/p>\n\n\n\n<p>En aquest espai hi trobareu informaci\u00f3 sobre les diferents iniciatives que duem a terme:<\/p>\n\n\n<ul class=\"wp-block-page-list has-medium-font-size\"><li class=\"wp-block-pages-list__item\"><a class=\"wp-block-pages-list__item__link\" href=\"https:\/\/agora.xtec.cat\/escolasantamariacervello\/eixos-transversals\/escola-verda\/accions\/comite-ambiental\/\">Comit\u00e8 Ambiental<\/a><\/li><li class=\"wp-block-pages-list__item\"><a class=\"wp-block-pages-list__item__link\" href=\"https:\/\/agora.xtec.cat\/escolasantamariacervello\/eixos-transversals\/escola-verda\/accions\/dia-de-la-fruita-%f0%9f%8d%8e%f0%9f%8d%90%f0%9f%8d%8a%f0%9f%8d%8c%f0%9f%8d%87%f0%9f%8d%93\/\">Dia de la fruita \ud83c\udf4e\ud83c\udf50\ud83c\udf4a\ud83c\udf4c\ud83c\udf47\ud83c\udf53<\/a><\/li><li class=\"wp-block-pages-list__item\"><a class=\"wp-block-pages-list__item__link\" href=\"https:\/\/agora.xtec.cat\/escolasantamariacervello\/eixos-transversals\/escola-verda\/accions\/lintercanvi-dexperiencies-descoles-verdes\/\">Intercanvi d\u2019experi\u00e8ncies d\u2019Escoles Verdes<\/a><\/li><li class=\"wp-block-pages-list__item\"><a class=\"wp-block-pages-list__item__link\" href=\"https:\/\/agora.xtec.cat\/escolasantamariacervello\/eixos-transversals\/escola-verda\/accions\/reciclem-a-les-aules\/\">Reciclem a les aules\u00a0<\/a><\/li><li class=\"wp-block-pages-list__item\"><a class=\"wp-block-pages-list__item__link\" href=\"https:\/\/agora.xtec.cat\/escolasantamariacervello\/eixos-transversals\/escola-verda\/accions\/recompte-de-residus\/\">Recompte de residus<\/a><\/li><li class=\"wp-block-pages-list__item\"><a class=\"wp-block-pages-list__item__link\" href=\"https:\/\/agora.xtec.cat\/escolasantamariacervello\/eixos-transversals\/escola-verda\/accions\/https-residus-gencat-cat-ca-ambits_dactuacio-prevencio-setmana_europea-index-html\/\">Setmana Europea \ud83c\uddea\ud83c\uddfa de la prevenci\u00f3 de residus<\/a><\/li><\/ul>\n\n\n<p><\/p>\n\n\n\n<p>Cada petita acci\u00f3 compta. Amb la implicaci\u00f3 de tota la comunitat educativa, avancem cap a un futur m\u00e9s sostenible.<\/p>\n","protected":false},"excerpt":{"rendered":"<p>A la nostra escola entenem l\u2019educaci\u00f3 ambiental com un comprom\u00eds compartit i una oportunitat per formar ciutadans i ciutadanes responsables, cr\u00edtics i respectuosos amb l\u2019entorn. A trav\u00e9s del projecte d\u2019Escola Verda impulsem accions que fomenten la sostenibilitat, la cura del medi ambient i els h\u00e0bits saludables, implicant alumnat, mestres i fam\u00edlies en un treball conjunt [&hellip;]<\/p>\n","protected":false},"author":63,"featured_media":0,"parent":2046,"menu_order":0,"comment_status":"closed","ping_status":"close","template":"","meta":{"_bbp_topic_count":0,"_bbp_reply_count":0,"_bbp_total_topic_count":0,"_bbp_total_reply_count":0,"_bbp_voice_count":0,"_bbp_anonymous_reply_count":0,"_bbp_topic_count_hidden":0,"_bbp_reply_count_hidden":0,"_bbp_forum_subforum_count":0,"site-sidebar-layout":"default","site-content-layout":"","ast-site-content-layout":"default","site-content-style":"default","site-sidebar-style":"default","ast-global-header-display":"","ast-banner-title-visibility":"","ast-main-header-display":"","ast-hfb-above-header-display":"","ast-hfb-below-header-display":"","ast-hfb-mobile-header-display":"","site-post-title":"","ast-breadcrumbs-content":"","ast-featured-img":"","footer-sml-layout":"","theme-transparent-header-meta":"","adv-header-id-meta":"","stick-header-meta":"","header-above-stick-meta":"","header-main-stick-meta":"","header-below-stick-meta":"","astra-migrate-meta-layouts":"set","ast-page-background-enabled":"default","ast-page-background-meta":{"desktop":{"background-color":"var(--ast-global-color-4)","background-image":"","background-repeat":"repeat","background-position":"center center","background-size":"auto","background-attachment":"scroll","background-type":"","background-media":"","overlay-type":"","overlay-color":"","overlay-opacity":"","overlay-gradient":""},"tablet":{"background-color":"","background-image":"","background-repeat":"repeat","background-position":"center center","background-size":"auto","background-attachment":"scroll","background-type":"","background-media":"","overlay-type":"","overlay-color":"","overlay-opacity":"","overlay-gradient":""},"mobile":{"background-color":"","background-image":"","background-repeat":"repeat","background-position":"center center","background-size":"auto","background-attachment":"scroll","background-type":"","background-media":"","overlay-type":"","overlay-color":"","overlay-opacity":"","overlay-gradient":""}},"ast-content-background-meta":{"desktop":{"background-color":"var(--ast-global-color-5)","background-image":"","background-repeat":"repeat","background-position":"center center","background-size":"auto","background-attachment":"scroll","background-type":"","background-media":"","overlay-type":"","overlay-color":"","overlay-opacity":"","overlay-gradient":""},"tablet":{"background-color":"var(--ast-global-color-5)","background-image":"","background-repeat":"repeat","background-position":"center center","background-size":"auto","background-attachment":"scroll","background-type":"","background-media":"","overlay-type":"","overlay-color":"","overlay-opacity":"","overlay-gradient":""},"mobile":{"background-color":"var(--ast-global-color-5)","background-image":"","background-repeat":"repeat","background-position":"center center","background-size":"auto","background-attachment":"scroll","background-type":"","background-media":"","overlay-type":"","overlay-color":"","overlay-opacity":"","overlay-gradient":""}},"footnotes":""},"class_list":["post-3095","page","type-page","status-publish","hentry"],"post_mailing_queue_ids":[],"_links":{"self":[{"href":"https:\/\/agora.xtec.cat\/escolasantamariacervello\/wp-json\/wp\/v2\/pages\/3095","targetHints":{"allow":["GET"]}}],"collection":[{"href":"https:\/\/agora.xtec.cat\/escolasantamariacervello\/wp-json\/wp\/v2\/pages"}],"about":[{"href":"https:\/\/agora.xtec.cat\/escolasantamariacervello\/wp-json\/wp\/v2\/types\/page"}],"author":[{"embeddable":true,"href":"https:\/\/agora.xtec.cat\/escolasantamariacervello\/wp-json\/wp\/v2\/users\/63"}],"replies":[{"embeddable":true,"href":"https:\/\/agora.xtec.cat\/escolasantamariacervello\/wp-json\/wp\/v2\/comments?post=3095"}],"version-history":[{"count":4,"href":"https:\/\/agora.xtec.cat\/escolasantamariacervello\/wp-json\/wp\/v2\/pages\/3095\/revisions"}],"predecessor-version":[{"id":3588,"href":"https:\/\/agora.xtec.cat\/escolasantamariacervello\/wp-json\/wp\/v2\/pages\/3095\/revisions\/3588"}],"up":[{"embeddable":true,"href":"https:\/\/agora.xtec.cat\/escolasantamariacervello\/wp-json\/wp\/v2\/pages\/2046"}],"wp:attachment":[{"href":"https:\/\/agora.xtec.cat\/escolasantamariacervello\/wp-json\/wp\/v2\/media?parent=3095"}],"curies":[{"name":"wp","href":"https:\/\/api.w.org\/{rel}","templated":true}]}}