{"id":2979,"date":"2026-01-28T13:40:09","date_gmt":"2026-01-28T12:40:09","guid":{"rendered":"https:\/\/agora.xtec.cat\/escolasantamariacervello\/?page_id=2979"},"modified":"2026-02-16T09:28:20","modified_gmt":"2026-02-16T08:28:20","slug":"educacio-fisica","status":"publish","type":"page","link":"https:\/\/agora.xtec.cat\/escolasantamariacervello\/projecte-educatiu\/que-aprenem\/educacio-fisica\/","title":{"rendered":"Psicomotricitat i Educaci\u00f3 F\u00edsica"},"content":{"rendered":"\n<h2 class=\"wp-block-heading\"><strong>Qu\u00e8 \u00e9s la psicomotricitat?<\/strong><\/h2>\n\n\n\n<p>La <strong>psicomotricitat<\/strong> \u00e9s una manera d\u2019entendre el desenvolupament dels infants que uneix <strong>cos, emocions i pensament<\/strong>. Els nens i nenes no aprenen nom\u00e9s amb el cap: Aprendre passa tamb\u00e9 pel <strong>moviment<\/strong>, el <strong>joc<\/strong>, el <strong>contacte amb els altres<\/strong> i les <strong>emocions<\/strong> que viuen mentre es mouen. Jugant es potencia el desenvolupament motriu i sensorial. Mitjan\u00e7ant el joc, els infants descobreixen les potencialitats que t\u00e9 el seu cos i les exerciten: es mouen, experimenten sensacions, toquen, s\u2019enfilen, salten, corren&#8230;<\/p>\n\n\n\n<figure class=\"wp-block-image size-large\"><a href=\"https:\/\/agora.xtec.cat\/escolasantamariacervello\/wp-content\/uploads\/usu1763\/2026\/02\/image-23.jpeg\"><img loading=\"lazy\" decoding=\"async\" width=\"1024\" height=\"768\" src=\"https:\/\/agora.xtec.cat\/escolasantamariacervello\/wp-content\/uploads\/usu1763\/2026\/02\/image-23-1024x768.jpeg\" alt=\"\" class=\"wp-image-3517\" srcset=\"https:\/\/agora.xtec.cat\/escolasantamariacervello\/wp-content\/uploads\/usu1763\/2026\/02\/image-23-1024x768.jpeg 1024w, https:\/\/agora.xtec.cat\/escolasantamariacervello\/wp-content\/uploads\/usu1763\/2026\/02\/image-23-300x225.jpeg 300w, https:\/\/agora.xtec.cat\/escolasantamariacervello\/wp-content\/uploads\/usu1763\/2026\/02\/image-23-768x576.jpeg 768w, https:\/\/agora.xtec.cat\/escolasantamariacervello\/wp-content\/uploads\/usu1763\/2026\/02\/image-23-1536x1152.jpeg 1536w, https:\/\/agora.xtec.cat\/escolasantamariacervello\/wp-content\/uploads\/usu1763\/2026\/02\/image-23.jpeg 1600w\" sizes=\"auto, (max-width: 1024px) 100vw, 1024px\" \/><\/a><\/figure>\n\n\n\n<p>Quan un infant salta, corre, s\u2019enfila, cau, riu o s\u2019enfada jugant\u2026 no nom\u00e9s est\u00e0 movent el cos. Est\u00e0:<\/p>\n\n\n\n<ul class=\"wp-block-list\">\n<li>Coneixent el seu cos<\/li>\n\n\n\n<li>Guanyant seguretat<\/li>\n\n\n\n<li>Expressant el que sent<\/li>\n\n\n\n<li>Aprenent a relacionar-se<\/li>\n\n\n\n<li>Construint la seva manera de pensar<\/li>\n<\/ul>\n\n\n\n<p>Per aix\u00f2 diem que la psicomotricitat ajuda a cr\u00e9ixer de manera <strong>global<\/strong>.<\/p>\n\n\n\n<h3 class=\"wp-block-heading\"><strong>Perqu\u00e8 \u00e9s tan important a l\u2019educaci\u00f3 infantil?<\/strong><\/h3>\n\n\n\n<p>A l\u2019etapa infantil, els nens <strong>necessiten moure\u2019s<\/strong> per aprendre. No \u00e9s un extra, \u00e9s una necessitat.<\/p>\n\n\n\n<p>La psicomotricitat \u00e9s important perqu\u00e8 ajuda a construir una bona imatge d\u2019un mateix, afavoreix la seguretat emocional, afavoreix la detecci\u00f3 preco\u00e7 de dificultats d\u2019aprenentatge, millora la relaci\u00f3 amb els altres i permet expressar all\u00f2 que encara no poden dir amb paraules. Un infant que ha pogut jugar, moure\u2019s i expressar-se amb el cos sol estar m\u00e9s preparat per aprendre a llegir, escriure i concentrar-se.<\/p>\n\n\n\n<h2 class=\"wp-block-heading\">L&#8217;Educaci\u00f3 F\u00edsica a Prim\u00e0ria<\/h2>\n\n\n\n<p>Des de l\u2019escola considerem que l\u2019Educaci\u00f3 F\u00edsica a prim\u00e0ria ha de contribuir al desenvolupament integral de l\u2019alumnat, utilitzant el cos i el moviment com a mitjans fonamentals d\u2019aprenentatge.<\/p>\n\n\n\n<p>Aix\u00f2 implica ajudar-los a con\u00e8ixer i dominar el propi cos i la motricitat per donar resposta a situacions motrius diverses, amb reptes ajustats al punt de partida, oberts i flexibles, que permetin diferents solucions.<\/p>\n\n\n\n<p>Alhora, estableix les bases d\u2019un estil de vida actiu i saludable, prenent consci\u00e8ncia dels beneficis per al benestar f\u00edsic, mental i social i aprenent a recon\u00e8ixer i rebutjar h\u00e0bits i conductes de risc.<\/p>\n\n\n\n<p>Mitjan\u00e7ant el joc, les activitats motrius l\u00fadiques, culturals i expressives, i la pr\u00e0ctica en entorns propers i naturals, es promou l\u2019autoconeixement, una autoimatge positiva, el lleure actiu sostenible i relacions interpersonals constructives.<\/p>\n\n\n\n<figure class=\"wp-block-image size-full\"><a href=\"https:\/\/agora.xtec.cat\/escolasantamariacervello\/wp-content\/uploads\/usu1763\/2026\/02\/ef-1.png\"><img loading=\"lazy\" decoding=\"async\" width=\"1024\" height=\"768\" src=\"https:\/\/agora.xtec.cat\/escolasantamariacervello\/wp-content\/uploads\/usu1763\/2026\/02\/ef-1.png\" alt=\"\" class=\"wp-image-3263\" srcset=\"https:\/\/agora.xtec.cat\/escolasantamariacervello\/wp-content\/uploads\/usu1763\/2026\/02\/ef-1.png 1024w, https:\/\/agora.xtec.cat\/escolasantamariacervello\/wp-content\/uploads\/usu1763\/2026\/02\/ef-1-300x225.png 300w, https:\/\/agora.xtec.cat\/escolasantamariacervello\/wp-content\/uploads\/usu1763\/2026\/02\/ef-1-768x576.png 768w\" sizes=\"auto, (max-width: 1024px) 100vw, 1024px\" \/><\/a><\/figure>\n","protected":false},"excerpt":{"rendered":"<p>Qu\u00e8 \u00e9s la psicomotricitat? La psicomotricitat \u00e9s una manera d\u2019entendre el desenvolupament dels infants que uneix cos, emocions i pensament. Els nens i nenes no aprenen nom\u00e9s amb el cap: Aprendre passa tamb\u00e9 pel moviment, el joc, el contacte amb els altres i les emocions que viuen mentre es mouen. Jugant es potencia el desenvolupament [&hellip;]<\/p>\n","protected":false},"author":63,"featured_media":0,"parent":3064,"menu_order":2,"comment_status":"closed","ping_status":"closed","template":"","meta":{"_bbp_topic_count":0,"_bbp_reply_count":0,"_bbp_total_topic_count":0,"_bbp_total_reply_count":0,"_bbp_voice_count":0,"_bbp_anonymous_reply_count":0,"_bbp_topic_count_hidden":0,"_bbp_reply_count_hidden":0,"_bbp_forum_subforum_count":0,"site-sidebar-layout":"default","site-content-layout":"","ast-site-content-layout":"default","site-content-style":"default","site-sidebar-style":"default","ast-global-header-display":"","ast-banner-title-visibility":"","ast-main-header-display":"","ast-hfb-above-header-display":"","ast-hfb-below-header-display":"","ast-hfb-mobile-header-display":"","site-post-title":"","ast-breadcrumbs-content":"","ast-featured-img":"","footer-sml-layout":"","theme-transparent-header-meta":"","adv-header-id-meta":"","stick-header-meta":"","header-above-stick-meta":"","header-main-stick-meta":"","header-below-stick-meta":"","astra-migrate-meta-layouts":"set","ast-page-background-enabled":"default","ast-page-background-meta":{"desktop":{"background-color":"var(--ast-global-color-4)","background-image":"","background-repeat":"repeat","background-position":"center center","background-size":"auto","background-attachment":"scroll","background-type":"","background-media":"","overlay-type":"","overlay-color":"","overlay-opacity":"","overlay-gradient":""},"tablet":{"background-color":"","background-image":"","background-repeat":"repeat","background-position":"center center","background-size":"auto","background-attachment":"scroll","background-type":"","background-media":"","overlay-type":"","overlay-color":"","overlay-opacity":"","overlay-gradient":""},"mobile":{"background-color":"","background-image":"","background-repeat":"repeat","background-position":"center center","background-size":"auto","background-attachment":"scroll","background-type":"","background-media":"","overlay-type":"","overlay-color":"","overlay-opacity":"","overlay-gradient":""}},"ast-content-background-meta":{"desktop":{"background-color":"var(--ast-global-color-5)","background-image":"","background-repeat":"repeat","background-position":"center center","background-size":"auto","background-attachment":"scroll","background-type":"","background-media":"","overlay-type":"","overlay-color":"","overlay-opacity":"","overlay-gradient":""},"tablet":{"background-color":"var(--ast-global-color-5)","background-image":"","background-repeat":"repeat","background-position":"center center","background-size":"auto","background-attachment":"scroll","background-type":"","background-media":"","overlay-type":"","overlay-color":"","overlay-opacity":"","overlay-gradient":""},"mobile":{"background-color":"var(--ast-global-color-5)","background-image":"","background-repeat":"repeat","background-position":"center center","background-size":"auto","background-attachment":"scroll","background-type":"","background-media":"","overlay-type":"","overlay-color":"","overlay-opacity":"","overlay-gradient":""}},"footnotes":""},"class_list":["post-2979","page","type-page","status-publish","hentry"],"post_mailing_queue_ids":[],"_links":{"self":[{"href":"https:\/\/agora.xtec.cat\/escolasantamariacervello\/wp-json\/wp\/v2\/pages\/2979","targetHints":{"allow":["GET"]}}],"collection":[{"href":"https:\/\/agora.xtec.cat\/escolasantamariacervello\/wp-json\/wp\/v2\/pages"}],"about":[{"href":"https:\/\/agora.xtec.cat\/escolasantamariacervello\/wp-json\/wp\/v2\/types\/page"}],"author":[{"embeddable":true,"href":"https:\/\/agora.xtec.cat\/escolasantamariacervello\/wp-json\/wp\/v2\/users\/63"}],"replies":[{"embeddable":true,"href":"https:\/\/agora.xtec.cat\/escolasantamariacervello\/wp-json\/wp\/v2\/comments?post=2979"}],"version-history":[{"count":6,"href":"https:\/\/agora.xtec.cat\/escolasantamariacervello\/wp-json\/wp\/v2\/pages\/2979\/revisions"}],"predecessor-version":[{"id":3519,"href":"https:\/\/agora.xtec.cat\/escolasantamariacervello\/wp-json\/wp\/v2\/pages\/2979\/revisions\/3519"}],"up":[{"embeddable":true,"href":"https:\/\/agora.xtec.cat\/escolasantamariacervello\/wp-json\/wp\/v2\/pages\/3064"}],"wp:attachment":[{"href":"https:\/\/agora.xtec.cat\/escolasantamariacervello\/wp-json\/wp\/v2\/media?parent=2979"}],"curies":[{"name":"wp","href":"https:\/\/api.w.org\/{rel}","templated":true}]}}