{"id":2163,"date":"2022-01-19T13:56:04","date_gmt":"2022-01-19T12:56:04","guid":{"rendered":"https:\/\/agora.xtec.cat\/escolasantamariacervello\/?page_id=2163"},"modified":"2026-02-16T11:08:28","modified_gmt":"2026-02-16T10:08:28","slug":"families","status":"publish","type":"page","link":"https:\/\/agora.xtec.cat\/escolasantamariacervello\/families\/","title":{"rendered":"Fam\u00edlies"},"content":{"rendered":"\n<p>Benvingudes a l\u2019Espai de Fam\u00edlies de l\u2019escola.<\/p>\n\n\n\n<p>Aquest apartat est\u00e0 pensat per facilitar-vos l\u2019acc\u00e9s a la informaci\u00f3 m\u00e9s rellevant del curs i als recursos necessaris per al seguiment de la vida escolar dels vostres fills i filles. Volem mantenir una comunicaci\u00f3 fluida i transparent amb vosaltres, i oferir-vos un espai on trobeu de manera clara tota la documentaci\u00f3 i els enlla\u00e7os d\u2019inter\u00e8s.<\/p>\n\n\n\n<p>En aquest espai hi trobareu:<\/p>\n\n\n\n<ul class=\"wp-block-list\">\n<li><strong>Autoritzacions<\/strong>: documents necessaris per a sortides, activitats i altres tr\u00e0mits.<\/li>\n\n\n\n<li><strong>Calendari del curs i festes<\/strong>: dies lectius, per\u00edodes de vacances i jornades especials.<\/li>\n\n\n\n<li><strong>Presentacions d\u2019inici de curs<\/strong>: informaci\u00f3 compartida per l\u2019equip docent a l\u2019inici del curs escolar.<\/li>\n\n\n\n<li><strong>Activitats i sortides<\/strong>: propostes educatives complement\u00e0ries i experi\u00e8ncies fora del centre.<\/li>\n\n\n\n<li><strong>Fam\u00edlies digitals<\/strong>: recursos i orientacions per acompanyar els vostres fills i filles en l\u2019\u00fas responsable de les tecnologies.<\/li>\n<\/ul>\n\n\n\n<p>Us animem a consultar aquest espai peri\u00f2dicament per estar al dia de totes les novetats.<\/p>\n\n\n\n<p>Per a qualsevol dubte, podeu posar-vos en contacte amb el centre a trav\u00e9s dels canals habituals.<\/p>\n","protected":false},"excerpt":{"rendered":"<p>Benvingudes a l\u2019Espai de Fam\u00edlies de l\u2019escola. Aquest apartat est\u00e0 pensat per facilitar-vos l\u2019acc\u00e9s a la informaci\u00f3 m\u00e9s rellevant del curs i als recursos necessaris per al seguiment de la vida escolar dels vostres fills i filles. Volem mantenir una comunicaci\u00f3 fluida i transparent amb vosaltres, i oferir-vos un espai on trobeu de manera clara [&hellip;]<\/p>\n","protected":false},"author":63,"featured_media":0,"parent":0,"menu_order":0,"comment_status":"closed","ping_status":"closed","template":"","meta":{"_bbp_topic_count":0,"_bbp_reply_count":0,"_bbp_total_topic_count":0,"_bbp_total_reply_count":0,"_bbp_voice_count":0,"_bbp_anonymous_reply_count":0,"_bbp_topic_count_hidden":0,"_bbp_reply_count_hidden":0,"_bbp_forum_subforum_count":0,"site-sidebar-layout":"default","site-content-layout":"","ast-site-content-layout":"default","site-content-style":"default","site-sidebar-style":"default","ast-global-header-display":"","ast-banner-title-visibility":"","ast-main-header-display":"","ast-hfb-above-header-display":"","ast-hfb-below-header-display":"","ast-hfb-mobile-header-display":"","site-post-title":"","ast-breadcrumbs-content":"","ast-featured-img":"","footer-sml-layout":"","theme-transparent-header-meta":"","adv-header-id-meta":"","stick-header-meta":"","header-above-stick-meta":"","header-main-stick-meta":"","header-below-stick-meta":"","astra-migrate-meta-layouts":"set","ast-page-background-enabled":"default","ast-page-background-meta":{"desktop":{"background-color":"var(--ast-global-color-4)","background-image":"","background-repeat":"repeat","background-position":"center center","background-size":"auto","background-attachment":"scroll","background-type":"","background-media":"","overlay-type":"","overlay-color":"","overlay-opacity":"","overlay-gradient":""},"tablet":{"background-color":"","background-image":"","background-repeat":"repeat","background-position":"center center","background-size":"auto","background-attachment":"scroll","background-type":"","background-media":"","overlay-type":"","overlay-color":"","overlay-opacity":"","overlay-gradient":""},"mobile":{"background-color":"","background-image":"","background-repeat":"repeat","background-position":"center center","background-size":"auto","background-attachment":"scroll","background-type":"","background-media":"","overlay-type":"","overlay-color":"","overlay-opacity":"","overlay-gradient":""}},"ast-content-background-meta":{"desktop":{"background-color":"var(--ast-global-color-5)","background-image":"","background-repeat":"repeat","background-position":"center center","background-size":"auto","background-attachment":"scroll","background-type":"","background-media":"","overlay-type":"","overlay-color":"","overlay-opacity":"","overlay-gradient":""},"tablet":{"background-color":"var(--ast-global-color-5)","background-image":"","background-repeat":"repeat","background-position":"center center","background-size":"auto","background-attachment":"scroll","background-type":"","background-media":"","overlay-type":"","overlay-color":"","overlay-opacity":"","overlay-gradient":""},"mobile":{"background-color":"var(--ast-global-color-5)","background-image":"","background-repeat":"repeat","background-position":"center center","background-size":"auto","background-attachment":"scroll","background-type":"","background-media":"","overlay-type":"","overlay-color":"","overlay-opacity":"","overlay-gradient":""}},"footnotes":""},"class_list":["post-2163","page","type-page","status-publish","hentry"],"post_mailing_queue_ids":[],"_links":{"self":[{"href":"https:\/\/agora.xtec.cat\/escolasantamariacervello\/wp-json\/wp\/v2\/pages\/2163","targetHints":{"allow":["GET"]}}],"collection":[{"href":"https:\/\/agora.xtec.cat\/escolasantamariacervello\/wp-json\/wp\/v2\/pages"}],"about":[{"href":"https:\/\/agora.xtec.cat\/escolasantamariacervello\/wp-json\/wp\/v2\/types\/page"}],"author":[{"embeddable":true,"href":"https:\/\/agora.xtec.cat\/escolasantamariacervello\/wp-json\/wp\/v2\/users\/63"}],"replies":[{"embeddable":true,"href":"https:\/\/agora.xtec.cat\/escolasantamariacervello\/wp-json\/wp\/v2\/comments?post=2163"}],"version-history":[{"count":6,"href":"https:\/\/agora.xtec.cat\/escolasantamariacervello\/wp-json\/wp\/v2\/pages\/2163\/revisions"}],"predecessor-version":[{"id":3597,"href":"https:\/\/agora.xtec.cat\/escolasantamariacervello\/wp-json\/wp\/v2\/pages\/2163\/revisions\/3597"}],"wp:attachment":[{"href":"https:\/\/agora.xtec.cat\/escolasantamariacervello\/wp-json\/wp\/v2\/media?parent=2163"}],"curies":[{"name":"wp","href":"https:\/\/api.w.org\/{rel}","templated":true}]}}