{"id":742,"date":"2018-01-16T14:00:14","date_gmt":"2018-01-16T13:00:14","guid":{"rendered":"http:\/\/agora.xtec.cat\/escolasantaeugenia\/?page_id=742"},"modified":"2025-09-19T12:00:24","modified_gmt":"2025-09-19T10:00:24","slug":"claustre","status":"publish","type":"page","link":"https:\/\/agora.xtec.cat\/escolasantaeugenia\/lescola\/claustre\/","title":{"rendered":"Claustre"},"content":{"rendered":"<div><b><span style=\"color: #000000; font-size: x-large;\">CURS 2024 -2025<\/span><\/b><\/div>\n<table style=\"height: 684px; width: 83.2721%;\" border=\"1\" cellspacing=\"0\">\n<tbody>\n<tr style=\"height: 65px;\">\n<td style=\"height: 21px; width: 27.4131%;\"><span style=\"color: #000000; font-family: verdana, sans-serif; font-size: large;\"><b>\u00a0Equip Directiu<\/b><\/span><\/td>\n<td style=\"height: 21px; width: 72.3295%;\">\n<ul>\n<li><span style=\"color: #000000; font-family: verdana, sans-serif; font-size: large;\"><b>Directora &#8211; <\/b>Fina H<\/span><\/li>\n<li><span style=\"color: #000000; font-family: verdana, sans-serif; font-size: large;\"><b>Cap d&#8217;estudis &#8211; <\/b>Laura M<\/span><\/li>\n<li><span style=\"color: #000000; font-family: verdana, sans-serif; font-size: large;\"><b>Secret\u00e0ria &#8211; <\/b>Helena G<\/span><\/li>\n<\/ul>\n<\/td>\n<\/tr>\n<tr style=\"height: 65px;\">\n<td style=\"height: 65px; width: 27.4131%;\"><span style=\"color: #000000; font-family: verdana, sans-serif; font-size: large;\"><b>Educaci\u00f3 Infantil<\/b><\/span><\/td>\n<td style=\"height: 65px; width: 72.3295%;\">\n<ul style=\"list-style-type: disc;\">\n<li><span style=\"color: #000000;\"><span style=\"font-family: verdana, sans-serif; font-size: large;\"><b>i3 &#8211; <\/b>Mar A<\/span><\/span><\/li>\n<li><span style=\"color: #000000;\"><span style=\"font-family: verdana, sans-serif; font-size: large;\"><b>i4 &#8211; <\/b>Mireia S<\/span><\/span><\/li>\n<li><span style=\"color: #000000;\"><span style=\"font-family: verdana, sans-serif; font-size: large;\"><b>i5 <\/b>&#8211; Nora L<\/span><\/span><\/li>\n<li><span style=\"color: #000000;\"><span style=\"font-family: verdana, sans-serif; font-size: large;\"><b>Suport del cicle <\/b>&#8211;<\/span><\/span> <span style=\"color: #000000;\"><span style=\"font-family: verdana, sans-serif; font-size: large;\">Helena G<\/span><\/span><\/li>\n<li><span style=\"color: #000000;\"><span style=\"font-family: verdana, sans-serif; font-size: large;\"><b>TEI <\/b>&#8211;<\/span><\/span> <span style=\"color: #000000;\"><span style=\"font-family: verdana, sans-serif; font-size: large;\">Patr\u00edcia<\/span><\/span><span style=\"color: #000000;\"><span style=\"font-family: verdana, sans-serif; font-size: large;\"> H\/ L\u00eddia T<\/span><\/span><\/li>\n<\/ul>\n<\/td>\n<\/tr>\n<tr style=\"height: 49px;\">\n<td style=\"height: 49px; width: 27.4131%;\"><span style=\"color: #000000; font-family: verdana, sans-serif; font-size: large;\">\u00a0<b>Cicle Inicial<\/b><\/span><\/td>\n<td style=\"height: 49px; width: 72.3295%;\">\n<ul>\n<li><span style=\"color: #000000;\"><span style=\"font-family: verdana, sans-serif; font-size: large;\"><b>Ci1 <\/b>&#8211; Eva L<\/span><\/span><\/li>\n<li><span style=\"color: #000000;\"><span style=\"font-family: verdana, sans-serif; font-size: large;\"><b>Ci2 <\/b>&#8211; Susanna B<b><\/b><\/span><\/span><\/li>\n<li><span style=\"color: #000000;\"><span style=\"font-family: verdana, sans-serif; font-size: large;\"><b>Suport del cicle <\/b>&#8211; Montse M<\/span><\/span><\/li>\n<\/ul>\n<\/td>\n<\/tr>\n<tr style=\"height: 49px;\">\n<td style=\"height: 49px; width: 27.4131%;\"><span style=\"color: #000000; font-family: verdana, sans-serif; font-size: large;\">\u00a0<b>Cicle Mitj\u00e0<\/b>\u00a0\u00a0 \u00a0<\/span><\/td>\n<td style=\"height: 49px; width: 72.3295%;\">\n<ul>\n<li><span style=\"color: #000000;\"><strong><span style=\"font-family: verdana, sans-serif; font-size: large;\">CM1 <\/span><\/strong><span style=\"font-family: verdana, sans-serif; font-size: large;\">&#8211; Rosa C.<\/span><\/span><\/li>\n<li><span style=\"color: #000000;\"><span style=\"font-family: verdana, sans-serif; font-size: large;\"><b>CM2 <\/b>&#8211; Andrea D<\/span><span style=\"font-family: verdana, sans-serif; font-size: large;\"><br \/>\n<\/span><\/span><\/li>\n<li><span style=\"color: #000000;\"><span style=\"font-family: verdana, sans-serif; font-size: large;\"><b>Suport del cicle <\/b>&#8211;<\/span> <\/span><span style=\"color: #000000;\"><span style=\"font-family: verdana, sans-serif; font-size: large;\">Carme P<\/span><\/span><\/li>\n<\/ul>\n<\/td>\n<\/tr>\n<tr style=\"height: 65px;\">\n<td style=\"height: 65px; width: 27.4131%;\"><span style=\"color: #000000; font-family: verdana, sans-serif; font-size: large;\">\u00a0<b>Cicle Superior<\/b><\/span><\/td>\n<td style=\"height: 65px; width: 72.3295%;\">\n<ul>\n<li><span style=\"color: #000000;\"><span style=\"font-family: verdana, sans-serif; font-size: large;\"><b>CS1 <\/b>&#8211; Clara L<\/span><\/span><\/li>\n<li><span style=\"color: #000000;\"><span style=\"font-family: verdana, sans-serif; font-size: large;\"><b>CS2 <\/b>&#8211; Txell T<\/span><\/span><\/li>\n<li><span style=\"color: #000000;\"><span style=\"font-family: verdana, sans-serif; font-size: large;\"><b>Suport del Cicle <\/b>&#8211; Ari I<\/span><span style=\"font-family: verdana, sans-serif; font-size: large;\"><br \/>\n<\/span><\/span><\/li>\n<\/ul>\n<\/td>\n<\/tr>\n<tr style=\"height: 114px;\">\n<td style=\"height: 114px; width: 27.4131%;\"><span style=\"color: #000000; font-family: verdana, sans-serif; font-size: large;\">\u00a0<b>Especialistes<\/b><\/span><\/td>\n<td style=\"height: 114px; width: 72.3295%;\">\n<ul>\n<li><span style=\"color: #000000;\"><span style=\"font-family: verdana, sans-serif; font-size: large;\"><b>Educaci\u00f3 F\u00edsica &#8211; <\/b>Montse M<\/span><\/span><\/li>\n<li><span style=\"color: #000000;\"><span style=\"font-family: verdana, sans-serif; font-size: large;\"><b>Llengua Anglesa <\/b>&#8211; Ari I i N\u00faria G<\/span><\/span><\/li>\n<li><span style=\"color: #000000;\"><span style=\"font-family: verdana, sans-serif; font-size: large;\"> <b>LLenguatge Musical <\/b>&#8211; Laura M<br \/>\n<\/span><\/span><\/li>\n<li><span style=\"color: #000000;\"><span style=\"font-family: verdana, sans-serif; font-size: large;\"><b>Educaci\u00f3 Especial <\/b>&#8211; Assumpta C<\/span><\/span><\/li>\n<li><span style=\"color: #000000;\"><span style=\"font-family: verdana, sans-serif; font-size: large;\"><b>Aula d&#8217;Acollida <\/b>&#8211; N\u00faria G<br \/>\n<\/span><\/span><\/li>\n<li><span style=\"color: #000000;\"><span style=\"font-family: verdana, sans-serif; font-size: large;\"><b>Religi\u00f3 <\/b>&#8211; David R\u00a0<\/span><\/span><\/li>\n<li><span style=\"color: #000000;\"><span style=\"font-family: verdana, sans-serif; font-size: large;\"><b>Pensament computacional <\/b>&#8211; Carme P<\/span><\/span><\/li>\n<li><span style=\"color: #000000;\"><span style=\"font-family: verdana, sans-serif; font-size: large;\"><b>Suport infantil i prim\u00e0ria <\/b>&#8211; N\u00faria F i Anna M<\/span><\/span><\/li>\n<\/ul>\n<\/td>\n<\/tr>\n<tr style=\"height: 33px;\">\n<td style=\"height: 33px; width: 27.4131%;\"><span style=\"color: #000000; font-family: verdana, sans-serif; font-size: large;\"><b>\u00a0Conserge<\/b>\u00a0\u00a0 \u00a0<\/span><\/td>\n<td style=\"height: 33px; width: 72.3295%;\"><span style=\"color: #000000; font-family: verdana, sans-serif; font-size: large;\">\u00a0Jordi C.<\/span><\/td>\n<\/tr>\n<tr style=\"height: 33px;\">\n<td style=\"height: 33px; width: 27.4131%;\"><span style=\"color: #000000; font-family: verdana, sans-serif; font-size: large;\">\u00a0<b>Administrativa<\/b><\/span><\/td>\n<td style=\"height: 33px; width: 72.3295%;\"><span style=\"color: #000000; font-family: verdana, sans-serif; font-size: large;\">\u00a0Cristina S.<br \/>\n<\/span><\/td>\n<\/tr>\n<tr style=\"height: 35px;\">\n<td style=\"width: 27.4131%; height: 35px;\"><span style=\"font-family: verdana, sans-serif; font-size: large;\"><b>\u00a0TIS<\/b><\/span><\/td>\n<td style=\"width: 72.3295%; height: 35px;\"><span style=\"color: #000000; font-family: verdana, sans-serif; font-size: large;\">\u00a0J\u00falia B.<\/span><\/td>\n<\/tr>\n<tr style=\"height: 220px;\">\n<td style=\"width: 27.4131%; height: 220px;\"><span style=\"font-family: verdana, sans-serif; font-size: large;\"><b>\u00a0Coordinacions<\/b><\/span><\/td>\n<td style=\"width: 72.3295%; height: 220px;\">\n<ul>\n<li><span style=\"color: #000000;\"><span style=\"font-family: verdana, sans-serif; font-size: large;\"><b>Infantil <\/b><\/span><\/span>&#8211; Mireia M<\/li>\n<li><span style=\"color: #000000;\"><span style=\"font-family: verdana, sans-serif; font-size: large;\"><b>Prim\u00e0ria <\/b><\/span><\/span>&#8211; Rosa C<\/li>\n<li><span style=\"color: #000000;\"><span style=\"font-family: verdana, sans-serif; font-size: large;\"><b>Digital<\/b><\/span><\/span>&#8211; Carme P<\/li>\n<li><span style=\"color: #000000;\"><span style=\"font-family: verdana, sans-serif; font-size: large;\"><b>Biblioteca <\/b><\/span><\/span>&#8211; Eva LL<\/li>\n<li><span style=\"color: #000000;\"><span style=\"font-family: verdana, sans-serif; font-size: large;\"><b>Riscos <\/b>&#8211; N\u00faria G<\/span><\/span><\/li>\n<li><span style=\"color: #000000;\"><span style=\"font-family: verdana, sans-serif; font-size: large;\"><b>Pla Catal\u00e0 de l&#8217;Esport &#8211; <\/b>Montse M<\/span><\/span><\/li>\n<\/ul>\n<\/td>\n<\/tr>\n<\/tbody>\n<\/table>\n","protected":false},"excerpt":{"rendered":"<p>CURS 2024 -2025 \u00a0Equip Directiu Directora &#8211; Fina H Cap d&#8217;estudis &#8211; Laura M Secret\u00e0ria &#8211; Helena G Educaci\u00f3 Infantil i3 &#8211; Mar A i4 &#8211; Mireia S i5 &#8211; Nora L Suport del cicle &#8211; Helena G TEI &#8211; Patr\u00edcia H\/ L\u00eddia T \u00a0Cicle Inicial Ci1 &#8211; Eva L Ci2 &#8211; Susanna B Suport [&hellip;]<\/p>\n","protected":false},"author":5,"featured_media":0,"parent":22,"menu_order":0,"comment_status":"closed","ping_status":"closed","template":"","meta":{"_bbp_topic_count":0,"_bbp_reply_count":0,"_bbp_total_topic_count":0,"_bbp_total_reply_count":0,"_bbp_voice_count":0,"_bbp_anonymous_reply_count":0,"_bbp_topic_count_hidden":0,"_bbp_reply_count_hidden":0,"_bbp_forum_subforum_count":0,"site-sidebar-layout":"default","site-content-layout":"","ast-site-content-layout":"default","site-content-style":"default","site-sidebar-style":"default","ast-global-header-display":"","ast-banner-title-visibility":"","ast-main-header-display":"","ast-hfb-above-header-display":"","ast-hfb-below-header-display":"","ast-hfb-mobile-header-display":"","site-post-title":"","ast-breadcrumbs-content":"","ast-featured-img":"","footer-sml-layout":"","theme-transparent-header-meta":"","adv-header-id-meta":"","stick-header-meta":"","header-above-stick-meta":"","header-main-stick-meta":"","header-below-stick-meta":"","astra-migrate-meta-layouts":"set","ast-page-background-enabled":"default","ast-page-background-meta":{"desktop":{"background-color":"var(--ast-global-color-4)","background-image":"","background-repeat":"repeat","background-position":"center center","background-size":"auto","background-attachment":"scroll","background-type":"","background-media":"","overlay-type":"","overlay-color":"","overlay-opacity":"","overlay-gradient":""},"tablet":{"background-color":"","background-image":"","background-repeat":"repeat","background-position":"center center","background-size":"auto","background-attachment":"scroll","background-type":"","background-media":"","overlay-type":"","overlay-color":"","overlay-opacity":"","overlay-gradient":""},"mobile":{"background-color":"","background-image":"","background-repeat":"repeat","background-position":"center center","background-size":"auto","background-attachment":"scroll","background-type":"","background-media":"","overlay-type":"","overlay-color":"","overlay-opacity":"","overlay-gradient":""}},"ast-content-background-meta":{"desktop":{"background-color":"var(--ast-global-color-5)","background-image":"","background-repeat":"repeat","background-position":"center center","background-size":"auto","background-attachment":"scroll","background-type":"","background-media":"","overlay-type":"","overlay-color":"","overlay-opacity":"","overlay-gradient":""},"tablet":{"background-color":"var(--ast-global-color-5)","background-image":"","background-repeat":"repeat","background-position":"center center","background-size":"auto","background-attachment":"scroll","background-type":"","background-media":"","overlay-type":"","overlay-color":"","overlay-opacity":"","overlay-gradient":""},"mobile":{"background-color":"var(--ast-global-color-5)","background-image":"","background-repeat":"repeat","background-position":"center center","background-size":"auto","background-attachment":"scroll","background-type":"","background-media":"","overlay-type":"","overlay-color":"","overlay-opacity":"","overlay-gradient":""}},"footnotes":""},"class_list":["post-742","page","type-page","status-publish","hentry"],"post_mailing_queue_ids":[],"_links":{"self":[{"href":"https:\/\/agora.xtec.cat\/escolasantaeugenia\/wp-json\/wp\/v2\/pages\/742","targetHints":{"allow":["GET"]}}],"collection":[{"href":"https:\/\/agora.xtec.cat\/escolasantaeugenia\/wp-json\/wp\/v2\/pages"}],"about":[{"href":"https:\/\/agora.xtec.cat\/escolasantaeugenia\/wp-json\/wp\/v2\/types\/page"}],"author":[{"embeddable":true,"href":"https:\/\/agora.xtec.cat\/escolasantaeugenia\/wp-json\/wp\/v2\/users\/5"}],"replies":[{"embeddable":true,"href":"https:\/\/agora.xtec.cat\/escolasantaeugenia\/wp-json\/wp\/v2\/comments?post=742"}],"version-history":[{"count":5,"href":"https:\/\/agora.xtec.cat\/escolasantaeugenia\/wp-json\/wp\/v2\/pages\/742\/revisions"}],"predecessor-version":[{"id":2961,"href":"https:\/\/agora.xtec.cat\/escolasantaeugenia\/wp-json\/wp\/v2\/pages\/742\/revisions\/2961"}],"up":[{"embeddable":true,"href":"https:\/\/agora.xtec.cat\/escolasantaeugenia\/wp-json\/wp\/v2\/pages\/22"}],"wp:attachment":[{"href":"https:\/\/agora.xtec.cat\/escolasantaeugenia\/wp-json\/wp\/v2\/media?parent=742"}],"curies":[{"name":"wp","href":"https:\/\/api.w.org\/{rel}","templated":true}]}}