{"id":73,"date":"2014-09-18T14:01:51","date_gmt":"2014-09-18T13:01:51","guid":{"rendered":"http:\/\/agora.xtec.cat\/escolasantaeugenia\/?page_id=73"},"modified":"2026-05-01T09:18:52","modified_gmt":"2026-05-01T07:18:52","slug":"menjador-escolar","status":"publish","type":"page","link":"https:\/\/agora.xtec.cat\/escolasantaeugenia\/serveis\/menjador-escolar\/","title":{"rendered":"Menjador escolar"},"content":{"rendered":"<p style=\"text-align: center;\"><span style=\"text-decoration: underline;\"><span style=\"color: #0000ff;\"><strong><em>MEN\u00daS DEL MES DE MAIG<\/em><\/strong><\/span><\/span><\/p>\n<p style=\"text-align: center;\"><a href=\"https:\/\/agora.xtec.cat\/escolasantaeugenia\/serveis\/normativa-del-menjador\/\" target=\"_blank\" rel=\"noopener\">Pla de funcionament del menjador<\/a><\/p>\n<p style=\"text-align: center;\"><a href=\"https:\/\/drive.google.com\/file\/d\/1pG50rTb7LwXSxbwLVyjz7mrrtBKBcjNd\/view?usp=drive_link\" target=\"_blank\" rel=\"noopener\">Programaci\u00f3 del men\u00fa escolar (resum)<\/a>\u00a0 \u00a0 \u00a0 \u00a0 \u00a0 <a href=\"https:\/\/drive.google.com\/file\/d\/1RQqa2vbMLmi_zCHHvlqjNGLIL6sxQCH_\/view?usp=drive_link\" target=\"_blank\" rel=\"noopener\">Programaci\u00f3 del men\u00fa escolar (BOE)<\/a>\u00a0\u00a0<\/p>\n<table style=\"border-collapse: collapse; width: 100%; height: 570px;\">\n<tbody>\n<tr style=\"height: 388px;\">\n<td style=\"width: 33.3333%; height: 262px;\">\n<p><strong>Men\u00fa variat<a href=\"https:\/\/agora.xtec.cat\/escolasantaeugenia\/wp-content\/uploads\/usu1677\/2026\/05\/ESCOLA-SANTA-EUGENIA-BASAL-2_page-0001.jpg\"><img loading=\"lazy\" decoding=\"async\" class=\"alignnone size-full wp-image-3111\" src=\"https:\/\/agora.xtec.cat\/escolasantaeugenia\/wp-content\/uploads\/usu1677\/2026\/05\/ESCOLA-SANTA-EUGENIA-BASAL-2_page-0001.jpg\" alt=\"\" width=\"1755\" height=\"1240\" srcset=\"https:\/\/agora.xtec.cat\/escolasantaeugenia\/wp-content\/uploads\/usu1677\/2026\/05\/ESCOLA-SANTA-EUGENIA-BASAL-2_page-0001.jpg 1755w, https:\/\/agora.xtec.cat\/escolasantaeugenia\/wp-content\/uploads\/usu1677\/2026\/05\/ESCOLA-SANTA-EUGENIA-BASAL-2_page-0001-300x212.jpg 300w, https:\/\/agora.xtec.cat\/escolasantaeugenia\/wp-content\/uploads\/usu1677\/2026\/05\/ESCOLA-SANTA-EUGENIA-BASAL-2_page-0001-1024x724.jpg 1024w, https:\/\/agora.xtec.cat\/escolasantaeugenia\/wp-content\/uploads\/usu1677\/2026\/05\/ESCOLA-SANTA-EUGENIA-BASAL-2_page-0001-768x543.jpg 768w, https:\/\/agora.xtec.cat\/escolasantaeugenia\/wp-content\/uploads\/usu1677\/2026\/05\/ESCOLA-SANTA-EUGENIA-BASAL-2_page-0001-1536x1085.jpg 1536w\" sizes=\"auto, (max-width: 1755px) 100vw, 1755px\" \/><\/a><\/strong><\/p>\n<\/td>\n<td style=\"width: 33.25%; height: 262px;\">\n<p><strong>Men\u00fa sense carn<a href=\"https:\/\/agora.xtec.cat\/escolasantaeugenia\/wp-content\/uploads\/usu1677\/2026\/05\/ESCOLA-SANTA-EUGENIA-NO-CARN-2_page-0001.jpg\"><img loading=\"lazy\" decoding=\"async\" class=\"alignnone size-full wp-image-3107\" src=\"https:\/\/agora.xtec.cat\/escolasantaeugenia\/wp-content\/uploads\/usu1677\/2026\/05\/ESCOLA-SANTA-EUGENIA-NO-CARN-2_page-0001.jpg\" alt=\"\" width=\"1755\" height=\"1240\" srcset=\"https:\/\/agora.xtec.cat\/escolasantaeugenia\/wp-content\/uploads\/usu1677\/2026\/05\/ESCOLA-SANTA-EUGENIA-NO-CARN-2_page-0001.jpg 1755w, https:\/\/agora.xtec.cat\/escolasantaeugenia\/wp-content\/uploads\/usu1677\/2026\/05\/ESCOLA-SANTA-EUGENIA-NO-CARN-2_page-0001-300x212.jpg 300w, https:\/\/agora.xtec.cat\/escolasantaeugenia\/wp-content\/uploads\/usu1677\/2026\/05\/ESCOLA-SANTA-EUGENIA-NO-CARN-2_page-0001-1024x724.jpg 1024w, https:\/\/agora.xtec.cat\/escolasantaeugenia\/wp-content\/uploads\/usu1677\/2026\/05\/ESCOLA-SANTA-EUGENIA-NO-CARN-2_page-0001-768x543.jpg 768w, https:\/\/agora.xtec.cat\/escolasantaeugenia\/wp-content\/uploads\/usu1677\/2026\/05\/ESCOLA-SANTA-EUGENIA-NO-CARN-2_page-0001-1536x1085.jpg 1536w\" sizes=\"auto, (max-width: 1755px) 100vw, 1755px\" \/><\/a><\/strong><\/p>\n<\/td>\n<td style=\"width: 33.4166%; height: 262px;\">\n<p><strong>Men\u00fa sense carn i sense ou<a href=\"https:\/\/agora.xtec.cat\/escolasantaeugenia\/wp-content\/uploads\/usu1677\/2026\/05\/ESCOLA-SANTA-EUGENIA-NO-CARN-NO-OU-2_page-0001.jpg\"><img loading=\"lazy\" decoding=\"async\" class=\"alignnone size-full wp-image-3106\" src=\"https:\/\/agora.xtec.cat\/escolasantaeugenia\/wp-content\/uploads\/usu1677\/2026\/05\/ESCOLA-SANTA-EUGENIA-NO-CARN-NO-OU-2_page-0001.jpg\" alt=\"\" width=\"1755\" height=\"1240\" srcset=\"https:\/\/agora.xtec.cat\/escolasantaeugenia\/wp-content\/uploads\/usu1677\/2026\/05\/ESCOLA-SANTA-EUGENIA-NO-CARN-NO-OU-2_page-0001.jpg 1755w, https:\/\/agora.xtec.cat\/escolasantaeugenia\/wp-content\/uploads\/usu1677\/2026\/05\/ESCOLA-SANTA-EUGENIA-NO-CARN-NO-OU-2_page-0001-300x212.jpg 300w, https:\/\/agora.xtec.cat\/escolasantaeugenia\/wp-content\/uploads\/usu1677\/2026\/05\/ESCOLA-SANTA-EUGENIA-NO-CARN-NO-OU-2_page-0001-1024x724.jpg 1024w, https:\/\/agora.xtec.cat\/escolasantaeugenia\/wp-content\/uploads\/usu1677\/2026\/05\/ESCOLA-SANTA-EUGENIA-NO-CARN-NO-OU-2_page-0001-768x543.jpg 768w, https:\/\/agora.xtec.cat\/escolasantaeugenia\/wp-content\/uploads\/usu1677\/2026\/05\/ESCOLA-SANTA-EUGENIA-NO-CARN-NO-OU-2_page-0001-1536x1085.jpg 1536w\" sizes=\"auto, (max-width: 1755px) 100vw, 1755px\" \/><\/a><\/strong><\/p>\n<\/td>\n<\/tr>\n<tr style=\"height: 464px;\">\n<td style=\"width: 33.3333%; height: 308px;\">\n<p><strong>Men\u00fa sense ou i sense llet<a href=\"https:\/\/agora.xtec.cat\/escolasantaeugenia\/wp-content\/uploads\/usu1677\/2026\/05\/ESCOLA-SANTA-EUGENIA-NO-OU-NI-LLET-2_page-0001.jpg\"><img loading=\"lazy\" decoding=\"async\" class=\"alignnone size-full wp-image-3109\" src=\"https:\/\/agora.xtec.cat\/escolasantaeugenia\/wp-content\/uploads\/usu1677\/2026\/05\/ESCOLA-SANTA-EUGENIA-NO-OU-NI-LLET-2_page-0001.jpg\" alt=\"\" width=\"1755\" height=\"1240\" srcset=\"https:\/\/agora.xtec.cat\/escolasantaeugenia\/wp-content\/uploads\/usu1677\/2026\/05\/ESCOLA-SANTA-EUGENIA-NO-OU-NI-LLET-2_page-0001.jpg 1755w, https:\/\/agora.xtec.cat\/escolasantaeugenia\/wp-content\/uploads\/usu1677\/2026\/05\/ESCOLA-SANTA-EUGENIA-NO-OU-NI-LLET-2_page-0001-300x212.jpg 300w, https:\/\/agora.xtec.cat\/escolasantaeugenia\/wp-content\/uploads\/usu1677\/2026\/05\/ESCOLA-SANTA-EUGENIA-NO-OU-NI-LLET-2_page-0001-1024x724.jpg 1024w, https:\/\/agora.xtec.cat\/escolasantaeugenia\/wp-content\/uploads\/usu1677\/2026\/05\/ESCOLA-SANTA-EUGENIA-NO-OU-NI-LLET-2_page-0001-768x543.jpg 768w, https:\/\/agora.xtec.cat\/escolasantaeugenia\/wp-content\/uploads\/usu1677\/2026\/05\/ESCOLA-SANTA-EUGENIA-NO-OU-NI-LLET-2_page-0001-1536x1085.jpg 1536w\" sizes=\"auto, (max-width: 1755px) 100vw, 1755px\" \/><\/a><\/strong><\/p>\n<\/td>\n<td style=\"width: 33.25%; height: 308px;\">\n<p><strong>Men\u00fa sense tom\u00e0quet i sense ou<a href=\"https:\/\/agora.xtec.cat\/escolasantaeugenia\/wp-content\/uploads\/usu1677\/2026\/05\/ESCOLA-SANTA-EUGENIA-NO-TOMATA-NI-OU-2_page-0001.jpg\"><img loading=\"lazy\" decoding=\"async\" class=\"alignnone size-full wp-image-3108\" src=\"https:\/\/agora.xtec.cat\/escolasantaeugenia\/wp-content\/uploads\/usu1677\/2026\/05\/ESCOLA-SANTA-EUGENIA-NO-TOMATA-NI-OU-2_page-0001.jpg\" alt=\"\" width=\"1755\" height=\"1240\" srcset=\"https:\/\/agora.xtec.cat\/escolasantaeugenia\/wp-content\/uploads\/usu1677\/2026\/05\/ESCOLA-SANTA-EUGENIA-NO-TOMATA-NI-OU-2_page-0001.jpg 1755w, https:\/\/agora.xtec.cat\/escolasantaeugenia\/wp-content\/uploads\/usu1677\/2026\/05\/ESCOLA-SANTA-EUGENIA-NO-TOMATA-NI-OU-2_page-0001-300x212.jpg 300w, https:\/\/agora.xtec.cat\/escolasantaeugenia\/wp-content\/uploads\/usu1677\/2026\/05\/ESCOLA-SANTA-EUGENIA-NO-TOMATA-NI-OU-2_page-0001-1024x724.jpg 1024w, https:\/\/agora.xtec.cat\/escolasantaeugenia\/wp-content\/uploads\/usu1677\/2026\/05\/ESCOLA-SANTA-EUGENIA-NO-TOMATA-NI-OU-2_page-0001-768x543.jpg 768w, https:\/\/agora.xtec.cat\/escolasantaeugenia\/wp-content\/uploads\/usu1677\/2026\/05\/ESCOLA-SANTA-EUGENIA-NO-TOMATA-NI-OU-2_page-0001-1536x1085.jpg 1536w\" sizes=\"auto, (max-width: 1755px) 100vw, 1755px\" \/><\/a><\/strong><\/p>\n<\/td>\n<td style=\"width: 33.4166%; height: 308px;\">\n<p><strong>Men\u00fa ovolacteovegetari\u00e0<a href=\"https:\/\/agora.xtec.cat\/escolasantaeugenia\/wp-content\/uploads\/usu1677\/2026\/05\/ESCOLA-SANTA-EUGENIA-OVOLACTOVEGETARIA-2_page-0001.jpg\"><img loading=\"lazy\" decoding=\"async\" class=\"alignnone size-full wp-image-3110\" src=\"https:\/\/agora.xtec.cat\/escolasantaeugenia\/wp-content\/uploads\/usu1677\/2026\/05\/ESCOLA-SANTA-EUGENIA-OVOLACTOVEGETARIA-2_page-0001.jpg\" alt=\"\" width=\"1755\" height=\"1240\" srcset=\"https:\/\/agora.xtec.cat\/escolasantaeugenia\/wp-content\/uploads\/usu1677\/2026\/05\/ESCOLA-SANTA-EUGENIA-OVOLACTOVEGETARIA-2_page-0001.jpg 1755w, https:\/\/agora.xtec.cat\/escolasantaeugenia\/wp-content\/uploads\/usu1677\/2026\/05\/ESCOLA-SANTA-EUGENIA-OVOLACTOVEGETARIA-2_page-0001-300x212.jpg 300w, https:\/\/agora.xtec.cat\/escolasantaeugenia\/wp-content\/uploads\/usu1677\/2026\/05\/ESCOLA-SANTA-EUGENIA-OVOLACTOVEGETARIA-2_page-0001-1024x724.jpg 1024w, https:\/\/agora.xtec.cat\/escolasantaeugenia\/wp-content\/uploads\/usu1677\/2026\/05\/ESCOLA-SANTA-EUGENIA-OVOLACTOVEGETARIA-2_page-0001-768x543.jpg 768w, https:\/\/agora.xtec.cat\/escolasantaeugenia\/wp-content\/uploads\/usu1677\/2026\/05\/ESCOLA-SANTA-EUGENIA-OVOLACTOVEGETARIA-2_page-0001-1536x1085.jpg 1536w\" sizes=\"auto, (max-width: 1755px) 100vw, 1755px\" \/><\/a><\/strong><\/p>\n<\/td>\n<\/tr>\n<\/tbody>\n<\/table>\n\n\n<p><\/p>\n","protected":false},"excerpt":{"rendered":"<p>MEN\u00daS DEL MES DE MAIG Pla de funcionament del menjador Programaci\u00f3 del men\u00fa escolar (resum)\u00a0 \u00a0 \u00a0 \u00a0 \u00a0 Programaci\u00f3 del men\u00fa escolar (BOE)\u00a0\u00a0 Men\u00fa variat Men\u00fa sense carn Men\u00fa sense carn i sense ou Men\u00fa sense ou i sense llet Men\u00fa sense tom\u00e0quet i sense ou Men\u00fa ovolacteovegetari\u00e0<\/p>\n","protected":false},"author":1,"featured_media":0,"parent":66,"menu_order":30,"comment_status":"closed","ping_status":"closed","template":"","meta":{"_bbp_topic_count":0,"_bbp_reply_count":0,"_bbp_total_topic_count":0,"_bbp_total_reply_count":0,"_bbp_voice_count":0,"_bbp_anonymous_reply_count":0,"_bbp_topic_count_hidden":0,"_bbp_reply_count_hidden":0,"_bbp_forum_subforum_count":0,"site-sidebar-layout":"default","site-content-layout":"","ast-site-content-layout":"default","site-content-style":"default","site-sidebar-style":"default","ast-global-header-display":"","ast-banner-title-visibility":"","ast-main-header-display":"","ast-hfb-above-header-display":"","ast-hfb-below-header-display":"","ast-hfb-mobile-header-display":"","site-post-title":"","ast-breadcrumbs-content":"","ast-featured-img":"","footer-sml-layout":"","theme-transparent-header-meta":"","adv-header-id-meta":"","stick-header-meta":"","header-above-stick-meta":"","header-main-stick-meta":"","header-below-stick-meta":"","astra-migrate-meta-layouts":"set","ast-page-background-enabled":"default","ast-page-background-meta":{"desktop":{"background-color":"var(--ast-global-color-4)","background-image":"","background-repeat":"repeat","background-position":"center center","background-size":"auto","background-attachment":"scroll","background-type":"","background-media":"","overlay-type":"","overlay-color":"","overlay-opacity":"","overlay-gradient":""},"tablet":{"background-color":"","background-image":"","background-repeat":"repeat","background-position":"center center","background-size":"auto","background-attachment":"scroll","background-type":"","background-media":"","overlay-type":"","overlay-color":"","overlay-opacity":"","overlay-gradient":""},"mobile":{"background-color":"","background-image":"","background-repeat":"repeat","background-position":"center center","background-size":"auto","background-attachment":"scroll","background-type":"","background-media":"","overlay-type":"","overlay-color":"","overlay-opacity":"","overlay-gradient":""}},"ast-content-background-meta":{"desktop":{"background-color":"var(--ast-global-color-5)","background-image":"","background-repeat":"repeat","background-position":"center center","background-size":"auto","background-attachment":"scroll","background-type":"","background-media":"","overlay-type":"","overlay-color":"","overlay-opacity":"","overlay-gradient":""},"tablet":{"background-color":"var(--ast-global-color-5)","background-image":"","background-repeat":"repeat","background-position":"center center","background-size":"auto","background-attachment":"scroll","background-type":"","background-media":"","overlay-type":"","overlay-color":"","overlay-opacity":"","overlay-gradient":""},"mobile":{"background-color":"var(--ast-global-color-5)","background-image":"","background-repeat":"repeat","background-position":"center center","background-size":"auto","background-attachment":"scroll","background-type":"","background-media":"","overlay-type":"","overlay-color":"","overlay-opacity":"","overlay-gradient":""}},"footnotes":""},"class_list":["post-73","page","type-page","status-publish","hentry"],"post_mailing_queue_ids":[],"_links":{"self":[{"href":"https:\/\/agora.xtec.cat\/escolasantaeugenia\/wp-json\/wp\/v2\/pages\/73","targetHints":{"allow":["GET"]}}],"collection":[{"href":"https:\/\/agora.xtec.cat\/escolasantaeugenia\/wp-json\/wp\/v2\/pages"}],"about":[{"href":"https:\/\/agora.xtec.cat\/escolasantaeugenia\/wp-json\/wp\/v2\/types\/page"}],"author":[{"embeddable":true,"href":"https:\/\/agora.xtec.cat\/escolasantaeugenia\/wp-json\/wp\/v2\/users\/1"}],"replies":[{"embeddable":true,"href":"https:\/\/agora.xtec.cat\/escolasantaeugenia\/wp-json\/wp\/v2\/comments?post=73"}],"version-history":[{"count":5,"href":"https:\/\/agora.xtec.cat\/escolasantaeugenia\/wp-json\/wp\/v2\/pages\/73\/revisions"}],"predecessor-version":[{"id":3112,"href":"https:\/\/agora.xtec.cat\/escolasantaeugenia\/wp-json\/wp\/v2\/pages\/73\/revisions\/3112"}],"up":[{"embeddable":true,"href":"https:\/\/agora.xtec.cat\/escolasantaeugenia\/wp-json\/wp\/v2\/pages\/66"}],"wp:attachment":[{"href":"https:\/\/agora.xtec.cat\/escolasantaeugenia\/wp-json\/wp\/v2\/media?parent=73"}],"curies":[{"name":"wp","href":"https:\/\/api.w.org\/{rel}","templated":true}]}}