{"id":32,"date":"2014-09-18T12:31:33","date_gmt":"2014-09-18T11:31:33","guid":{"rendered":"http:\/\/agora.xtec.cat\/escolasantaeugenia\/?page_id=32"},"modified":"2025-07-13T21:33:58","modified_gmt":"2025-07-13T19:33:58","slug":"calendari-del-curs","status":"publish","type":"page","link":"https:\/\/agora.xtec.cat\/escolasantaeugenia\/lescola\/calendari-del-curs\/","title":{"rendered":"Calendari del curs"},"content":{"rendered":"<h4><img loading=\"lazy\" decoding=\"async\" class=\"alignnone wp-image-2920 size-full\" src=\"https:\/\/agora.xtec.cat\/escolasantaeugenia\/wp-content\/uploads\/usu1677\/2025\/07\/Calendari-escolar-curs-2025-2026_page-0001-e1752331824805.jpg\" alt=\"\" width=\"1100\" height=\"1146\" srcset=\"https:\/\/agora.xtec.cat\/escolasantaeugenia\/wp-content\/uploads\/usu1677\/2025\/07\/Calendari-escolar-curs-2025-2026_page-0001-e1752331824805.jpg 1100w, https:\/\/agora.xtec.cat\/escolasantaeugenia\/wp-content\/uploads\/usu1677\/2025\/07\/Calendari-escolar-curs-2025-2026_page-0001-e1752331824805-288x300.jpg 288w, https:\/\/agora.xtec.cat\/escolasantaeugenia\/wp-content\/uploads\/usu1677\/2025\/07\/Calendari-escolar-curs-2025-2026_page-0001-e1752331824805-983x1024.jpg 983w, https:\/\/agora.xtec.cat\/escolasantaeugenia\/wp-content\/uploads\/usu1677\/2025\/07\/Calendari-escolar-curs-2025-2026_page-0001-e1752331824805-768x800.jpg 768w\" sizes=\"auto, (max-width: 1100px) 100vw, 1100px\" \/><\/h4>\n<table style=\"border-collapse: collapse; width: 105.119%;\">\n<tbody>\n<tr>\n<td style=\"width: 36.8089%;\">\n<h4><strong>Dates d&#8217;inici i final de curs:<\/strong><\/h4>\n<p>Primer dia: 8 de setembre de 2025<\/p>\n<p>\u00daltim dia: 19 de juny de 2026<\/td>\n<td style=\"width: 68.2557%;\">\n<h4><strong>Vacances:<\/strong><\/h4>\n<p>Del 20 de desembre de 2025 al 7 de gener de 2026 (ambd\u00f3s inclosos)<\/p>\n<p>Del 30 de mar\u00e7 al 6 d&#8217;abril de 2026 (ambd\u00f3s inclosos)<\/td>\n<\/tr>\n<tr>\n<td style=\"width: 36.8089%;\">\n<h4><strong>Dies festius i de lliure disposici\u00f3:<\/strong><\/h4>\n<p>11 de setembre de 2025<\/p>\n<p>29, 30 i 31 d&#8217;octubre de 2025<\/p>\n<p>8 de desembre de 2025<\/td>\n<td style=\"width: 68.2557%;\">13 i 16 de febrer de 20261 i 4 de maig de 2026<\/td>\n<\/tr>\n<\/tbody>\n<\/table>\n<p><strong>Jornada continuada:<\/strong><\/p>\n<p>19 de desembre de 2025<\/p>\n<p>Del 8 al 19 de juny de 2026<\/p>\n<p>L\u2019<b>horari lectiu<\/b> del centre \u00e9s de 9:00 a 12:30 h i de 15:00 a 16:30 h per a tots els alumnes del centre.<\/p>\n<p>Durant la <strong>jornada continuada<\/strong>, l&#8217;horari lectiu \u00e9s de 9:00 a 13:00 per a tots els alumnes del centre.<\/p>\n","protected":false},"excerpt":{"rendered":"<p>Dates d&#8217;inici i final de curs: Primer dia: 8 de setembre de 2025 \u00daltim dia: 19 de juny de 2026 Vacances: Del 20 de desembre de 2025 al 7 de gener de 2026 (ambd\u00f3s inclosos) Del 30 de mar\u00e7 al 6 d&#8217;abril de 2026 (ambd\u00f3s inclosos) Dies festius i de lliure disposici\u00f3: 11 de setembre [&hellip;]<\/p>\n","protected":false},"author":1,"featured_media":0,"parent":22,"menu_order":50,"comment_status":"closed","ping_status":"closed","template":"page-templates\/side-menu.php","meta":{"_bbp_topic_count":0,"_bbp_reply_count":0,"_bbp_total_topic_count":0,"_bbp_total_reply_count":0,"_bbp_voice_count":0,"_bbp_anonymous_reply_count":0,"_bbp_topic_count_hidden":0,"_bbp_reply_count_hidden":0,"_bbp_forum_subforum_count":0,"site-sidebar-layout":"default","site-content-layout":"","ast-site-content-layout":"","site-content-style":"default","site-sidebar-style":"default","ast-global-header-display":"","ast-banner-title-visibility":"","ast-main-header-display":"","ast-hfb-above-header-display":"","ast-hfb-below-header-display":"","ast-hfb-mobile-header-display":"","site-post-title":"","ast-breadcrumbs-content":"","ast-featured-img":"","footer-sml-layout":"","theme-transparent-header-meta":"","adv-header-id-meta":"","stick-header-meta":"","header-above-stick-meta":"","header-main-stick-meta":"","header-below-stick-meta":"","astra-migrate-meta-layouts":"default","ast-page-background-enabled":"default","ast-page-background-meta":{"desktop":{"background-color":"var(--ast-global-color-4)","background-image":"","background-repeat":"repeat","background-position":"center center","background-size":"auto","background-attachment":"scroll","background-type":"","background-media":"","overlay-type":"","overlay-color":"","overlay-opacity":"","overlay-gradient":""},"tablet":{"background-color":"","background-image":"","background-repeat":"repeat","background-position":"center center","background-size":"auto","background-attachment":"scroll","background-type":"","background-media":"","overlay-type":"","overlay-color":"","overlay-opacity":"","overlay-gradient":""},"mobile":{"background-color":"","background-image":"","background-repeat":"repeat","background-position":"center center","background-size":"auto","background-attachment":"scroll","background-type":"","background-media":"","overlay-type":"","overlay-color":"","overlay-opacity":"","overlay-gradient":""}},"ast-content-background-meta":{"desktop":{"background-color":"var(--ast-global-color-5)","background-image":"","background-repeat":"repeat","background-position":"center center","background-size":"auto","background-attachment":"scroll","background-type":"","background-media":"","overlay-type":"","overlay-color":"","overlay-opacity":"","overlay-gradient":""},"tablet":{"background-color":"var(--ast-global-color-5)","background-image":"","background-repeat":"repeat","background-position":"center center","background-size":"auto","background-attachment":"scroll","background-type":"","background-media":"","overlay-type":"","overlay-color":"","overlay-opacity":"","overlay-gradient":""},"mobile":{"background-color":"var(--ast-global-color-5)","background-image":"","background-repeat":"repeat","background-position":"center center","background-size":"auto","background-attachment":"scroll","background-type":"","background-media":"","overlay-type":"","overlay-color":"","overlay-opacity":"","overlay-gradient":""}},"footnotes":""},"class_list":["post-32","page","type-page","status-publish","hentry"],"post_mailing_queue_ids":[],"_links":{"self":[{"href":"https:\/\/agora.xtec.cat\/escolasantaeugenia\/wp-json\/wp\/v2\/pages\/32","targetHints":{"allow":["GET"]}}],"collection":[{"href":"https:\/\/agora.xtec.cat\/escolasantaeugenia\/wp-json\/wp\/v2\/pages"}],"about":[{"href":"https:\/\/agora.xtec.cat\/escolasantaeugenia\/wp-json\/wp\/v2\/types\/page"}],"author":[{"embeddable":true,"href":"https:\/\/agora.xtec.cat\/escolasantaeugenia\/wp-json\/wp\/v2\/users\/1"}],"replies":[{"embeddable":true,"href":"https:\/\/agora.xtec.cat\/escolasantaeugenia\/wp-json\/wp\/v2\/comments?post=32"}],"version-history":[{"count":5,"href":"https:\/\/agora.xtec.cat\/escolasantaeugenia\/wp-json\/wp\/v2\/pages\/32\/revisions"}],"predecessor-version":[{"id":2922,"href":"https:\/\/agora.xtec.cat\/escolasantaeugenia\/wp-json\/wp\/v2\/pages\/32\/revisions\/2922"}],"up":[{"embeddable":true,"href":"https:\/\/agora.xtec.cat\/escolasantaeugenia\/wp-json\/wp\/v2\/pages\/22"}],"wp:attachment":[{"href":"https:\/\/agora.xtec.cat\/escolasantaeugenia\/wp-json\/wp\/v2\/media?parent=32"}],"curies":[{"name":"wp","href":"https:\/\/api.w.org\/{rel}","templated":true}]}}