{"id":2829,"date":"2024-10-14T15:16:24","date_gmt":"2024-10-14T13:16:24","guid":{"rendered":"https:\/\/agora.xtec.cat\/escolasantaeugenia\/?page_id=2829"},"modified":"2025-10-02T09:54:32","modified_gmt":"2025-10-02T07:54:32","slug":"afa-2","status":"publish","type":"page","link":"https:\/\/agora.xtec.cat\/escolasantaeugenia\/afa-2\/","title":{"rendered":"AFA"},"content":{"rendered":"<h1 style=\"text-align: center;\"><span style=\"color: #ff0000;\">EN REVISI\u00d3<\/span><a href=\"https:\/\/agora.xtec.cat\/escolasantaeugenia\/wp-content\/uploads\/usu1677\/2024\/10\/Calendari_Eleccions_AFA.jpg\" target=\"_blank\" rel=\"noopener\"><img loading=\"lazy\" decoding=\"async\" class=\"alignnone size-full wp-image-2830 aligncenter\" src=\"https:\/\/agora.xtec.cat\/escolasantaeugenia\/wp-content\/uploads\/usu1677\/2024\/10\/Calendari_Eleccions_AFA.jpg\" alt=\"\" width=\"1600\" height=\"1200\" srcset=\"https:\/\/agora.xtec.cat\/escolasantaeugenia\/wp-content\/uploads\/usu1677\/2024\/10\/Calendari_Eleccions_AFA.jpg 1600w, https:\/\/agora.xtec.cat\/escolasantaeugenia\/wp-content\/uploads\/usu1677\/2024\/10\/Calendari_Eleccions_AFA-300x225.jpg 300w, https:\/\/agora.xtec.cat\/escolasantaeugenia\/wp-content\/uploads\/usu1677\/2024\/10\/Calendari_Eleccions_AFA-1024x768.jpg 1024w, https:\/\/agora.xtec.cat\/escolasantaeugenia\/wp-content\/uploads\/usu1677\/2024\/10\/Calendari_Eleccions_AFA-768x576.jpg 768w, https:\/\/agora.xtec.cat\/escolasantaeugenia\/wp-content\/uploads\/usu1677\/2024\/10\/Calendari_Eleccions_AFA-1536x1152.jpg 1536w, https:\/\/agora.xtec.cat\/escolasantaeugenia\/wp-content\/uploads\/usu1677\/2024\/10\/Calendari_Eleccions_AFA-200x150.jpg 200w\" sizes=\"auto, (max-width: 1600px) 100vw, 1600px\" \/><\/a><\/h1>\n<p>En aquesta p\u00e0gina trobareu tota la informaci\u00f3 referent a l\u2019AFA.<\/p>\n<p><em><strong>Els membres de l\u2019AFA s\u00f3n:<\/strong><\/em><\/p>\n<ul>\n<li>Presidenta: Maria Concepci\u00f3n Fuentes<\/li>\n<li>Tresorera: Alina Bobes<\/li>\n<li>Secret\u00e0ria: Marvy Carolina Medina<\/li>\n<\/ul>\n<p><em><strong>L\u2019horari d\u2019atenci\u00f3 \u00e9s<\/strong><\/em>:<\/p>\n<ul>\n<li>A concretar<\/li>\n<\/ul>\n<p><strong>Tel\u00e8fon de contacte<\/strong>: 972-233-988<\/p>\n<p><strong>Email<\/strong>\u00a0 afa.eugenia@colegroc.cat<\/p>\n<table style=\"width: 60.6983%; height: 180px;\">\n<tbody>\n<tr style=\"height: 68px;\">\n<td style=\"width: 44.1275%; height: 68px;\"><strong>QUOTA AFA<\/strong><\/td>\n<td style=\"width: 25.6714%; height: 68px;\"><strong>1 FILL<\/strong><\/td>\n<td style=\"width: 58.1096%; height: 68px;\"><strong>2 o M\u00c9S FILLS<\/strong><\/td>\n<\/tr>\n<tr style=\"height: 112px;\">\n<td style=\"width: 44.1275%; height: 112px;\">Es paga al setembre i dura tot el curs<\/td>\n<td style=\"width: 25.6714%; height: 112px;\">15 \u20ac\/fam\u00edlia<\/td>\n<td style=\"width: 58.1096%; height: 112px;\">25 \u20ac\/fam\u00edlia<\/td>\n<\/tr>\n<\/tbody>\n<\/table>\n<p><img loading=\"lazy\" decoding=\"async\" class=\"wp-image-2839 alignleft\" src=\"https:\/\/agora.xtec.cat\/escolasantaeugenia\/wp-content\/uploads\/usu1677\/2024\/12\/Preus_Xandalls_2425.jpeg\" alt=\"\" width=\"652\" height=\"922\" srcset=\"https:\/\/agora.xtec.cat\/escolasantaeugenia\/wp-content\/uploads\/usu1677\/2024\/12\/Preus_Xandalls_2425.jpeg 1131w, https:\/\/agora.xtec.cat\/escolasantaeugenia\/wp-content\/uploads\/usu1677\/2024\/12\/Preus_Xandalls_2425-212x300.jpeg 212w, https:\/\/agora.xtec.cat\/escolasantaeugenia\/wp-content\/uploads\/usu1677\/2024\/12\/Preus_Xandalls_2425-724x1024.jpeg 724w, https:\/\/agora.xtec.cat\/escolasantaeugenia\/wp-content\/uploads\/usu1677\/2024\/12\/Preus_Xandalls_2425-768x1086.jpeg 768w, https:\/\/agora.xtec.cat\/escolasantaeugenia\/wp-content\/uploads\/usu1677\/2024\/12\/Preus_Xandalls_2425-1086x1536.jpeg 1086w\" sizes=\"auto, (max-width: 652px) 100vw, 652px\" \/><\/p>\n","protected":false},"excerpt":{"rendered":"<p>EN REVISI\u00d3 En aquesta p\u00e0gina trobareu tota la informaci\u00f3 referent a l\u2019AFA. Els membres de l\u2019AFA s\u00f3n: Presidenta: Maria Concepci\u00f3n Fuentes Tresorera: Alina Bobes Secret\u00e0ria: Marvy Carolina Medina L\u2019horari d\u2019atenci\u00f3 \u00e9s: A concretar Tel\u00e8fon de contacte: 972-233-988 Email\u00a0 afa.eugenia@colegroc.cat QUOTA AFA 1 FILL 2 o M\u00c9S FILLS Es paga al setembre i dura tot el [&hellip;]<\/p>\n","protected":false},"author":5,"featured_media":0,"parent":0,"menu_order":0,"comment_status":"closed","ping_status":"closed","template":"","meta":{"_bbp_topic_count":0,"_bbp_reply_count":0,"_bbp_total_topic_count":0,"_bbp_total_reply_count":0,"_bbp_voice_count":0,"_bbp_anonymous_reply_count":0,"_bbp_topic_count_hidden":0,"_bbp_reply_count_hidden":0,"_bbp_forum_subforum_count":0,"site-sidebar-layout":"default","site-content-layout":"","ast-site-content-layout":"default","site-content-style":"default","site-sidebar-style":"default","ast-global-header-display":"","ast-banner-title-visibility":"","ast-main-header-display":"","ast-hfb-above-header-display":"","ast-hfb-below-header-display":"","ast-hfb-mobile-header-display":"","site-post-title":"","ast-breadcrumbs-content":"","ast-featured-img":"","footer-sml-layout":"","theme-transparent-header-meta":"","adv-header-id-meta":"","stick-header-meta":"","header-above-stick-meta":"","header-main-stick-meta":"","header-below-stick-meta":"","astra-migrate-meta-layouts":"set","ast-page-background-enabled":"default","ast-page-background-meta":{"desktop":{"background-color":"var(--ast-global-color-4)","background-image":"","background-repeat":"repeat","background-position":"center center","background-size":"auto","background-attachment":"scroll","background-type":"","background-media":"","overlay-type":"","overlay-color":"","overlay-opacity":"","overlay-gradient":""},"tablet":{"background-color":"","background-image":"","background-repeat":"repeat","background-position":"center center","background-size":"auto","background-attachment":"scroll","background-type":"","background-media":"","overlay-type":"","overlay-color":"","overlay-opacity":"","overlay-gradient":""},"mobile":{"background-color":"","background-image":"","background-repeat":"repeat","background-position":"center center","background-size":"auto","background-attachment":"scroll","background-type":"","background-media":"","overlay-type":"","overlay-color":"","overlay-opacity":"","overlay-gradient":""}},"ast-content-background-meta":{"desktop":{"background-color":"var(--ast-global-color-5)","background-image":"","background-repeat":"repeat","background-position":"center center","background-size":"auto","background-attachment":"scroll","background-type":"","background-media":"","overlay-type":"","overlay-color":"","overlay-opacity":"","overlay-gradient":""},"tablet":{"background-color":"var(--ast-global-color-5)","background-image":"","background-repeat":"repeat","background-position":"center center","background-size":"auto","background-attachment":"scroll","background-type":"","background-media":"","overlay-type":"","overlay-color":"","overlay-opacity":"","overlay-gradient":""},"mobile":{"background-color":"var(--ast-global-color-5)","background-image":"","background-repeat":"repeat","background-position":"center center","background-size":"auto","background-attachment":"scroll","background-type":"","background-media":"","overlay-type":"","overlay-color":"","overlay-opacity":"","overlay-gradient":""}},"footnotes":""},"class_list":["post-2829","page","type-page","status-publish","hentry"],"post_mailing_queue_ids":[],"_links":{"self":[{"href":"https:\/\/agora.xtec.cat\/escolasantaeugenia\/wp-json\/wp\/v2\/pages\/2829","targetHints":{"allow":["GET"]}}],"collection":[{"href":"https:\/\/agora.xtec.cat\/escolasantaeugenia\/wp-json\/wp\/v2\/pages"}],"about":[{"href":"https:\/\/agora.xtec.cat\/escolasantaeugenia\/wp-json\/wp\/v2\/types\/page"}],"author":[{"embeddable":true,"href":"https:\/\/agora.xtec.cat\/escolasantaeugenia\/wp-json\/wp\/v2\/users\/5"}],"replies":[{"embeddable":true,"href":"https:\/\/agora.xtec.cat\/escolasantaeugenia\/wp-json\/wp\/v2\/comments?post=2829"}],"version-history":[{"count":5,"href":"https:\/\/agora.xtec.cat\/escolasantaeugenia\/wp-json\/wp\/v2\/pages\/2829\/revisions"}],"predecessor-version":[{"id":2986,"href":"https:\/\/agora.xtec.cat\/escolasantaeugenia\/wp-json\/wp\/v2\/pages\/2829\/revisions\/2986"}],"wp:attachment":[{"href":"https:\/\/agora.xtec.cat\/escolasantaeugenia\/wp-json\/wp\/v2\/media?parent=2829"}],"curies":[{"name":"wp","href":"https:\/\/api.w.org\/{rel}","templated":true}]}}