{"id":26,"date":"2014-09-18T12:24:32","date_gmt":"2014-09-18T11:24:32","guid":{"rendered":"http:\/\/agora.xtec.cat\/escolasantaeugenia\/?page_id=26"},"modified":"2025-10-26T14:56:15","modified_gmt":"2025-10-26T13:56:15","slug":"historia","status":"publish","type":"page","link":"https:\/\/agora.xtec.cat\/escolasantaeugenia\/lescola\/historia\/","title":{"rendered":"Hist\u00f2ria"},"content":{"rendered":"<div id='gallery-1' class='gallery galleryid-26 gallery-columns-3 gallery-size-full'><figure class='gallery-item'>\n\t\t\t<div class='gallery-icon landscape'>\n\t\t\t\t<a href='https:\/\/agora.xtec.cat\/escolasantaeugenia\/wp-content\/uploads\/usu1677\/2014\/09\/20171102_083037_003.jpg'><img loading=\"lazy\" decoding=\"async\" width=\"2023\" height=\"1432\" src=\"https:\/\/agora.xtec.cat\/escolasantaeugenia\/wp-content\/uploads\/usu1677\/2014\/09\/20171102_083037_003.jpg\" class=\"attachment-full size-full\" alt=\"\" srcset=\"https:\/\/agora.xtec.cat\/escolasantaeugenia\/wp-content\/uploads\/usu1677\/2014\/09\/20171102_083037_003.jpg 2023w, https:\/\/agora.xtec.cat\/escolasantaeugenia\/wp-content\/uploads\/usu1677\/2014\/09\/20171102_083037_003-300x212.jpg 300w, https:\/\/agora.xtec.cat\/escolasantaeugenia\/wp-content\/uploads\/usu1677\/2014\/09\/20171102_083037_003-768x544.jpg 768w, https:\/\/agora.xtec.cat\/escolasantaeugenia\/wp-content\/uploads\/usu1677\/2014\/09\/20171102_083037_003-1024x725.jpg 1024w\" sizes=\"auto, (max-width: 2023px) 100vw, 2023px\" \/><\/a>\n\t\t\t<\/div><\/figure><figure class='gallery-item'>\n\t\t\t<div class='gallery-icon landscape'>\n\t\t\t\t<a href='https:\/\/agora.xtec.cat\/escolasantaeugenia\/wp-content\/uploads\/usu1677\/2014\/09\/20171102_083037_001.jpg'><img loading=\"lazy\" decoding=\"async\" width=\"2023\" height=\"1432\" src=\"https:\/\/agora.xtec.cat\/escolasantaeugenia\/wp-content\/uploads\/usu1677\/2014\/09\/20171102_083037_001.jpg\" class=\"attachment-full size-full\" alt=\"\" srcset=\"https:\/\/agora.xtec.cat\/escolasantaeugenia\/wp-content\/uploads\/usu1677\/2014\/09\/20171102_083037_001.jpg 2023w, https:\/\/agora.xtec.cat\/escolasantaeugenia\/wp-content\/uploads\/usu1677\/2014\/09\/20171102_083037_001-300x212.jpg 300w, https:\/\/agora.xtec.cat\/escolasantaeugenia\/wp-content\/uploads\/usu1677\/2014\/09\/20171102_083037_001-768x544.jpg 768w, https:\/\/agora.xtec.cat\/escolasantaeugenia\/wp-content\/uploads\/usu1677\/2014\/09\/20171102_083037_001-1024x725.jpg 1024w\" sizes=\"auto, (max-width: 2023px) 100vw, 2023px\" \/><\/a>\n\t\t\t<\/div><\/figure><figure class='gallery-item'>\n\t\t\t<div class='gallery-icon landscape'>\n\t\t\t\t<a href='https:\/\/agora.xtec.cat\/escolasantaeugenia\/wp-content\/uploads\/usu1677\/2014\/09\/20171102_083037_002.jpg'><img loading=\"lazy\" decoding=\"async\" width=\"2023\" height=\"1432\" src=\"https:\/\/agora.xtec.cat\/escolasantaeugenia\/wp-content\/uploads\/usu1677\/2014\/09\/20171102_083037_002.jpg\" class=\"attachment-full size-full\" alt=\"\" srcset=\"https:\/\/agora.xtec.cat\/escolasantaeugenia\/wp-content\/uploads\/usu1677\/2014\/09\/20171102_083037_002.jpg 2023w, https:\/\/agora.xtec.cat\/escolasantaeugenia\/wp-content\/uploads\/usu1677\/2014\/09\/20171102_083037_002-300x212.jpg 300w, https:\/\/agora.xtec.cat\/escolasantaeugenia\/wp-content\/uploads\/usu1677\/2014\/09\/20171102_083037_002-768x544.jpg 768w, https:\/\/agora.xtec.cat\/escolasantaeugenia\/wp-content\/uploads\/usu1677\/2014\/09\/20171102_083037_002-1024x725.jpg 1024w\" sizes=\"auto, (max-width: 2023px) 100vw, 2023px\" \/><\/a>\n\t\t\t<\/div><\/figure>\n\t\t<\/div>\n\n<p><a href=\"https:\/\/agora.xtec.cat\/escolasantaeugenia\/wp-content\/uploads\/usu1677\/2019\/02\/IMG-20181020-WA0000.jpg\"><img loading=\"lazy\" decoding=\"async\" class=\"aligncenter size-full wp-image-1088\" src=\"https:\/\/agora.xtec.cat\/escolasantaeugenia\/wp-content\/uploads\/usu1677\/2019\/02\/IMG-20181020-WA0000.jpg\" alt=\"\" width=\"450\" height=\"333\" srcset=\"https:\/\/agora.xtec.cat\/escolasantaeugenia\/wp-content\/uploads\/usu1677\/2019\/02\/IMG-20181020-WA0000.jpg 450w, https:\/\/agora.xtec.cat\/escolasantaeugenia\/wp-content\/uploads\/usu1677\/2019\/02\/IMG-20181020-WA0000-300x222.jpg 300w\" sizes=\"auto, (max-width: 450px) 100vw, 450px\" \/><\/a><\/p>\n<p><strong> \u00a0 \u00a0 \u00a0 \u00a0 \u00a0 Inauguraci\u00f3 Escola Santa Eug\u00e8nia &#8211; Setembre 1939<\/strong><\/p>\n<p style=\"text-align: center;\"><img loading=\"lazy\" decoding=\"async\" class=\"size-full wp-image-461 aligncenter\" src=\"http:\/\/agora.xtec.cat\/escolasantaeugenia\/wp-content\/uploads\/usu1677\/2017\/10\/Escola-Santa-Eug\u00e8nia-petit_opt-5_opt.jpg\" alt=\"\" width=\"400\" height=\"84\" srcset=\"https:\/\/agora.xtec.cat\/escolasantaeugenia\/wp-content\/uploads\/usu1677\/2017\/10\/Escola-Santa-Eug\u00e8nia-petit_opt-5_opt.jpg 400w, https:\/\/agora.xtec.cat\/escolasantaeugenia\/wp-content\/uploads\/usu1677\/2017\/10\/Escola-Santa-Eug\u00e8nia-petit_opt-5_opt-300x63.jpg 300w\" sizes=\"auto, (max-width: 400px) 100vw, 400px\" \/><\/p>\n<p style=\"text-align: left;\">L\u2019escola es va estrenar el setembre del 1939. Pr\u00e8viament ja hi havia hagut una petita escola al barri i en tenim const\u00e0ncia pel <em>diari de classe <\/em>del mestre Ferran Rahola de l\u2019any 1936.<\/p>\n<p style=\"text-align: left;\">L\u2019escola estava situada al poble Santa Eug\u00e8nia de Ter que fou municipi fins que al 1963 s\u2019annexion\u00e0 a la ciutat de Girona.<\/p>\n<p style=\"text-align: left;\">Durant la guerra civil l\u2019esgl\u00e9sia del poble fou bombardejada i cremada i amb les pedres i bigues que es van poder salvar comen\u00e7aren a construir la nostra escola. L\u2019Ajuntament de l\u2019\u00e8poca, segona Rep\u00fablica, va tenir inter\u00e8s en construir l\u2019edifici ja que la filla d\u2019un alcalde havia estat atropellada mentre anava cam\u00ed cap a l\u2019escola a Girona.<\/p>\n<p style=\"text-align: left;\">Els pl\u00e0nols originals de l\u2019edifici s\u00f3n de l\u2019\u00e8poca de la Rep\u00fablica per\u00f2 l\u2019edifici s\u2019acab\u00e0 l\u2019estiu de 1939. El marqu\u00e8s de Camps fou qui don\u00e0 els terrenys, en aquell moment allunyats del nucli urb\u00e0.<\/p>\n<p style=\"text-align: left;\">Una vegada acabat l\u2019edifici allotj\u00e0 a part de l\u2019escola, l\u2019ajuntament, el jutjat i l\u2019esgl\u00e9sia. D\u2019aquesta \u00faltima l\u2019escola encara en guarda el cor i l\u2019altar. Tamb\u00e9 els mestres hi vivien i fins i tot el secretari de l\u2019ajuntament.<\/p>\n<p style=\"text-align: left;\">El pati de l\u2019escola tenia l\u00edmits naturals com el Riu G\u00fcell i tamb\u00e9 les vies del carrilet d\u2019Olot i al davant de l\u2019escola hi havia el Pont del Dimoni, antic pont medieval desmuntat el 1968 del qual se\u2019n guarden les pedres i en breu el tornaran a muntar.<\/p>\n<p style=\"text-align: left;\">En els anys de postguerra es convert\u00ed en el centre neur\u00e0lgic del barri i aix\u00ed continu\u00e0 fins que a finals de 1950 constru\u00efren l\u2019esgl\u00e9sia de Sant Narc\u00eds i ja cap els setanta amb la vinguda d\u2019immigraci\u00f3 de pobles gironins i de gent de l\u2019Estat Espanyol es feren altres escoles al barri.<\/p>\n<p style=\"text-align: left;\">L\u2019edifici malgrat els canvis es conserva semblant als seus inicis: classes espaioses i amb molta claror i amb l\u2019encant de fa 80 anys.<\/p>\n<p style=\"text-align: left;\">El curs 2014-2015 en vam celebrar el 75\u00e8 aniversari.<\/p>\n<p style=\"text-align: left;\">En els anys setanta es va pintar de color groc i des de llavors es coneguda popularment com el \u201ccol.legi groc\u201d.<\/p>\n<p style=\"text-align: left;\"><a href=\"http:\/\/agora.xtec.cat\/escolasantaeugenia\/wp-content\/uploads\/usu1677\/2014\/09\/cartelll.jpg\"><img loading=\"lazy\" decoding=\"async\" class=\"aligncenter wp-image-735 size-medium\" src=\"http:\/\/agora.xtec.cat\/escolasantaeugenia\/wp-content\/uploads\/usu1677\/2014\/09\/cartelll-217x300.jpg\" alt=\"\" width=\"217\" height=\"300\" srcset=\"https:\/\/agora.xtec.cat\/escolasantaeugenia\/wp-content\/uploads\/usu1677\/2014\/09\/cartelll-217x300.jpg 217w, https:\/\/agora.xtec.cat\/escolasantaeugenia\/wp-content\/uploads\/usu1677\/2014\/09\/cartelll-768x1060.jpg 768w, https:\/\/agora.xtec.cat\/escolasantaeugenia\/wp-content\/uploads\/usu1677\/2014\/09\/cartelll-742x1024.jpg 742w, https:\/\/agora.xtec.cat\/escolasantaeugenia\/wp-content\/uploads\/usu1677\/2014\/09\/cartelll.jpg 1073w\" sizes=\"auto, (max-width: 217px) 100vw, 217px\" \/><\/a><\/p>\n","protected":false},"excerpt":{"rendered":"<p>\u00a0 \u00a0 \u00a0 \u00a0 \u00a0 Inauguraci\u00f3 Escola Santa Eug\u00e8nia &#8211; Setembre 1939 L\u2019escola es va estrenar el setembre del 1939. Pr\u00e8viament ja hi havia hagut una petita escola al barri i en tenim const\u00e0ncia pel diari de classe del mestre Ferran Rahola de l\u2019any 1936. L\u2019escola estava situada al poble Santa Eug\u00e8nia de Ter que [&hellip;]<\/p>\n","protected":false},"author":1,"featured_media":0,"parent":22,"menu_order":20,"comment_status":"closed","ping_status":"closed","template":"","meta":{"_bbp_topic_count":0,"_bbp_reply_count":0,"_bbp_total_topic_count":0,"_bbp_total_reply_count":0,"_bbp_voice_count":0,"_bbp_anonymous_reply_count":0,"_bbp_topic_count_hidden":0,"_bbp_reply_count_hidden":0,"_bbp_forum_subforum_count":0,"site-sidebar-layout":"default","site-content-layout":"","ast-site-content-layout":"default","site-content-style":"default","site-sidebar-style":"default","ast-global-header-display":"","ast-banner-title-visibility":"","ast-main-header-display":"","ast-hfb-above-header-display":"","ast-hfb-below-header-display":"","ast-hfb-mobile-header-display":"","site-post-title":"","ast-breadcrumbs-content":"","ast-featured-img":"","footer-sml-layout":"","theme-transparent-header-meta":"","adv-header-id-meta":"","stick-header-meta":"","header-above-stick-meta":"","header-main-stick-meta":"","header-below-stick-meta":"","astra-migrate-meta-layouts":"set","ast-page-background-enabled":"default","ast-page-background-meta":{"desktop":{"background-color":"var(--ast-global-color-4)","background-image":"","background-repeat":"repeat","background-position":"center center","background-size":"auto","background-attachment":"scroll","background-type":"","background-media":"","overlay-type":"","overlay-color":"","overlay-opacity":"","overlay-gradient":""},"tablet":{"background-color":"","background-image":"","background-repeat":"repeat","background-position":"center center","background-size":"auto","background-attachment":"scroll","background-type":"","background-media":"","overlay-type":"","overlay-color":"","overlay-opacity":"","overlay-gradient":""},"mobile":{"background-color":"","background-image":"","background-repeat":"repeat","background-position":"center center","background-size":"auto","background-attachment":"scroll","background-type":"","background-media":"","overlay-type":"","overlay-color":"","overlay-opacity":"","overlay-gradient":""}},"ast-content-background-meta":{"desktop":{"background-color":"var(--ast-global-color-5)","background-image":"","background-repeat":"repeat","background-position":"center center","background-size":"auto","background-attachment":"scroll","background-type":"","background-media":"","overlay-type":"","overlay-color":"","overlay-opacity":"","overlay-gradient":""},"tablet":{"background-color":"var(--ast-global-color-5)","background-image":"","background-repeat":"repeat","background-position":"center center","background-size":"auto","background-attachment":"scroll","background-type":"","background-media":"","overlay-type":"","overlay-color":"","overlay-opacity":"","overlay-gradient":""},"mobile":{"background-color":"var(--ast-global-color-5)","background-image":"","background-repeat":"repeat","background-position":"center center","background-size":"auto","background-attachment":"scroll","background-type":"","background-media":"","overlay-type":"","overlay-color":"","overlay-opacity":"","overlay-gradient":""}},"footnotes":""},"class_list":["post-26","page","type-page","status-publish","hentry"],"post_mailing_queue_ids":[],"_links":{"self":[{"href":"https:\/\/agora.xtec.cat\/escolasantaeugenia\/wp-json\/wp\/v2\/pages\/26","targetHints":{"allow":["GET"]}}],"collection":[{"href":"https:\/\/agora.xtec.cat\/escolasantaeugenia\/wp-json\/wp\/v2\/pages"}],"about":[{"href":"https:\/\/agora.xtec.cat\/escolasantaeugenia\/wp-json\/wp\/v2\/types\/page"}],"author":[{"embeddable":true,"href":"https:\/\/agora.xtec.cat\/escolasantaeugenia\/wp-json\/wp\/v2\/users\/1"}],"replies":[{"embeddable":true,"href":"https:\/\/agora.xtec.cat\/escolasantaeugenia\/wp-json\/wp\/v2\/comments?post=26"}],"version-history":[{"count":6,"href":"https:\/\/agora.xtec.cat\/escolasantaeugenia\/wp-json\/wp\/v2\/pages\/26\/revisions"}],"predecessor-version":[{"id":3010,"href":"https:\/\/agora.xtec.cat\/escolasantaeugenia\/wp-json\/wp\/v2\/pages\/26\/revisions\/3010"}],"up":[{"embeddable":true,"href":"https:\/\/agora.xtec.cat\/escolasantaeugenia\/wp-json\/wp\/v2\/pages\/22"}],"wp:attachment":[{"href":"https:\/\/agora.xtec.cat\/escolasantaeugenia\/wp-json\/wp\/v2\/media?parent=26"}],"curies":[{"name":"wp","href":"https:\/\/api.w.org\/{rel}","templated":true}]}}