{"id":87,"date":"2014-09-18T14:28:12","date_gmt":"2014-09-18T13:28:12","guid":{"rendered":"http:\/\/agora.xtec.cat\/escolasantaagnes\/?page_id=87"},"modified":"2018-09-05T22:49:26","modified_gmt":"2018-09-05T20:49:26","slug":"nivells","status":"publish","type":"page","link":"https:\/\/agora.xtec.cat\/escolasantaagnes\/nivells\/","title":{"rendered":"Nivells"},"content":{"rendered":"<p><a href=\"http:\/\/agora.xtec.cat\/escolasantaagnes\/wp-content\/uploads\/usu1755\/2018\/09\/portada-web.jpg\"><img loading=\"lazy\" decoding=\"async\" class=\"aligncenter wp-image-735 \" src=\"http:\/\/agora.xtec.cat\/escolasantaagnes\/wp-content\/uploads\/usu1755\/2018\/09\/portada-web.jpg\" alt=\"\" width=\"664\" height=\"356\" \/><\/a><\/p>\n<p style=\"text-align: center;\">L&#8217;escola imparteix doc\u00e8ncia des de P3 a 6\u00e8, \u00e9s a dir, des dels 3 anys fins els 12 anys. Som escola c\u00edclica amb r\u00e0tios redu\u00efdes i d&#8217;una sola l\u00ednia educativa.<\/p>\n<p>&nbsp;<\/p>\n","protected":false},"excerpt":{"rendered":"<p><a href=\"http:\/\/agora.xtec.cat\/escolasantaagnes\/wp-content\/uploads\/usu1755\/2018\/09\/portada-web.jpg\"><\/a><br \/>\nL&#8217;escola imparteix doc\u00e8ncia des de P3 a 6\u00e8, \u00e9s a dir, des dels 3 anys fins els 12 anys. Som escola c\u00edclica amb r\u00e0tios redu\u00efdes i d&#8217;una sola l\u00ednia educativa.<br \/>\n&nbsp;<\/p>\n","protected":false},"author":1,"featured_media":0,"parent":0,"menu_order":0,"comment_status":"closed","ping_status":"closed","template":"page-templates\/side-menu.php","meta":{"_bbp_topic_count":0,"_bbp_reply_count":0,"_bbp_total_topic_count":0,"_bbp_total_reply_count":0,"_bbp_voice_count":0,"_bbp_anonymous_reply_count":0,"_bbp_topic_count_hidden":0,"_bbp_reply_count_hidden":0,"_bbp_forum_subforum_count":0,"footnotes":""},"class_list":["post-87","page","type-page","status-publish","hentry"],"post_mailing_queue_ids":[],"_links":{"self":[{"href":"https:\/\/agora.xtec.cat\/escolasantaagnes\/wp-json\/wp\/v2\/pages\/87","targetHints":{"allow":["GET"]}}],"collection":[{"href":"https:\/\/agora.xtec.cat\/escolasantaagnes\/wp-json\/wp\/v2\/pages"}],"about":[{"href":"https:\/\/agora.xtec.cat\/escolasantaagnes\/wp-json\/wp\/v2\/types\/page"}],"author":[{"embeddable":true,"href":"https:\/\/agora.xtec.cat\/escolasantaagnes\/wp-json\/wp\/v2\/users\/1"}],"replies":[{"embeddable":true,"href":"https:\/\/agora.xtec.cat\/escolasantaagnes\/wp-json\/wp\/v2\/comments?post=87"}],"version-history":[{"count":3,"href":"https:\/\/agora.xtec.cat\/escolasantaagnes\/wp-json\/wp\/v2\/pages\/87\/revisions"}],"predecessor-version":[{"id":759,"href":"https:\/\/agora.xtec.cat\/escolasantaagnes\/wp-json\/wp\/v2\/pages\/87\/revisions\/759"}],"wp:attachment":[{"href":"https:\/\/agora.xtec.cat\/escolasantaagnes\/wp-json\/wp\/v2\/media?parent=87"}],"curies":[{"name":"wp","href":"https:\/\/api.w.org\/{rel}","templated":true}]}}