{"id":84,"date":"2014-09-18T14:11:31","date_gmt":"2014-09-18T12:11:31","guid":{"rendered":"http:\/\/agora.xtec.cat\/escolasantaagnes\/?page_id=84"},"modified":"2025-10-20T10:36:53","modified_gmt":"2025-10-20T08:36:53","slug":"activitats-extraescolars","status":"publish","type":"page","link":"https:\/\/agora.xtec.cat\/escolasantaagnes\/ampa\/activitats-extraescolars\/","title":{"rendered":"ACTIVITATS EXTRAESCOLARS"},"content":{"rendered":"<p><a href=\"https:\/\/agora.xtec.cat\/escolasantaagnes\/wp-content\/uploads\/usu1755\/2020\/06\/extrAESCOLARS-1-1.png\"><img loading=\"lazy\" decoding=\"async\" class=\"size-full wp-image-2341 aligncenter\" src=\"https:\/\/agora.xtec.cat\/escolasantaagnes\/wp-content\/uploads\/usu1755\/2020\/06\/extrAESCOLARS-1-1.png\" alt=\"\" width=\"466\" height=\"225\" srcset=\"https:\/\/agora.xtec.cat\/escolasantaagnes\/wp-content\/uploads\/usu1755\/2020\/06\/extrAESCOLARS-1-1.png 466w, https:\/\/agora.xtec.cat\/escolasantaagnes\/wp-content\/uploads\/usu1755\/2020\/06\/extrAESCOLARS-1-1-300x145.png 300w\" sizes=\"auto, (max-width: 466px) 100vw, 466px\" \/><\/a><\/p>\n<p>Ja tenim preparada la nova oferta inicial d&#8217;extraescolars pel proper curs 25\/26. L&#8217;AFA organitza i ofereix:<\/p>\n<ul>\n<li>Scratch Barcelona: programaci\u00f3, impressi\u00f3 3D i rob\u00f2tica.<\/li>\n<li>Multiesports: Psicomotricitat esportiva d&#8217;I3 a I5.<\/li>\n<li>Angl\u00e9s per tots els cursos amb Happy English .<\/li>\n<li>Music Lab 1 (CM) i Music Lab 2 (CS).<\/li>\n<li>M\u00fasica i moviment (I4-I5) i Creaci\u00f3 (CI)<\/li>\n<li>Dibuix i manga (Lomas Art).<\/li>\n<li>Escacs amb el Club d&#8217;escacs de Granollers.<\/li>\n<li>Piscina al Crack Sports. <strong style=\"font-family: inherit; font-size: 1em;\"><span style=\"color: #ff0000;\"><span style=\"color: #000000;\">Les fam\u00edlies interessades en fer<\/span> piscina <span style=\"color: #000000;\">temporada 25-26, han d&#8217;apropar-se al club per fer l&#8217;alta i el pagament, ja que hi ha places limitades. Per informaci\u00f3 trucar al 93 879 69 15, dir que veniu de l&#8217;Escola Santa Agn\u00e8s.\u00a0<\/span><\/span><\/strong><\/li>\n<\/ul>\n<p>Oferim una bona oferta d&#8217;extraescolars amb activitats per tots el cursos. Esperem que us agradi i que els vostres fills\/es les gaudeixin!<\/p>\n<p><a href=\"https:\/\/agora.xtec.cat\/escolasantaagnes\/wp-content\/uploads\/usu1755\/2025\/10\/Imatge-extraescolars-25-26.png\"><img loading=\"lazy\" decoding=\"async\" class=\"alignnone size-full wp-image-5582\" src=\"https:\/\/agora.xtec.cat\/escolasantaagnes\/wp-content\/uploads\/usu1755\/2025\/10\/Imatge-extraescolars-25-26.png\" alt=\"\" width=\"744\" height=\"703\" srcset=\"https:\/\/agora.xtec.cat\/escolasantaagnes\/wp-content\/uploads\/usu1755\/2025\/10\/Imatge-extraescolars-25-26.png 744w, https:\/\/agora.xtec.cat\/escolasantaagnes\/wp-content\/uploads\/usu1755\/2025\/10\/Imatge-extraescolars-25-26-300x283.png 300w\" sizes=\"auto, (max-width: 744px) 100vw, 744px\" \/><\/a><\/p>\n<p>En el seg\u00fcent enlla\u00e7 trobareu tota la informaci\u00f3 de les extraescolars d&#8217;aquest curs (preu, matr\u00edcula, link d&#8217;inscripci\u00f3,&#8230;). Si teniu qualsevol dubte al respecte us podeu adre\u00e7ar a l&#8217;AFA de l&#8217;escola.<\/p>\n<h3><strong><a href=\"https:\/\/agora.xtec.cat\/escolasantaagnes\/wp-content\/uploads\/usu1755\/2025\/10\/Informacio-extraescolars-curs-25-26.pdf\" target=\"_blank\" rel=\"noopener\">Informaci\u00f3 extraescolars<\/a><\/strong><\/h3>\n<p>&nbsp;<\/p>\n","protected":false},"excerpt":{"rendered":"<p><a href=\"https:\/\/agora.xtec.cat\/escolasantaagnes\/wp-content\/uploads\/usu1755\/2020\/06\/extrAESCOLARS-1-1.png\"><\/a><br \/>\nJa tenim preparada la nova oferta inicial d&#8217;extraescolars pel proper curs 25\/26. L&#8217;AFA organitza i ofereix:<\/p>\n<ul>\n<li>Scratch Barcelona: programaci\u00f3, impressi\u00f3 3D i rob\u00f2tica.<\/li>\n<li>Multiesports: Psicomotricitat esportiva d&#8217;I3 a I5.<\/li>\n<li>Angl\u00e9s per tots els cursos amb Happy English .<\/li>\n<li>Music Lab 1 (CM) i Music Lab 2 (CS).<\/li>\n<li>M\u00fasica i&hellip;  <a href=\"https:\/\/agora.xtec.cat\/escolasantaagnes\/ampa\/activitats-extraescolars\/\" title=\"Read ACTIVITATS EXTRAESCOLARS\">Llegeix m\u00e9s\u00bb<\/a><br \/>\n","protected":false},"author":1,"featured_media":0,"parent":1155,"menu_order":60,"comment_status":"closed","ping_status":"closed","template":"","meta":{"_bbp_topic_count":0,"_bbp_reply_count":0,"_bbp_total_topic_count":0,"_bbp_total_reply_count":0,"_bbp_voice_count":0,"_bbp_anonymous_reply_count":0,"_bbp_topic_count_hidden":0,"_bbp_reply_count_hidden":0,"_bbp_forum_subforum_count":0,"footnotes":""},"class_list":["post-84","page","type-page","status-publish","hentry"],"post_mailing_queue_ids":[],"_links":{"self":[{"href":"https:\/\/agora.xtec.cat\/escolasantaagnes\/wp-json\/wp\/v2\/pages\/84","targetHints":{"allow":["GET"]}}],"collection":[{"href":"https:\/\/agora.xtec.cat\/escolasantaagnes\/wp-json\/wp\/v2\/pages"}],"about":[{"href":"https:\/\/agora.xtec.cat\/escolasantaagnes\/wp-json\/wp\/v2\/types\/page"}],"author":[{"embeddable":true,"href":"https:\/\/agora.xtec.cat\/escolasantaagnes\/wp-json\/wp\/v2\/users\/1"}],"replies":[{"embeddable":true,"href":"https:\/\/agora.xtec.cat\/escolasantaagnes\/wp-json\/wp\/v2\/comments?post=84"}],"version-history":[{"count":6,"href":"https:\/\/agora.xtec.cat\/escolasantaagnes\/wp-json\/wp\/v2\/pages\/84\/revisions"}],"predecessor-version":[{"id":5586,"href":"https:\/\/agora.xtec.cat\/escolasantaagnes\/wp-json\/wp\/v2\/pages\/84\/revisions\/5586"}],"up":[{"embeddable":true,"href":"https:\/\/agora.xtec.cat\/escolasantaagnes\/wp-json\/wp\/v2\/pages\/1155"}],"wp:attachment":[{"href":"https:\/\/agora.xtec.cat\/escolasantaagnes\/wp-json\/wp\/v2\/media?parent=84"}],"curies":[{"name":"wp","href":"https:\/\/api.w.org\/{rel}","templated":true}]}}