{"id":728,"date":"2018-09-05T22:33:17","date_gmt":"2018-09-05T20:33:17","guid":{"rendered":"http:\/\/agora.xtec.cat\/escolasantaagnes\/?page_id=728"},"modified":"2025-02-12T16:19:18","modified_gmt":"2025-02-12T15:19:18","slug":"documents-de-centre","status":"publish","type":"page","link":"https:\/\/agora.xtec.cat\/escolasantaagnes\/projecte-educatiu\/documents-de-centre\/","title":{"rendered":"DOCUMENTS DE CENTRE"},"content":{"rendered":"<p style=\"text-align: left;\"><b>En aquesta p\u00e0gina trobareu els documents que han d&#8217;apar\u00e8ixer de manera prescriptiva a la p\u00e0gina web de l&#8217;escola. Tots els documents de centre es van revisant i s\u00f3n flexibles ja que s&#8217;adeq\u00fcen al context de l&#8217;escola, a la realitat social i a les seves necessitats.<\/b><\/p>\n<table style=\"border-collapse: collapse; width: 100%;\" border=\"1\">\n<tbody>\n<tr>\n<td style=\"width: 65.2509%;\">\n<table style=\"border-collapse: collapse; width: 100%; height: 167px;\">\n<tbody>\n<tr style=\"height: 42px;\">\n<td style=\"width: 21.1281%; height: 42px;\">NOFC<\/td>\n<td style=\"width: 61.6273%; height: 42px;\">Document on es defineixen les normes d&#8217;organitzaci\u00f3 i funcionament del centre. <em>\u00daltima actualitzaci\u00f3 al 2016.<\/em><\/td>\n<td style=\"width: 17.2445%; height: 42px;\"><a href=\"https:\/\/agora.xtec.cat\/escolasantaagnes\/wp-content\/uploads\/usu1755\/2019\/02\/NOFC-Sta-Agnes.pdf\" target=\"_blank\" rel=\"https:\/\/agora.xtec.cat\/escolasantaagnes\/wp-content\/uploads\/usu1755\/2019\/02\/NOFC-Sta-Agnes.pdf noopener\"><img loading=\"lazy\" decoding=\"async\" class=\"alignnone wp-image-4795 size-full\" src=\"https:\/\/agora.xtec.cat\/escolasantaagnes\/wp-content\/uploads\/usu1755\/2024\/06\/pdf.jpeg\" alt=\"\" width=\"341\" height=\"148\" \/><\/a><\/td>\n<\/tr>\n<tr style=\"height: 42px;\">\n<td style=\"width: 21.1281%; height: 42px;\">Projecte Ling\u00fc\u00edstic<\/td>\n<td style=\"width: 61.6273%; height: 42px;\">Document on es defineix el treball de les lleng\u00fces al centre escolar. <em>\u00daltima actualitzaci\u00f3 al 2019.<\/em><\/td>\n<td style=\"width: 17.2445%; height: 42px;\"><a href=\"https:\/\/agora.xtec.cat\/escolasantaagnes\/wp-content\/uploads\/usu1755\/2020\/02\/PLC-19-20.pdf\" target=\"_blank\" rel=\"noopener\"><img loading=\"lazy\" decoding=\"async\" class=\"alignnone wp-image-4795 size-full\" src=\"https:\/\/agora.xtec.cat\/escolasantaagnes\/wp-content\/uploads\/usu1755\/2024\/06\/pdf.jpeg\" alt=\"\" width=\"341\" height=\"148\" \/><\/a><\/td>\n<\/tr>\n<tr style=\"height: 55px;\">\n<td style=\"width: 21.1281%; height: 55px;\">EDC<\/td>\n<td style=\"width: 61.6273%; height: 55px;\">Document on es defineixen els objectius marcats per l&#8217;escola en quant al treball de la compet\u00e8ncia digital dins del centre. <em>Aquest document est\u00e0 en proc\u00e9s d&#8217;actualitzaci\u00f3 i ampliaci\u00f3.<\/em><\/td>\n<td style=\"width: 17.2445%; height: 55px;\"><a href=\"https:\/\/agora.xtec.cat\/escolasantaagnes\/wp-content\/uploads\/usu1755\/2019\/02\/PLA-TAC-projecte_actiu_sencer.pdf\" target=\"_blank\" rel=\"noopener\"><img loading=\"lazy\" decoding=\"async\" class=\"alignnone wp-image-4795 size-full\" src=\"https:\/\/agora.xtec.cat\/escolasantaagnes\/wp-content\/uploads\/usu1755\/2024\/06\/pdf.jpeg\" alt=\"\" width=\"341\" height=\"148\" \/><\/a><\/td>\n<\/tr>\n<tr style=\"height: 28px;\">\n<td style=\"width: 21.1281%; height: 28px;\">Pla atenci\u00f3 a la diversitat<\/td>\n<td style=\"width: 61.6273%; height: 28px;\">Projecte on es defineixen els aspectes organitzatius i de gesti\u00f3 relacionats amb l&#8217;atenci\u00f3 a la diversitat dins del centre escolar.<\/td>\n<td style=\"width: 17.2445%; height: 28px;\"><a href=\"https:\/\/agora.xtec.cat\/escolasantaagnes\/wp-content\/uploads\/usu1755\/2019\/02\/Pla-atenci%C3%B3-a-la-diversitat.pdf\" target=\"_blank\" rel=\"noopener\"><img loading=\"lazy\" decoding=\"async\" class=\"alignnone wp-image-4795 size-full\" src=\"https:\/\/agora.xtec.cat\/escolasantaagnes\/wp-content\/uploads\/usu1755\/2024\/06\/pdf.jpeg\" alt=\"\" width=\"341\" height=\"148\" \/><\/a><\/td>\n<\/tr>\n<tr>\n<td style=\"width: 21.1281%;\">PGA<\/td>\n<td style=\"width: 61.6273%;\">En el seg\u00fcent document trobareu la presentaci\u00f3 de la PGA del curs 2024-2025, en el que s&#8217;explica de manera esquem\u00e0tica la planificaci\u00f3 del present curs.<\/td>\n<td style=\"width: 17.2445%;\"><a href=\"https:\/\/agora.xtec.cat\/escolasantaagnes\/wp-content\/uploads\/usu1755\/2024\/10\/Presentacio-PGA-WEB.pdf\" target=\"_blank\" rel=\"noopener\"><img loading=\"lazy\" decoding=\"async\" class=\"alignnone wp-image-4795 size-full\" src=\"https:\/\/agora.xtec.cat\/escolasantaagnes\/wp-content\/uploads\/usu1755\/2024\/06\/pdf.jpeg\" alt=\"\" width=\"341\" height=\"148\" \/><\/a><\/td>\n<\/tr>\n<\/tbody>\n<\/table>\n<ul>\n<li><a href=\"https:\/\/agora.xtec.cat\/escolasantaagnes\/wp-content\/uploads\/usu1755\/2024\/11\/CARTA-COMPROMIS-ESCOLA.docx.pdf\">CARTA COMPROM\u00cdS ESCOLA.docx<\/a><\/li>\n<\/ul>\n<\/td>\n<\/tr>\n<\/tbody>\n<\/table>\n<p style=\"text-align: center;\"><strong>\u00a0<\/strong><\/p>\n<p>&nbsp;<\/p>\n","protected":false},"excerpt":{"rendered":"<p>En aquesta p\u00e0gina trobareu els documents que han d&#8217;apar\u00e8ixer de manera prescriptiva a la p\u00e0gina web de l&#8217;escola. Tots els documents de centre es van revisant i s\u00f3n flexibles ja que s&#8217;adeq\u00fcen al context de l&#8217;escola, a la realitat social i a les seves necessitats.<\/p>\n<p>NOFC<br \/>\nDocument&hellip;  <a href=\"https:\/\/agora.xtec.cat\/escolasantaagnes\/projecte-educatiu\/documents-de-centre\/\" title=\"Read DOCUMENTS DE CENTRE\">Llegeix m\u00e9s\u00bb<\/a><\/p>\n","protected":false},"author":1,"featured_media":0,"parent":64,"menu_order":0,"comment_status":"closed","ping_status":"closed","template":"","meta":{"_bbp_topic_count":0,"_bbp_reply_count":0,"_bbp_total_topic_count":0,"_bbp_total_reply_count":0,"_bbp_voice_count":0,"_bbp_anonymous_reply_count":0,"_bbp_topic_count_hidden":0,"_bbp_reply_count_hidden":0,"_bbp_forum_subforum_count":0,"footnotes":""},"class_list":["post-728","page","type-page","status-publish","hentry"],"post_mailing_queue_ids":[],"_links":{"self":[{"href":"https:\/\/agora.xtec.cat\/escolasantaagnes\/wp-json\/wp\/v2\/pages\/728","targetHints":{"allow":["GET"]}}],"collection":[{"href":"https:\/\/agora.xtec.cat\/escolasantaagnes\/wp-json\/wp\/v2\/pages"}],"about":[{"href":"https:\/\/agora.xtec.cat\/escolasantaagnes\/wp-json\/wp\/v2\/types\/page"}],"author":[{"embeddable":true,"href":"https:\/\/agora.xtec.cat\/escolasantaagnes\/wp-json\/wp\/v2\/users\/1"}],"replies":[{"embeddable":true,"href":"https:\/\/agora.xtec.cat\/escolasantaagnes\/wp-json\/wp\/v2\/comments?post=728"}],"version-history":[{"count":7,"href":"https:\/\/agora.xtec.cat\/escolasantaagnes\/wp-json\/wp\/v2\/pages\/728\/revisions"}],"predecessor-version":[{"id":5051,"href":"https:\/\/agora.xtec.cat\/escolasantaagnes\/wp-json\/wp\/v2\/pages\/728\/revisions\/5051"}],"up":[{"embeddable":true,"href":"https:\/\/agora.xtec.cat\/escolasantaagnes\/wp-json\/wp\/v2\/pages\/64"}],"wp:attachment":[{"href":"https:\/\/agora.xtec.cat\/escolasantaagnes\/wp-json\/wp\/v2\/media?parent=728"}],"curies":[{"name":"wp","href":"https:\/\/api.w.org\/{rel}","templated":true}]}}