{"id":64,"date":"2014-09-18T12:39:08","date_gmt":"2014-09-18T11:39:08","guid":{"rendered":"http:\/\/agora.xtec.cat\/escolasantaagnes\/?page_id=64"},"modified":"2026-02-17T11:24:54","modified_gmt":"2026-02-17T10:24:54","slug":"projecte-educatiu","status":"publish","type":"page","link":"https:\/\/agora.xtec.cat\/escolasantaagnes\/projecte-educatiu\/","title":{"rendered":"PROJECTE EDUCATIU DE CENTRE"},"content":{"rendered":"<p align=\"JUSTIFY\"><a href=\"http:\/\/agora.xtec.cat\/escolasantaagnes\/wp-content\/uploads\/usu1755\/2017\/12\/Logo_Final-1.png\"><img loading=\"lazy\" decoding=\"async\" class=\"wp-image-460 aligncenter\" src=\"http:\/\/agora.xtec.cat\/escolasantaagnes\/wp-content\/uploads\/usu1755\/2017\/12\/Logo_Final-1.png\" alt=\"\" width=\"213\" height=\"134\" srcset=\"https:\/\/agora.xtec.cat\/escolasantaagnes\/wp-content\/uploads\/usu1755\/2017\/12\/Logo_Final-1.png 1022w, https:\/\/agora.xtec.cat\/escolasantaagnes\/wp-content\/uploads\/usu1755\/2017\/12\/Logo_Final-1-300x188.png 300w, https:\/\/agora.xtec.cat\/escolasantaagnes\/wp-content\/uploads\/usu1755\/2017\/12\/Logo_Final-1-768x482.png 768w\" sizes=\"auto, (max-width: 213px) 100vw, 213px\" \/><\/a><\/p>\n<p align=\"JUSTIFY\">L&#8217;ESCOLA SANTA AGN\u00c8S \u00c9S UNA ESCOLA D&#8217;INFANTIL I PRIM\u00c0RIA C\u00cdCLICA, P\u00daBLICA, CATALANA I LAICA QUE ES DEFINEIX COM A INCLUSIVA I RESPECTUOSA AMB LA PLURALITAT, TRETS DEFINIDORS DEL SEU CAR\u00c0CTER PROPI.<\/p>\n<p><iframe loading=\"lazy\" title=\"Video Escola Santa Agn\u00e8s curs 23-24\" width=\"500\" height=\"281\" src=\"https:\/\/www.youtube.com\/embed\/Up3n8iew3dI?feature=oembed\" frameborder=\"0\" allow=\"accelerometer; autoplay; clipboard-write; encrypted-media; gyroscope; picture-in-picture; web-share\" referrerpolicy=\"strict-origin-when-cross-origin\" allowfullscreen><\/iframe><\/p>\n<p style=\"text-align: center;\" align=\"JUSTIFY\"><a href=\"https:\/\/agora.xtec.cat\/escolasantaagnes\/wp-content\/uploads\/usu1755\/2024\/02\/triptic-1.png\"><img loading=\"lazy\" decoding=\"async\" class=\"size-full wp-image-4679 alignright\" src=\"https:\/\/agora.xtec.cat\/escolasantaagnes\/wp-content\/uploads\/usu1755\/2024\/02\/triptic-1.png\" alt=\"\" width=\"400\" height=\"592\" srcset=\"https:\/\/agora.xtec.cat\/escolasantaagnes\/wp-content\/uploads\/usu1755\/2024\/02\/triptic-1.png 400w, https:\/\/agora.xtec.cat\/escolasantaagnes\/wp-content\/uploads\/usu1755\/2024\/02\/triptic-1-203x300.png 203w\" sizes=\"auto, (max-width: 400px) 100vw, 400px\" \/><\/a>L&#8217;escola p\u00fablica es defineix segons els principis de qualitat pedag\u00f2gica, de direcci\u00f3 responsable, de dedicaci\u00f3 i professionalitat docents, d&#8217;avaluaci\u00f3, de retiment de comptes, d&#8217;implicaci\u00f3 de les fam\u00edlies, de preservaci\u00f3 de l&#8217;equitat, de cerca de l&#8217;excel\u00b7l\u00e8ncia i de respecte a les idees i les creences dels alumnes i de llurs mares, pares o tutors.<\/p>\n<p>En aquest sentit definim els valors, la missi\u00f3 i la visi\u00f3 del nostre PEC (Projecte Educatiu de centre):<\/p>\n<ol>\n<li><strong>Valors \/ principis:<\/strong><\/li>\n<\/ol>\n<ul>\n<li>Cultura de la pau, la solidaritat, el respecte pels individus.<\/li>\n<li>Cultura de l\u2019esfor\u00e7 i del treball ben fet.<\/li>\n<li>Foment del raonament i l\u2019esperit cr\u00edtic.<\/li>\n<li>Inclusi\u00f3 i acceptaci\u00f3 de la diversitat.<\/li>\n<li>Cooperaci\u00f3 i treball en equip.<\/li>\n<li>Participaci\u00f3 i responsabilitat.<\/li>\n<\/ul>\n<p><strong>2. Missi\u00f3:<\/strong><\/p>\n<p>Som una escola p\u00fablica, catalana i laica. Una escola c\u00edclica il\u00b7lusionada i motivada per la innovaci\u00f3 pedag\u00f2gica. Compromesa amb la formaci\u00f3, l\u2019intercanvi d\u2019experi\u00e8ncies i amb el di\u00e0leg i el debat pedag\u00f2gic. Fer possible:<\/p>\n<ul>\n<li>Formaci\u00f3 acad\u00e8mica de qualitat.<\/li>\n<li>Formaci\u00f3 personal i social de qualitat.<\/li>\n<li>Assessorament i orientaci\u00f3 a les fam\u00edlies en la col\u00b7laboraci\u00f3 i participaci\u00f3 del proc\u00e9s educatiu.<\/li>\n<li>Creaci\u00f3 d\u2019un entorn de treball cooperatiu i participatiu.<\/li>\n<\/ul>\n<p><strong>3. Visi\u00f3:<\/strong><\/p>\n<ol>\n<li>Volem un centre on els alumnes esdevinguin persones amb esperit cr\u00edtic, responsables i compromeses amb la societat.<\/li>\n<li>Volem un centre que promocioni les habilitats socials i el treball cooperatiu com a referent de qualitat educativa.<\/li>\n<li>Volem un centre on l\u2019experimentaci\u00f3, la manipulaci\u00f3 i la recerca, siguin eixos b\u00e0sics en la construcci\u00f3 de coneixement.<\/li>\n<li>Volem un centre on la diversitat metodol\u00f2gica sigui la principal mesura d\u2019atenci\u00f3 a la diversitat.<\/li>\n<li>Volem un centre on els alumnes es formin d\u2019acord amb els seus interessos i d\u2019acord amb les necessitats i requeriments socials.<\/li>\n<li>Volem un centre amb un clima de treball motivador i rigor\u00f3s, i amb un equip de mestres il\u00b7lusionats, amb neguits pedag\u00f2gics i que apostin per la formaci\u00f3.<\/li>\n<li>Volem una escola oberta a la comunitat educativa i de refer\u00e8ncia per la cohesi\u00f3 del municipi.<\/li>\n<li>Volem una escola on es promogui l\u2019aprenentatge globalitzat de les diferents \u00e0rees del curr\u00edculum a trav\u00e9s de metodologies globalitzadores: treball per projectes, aprenentatge basat en problemes, treball cooperatiu, recerques experimentals i investigacions.<\/li>\n<li>Volem una escola on l&#8217;\u00fas de les TAC i dels recursos digitals sigui l\u2019eix transversal per afavorir la millora dels processos d&#8217;ensenyament i aprenentatge (mestres), de la compet\u00e8ncia digital i dels resultats escolars (alumnes).<\/li>\n<li>Volem una escola que promocioni la compet\u00e8ncia dels alumnes en el domini de com a m\u00ednim una llengua estrangera afavorint aix\u00ed el pluriling\u00fcisme efectiu dels alumnes.<\/li>\n<li>Volem un centre on la conviv\u00e8ncia sigui un dels punts m\u00e9s forts, per tal de garantir un bon clima entre alumnes, entre alumnes i adults i entre els mateixos adults. Afavorint aix\u00ed les bones din\u00e0miques d\u2019aprenentatge dins del centre.<\/li>\n<\/ol>\n<p><a href=\"https:\/\/agora.xtec.cat\/escolasantaagnes\/wp-content\/uploads\/usu1755\/2024\/02\/triptic-2.png\"><img loading=\"lazy\" decoding=\"async\" class=\"alignnone size-full wp-image-4678\" src=\"https:\/\/agora.xtec.cat\/escolasantaagnes\/wp-content\/uploads\/usu1755\/2024\/02\/triptic-2.png\" alt=\"\" width=\"809\" height=\"854\" srcset=\"https:\/\/agora.xtec.cat\/escolasantaagnes\/wp-content\/uploads\/usu1755\/2024\/02\/triptic-2.png 809w, https:\/\/agora.xtec.cat\/escolasantaagnes\/wp-content\/uploads\/usu1755\/2024\/02\/triptic-2-284x300.png 284w, https:\/\/agora.xtec.cat\/escolasantaagnes\/wp-content\/uploads\/usu1755\/2024\/02\/triptic-2-768x811.png 768w\" sizes=\"auto, (max-width: 809px) 100vw, 809px\" \/><\/a> <a href=\"https:\/\/agora.xtec.cat\/escolasantaagnes\/wp-content\/uploads\/usu1755\/2024\/02\/triptic-3.png\"><img loading=\"lazy\" decoding=\"async\" class=\"alignnone size-full wp-image-4677\" src=\"https:\/\/agora.xtec.cat\/escolasantaagnes\/wp-content\/uploads\/usu1755\/2024\/02\/triptic-3.png\" alt=\"\" width=\"1259\" height=\"873\" srcset=\"https:\/\/agora.xtec.cat\/escolasantaagnes\/wp-content\/uploads\/usu1755\/2024\/02\/triptic-3.png 1259w, https:\/\/agora.xtec.cat\/escolasantaagnes\/wp-content\/uploads\/usu1755\/2024\/02\/triptic-3-300x208.png 300w, https:\/\/agora.xtec.cat\/escolasantaagnes\/wp-content\/uploads\/usu1755\/2024\/02\/triptic-3-1024x710.png 1024w, https:\/\/agora.xtec.cat\/escolasantaagnes\/wp-content\/uploads\/usu1755\/2024\/02\/triptic-3-768x533.png 768w\" sizes=\"auto, (max-width: 1259px) 100vw, 1259px\" \/><\/a><\/p>\n","protected":false},"excerpt":{"rendered":"<p><a href=\"http:\/\/agora.xtec.cat\/escolasantaagnes\/wp-content\/uploads\/usu1755\/2017\/12\/Logo_Final-1.png\"><\/a><br \/>\nL&#8217;ESCOLA SANTA AGN\u00c8S \u00c9S UNA ESCOLA D&#8217;INFANTIL I PRIM\u00c0RIA C\u00cdCLICA, P\u00daBLICA, CATALANA I LAICA QUE ES DEFINEIX COM A INCLUSIVA I RESPECTUOSA AMB LA PLURALITAT, TRETS DEFINIDORS DEL SEU CAR\u00c0CTER PROPI.<\/p>\n<p><a href=\"https:\/\/agora.xtec.cat\/escolasantaagnes\/wp-content\/uploads\/usu1755\/2024\/02\/triptic-1.png\"><\/a>L&#8217;escola p\u00fablica es defineix segons els principis de qualitat pedag\u00f2gica, de direcci\u00f3 responsable,&hellip;  <a href=\"https:\/\/agora.xtec.cat\/escolasantaagnes\/projecte-educatiu\/\" title=\"Read PROJECTE EDUCATIU DE CENTRE\">Llegeix m\u00e9s\u00bb<\/a><\/p>\n","protected":false},"author":1,"featured_media":0,"parent":0,"menu_order":0,"comment_status":"closed","ping_status":"closed","template":"","meta":{"_bbp_topic_count":0,"_bbp_reply_count":0,"_bbp_total_topic_count":0,"_bbp_total_reply_count":0,"_bbp_voice_count":0,"_bbp_anonymous_reply_count":0,"_bbp_topic_count_hidden":0,"_bbp_reply_count_hidden":0,"_bbp_forum_subforum_count":0,"footnotes":""},"class_list":["post-64","page","type-page","status-publish","hentry"],"post_mailing_queue_ids":[],"_links":{"self":[{"href":"https:\/\/agora.xtec.cat\/escolasantaagnes\/wp-json\/wp\/v2\/pages\/64","targetHints":{"allow":["GET"]}}],"collection":[{"href":"https:\/\/agora.xtec.cat\/escolasantaagnes\/wp-json\/wp\/v2\/pages"}],"about":[{"href":"https:\/\/agora.xtec.cat\/escolasantaagnes\/wp-json\/wp\/v2\/types\/page"}],"author":[{"embeddable":true,"href":"https:\/\/agora.xtec.cat\/escolasantaagnes\/wp-json\/wp\/v2\/users\/1"}],"replies":[{"embeddable":true,"href":"https:\/\/agora.xtec.cat\/escolasantaagnes\/wp-json\/wp\/v2\/comments?post=64"}],"version-history":[{"count":6,"href":"https:\/\/agora.xtec.cat\/escolasantaagnes\/wp-json\/wp\/v2\/pages\/64\/revisions"}],"predecessor-version":[{"id":5967,"href":"https:\/\/agora.xtec.cat\/escolasantaagnes\/wp-json\/wp\/v2\/pages\/64\/revisions\/5967"}],"wp:attachment":[{"href":"https:\/\/agora.xtec.cat\/escolasantaagnes\/wp-json\/wp\/v2\/media?parent=64"}],"curies":[{"name":"wp","href":"https:\/\/api.w.org\/{rel}","templated":true}]}}