{"id":5873,"date":"2026-01-28T10:48:11","date_gmt":"2026-01-28T09:48:11","guid":{"rendered":"https:\/\/agora.xtec.cat\/escolasantaagnes\/?page_id=5873"},"modified":"2026-03-09T10:15:47","modified_gmt":"2026-03-09T09:15:47","slug":"pla-de-comunicacio","status":"publish","type":"page","link":"https:\/\/agora.xtec.cat\/escolasantaagnes\/pla-de-comunicacio\/","title":{"rendered":"PLA DE COMUNICACI\u00d3"},"content":{"rendered":"<p>A continuaci\u00f3 us deixem la presentaci\u00f3 del pla de comunicaci\u00f3 de l&#8217;escola que es va presentar i aprovar al consell escolar.<\/p>\n<p><a href=\"https:\/\/agora.xtec.cat\/escolasantaagnes\/wp-content\/uploads\/usu1755\/2026\/01\/Presentacio-Pla-de-comunicacio_compressed.pdf\" target=\"_blank\" rel=\"noopener\"><img loading=\"lazy\" decoding=\"async\" class=\"alignnone wp-image-4795 size-full\" src=\"https:\/\/agora.xtec.cat\/escolasantaagnes\/wp-content\/uploads\/usu1755\/2024\/06\/pdf-e1769593728585.jpeg\" alt=\"\" width=\"195\" height=\"148\" \/><\/a><\/p>\n<p>&nbsp;<\/p>\n<p><a href=\"https:\/\/agora.xtec.cat\/escolasantaagnes\/wp-content\/uploads\/usu1755\/2026\/03\/Infografia-Pla-de-Comunicacio-1-1.png\"><img loading=\"lazy\" decoding=\"async\" class=\"alignnone size-full wp-image-6009\" src=\"https:\/\/agora.xtec.cat\/escolasantaagnes\/wp-content\/uploads\/usu1755\/2026\/03\/Infografia-Pla-de-Comunicacio-1-1.png\" alt=\"\" width=\"2752\" height=\"1536\" srcset=\"https:\/\/agora.xtec.cat\/escolasantaagnes\/wp-content\/uploads\/usu1755\/2026\/03\/Infografia-Pla-de-Comunicacio-1-1.png 2752w, https:\/\/agora.xtec.cat\/escolasantaagnes\/wp-content\/uploads\/usu1755\/2026\/03\/Infografia-Pla-de-Comunicacio-1-1-300x167.png 300w, https:\/\/agora.xtec.cat\/escolasantaagnes\/wp-content\/uploads\/usu1755\/2026\/03\/Infografia-Pla-de-Comunicacio-1-1-1024x572.png 1024w, https:\/\/agora.xtec.cat\/escolasantaagnes\/wp-content\/uploads\/usu1755\/2026\/03\/Infografia-Pla-de-Comunicacio-1-1-768x429.png 768w, https:\/\/agora.xtec.cat\/escolasantaagnes\/wp-content\/uploads\/usu1755\/2026\/03\/Infografia-Pla-de-Comunicacio-1-1-1536x857.png 1536w, https:\/\/agora.xtec.cat\/escolasantaagnes\/wp-content\/uploads\/usu1755\/2026\/03\/Infografia-Pla-de-Comunicacio-1-1-2048x1143.png 2048w\" sizes=\"auto, (max-width: 2752px) 100vw, 2752px\" \/><\/a><\/p>\n","protected":false},"excerpt":{"rendered":"<p>A continuaci\u00f3 us deixem la presentaci\u00f3 del pla de comunicaci\u00f3 de l&#8217;escola que es va presentar i aprovar al consell escolar.<br \/>\n<a href=\"https:\/\/agora.xtec.cat\/escolasantaagnes\/wp-content\/uploads\/usu1755\/2026\/01\/Presentacio-Pla-de-comunicacio_compressed.pdf\" target=\"_blank\" rel=\"noopener\"><\/a><br \/>\n&nbsp;<br \/>\n<a href=\"https:\/\/agora.xtec.cat\/escolasantaagnes\/wp-content\/uploads\/usu1755\/2026\/03\/Infografia-Pla-de-Comunicacio-1-1.png\"><\/a><\/p>\n","protected":false},"author":1,"featured_media":0,"parent":0,"menu_order":0,"comment_status":"closed","ping_status":"closed","template":"","meta":{"_bbp_topic_count":0,"_bbp_reply_count":0,"_bbp_total_topic_count":0,"_bbp_total_reply_count":0,"_bbp_voice_count":0,"_bbp_anonymous_reply_count":0,"_bbp_topic_count_hidden":0,"_bbp_reply_count_hidden":0,"_bbp_forum_subforum_count":0,"footnotes":""},"class_list":["post-5873","page","type-page","status-publish","hentry"],"post_mailing_queue_ids":[],"_links":{"self":[{"href":"https:\/\/agora.xtec.cat\/escolasantaagnes\/wp-json\/wp\/v2\/pages\/5873","targetHints":{"allow":["GET"]}}],"collection":[{"href":"https:\/\/agora.xtec.cat\/escolasantaagnes\/wp-json\/wp\/v2\/pages"}],"about":[{"href":"https:\/\/agora.xtec.cat\/escolasantaagnes\/wp-json\/wp\/v2\/types\/page"}],"author":[{"embeddable":true,"href":"https:\/\/agora.xtec.cat\/escolasantaagnes\/wp-json\/wp\/v2\/users\/1"}],"replies":[{"embeddable":true,"href":"https:\/\/agora.xtec.cat\/escolasantaagnes\/wp-json\/wp\/v2\/comments?post=5873"}],"version-history":[{"count":3,"href":"https:\/\/agora.xtec.cat\/escolasantaagnes\/wp-json\/wp\/v2\/pages\/5873\/revisions"}],"predecessor-version":[{"id":6011,"href":"https:\/\/agora.xtec.cat\/escolasantaagnes\/wp-json\/wp\/v2\/pages\/5873\/revisions\/6011"}],"wp:attachment":[{"href":"https:\/\/agora.xtec.cat\/escolasantaagnes\/wp-json\/wp\/v2\/media?parent=5873"}],"curies":[{"name":"wp","href":"https:\/\/api.w.org\/{rel}","templated":true}]}}