{"id":5805,"date":"2026-01-14T16:21:55","date_gmt":"2026-01-14T15:21:55","guid":{"rendered":"https:\/\/agora.xtec.cat\/escolasantaagnes\/?page_id=5805"},"modified":"2026-01-14T16:21:55","modified_gmt":"2026-01-14T15:21:55","slug":"activitats-complementaries-2","status":"publish","type":"page","link":"https:\/\/agora.xtec.cat\/escolasantaagnes\/activitats-complementaries-2\/","title":{"rendered":"ACTIVITATS COMPLEMENT\u00c0RIES"},"content":{"rendered":"<p><span style=\"font-weight: 400;\">A l\u2019Educaci\u00f3 Infantil, les activitats complement\u00e0ries tenen com a objectiu <\/span><b>enriquir els aprenentatges<\/b><span style=\"font-weight: 400;\"> i ampliar les experi\u00e8ncies dels infants fora del context habitual de l\u2019aula, sempre adaptades a l\u2019edat i a les caracter\u00edstiques de l\u2019etapa.<\/span><\/p>\n<p><span style=\"font-weight: 400;\">Al llarg del curs, l\u2019alumnat d\u2019Infantil realitza <\/span><b>sortides al teatre<\/b><span style=\"font-weight: 400;\">, amb <\/span><b>tres sortides anuals<\/b><span style=\"font-weight: 400;\"> a trav\u00e9s de l\u2019AACC de Granollers. A m\u00e9s, es programen <\/span><b>sortides de dia sencer<\/b><span style=\"font-weight: 400;\"> relacionades amb els projectes i propostes que es treballen a l\u2019aula: <\/span><b>tres sortides<\/b><span style=\"font-weight: 400;\"> a I4 i I5, i <\/span><b>dues sortides<\/b><span style=\"font-weight: 400;\"> a I3.<\/span><\/p>\n<p><span style=\"font-weight: 400;\">A <\/span><b>I5<\/b><span style=\"font-weight: 400;\">, els infants participen en <\/span><b>col\u00f2nies<\/b><span style=\"font-weight: 400;\">, que esdevenen una experi\u00e8ncia significativa per potenciar l\u2019autonomia, la conviv\u00e8ncia i la relaci\u00f3 amb els companys i companyes.<\/span><\/p>\n<p><span style=\"font-weight: 400;\">Dins l\u2019\u00e0mbit de la salut, a <\/span><b>I4<\/b><span style=\"font-weight: 400;\"> es realitza la <\/span><b>revisi\u00f3 bucodental<\/b><span style=\"font-weight: 400;\">, d\u2019acord amb les orientacions del <\/span><b>Departament de Salut<\/b><span style=\"font-weight: 400;\">. Aix\u00ed mateix, al llarg del curs s\u2019organitzen <\/span><b>tallers a l\u2019escola<\/b><span style=\"font-weight: 400;\"> vinculats a la <\/span><b>gesti\u00f3 de residus i la sostenibilitat<\/b><span style=\"font-weight: 400;\">, a c\u00e0rrec del consorci de residus, que permeten sensibilitzar els infants sobre la cura del medi ambient de manera vivencial i propera.<\/span><\/p>\n","protected":false},"excerpt":{"rendered":"<p>A l\u2019Educaci\u00f3 Infantil, les activitats complement\u00e0ries tenen com a objectiu enriquir els aprenentatges i ampliar les experi\u00e8ncies dels infants fora del context habitual de l\u2019aula, sempre adaptades a l\u2019edat i a les caracter\u00edstiques de l\u2019etapa.<br \/>\nAl llarg del curs, l\u2019alumnat d\u2019Infantil realitza sortides al teatre, amb&hellip;  <a href=\"https:\/\/agora.xtec.cat\/escolasantaagnes\/activitats-complementaries-2\/\" title=\"Read ACTIVITATS COMPLEMENT\u00c0RIES\">Llegeix m\u00e9s\u00bb<\/a><\/p>\n","protected":false},"author":1,"featured_media":0,"parent":0,"menu_order":0,"comment_status":"closed","ping_status":"closed","template":"","meta":{"_bbp_topic_count":0,"_bbp_reply_count":0,"_bbp_total_topic_count":0,"_bbp_total_reply_count":0,"_bbp_voice_count":0,"_bbp_anonymous_reply_count":0,"_bbp_topic_count_hidden":0,"_bbp_reply_count_hidden":0,"_bbp_forum_subforum_count":0,"footnotes":""},"class_list":["post-5805","page","type-page","status-publish","hentry"],"post_mailing_queue_ids":[],"_links":{"self":[{"href":"https:\/\/agora.xtec.cat\/escolasantaagnes\/wp-json\/wp\/v2\/pages\/5805","targetHints":{"allow":["GET"]}}],"collection":[{"href":"https:\/\/agora.xtec.cat\/escolasantaagnes\/wp-json\/wp\/v2\/pages"}],"about":[{"href":"https:\/\/agora.xtec.cat\/escolasantaagnes\/wp-json\/wp\/v2\/types\/page"}],"author":[{"embeddable":true,"href":"https:\/\/agora.xtec.cat\/escolasantaagnes\/wp-json\/wp\/v2\/users\/1"}],"replies":[{"embeddable":true,"href":"https:\/\/agora.xtec.cat\/escolasantaagnes\/wp-json\/wp\/v2\/comments?post=5805"}],"version-history":[{"count":1,"href":"https:\/\/agora.xtec.cat\/escolasantaagnes\/wp-json\/wp\/v2\/pages\/5805\/revisions"}],"predecessor-version":[{"id":5806,"href":"https:\/\/agora.xtec.cat\/escolasantaagnes\/wp-json\/wp\/v2\/pages\/5805\/revisions\/5806"}],"wp:attachment":[{"href":"https:\/\/agora.xtec.cat\/escolasantaagnes\/wp-json\/wp\/v2\/media?parent=5805"}],"curies":[{"name":"wp","href":"https:\/\/api.w.org\/{rel}","templated":true}]}}