{"id":5803,"date":"2026-01-14T16:21:35","date_gmt":"2026-01-14T15:21:35","guid":{"rendered":"https:\/\/agora.xtec.cat\/escolasantaagnes\/?page_id=5803"},"modified":"2026-01-14T16:21:35","modified_gmt":"2026-01-14T15:21:35","slug":"autonomia-i-habits","status":"publish","type":"page","link":"https:\/\/agora.xtec.cat\/escolasantaagnes\/autonomia-i-habits\/","title":{"rendered":"AUTONOMIA I H\u00c0BITS"},"content":{"rendered":"<p><span style=\"font-weight: 400;\">L\u2019adquisici\u00f3 de l\u2019<\/span><b>autonomia personal i dels h\u00e0bits<\/b><span style=\"font-weight: 400;\"> \u00e9s un dels pilars fonamentals de l\u2019Educaci\u00f3 Infantil. A l\u2019Escola Santa Agn\u00e8s es treballa de manera intencionada perqu\u00e8 els infants <\/span><b>assoleixin progressivament les compet\u00e8ncies pr\u00f2pies de la seva edat<\/b><span style=\"font-weight: 400;\">, fomentant la responsabilitat, la iniciativa i la confian\u00e7a en les pr\u00f2pies capacitats.<\/span><\/p>\n<p><span style=\"font-weight: 400;\">En el dia a dia es promouen h\u00e0bits relacionats amb la cura personal, l\u2019organitzaci\u00f3 de les pr\u00f2pies pertinences, l\u2019ordre, la conviv\u00e8ncia i la participaci\u00f3 activa en les rutines de l\u2019aula. Aquest treball forma part de la tasca educativa di\u00e0ria i \u00e9s imprescindible per al desenvolupament personal, social i acad\u00e8mic dels infants.<\/span><\/p>\n","protected":false},"excerpt":{"rendered":"<p>L\u2019adquisici\u00f3 de l\u2019autonomia personal i dels h\u00e0bits \u00e9s un dels pilars fonamentals de l\u2019Educaci\u00f3 Infantil. A l\u2019Escola Santa Agn\u00e8s es treballa de manera intencionada perqu\u00e8 els infants assoleixin progressivament les compet\u00e8ncies pr\u00f2pies de la seva edat, fomentant la responsabilitat, la iniciativa i la confian\u00e7a en&hellip;  <a href=\"https:\/\/agora.xtec.cat\/escolasantaagnes\/autonomia-i-habits\/\" title=\"Read AUTONOMIA I H\u00c0BITS\">Llegeix m\u00e9s\u00bb<\/a><\/p>\n","protected":false},"author":1,"featured_media":0,"parent":0,"menu_order":0,"comment_status":"closed","ping_status":"closed","template":"","meta":{"_bbp_topic_count":0,"_bbp_reply_count":0,"_bbp_total_topic_count":0,"_bbp_total_reply_count":0,"_bbp_voice_count":0,"_bbp_anonymous_reply_count":0,"_bbp_topic_count_hidden":0,"_bbp_reply_count_hidden":0,"_bbp_forum_subforum_count":0,"footnotes":""},"class_list":["post-5803","page","type-page","status-publish","hentry"],"post_mailing_queue_ids":[],"_links":{"self":[{"href":"https:\/\/agora.xtec.cat\/escolasantaagnes\/wp-json\/wp\/v2\/pages\/5803","targetHints":{"allow":["GET"]}}],"collection":[{"href":"https:\/\/agora.xtec.cat\/escolasantaagnes\/wp-json\/wp\/v2\/pages"}],"about":[{"href":"https:\/\/agora.xtec.cat\/escolasantaagnes\/wp-json\/wp\/v2\/types\/page"}],"author":[{"embeddable":true,"href":"https:\/\/agora.xtec.cat\/escolasantaagnes\/wp-json\/wp\/v2\/users\/1"}],"replies":[{"embeddable":true,"href":"https:\/\/agora.xtec.cat\/escolasantaagnes\/wp-json\/wp\/v2\/comments?post=5803"}],"version-history":[{"count":1,"href":"https:\/\/agora.xtec.cat\/escolasantaagnes\/wp-json\/wp\/v2\/pages\/5803\/revisions"}],"predecessor-version":[{"id":5804,"href":"https:\/\/agora.xtec.cat\/escolasantaagnes\/wp-json\/wp\/v2\/pages\/5803\/revisions\/5804"}],"wp:attachment":[{"href":"https:\/\/agora.xtec.cat\/escolasantaagnes\/wp-json\/wp\/v2\/media?parent=5803"}],"curies":[{"name":"wp","href":"https:\/\/api.w.org\/{rel}","templated":true}]}}