{"id":5801,"date":"2026-01-14T16:21:20","date_gmt":"2026-01-14T15:21:20","guid":{"rendered":"https:\/\/agora.xtec.cat\/escolasantaagnes\/?page_id=5801"},"modified":"2026-01-14T16:21:20","modified_gmt":"2026-01-14T15:21:20","slug":"comunicacio-amb-les-families","status":"publish","type":"page","link":"https:\/\/agora.xtec.cat\/escolasantaagnes\/comunicacio-amb-les-families\/","title":{"rendered":"COMUNICACI\u00d3 AMB LES FAM\u00cdLIES"},"content":{"rendered":"<p><span style=\"font-weight: 400;\">La comunicaci\u00f3 amb les fam\u00edlies \u00e9s <\/span><b>constant i propera<\/b><span style=\"font-weight: 400;\"> al llarg de tota l\u2019etapa d\u2019Educaci\u00f3 Infantil. Es basa en la confian\u00e7a, el di\u00e0leg i la corresponsabilitat educativa, entenent que fam\u00edlia i escola comparteixen l\u2019objectiu com\u00fa d\u2019acompanyar el creixement dels infants.<\/span><\/p>\n<p><span style=\"font-weight: 400;\">L\u2019escola ofereix <\/span><b>espais de trobada i d\u2019entrevista<\/b><span style=\"font-weight: 400;\"> amb les tutores, aix\u00ed com canals de comunicaci\u00f3 regulars que permeten compartir el seguiment de l\u2019infant, orientar les fam\u00edlies i coordinar criteris educatius.<\/span><\/p>\n","protected":false},"excerpt":{"rendered":"<p>La comunicaci\u00f3 amb les fam\u00edlies \u00e9s constant i propera al llarg de tota l\u2019etapa d\u2019Educaci\u00f3 Infantil. Es basa en la confian\u00e7a, el di\u00e0leg i la corresponsabilitat educativa, entenent que fam\u00edlia i escola comparteixen l\u2019objectiu com\u00fa d\u2019acompanyar el creixement dels infants.<br \/>\nL\u2019escola ofereix espais de trobada i&hellip;  <a href=\"https:\/\/agora.xtec.cat\/escolasantaagnes\/comunicacio-amb-les-families\/\" title=\"Read COMUNICACI\u00d3 AMB LES FAM\u00cdLIES\">Llegeix m\u00e9s\u00bb<\/a><\/p>\n","protected":false},"author":1,"featured_media":0,"parent":0,"menu_order":0,"comment_status":"closed","ping_status":"closed","template":"","meta":{"_bbp_topic_count":0,"_bbp_reply_count":0,"_bbp_total_topic_count":0,"_bbp_total_reply_count":0,"_bbp_voice_count":0,"_bbp_anonymous_reply_count":0,"_bbp_topic_count_hidden":0,"_bbp_reply_count_hidden":0,"_bbp_forum_subforum_count":0,"footnotes":""},"class_list":["post-5801","page","type-page","status-publish","hentry"],"post_mailing_queue_ids":[],"_links":{"self":[{"href":"https:\/\/agora.xtec.cat\/escolasantaagnes\/wp-json\/wp\/v2\/pages\/5801","targetHints":{"allow":["GET"]}}],"collection":[{"href":"https:\/\/agora.xtec.cat\/escolasantaagnes\/wp-json\/wp\/v2\/pages"}],"about":[{"href":"https:\/\/agora.xtec.cat\/escolasantaagnes\/wp-json\/wp\/v2\/types\/page"}],"author":[{"embeddable":true,"href":"https:\/\/agora.xtec.cat\/escolasantaagnes\/wp-json\/wp\/v2\/users\/1"}],"replies":[{"embeddable":true,"href":"https:\/\/agora.xtec.cat\/escolasantaagnes\/wp-json\/wp\/v2\/comments?post=5801"}],"version-history":[{"count":1,"href":"https:\/\/agora.xtec.cat\/escolasantaagnes\/wp-json\/wp\/v2\/pages\/5801\/revisions"}],"predecessor-version":[{"id":5802,"href":"https:\/\/agora.xtec.cat\/escolasantaagnes\/wp-json\/wp\/v2\/pages\/5801\/revisions\/5802"}],"wp:attachment":[{"href":"https:\/\/agora.xtec.cat\/escolasantaagnes\/wp-json\/wp\/v2\/media?parent=5801"}],"curies":[{"name":"wp","href":"https:\/\/api.w.org\/{rel}","templated":true}]}}